{"id":1132,"date":"2020-04-23T08:46:01","date_gmt":"2020-04-23T08:46:01","guid":{"rendered":"https:\/\/finkbeiner-kanzlei.de\/?page_id=1132"},"modified":"2020-06-25T13:03:42","modified_gmt":"2020-06-25T13:03:42","slug":"civil-liability","status":"publish","type":"page","link":"https:\/\/finkbeiner-kanzlei.de\/en\/civil-liability\/","title":{"rendered":"Civil Liability"},"content":{"rendered":"<div class=\"row\">\n<div class=\"col-md-6\">\n<p><strong><span lang=\"en-GB\">Who is liable under civil law for damages incurred?<\/span><\/strong><\/p>\n<p align=\"justify\"><span lang=\"en-GB\">Hardly any other legal term is used in German law as diversely as that of liability (<\/span><span lang=\"en-GB\">Haftung<\/span><span lang=\"en-GB\">). As far as it is of interest to you as a client in civil litigation, liability is the term used to describe the obligation to accept responsibility for damages incurred. In German civil law, both contractual and legal claims against the liability debtor can be considered as a basis for liability.<\/span><\/p>\n<p><img fetchpriority=\"high\" decoding=\"async\" class=\"alignnone size-full wp-image-1662\" src=\"https:\/\/finkbeiner-kanzlei.de\/wp-content\/uploads\/2020\/06\/prozessfuehrung-landscape.jpg\" alt=\"\" width=\"800\" height=\"500\" srcset=\"https:\/\/finkbeiner-kanzlei.de\/wp-content\/uploads\/2020\/06\/prozessfuehrung-landscape.jpg 800w, https:\/\/finkbeiner-kanzlei.de\/wp-content\/uploads\/2020\/06\/prozessfuehrung-landscape-600x375.jpg 600w, https:\/\/finkbeiner-kanzlei.de\/wp-content\/uploads\/2020\/06\/prozessfuehrung-landscape-300x188.jpg 300w, https:\/\/finkbeiner-kanzlei.de\/wp-content\/uploads\/2020\/06\/prozessfuehrung-landscape-768x480.jpg 768w\" sizes=\"(max-width: 800px) 100vw, 800px\" \/><\/p>\n<p><span lang=\"en-GB\">In the area of contractual liability, the parties to the contract first determine, through their contractual agreements, which party must specifically fulfil which obligations and thus also for which breaches of obligations one party to the contract should be liable to the other. Therefore, already during the drafting of the contract, significant liability risks for one contracting party can be avoided or at least limited by legal advice. For example, in the case of a consultancy contract, certain areas of consultancy can be excluded from the consultancy obligation from the outset. Furthermore, it is possible to limit liability in terms of amount or to limit it to certain types of fault, for example only for intentional and grossly negligent breaches of duty, or even to exclude it completely. The possibilities of contract drafting are often overlaid by legal restrictions, especially from consumer protection law. We can help you to design your limitation of liability in such a way that it meets the current legal requirements. <\/span><\/p>\n<p><span lang=\"en-GB\">Furthermore, we will also be happy to help you to examine limitations of liability contained in contracts already concluded by you to determine whether they actually stand in the way of the user of this clause being able to make a claim.<\/span><\/p>\n<p>&nbsp;<\/p>\n<\/div>\n<div class=\"col-md-6\">\n<p><span lang=\"en-GB\">In order to be able to effectively enforce or ward off contractual liability claims, it is indispensable to work through and understand the history of a contract in detail. This is the only way to assess with certainty which obligations the parties actually wanted to take on, what their content and scope is and whether accordingly these obligations were actually culpably violated. It is also the only way to find out whether a limitation of liability is to be measured at all against legal restrictions and whether these were observed in this case.<\/span><\/p>\n<p><span lang=\"en-GB\">A further important aspect of liability law is the determination of the subjects of liability, i.e. the persons whose actions are important for liability. Thus, a basic principle of partnership law (<\/span><span lang=\"en-GB\"><i>Personengesellschaftsrecht<\/i><\/span><span lang=\"en-GB\">) is that these breaches of duty are attributed to their corporation and that they are accordingly liable for any damages arising therefrom (executive body liability, \u00a7 31 BGB). In the case of cooperation of persons based on the division of labour, in particular if someone uses other persons to fulfil obligations taken on by him\/her, it is a basic principle of liability law that the principal is liable for the misconduct of these persons as if he\/she had acted on his\/her own (liability for vicarious agents, \u00a7 278 BGB).<\/span><\/p>\n<p><span lang=\"en-GB\">The proper determination of the subject of liability is also important in company law.Partnerships, such as a limited liability partnership (Kommanditgesellschaft) or a private corporation, are organised in such a way that, in addition to the company assets, there is always at least one &#8211; natural or legal &#8211; person as a partner who is liable without limitation with his entire assets. In contrast, the liability of corporations, such as a limited liability company ( GmbH) or astock corporation (<\/span><span lang=\"en-GB\"><i>Aktiengesellschaft<\/i><\/span><span lang=\"en-GB\">), is usually limited to the company&#8217;s assets. My advice can help you to find the appropriate liability constitution for your company. In addition, I can help you with my litigation experience to enforce your liability claims against the right debtor and in doing so also to take advantage of opportunities that are not necessarily obvious at first glance. However, you can also make use of these sometimes subtle distinctions to ward off liability claims against you, for which my advice offers the necessary support.<\/span><\/p>\n<p><span lang=\"en-GB\">In our more than 10 years of legal practice, we have prepared and represented in court a large number of liability disputes on both the claimant and the defendant side. In particular, we can help you as a partner to protect your private assets from the access of the company&#8217;s creditors. If you have suffered a disadvantage from a contract, wewill examine for you whether this was caused by a breach of duty by your contractual partner and whether he is obliged to pay you damages.<\/span><\/p>\n<\/div>\n<\/div>\n","protected":false},"excerpt":{"rendered":"","protected":false},"author":2,"featured_media":0,"parent":0,"menu_order":0,"comment_status":"closed","ping_status":"closed","template":"","meta":{"_acf_changed":false,"inline_featured_image":false,"footnotes":""},"tags":[521,883],"class_list":["post-1132","page","type-page","status-publish","hentry","tag-personengesellschaften-en","tag-vertragsgestaltung-en"],"acf":[],"yoast_head":"<!-- This site is optimized with the Yoast SEO plugin v27.4 - https:\/\/yoast.com\/product\/yoast-seo-wordpress\/ -->\n<title>Civil Liability - Finkbeiner Kanzlei<\/title>\n<meta name=\"robots\" content=\"index, follow, max-snippet:-1, max-image-preview:large, max-video-preview:-1\" \/>\n<link rel=\"canonical\" href=\"https:\/\/finkbeiner-kanzlei.de\/en\/civil-liability\/\" \/>\n<meta property=\"og:locale\" content=\"en_US\" \/>\n<meta property=\"og:type\" content=\"article\" \/>\n<meta property=\"og:title\" content=\"Civil Liability - Finkbeiner Kanzlei\" \/>\n<meta property=\"og:url\" content=\"https:\/\/finkbeiner-kanzlei.de\/en\/civil-liability\/\" \/>\n<meta property=\"og:site_name\" content=\"Finkbeiner Kanzlei\" \/>\n<meta property=\"article:modified_time\" content=\"2020-06-25T13:03:42+00:00\" \/>\n<meta property=\"og:image\" content=\"https:\/\/finkbeiner-kanzlei.de\/wp-content\/uploads\/2020\/06\/prozessfuehrung-landscape.jpg\" \/>\n<meta name=\"twitter:card\" content=\"summary_large_image\" \/>\n<meta name=\"twitter:label1\" content=\"Est. reading time\" \/>\n\t<meta name=\"twitter:data1\" content=\"4 minutes\" \/>\n<script type=\"application\/ld+json\" class=\"yoast-schema-graph\">{\"@context\":\"https:\\\/\\\/schema.org\",\"@graph\":[{\"@type\":\"WebPage\",\"@id\":\"https:\\\/\\\/finkbeiner-kanzlei.de\\\/en\\\/civil-liability\\\/\",\"url\":\"https:\\\/\\\/finkbeiner-kanzlei.de\\\/en\\\/civil-liability\\\/\",\"name\":\"Civil Liability - Finkbeiner Kanzlei\",\"isPartOf\":{\"@id\":\"https:\\\/\\\/finkbeiner-kanzlei.de\\\/en\\\/#website\"},\"primaryImageOfPage\":{\"@id\":\"https:\\\/\\\/finkbeiner-kanzlei.de\\\/en\\\/civil-liability\\\/#primaryimage\"},\"image\":{\"@id\":\"https:\\\/\\\/finkbeiner-kanzlei.de\\\/en\\\/civil-liability\\\/#primaryimage\"},\"thumbnailUrl\":\"https:\\\/\\\/finkbeiner-kanzlei.de\\\/wp-content\\\/uploads\\\/2020\\\/06\\\/prozessfuehrung-landscape.jpg\",\"datePublished\":\"2020-04-23T08:46:01+00:00\",\"dateModified\":\"2020-06-25T13:03:42+00:00\",\"breadcrumb\":{\"@id\":\"https:\\\/\\\/finkbeiner-kanzlei.de\\\/en\\\/civil-liability\\\/#breadcrumb\"},\"inLanguage\":\"en-US\",\"potentialAction\":[{\"@type\":\"ReadAction\",\"target\":[\"https:\\\/\\\/finkbeiner-kanzlei.de\\\/en\\\/civil-liability\\\/\"]}]},{\"@type\":\"ImageObject\",\"inLanguage\":\"en-US\",\"@id\":\"https:\\\/\\\/finkbeiner-kanzlei.de\\\/en\\\/civil-liability\\\/#primaryimage\",\"url\":\"https:\\\/\\\/finkbeiner-kanzlei.de\\\/wp-content\\\/uploads\\\/2020\\\/06\\\/prozessfuehrung-landscape.jpg\",\"contentUrl\":\"https:\\\/\\\/finkbeiner-kanzlei.de\\\/wp-content\\\/uploads\\\/2020\\\/06\\\/prozessfuehrung-landscape.jpg\"},{\"@type\":\"BreadcrumbList\",\"@id\":\"https:\\\/\\\/finkbeiner-kanzlei.de\\\/en\\\/civil-liability\\\/#breadcrumb\",\"itemListElement\":[{\"@type\":\"ListItem\",\"position\":1,\"name\":\"Startseite\",\"item\":\"https:\\\/\\\/finkbeiner-kanzlei.de\\\/en\\\/\"},{\"@type\":\"ListItem\",\"position\":2,\"name\":\"Civil Liability\"}]},{\"@type\":\"WebSite\",\"@id\":\"https:\\\/\\\/finkbeiner-kanzlei.de\\\/en\\\/#website\",\"url\":\"https:\\\/\\\/finkbeiner-kanzlei.de\\\/en\\\/\",\"name\":\"Finkbeiner Kanzlei\",\"description\":\"Anwaltskanzlei f\u00fcr Wirtschaftsrecht, Insolvenzrecht und Prozessrecht\",\"publisher\":{\"@id\":\"https:\\\/\\\/finkbeiner-kanzlei.de\\\/en\\\/#\\\/schema\\\/person\\\/82fb4d962f5edb406c94928cf461bbde\"},\"potentialAction\":[{\"@type\":\"SearchAction\",\"target\":{\"@type\":\"EntryPoint\",\"urlTemplate\":\"https:\\\/\\\/finkbeiner-kanzlei.de\\\/en\\\/?s={search_term_string}\"},\"query-input\":{\"@type\":\"PropertyValueSpecification\",\"valueRequired\":true,\"valueName\":\"search_term_string\"}}],\"inLanguage\":\"en-US\"},{\"@type\":[\"Person\",\"Organization\"],\"@id\":\"https:\\\/\\\/finkbeiner-kanzlei.de\\\/en\\\/#\\\/schema\\\/person\\\/82fb4d962f5edb406c94928cf461bbde\",\"name\":\"Claudius Finkbeiner\",\"image\":{\"@type\":\"ImageObject\",\"inLanguage\":\"en-US\",\"@id\":\"https:\\\/\\\/finkbeiner-kanzlei.de\\\/wp-content\\\/uploads\\\/2017\\\/12\\\/5C66DF9B-A999-44A1-969D-4233F47A5B77-96x96.jpg\",\"url\":\"https:\\\/\\\/finkbeiner-kanzlei.de\\\/wp-content\\\/uploads\\\/2017\\\/12\\\/5C66DF9B-A999-44A1-969D-4233F47A5B77-96x96.jpg\",\"contentUrl\":\"https:\\\/\\\/finkbeiner-kanzlei.de\\\/wp-content\\\/uploads\\\/2017\\\/12\\\/5C66DF9B-A999-44A1-969D-4233F47A5B77-96x96.jpg\",\"caption\":\"Claudius Finkbeiner\"},\"logo\":{\"@id\":\"https:\\\/\\\/finkbeiner-kanzlei.de\\\/wp-content\\\/uploads\\\/2017\\\/12\\\/5C66DF9B-A999-44A1-969D-4233F47A5B77-96x96.jpg\"},\"description\":\"Herr Finkbeiner ist seit dem Jahr 2009 als Rechtsanwalt t\u00e4tig. Sein Schwerpunkt liegt im wirtschaftsrechtlichen Bereich, insbesondere im Insolvenz-, Vertrags- und Gesellschaftsrecht sowie im Vergaberecht. Herr Finkbeiner ber\u00e4t und vertritt Unternehmen in der Krise, ebenso wie Gesch\u00e4ftsf\u00fchrer, Gl\u00e4ubiger und andere Beteiligte im Insolvenzverfahren und gegen Insolvenzverwalter. Herr Finkbeiner ist ein erfahrener Prozessanwalt im Wirtschaftsrecht und Verteidiger in Wirtschaftsstrafsachen.\",\"sameAs\":[\"https:\\\/\\\/www.anwalt-finkbeiner.de\"]}]}<\/script>\n<!-- \/ Yoast SEO plugin. -->","yoast_head_json":{"title":"Civil Liability - Finkbeiner Kanzlei","robots":{"index":"index","follow":"follow","max-snippet":"max-snippet:-1","max-image-preview":"max-image-preview:large","max-video-preview":"max-video-preview:-1"},"canonical":"https:\/\/finkbeiner-kanzlei.de\/en\/civil-liability\/","og_locale":"en_US","og_type":"article","og_title":"Civil Liability - Finkbeiner Kanzlei","og_url":"https:\/\/finkbeiner-kanzlei.de\/en\/civil-liability\/","og_site_name":"Finkbeiner Kanzlei","article_modified_time":"2020-06-25T13:03:42+00:00","og_image":[{"url":"https:\/\/finkbeiner-kanzlei.de\/wp-content\/uploads\/2020\/06\/prozessfuehrung-landscape.jpg","type":"","width":"","height":""}],"twitter_card":"summary_large_image","twitter_misc":{"Est. reading time":"4 minutes"},"schema":{"@context":"https:\/\/schema.org","@graph":[{"@type":"WebPage","@id":"https:\/\/finkbeiner-kanzlei.de\/en\/civil-liability\/","url":"https:\/\/finkbeiner-kanzlei.de\/en\/civil-liability\/","name":"Civil Liability - Finkbeiner Kanzlei","isPartOf":{"@id":"https:\/\/finkbeiner-kanzlei.de\/en\/#website"},"primaryImageOfPage":{"@id":"https:\/\/finkbeiner-kanzlei.de\/en\/civil-liability\/#primaryimage"},"image":{"@id":"https:\/\/finkbeiner-kanzlei.de\/en\/civil-liability\/#primaryimage"},"thumbnailUrl":"https:\/\/finkbeiner-kanzlei.de\/wp-content\/uploads\/2020\/06\/prozessfuehrung-landscape.jpg","datePublished":"2020-04-23T08:46:01+00:00","dateModified":"2020-06-25T13:03:42+00:00","breadcrumb":{"@id":"https:\/\/finkbeiner-kanzlei.de\/en\/civil-liability\/#breadcrumb"},"inLanguage":"en-US","potentialAction":[{"@type":"ReadAction","target":["https:\/\/finkbeiner-kanzlei.de\/en\/civil-liability\/"]}]},{"@type":"ImageObject","inLanguage":"en-US","@id":"https:\/\/finkbeiner-kanzlei.de\/en\/civil-liability\/#primaryimage","url":"https:\/\/finkbeiner-kanzlei.de\/wp-content\/uploads\/2020\/06\/prozessfuehrung-landscape.jpg","contentUrl":"https:\/\/finkbeiner-kanzlei.de\/wp-content\/uploads\/2020\/06\/prozessfuehrung-landscape.jpg"},{"@type":"BreadcrumbList","@id":"https:\/\/finkbeiner-kanzlei.de\/en\/civil-liability\/#breadcrumb","itemListElement":[{"@type":"ListItem","position":1,"name":"Startseite","item":"https:\/\/finkbeiner-kanzlei.de\/en\/"},{"@type":"ListItem","position":2,"name":"Civil Liability"}]},{"@type":"WebSite","@id":"https:\/\/finkbeiner-kanzlei.de\/en\/#website","url":"https:\/\/finkbeiner-kanzlei.de\/en\/","name":"Finkbeiner Kanzlei","description":"Anwaltskanzlei f\u00fcr Wirtschaftsrecht, Insolvenzrecht und Prozessrecht","publisher":{"@id":"https:\/\/finkbeiner-kanzlei.de\/en\/#\/schema\/person\/82fb4d962f5edb406c94928cf461bbde"},"potentialAction":[{"@type":"SearchAction","target":{"@type":"EntryPoint","urlTemplate":"https:\/\/finkbeiner-kanzlei.de\/en\/?s={search_term_string}"},"query-input":{"@type":"PropertyValueSpecification","valueRequired":true,"valueName":"search_term_string"}}],"inLanguage":"en-US"},{"@type":["Person","Organization"],"@id":"https:\/\/finkbeiner-kanzlei.de\/en\/#\/schema\/person\/82fb4d962f5edb406c94928cf461bbde","name":"Claudius Finkbeiner","image":{"@type":"ImageObject","inLanguage":"en-US","@id":"https:\/\/finkbeiner-kanzlei.de\/wp-content\/uploads\/2017\/12\/5C66DF9B-A999-44A1-969D-4233F47A5B77-96x96.jpg","url":"https:\/\/finkbeiner-kanzlei.de\/wp-content\/uploads\/2017\/12\/5C66DF9B-A999-44A1-969D-4233F47A5B77-96x96.jpg","contentUrl":"https:\/\/finkbeiner-kanzlei.de\/wp-content\/uploads\/2017\/12\/5C66DF9B-A999-44A1-969D-4233F47A5B77-96x96.jpg","caption":"Claudius Finkbeiner"},"logo":{"@id":"https:\/\/finkbeiner-kanzlei.de\/wp-content\/uploads\/2017\/12\/5C66DF9B-A999-44A1-969D-4233F47A5B77-96x96.jpg"},"description":"Herr Finkbeiner ist seit dem Jahr 2009 als Rechtsanwalt t\u00e4tig. Sein Schwerpunkt liegt im wirtschaftsrechtlichen Bereich, insbesondere im Insolvenz-, Vertrags- und Gesellschaftsrecht sowie im Vergaberecht. Herr Finkbeiner ber\u00e4t und vertritt Unternehmen in der Krise, ebenso wie Gesch\u00e4ftsf\u00fchrer, Gl\u00e4ubiger und andere Beteiligte im Insolvenzverfahren und gegen Insolvenzverwalter. Herr Finkbeiner ist ein erfahrener Prozessanwalt im Wirtschaftsrecht und Verteidiger in Wirtschaftsstrafsachen.","sameAs":["https:\/\/www.anwalt-finkbeiner.de"]}]}},"_links":{"self":[{"href":"https:\/\/finkbeiner-kanzlei.de\/en\/wp-json\/wp\/v2\/pages\/1132","targetHints":{"allow":["GET"]}}],"collection":[{"href":"https:\/\/finkbeiner-kanzlei.de\/en\/wp-json\/wp\/v2\/pages"}],"about":[{"href":"https:\/\/finkbeiner-kanzlei.de\/en\/wp-json\/wp\/v2\/types\/page"}],"author":[{"embeddable":true,"href":"https:\/\/finkbeiner-kanzlei.de\/en\/wp-json\/wp\/v2\/users\/2"}],"replies":[{"embeddable":true,"href":"https:\/\/finkbeiner-kanzlei.de\/en\/wp-json\/wp\/v2\/comments?post=1132"}],"version-history":[{"count":4,"href":"https:\/\/finkbeiner-kanzlei.de\/en\/wp-json\/wp\/v2\/pages\/1132\/revisions"}],"predecessor-version":[{"id":1687,"href":"https:\/\/finkbeiner-kanzlei.de\/en\/wp-json\/wp\/v2\/pages\/1132\/revisions\/1687"}],"wp:attachment":[{"href":"https:\/\/finkbeiner-kanzlei.de\/en\/wp-json\/wp\/v2\/media?parent=1132"}],"wp:term":[{"taxonomy":"post_tag","embeddable":true,"href":"https:\/\/finkbeiner-kanzlei.de\/en\/wp-json\/wp\/v2\/tags?post=1132"}],"curies":[{"name":"wp","href":"https:\/\/api.w.org\/{rel}","templated":true}]}}