{"id":1169,"date":"2017-12-11T15:34:11","date_gmt":"2017-12-11T15:34:11","guid":{"rendered":"https:\/\/finkbeiner-kanzlei.de\/kanzleiprofil-vita\/"},"modified":"2020-04-29T08:48:31","modified_gmt":"2020-04-29T08:48:31","slug":"law-firm-profile-and-vita","status":"publish","type":"page","link":"https:\/\/finkbeiner-kanzlei.de\/en\/law-firm-profile-and-vita\/","title":{"rendered":"Team"},"content":{"rendered":"<div class=\"row\">\n<div class=\"col-md-6\">\n<h2><span lang=\"en-GB\"><b>Legal self-image<\/b><\/span><\/h2>\n<p><span lang=\"en-GB\">I see myself as a comprehensive consultant and contact person for my clients. This means, on the one hand, that in the consulting process I always try not only to include all legal factors and consider them, but also to always keep an eye on the associated economic and, if necessary, personal factors. On the other hand, this means that I always take into account the effects on related areas of law such as labour and tax law as well as corporate law and, especially when it comes to securing the future, I can also propose family and inheritance law instruments for structuring purposes.<\/span><\/p>\n<h2><span lang=\"en-GB\"><b>This is me for you<\/b><\/span><\/h2>\n<p><span lang=\"en-GB\">A passionate lawyer for my clients. With fighting spirit, professional competence and personal commitment. For your economic and personal interests.<\/span><\/p>\n<p><span lang=\"en-GB\">From my office in Reinbek, just outside Hamburg, I advise clients throughout northern Germany. Of course I also offer appointments for meetings at your company if required. At offices in Hamburg, Hanover, Kiel and L\u00fcneburg, I have access to meeting rooms through my network where you can meet me.<\/span><\/p>\n<p><span lang=\"en-GB\">I offer you legal advice and representation in numerous areas of commercial law. My main focus is insolvency law. In this field I am also entitled to hold the title of a specialist lawyer for insolvency law (<\/span><span lang=\"en-GB\"><i>Fachanwalt f\u00fcr Insolvenzrecht<\/i><\/span><span lang=\"en-GB\">). The prerequisite for this is the successful completion of a large number of mandates from all areas of insolvency law over several years. In addition, I have attended seminars over a period of several months and passed an examination.<\/span><\/p>\n<p><span lang=\"en-GB\">An additional focus of my law firm is labour law. In this field I represent both employers and employees. In this area, too, I have several years of experience in counseling and litigation. Questions of labour law occur more frequently, especially in connection with economic difficulties of companies.<\/span><\/p>\n<p><span lang=\"en-GB\">A further focus of my work lies in the area of public procurement law. Here I represent both private sector bidders and the administration in the context of planning, tendering and application. In addition, I represent clients in the context of reprimand proceedings before the Public Procurement Chamber.<\/span><\/p>\n<p><img fetchpriority=\"high\" decoding=\"async\" class=\"alignnone size-full wp-image-813\" src=\"https:\/\/finkbeiner-kanzlei.de\/wp-content\/uploads\/2019\/04\/finkbeiner-vita-links.jpg\" alt=\"\" width=\"580\" height=\"960\" srcset=\"https:\/\/finkbeiner-kanzlei.de\/wp-content\/uploads\/2019\/04\/finkbeiner-vita-links.jpg 580w, https:\/\/finkbeiner-kanzlei.de\/wp-content\/uploads\/2019\/04\/finkbeiner-vita-links-181x300.jpg 181w\" sizes=\"(max-width: 580px) 100vw, 580px\" \/><\/p>\n<p><span lang=\"en-GB\">Another focus of my work, especially since passing my notary examination, is contract law. This includes contract drafting as well as representation in disputes about the content of contracts. Particularly worth mentioning are the areas of partnership agreements for e.g. limited liability companies (<\/span><span lang=\"en-GB\"><i>GmbH<\/i><\/span><span lang=\"en-GB\">) and private corporations (<\/span><span lang=\"en-GB\"><i>GbR<\/i><\/span><span lang=\"en-GB\">), marriage and civil partnership agreements as well as wills and inheritance contracts. Furthermore, I advise you on the drafting of service contracts, employment contracts, real estate purchase contracts and general terms and conditions for businesses(AGB).<\/span><br \/>\n<\/div>\n<div class=\"col-md-6\">\n<h2><span lang=\"en-GB\">Professional career<\/span><\/h2>\n<p><span lang=\"en-GB\">Since 1 September 2018 I have been working as a lawyer in my own law firm.<\/span><\/p>\n<p><img decoding=\"async\" class=\"alignnone size-full wp-image-810\" src=\"https:\/\/finkbeiner-kanzlei.de\/wp-content\/uploads\/2019\/04\/hochschullehre-neu.jpg\" alt=\"\" width=\"580\" height=\"960\" srcset=\"https:\/\/finkbeiner-kanzlei.de\/wp-content\/uploads\/2019\/04\/hochschullehre-neu.jpg 580w, https:\/\/finkbeiner-kanzlei.de\/wp-content\/uploads\/2019\/04\/hochschullehre-neu-181x300.jpg 181w\" sizes=\"(max-width: 580px) 100vw, 580px\" \/><\/p>\n<p><span lang=\"en-GB\">From 2014 to 2018 I built up and managed the department for insolvency law advice at the law firm SBL Rechtsanwaltsgesellschaft mbH.<\/span><\/p>\n<p><span lang=\"en-GB\">Before joining SBL, I worked as an in-house lawyer for an energy supply company in Hanover and gained experience in contract drafting and in the company-relevant areas of labour and corporate law as well as tax law. At the same time, I advised clients in commercial and insolvency law and quickly realised that this part of my work as a lawyer gives me the most satisfaction: Working closely and in a spirit of trust with my clients to overcome crises and challenges together.<\/span><\/p>\n<p><span lang=\"en-GB\">In my first four years as a lawyer since my admission to the bar in 2009, I have been responsible for handling and conducting proceedings for insolvency administrators: The first station was the insolvency department of a major German law firm with over 100 lawyers, the second station was working for a supra-regional law firm specializing in insolvency law.<\/span><\/p>\n<p><span lang=\"en-GB\">During these years, I have gained deep practical insights into the thinking and working methods of insolvency administrators and other parties involved in the proceedings such as creditors, affected parties, investigating authorities and insolvency courts. In addition, I have completed the specialist lawyer course in insolvency law and passed the specialist lawyer examination. With increasing professional experience I came to the realisation that I see my professional activity in insolvency law primarily on the side of a consultant, because this is the more varied and for me legally and humanly more interesting work. This experience enables me to develop and implement an optimal strategy for my clients that has been proven in practice.<\/span><\/p>\n<h2><span lang=\"en-GB\">Studies and training<\/span><\/h2>\n<p><span lang=\"en-GB\">I studied law in Frankfurt\/Oder, Strasbourg and Kiel. After the first state examination I completed my legal clerkship in Hamburg and Frankfurt\/Main and passed the second state examination. Between my studies and my legal clerkship I worked for one year as a research assistant in the field of press and public relations at the State Chancellery of Schleswig-Holstein. In addition to the legal clerkship, I completed a postgraduate master&#8217;s degree in business law with the academic degree Master of Laws (LL.M.).<\/span><\/p>\n<p><span lang=\"en-GB\">Between my A-levels in L\u00fcneburg and my studies I did my military service with the tank reconnaissance force.<\/span><\/p>\n<p><span lang=\"en-GB\">In my free time I like sailing, hunting, reading or visiting the theatre. But most of my free time I spend with my wife and my three daughters.<\/span><\/p>\n<\/div>\n<\/div>\n","protected":false},"excerpt":{"rendered":"","protected":false},"author":1,"featured_media":0,"parent":0,"menu_order":0,"comment_status":"closed","ping_status":"closed","template":"","meta":{"_acf_changed":false,"inline_featured_image":false,"footnotes":""},"tags":[],"class_list":["post-1169","page","type-page","status-publish","hentry"],"acf":[],"yoast_head":"<!-- This site is optimized with the Yoast SEO plugin v27.4 - https:\/\/yoast.com\/product\/yoast-seo-wordpress\/ -->\n<title>Anwalt in Hamburg, Fachanwalt f\u00fcr Insolvenzrecht<\/title>\n<meta name=\"description\" content=\"Fachanwalt f\u00fcr Insolvenzrecht: Rechtliche Beratung und Vertretung in zahlreichen Bereichen des Wirtschaftsrechts. Wesentlicher Schwerpunkt ist das Insolvenzrecht. Weitere T\u00e4tigkeitsschwerpunkte: Arbeitsrecht, Vergaberecht, Vertragsrecht\" \/>\n<meta name=\"robots\" content=\"index, follow, max-snippet:-1, max-image-preview:large, max-video-preview:-1\" \/>\n<link rel=\"canonical\" href=\"https:\/\/finkbeiner-kanzlei.de\/en\/law-firm-profile-and-vita\/\" \/>\n<meta property=\"og:locale\" content=\"en_US\" \/>\n<meta property=\"og:type\" content=\"article\" \/>\n<meta property=\"og:title\" content=\"Anwalt in Hamburg, Fachanwalt f\u00fcr Insolvenzrecht\" \/>\n<meta property=\"og:description\" content=\"Fachanwalt f\u00fcr Insolvenzrecht: Rechtliche Beratung und Vertretung in zahlreichen Bereichen des Wirtschaftsrechts. Wesentlicher Schwerpunkt ist das Insolvenzrecht. Weitere T\u00e4tigkeitsschwerpunkte: Arbeitsrecht, Vergaberecht, Vertragsrecht\" \/>\n<meta property=\"og:url\" content=\"https:\/\/finkbeiner-kanzlei.de\/en\/law-firm-profile-and-vita\/\" \/>\n<meta property=\"og:site_name\" content=\"Finkbeiner Kanzlei\" \/>\n<meta property=\"article:modified_time\" content=\"2020-04-29T08:48:31+00:00\" \/>\n<meta property=\"og:image\" content=\"https:\/\/finkbeiner-kanzlei.de\/wp-content\/uploads\/2019\/04\/finkbeiner-vita-links.jpg\" \/>\n<meta name=\"twitter:card\" content=\"summary_large_image\" \/>\n<meta name=\"twitter:label1\" content=\"Est. reading time\" \/>\n\t<meta name=\"twitter:data1\" content=\"4 minutes\" \/>\n<script type=\"application\/ld+json\" class=\"yoast-schema-graph\">{\"@context\":\"https:\\\/\\\/schema.org\",\"@graph\":[{\"@type\":\"WebPage\",\"@id\":\"https:\\\/\\\/finkbeiner-kanzlei.de\\\/en\\\/law-firm-profile-and-vita\\\/\",\"url\":\"https:\\\/\\\/finkbeiner-kanzlei.de\\\/en\\\/law-firm-profile-and-vita\\\/\",\"name\":\"Anwalt in Hamburg, Fachanwalt f\u00fcr Insolvenzrecht\",\"isPartOf\":{\"@id\":\"https:\\\/\\\/finkbeiner-kanzlei.de\\\/en\\\/#website\"},\"primaryImageOfPage\":{\"@id\":\"https:\\\/\\\/finkbeiner-kanzlei.de\\\/en\\\/law-firm-profile-and-vita\\\/#primaryimage\"},\"image\":{\"@id\":\"https:\\\/\\\/finkbeiner-kanzlei.de\\\/en\\\/law-firm-profile-and-vita\\\/#primaryimage\"},\"thumbnailUrl\":\"https:\\\/\\\/finkbeiner-kanzlei.de\\\/wp-content\\\/uploads\\\/2019\\\/04\\\/finkbeiner-vita-links.jpg\",\"datePublished\":\"2017-12-11T15:34:11+00:00\",\"dateModified\":\"2020-04-29T08:48:31+00:00\",\"description\":\"Fachanwalt f\u00fcr Insolvenzrecht: Rechtliche Beratung und Vertretung in zahlreichen Bereichen des Wirtschaftsrechts. Wesentlicher Schwerpunkt ist das Insolvenzrecht. Weitere T\u00e4tigkeitsschwerpunkte: Arbeitsrecht, Vergaberecht, Vertragsrecht\",\"breadcrumb\":{\"@id\":\"https:\\\/\\\/finkbeiner-kanzlei.de\\\/en\\\/law-firm-profile-and-vita\\\/#breadcrumb\"},\"inLanguage\":\"en-US\",\"potentialAction\":[{\"@type\":\"ReadAction\",\"target\":[\"https:\\\/\\\/finkbeiner-kanzlei.de\\\/en\\\/law-firm-profile-and-vita\\\/\"]}]},{\"@type\":\"ImageObject\",\"inLanguage\":\"en-US\",\"@id\":\"https:\\\/\\\/finkbeiner-kanzlei.de\\\/en\\\/law-firm-profile-and-vita\\\/#primaryimage\",\"url\":\"https:\\\/\\\/finkbeiner-kanzlei.de\\\/wp-content\\\/uploads\\\/2019\\\/04\\\/finkbeiner-vita-links.jpg\",\"contentUrl\":\"https:\\\/\\\/finkbeiner-kanzlei.de\\\/wp-content\\\/uploads\\\/2019\\\/04\\\/finkbeiner-vita-links.jpg\"},{\"@type\":\"BreadcrumbList\",\"@id\":\"https:\\\/\\\/finkbeiner-kanzlei.de\\\/en\\\/law-firm-profile-and-vita\\\/#breadcrumb\",\"itemListElement\":[{\"@type\":\"ListItem\",\"position\":1,\"name\":\"Startseite\",\"item\":\"https:\\\/\\\/finkbeiner-kanzlei.de\\\/en\\\/\"},{\"@type\":\"ListItem\",\"position\":2,\"name\":\"Team\"}]},{\"@type\":\"WebSite\",\"@id\":\"https:\\\/\\\/finkbeiner-kanzlei.de\\\/en\\\/#website\",\"url\":\"https:\\\/\\\/finkbeiner-kanzlei.de\\\/en\\\/\",\"name\":\"Finkbeiner Kanzlei\",\"description\":\"Anwaltskanzlei f\u00fcr Wirtschaftsrecht, Insolvenzrecht und Prozessrecht\",\"publisher\":{\"@id\":\"https:\\\/\\\/finkbeiner-kanzlei.de\\\/en\\\/#\\\/schema\\\/person\\\/82fb4d962f5edb406c94928cf461bbde\"},\"potentialAction\":[{\"@type\":\"SearchAction\",\"target\":{\"@type\":\"EntryPoint\",\"urlTemplate\":\"https:\\\/\\\/finkbeiner-kanzlei.de\\\/en\\\/?s={search_term_string}\"},\"query-input\":{\"@type\":\"PropertyValueSpecification\",\"valueRequired\":true,\"valueName\":\"search_term_string\"}}],\"inLanguage\":\"en-US\"},{\"@type\":[\"Person\",\"Organization\"],\"@id\":\"https:\\\/\\\/finkbeiner-kanzlei.de\\\/en\\\/#\\\/schema\\\/person\\\/82fb4d962f5edb406c94928cf461bbde\",\"name\":\"Claudius Finkbeiner\",\"image\":{\"@type\":\"ImageObject\",\"inLanguage\":\"en-US\",\"@id\":\"https:\\\/\\\/finkbeiner-kanzlei.de\\\/wp-content\\\/uploads\\\/2017\\\/12\\\/5C66DF9B-A999-44A1-969D-4233F47A5B77-96x96.jpg\",\"url\":\"https:\\\/\\\/finkbeiner-kanzlei.de\\\/wp-content\\\/uploads\\\/2017\\\/12\\\/5C66DF9B-A999-44A1-969D-4233F47A5B77-96x96.jpg\",\"contentUrl\":\"https:\\\/\\\/finkbeiner-kanzlei.de\\\/wp-content\\\/uploads\\\/2017\\\/12\\\/5C66DF9B-A999-44A1-969D-4233F47A5B77-96x96.jpg\",\"caption\":\"Claudius Finkbeiner\"},\"logo\":{\"@id\":\"https:\\\/\\\/finkbeiner-kanzlei.de\\\/wp-content\\\/uploads\\\/2017\\\/12\\\/5C66DF9B-A999-44A1-969D-4233F47A5B77-96x96.jpg\"},\"description\":\"Herr Finkbeiner ist seit dem Jahr 2009 als Rechtsanwalt t\u00e4tig. Sein Schwerpunkt liegt im wirtschaftsrechtlichen Bereich, insbesondere im Insolvenz-, Vertrags- und Gesellschaftsrecht sowie im Vergaberecht. Herr Finkbeiner ber\u00e4t und vertritt Unternehmen in der Krise, ebenso wie Gesch\u00e4ftsf\u00fchrer, Gl\u00e4ubiger und andere Beteiligte im Insolvenzverfahren und gegen Insolvenzverwalter. Herr Finkbeiner ist ein erfahrener Prozessanwalt im Wirtschaftsrecht und Verteidiger in Wirtschaftsstrafsachen.\",\"sameAs\":[\"https:\\\/\\\/www.anwalt-finkbeiner.de\"]}]}<\/script>\n<!-- \/ Yoast SEO plugin. -->","yoast_head_json":{"title":"Anwalt in Hamburg, Fachanwalt f\u00fcr Insolvenzrecht","description":"Fachanwalt f\u00fcr Insolvenzrecht: Rechtliche Beratung und Vertretung in zahlreichen Bereichen des Wirtschaftsrechts. Wesentlicher Schwerpunkt ist das Insolvenzrecht. Weitere T\u00e4tigkeitsschwerpunkte: Arbeitsrecht, Vergaberecht, Vertragsrecht","robots":{"index":"index","follow":"follow","max-snippet":"max-snippet:-1","max-image-preview":"max-image-preview:large","max-video-preview":"max-video-preview:-1"},"canonical":"https:\/\/finkbeiner-kanzlei.de\/en\/law-firm-profile-and-vita\/","og_locale":"en_US","og_type":"article","og_title":"Anwalt in Hamburg, Fachanwalt f\u00fcr Insolvenzrecht","og_description":"Fachanwalt f\u00fcr Insolvenzrecht: Rechtliche Beratung und Vertretung in zahlreichen Bereichen des Wirtschaftsrechts. Wesentlicher Schwerpunkt ist das Insolvenzrecht. Weitere T\u00e4tigkeitsschwerpunkte: Arbeitsrecht, Vergaberecht, Vertragsrecht","og_url":"https:\/\/finkbeiner-kanzlei.de\/en\/law-firm-profile-and-vita\/","og_site_name":"Finkbeiner Kanzlei","article_modified_time":"2020-04-29T08:48:31+00:00","og_image":[{"url":"https:\/\/finkbeiner-kanzlei.de\/wp-content\/uploads\/2019\/04\/finkbeiner-vita-links.jpg","type":"","width":"","height":""}],"twitter_card":"summary_large_image","twitter_misc":{"Est. reading time":"4 minutes"},"schema":{"@context":"https:\/\/schema.org","@graph":[{"@type":"WebPage","@id":"https:\/\/finkbeiner-kanzlei.de\/en\/law-firm-profile-and-vita\/","url":"https:\/\/finkbeiner-kanzlei.de\/en\/law-firm-profile-and-vita\/","name":"Anwalt in Hamburg, Fachanwalt f\u00fcr Insolvenzrecht","isPartOf":{"@id":"https:\/\/finkbeiner-kanzlei.de\/en\/#website"},"primaryImageOfPage":{"@id":"https:\/\/finkbeiner-kanzlei.de\/en\/law-firm-profile-and-vita\/#primaryimage"},"image":{"@id":"https:\/\/finkbeiner-kanzlei.de\/en\/law-firm-profile-and-vita\/#primaryimage"},"thumbnailUrl":"https:\/\/finkbeiner-kanzlei.de\/wp-content\/uploads\/2019\/04\/finkbeiner-vita-links.jpg","datePublished":"2017-12-11T15:34:11+00:00","dateModified":"2020-04-29T08:48:31+00:00","description":"Fachanwalt f\u00fcr Insolvenzrecht: Rechtliche Beratung und Vertretung in zahlreichen Bereichen des Wirtschaftsrechts. Wesentlicher Schwerpunkt ist das Insolvenzrecht. Weitere T\u00e4tigkeitsschwerpunkte: Arbeitsrecht, Vergaberecht, Vertragsrecht","breadcrumb":{"@id":"https:\/\/finkbeiner-kanzlei.de\/en\/law-firm-profile-and-vita\/#breadcrumb"},"inLanguage":"en-US","potentialAction":[{"@type":"ReadAction","target":["https:\/\/finkbeiner-kanzlei.de\/en\/law-firm-profile-and-vita\/"]}]},{"@type":"ImageObject","inLanguage":"en-US","@id":"https:\/\/finkbeiner-kanzlei.de\/en\/law-firm-profile-and-vita\/#primaryimage","url":"https:\/\/finkbeiner-kanzlei.de\/wp-content\/uploads\/2019\/04\/finkbeiner-vita-links.jpg","contentUrl":"https:\/\/finkbeiner-kanzlei.de\/wp-content\/uploads\/2019\/04\/finkbeiner-vita-links.jpg"},{"@type":"BreadcrumbList","@id":"https:\/\/finkbeiner-kanzlei.de\/en\/law-firm-profile-and-vita\/#breadcrumb","itemListElement":[{"@type":"ListItem","position":1,"name":"Startseite","item":"https:\/\/finkbeiner-kanzlei.de\/en\/"},{"@type":"ListItem","position":2,"name":"Team"}]},{"@type":"WebSite","@id":"https:\/\/finkbeiner-kanzlei.de\/en\/#website","url":"https:\/\/finkbeiner-kanzlei.de\/en\/","name":"Finkbeiner Kanzlei","description":"Anwaltskanzlei f\u00fcr Wirtschaftsrecht, Insolvenzrecht und Prozessrecht","publisher":{"@id":"https:\/\/finkbeiner-kanzlei.de\/en\/#\/schema\/person\/82fb4d962f5edb406c94928cf461bbde"},"potentialAction":[{"@type":"SearchAction","target":{"@type":"EntryPoint","urlTemplate":"https:\/\/finkbeiner-kanzlei.de\/en\/?s={search_term_string}"},"query-input":{"@type":"PropertyValueSpecification","valueRequired":true,"valueName":"search_term_string"}}],"inLanguage":"en-US"},{"@type":["Person","Organization"],"@id":"https:\/\/finkbeiner-kanzlei.de\/en\/#\/schema\/person\/82fb4d962f5edb406c94928cf461bbde","name":"Claudius Finkbeiner","image":{"@type":"ImageObject","inLanguage":"en-US","@id":"https:\/\/finkbeiner-kanzlei.de\/wp-content\/uploads\/2017\/12\/5C66DF9B-A999-44A1-969D-4233F47A5B77-96x96.jpg","url":"https:\/\/finkbeiner-kanzlei.de\/wp-content\/uploads\/2017\/12\/5C66DF9B-A999-44A1-969D-4233F47A5B77-96x96.jpg","contentUrl":"https:\/\/finkbeiner-kanzlei.de\/wp-content\/uploads\/2017\/12\/5C66DF9B-A999-44A1-969D-4233F47A5B77-96x96.jpg","caption":"Claudius Finkbeiner"},"logo":{"@id":"https:\/\/finkbeiner-kanzlei.de\/wp-content\/uploads\/2017\/12\/5C66DF9B-A999-44A1-969D-4233F47A5B77-96x96.jpg"},"description":"Herr Finkbeiner ist seit dem Jahr 2009 als Rechtsanwalt t\u00e4tig. Sein Schwerpunkt liegt im wirtschaftsrechtlichen Bereich, insbesondere im Insolvenz-, Vertrags- und Gesellschaftsrecht sowie im Vergaberecht. Herr Finkbeiner ber\u00e4t und vertritt Unternehmen in der Krise, ebenso wie Gesch\u00e4ftsf\u00fchrer, Gl\u00e4ubiger und andere Beteiligte im Insolvenzverfahren und gegen Insolvenzverwalter. Herr Finkbeiner ist ein erfahrener Prozessanwalt im Wirtschaftsrecht und Verteidiger in Wirtschaftsstrafsachen.","sameAs":["https:\/\/www.anwalt-finkbeiner.de"]}]}},"_links":{"self":[{"href":"https:\/\/finkbeiner-kanzlei.de\/en\/wp-json\/wp\/v2\/pages\/1169","targetHints":{"allow":["GET"]}}],"collection":[{"href":"https:\/\/finkbeiner-kanzlei.de\/en\/wp-json\/wp\/v2\/pages"}],"about":[{"href":"https:\/\/finkbeiner-kanzlei.de\/en\/wp-json\/wp\/v2\/types\/page"}],"author":[{"embeddable":true,"href":"https:\/\/finkbeiner-kanzlei.de\/en\/wp-json\/wp\/v2\/users\/1"}],"replies":[{"embeddable":true,"href":"https:\/\/finkbeiner-kanzlei.de\/en\/wp-json\/wp\/v2\/comments?post=1169"}],"version-history":[{"count":5,"href":"https:\/\/finkbeiner-kanzlei.de\/en\/wp-json\/wp\/v2\/pages\/1169\/revisions"}],"predecessor-version":[{"id":1360,"href":"https:\/\/finkbeiner-kanzlei.de\/en\/wp-json\/wp\/v2\/pages\/1169\/revisions\/1360"}],"wp:attachment":[{"href":"https:\/\/finkbeiner-kanzlei.de\/en\/wp-json\/wp\/v2\/media?parent=1169"}],"wp:term":[{"taxonomy":"post_tag","embeddable":true,"href":"https:\/\/finkbeiner-kanzlei.de\/en\/wp-json\/wp\/v2\/tags?post=1169"}],"curies":[{"name":"wp","href":"https:\/\/api.w.org\/{rel}","templated":true}]}}