{"id":1173,"date":"2018-08-24T10:15:37","date_gmt":"2018-08-24T10:15:37","guid":{"rendered":"https:\/\/finkbeiner-kanzlei.de\/insolvenzrecht\/"},"modified":"2022-06-09T08:46:19","modified_gmt":"2022-06-09T06:46:19","slug":"insolvency-law","status":"publish","type":"page","link":"https:\/\/finkbeiner-kanzlei.de\/en\/insolvency-law\/","title":{"rendered":"Insolvency law"},"content":{"rendered":"<div class=\"row\">\n<div class=\"col-md-6\">\n<p><span lang=\"en-GB\"><b>Specialist lawyers for and quick help in insolvency law<\/b><\/span><\/p>\n<p><span lang=\"en-GB\">A major focus of our legal work is insolvency law. An insolvency is not pleasant for any of the parties involved, be they entrepreneurs or private individuals, managers or creditors.<\/span><\/p>\n<p><span lang=\"en-GB\">With over 10 years of experience in this field of law, we can assess the legal, economic and personal consequences from every perspective. Our approach is to always develop the best economic and personal solution for you as our clients.<\/span><\/p>\n<p><span lang=\"en-GB\"><b>Structuring options within and outside the insolvency proceedings<\/b><\/span><\/p>\n<p><span lang=\"en-GB\">Insolvency law offers a wide range of options for entrepreneurs, companies and private individuals in crisis. The same applies to affected creditors, investors or shareholders. For all these interest groups there are options to significantly improve their positions in insolvency proceedings or by avoiding insolvency proceedings.<\/span><\/p>\n<\/div>\n<div class=\"col-md-6\">\n<p><img fetchpriority=\"high\" decoding=\"async\" class=\"alignnone wp-image-2815 size-full\" src=\"https:\/\/finkbeiner-kanzlei.de\/wp-content\/uploads\/2022\/06\/7-finkbeiner-hoenig-didzoneit-druckenbrodt.jpg\" alt=\"\" width=\"800\" height=\"500\" srcset=\"https:\/\/finkbeiner-kanzlei.de\/wp-content\/uploads\/2022\/06\/7-finkbeiner-hoenig-didzoneit-druckenbrodt.jpg 800w, https:\/\/finkbeiner-kanzlei.de\/wp-content\/uploads\/2022\/06\/7-finkbeiner-hoenig-didzoneit-druckenbrodt-300x188.jpg 300w, https:\/\/finkbeiner-kanzlei.de\/wp-content\/uploads\/2022\/06\/7-finkbeiner-hoenig-didzoneit-druckenbrodt-768x480.jpg 768w, https:\/\/finkbeiner-kanzlei.de\/wp-content\/uploads\/2022\/06\/7-finkbeiner-hoenig-didzoneit-druckenbrodt-600x375.jpg 600w\" sizes=\"(max-width: 800px) 100vw, 800px\" \/><\/p>\n<p><span lang=\"en-GB\">We are at your side, be it in restructuring scenarios, in assisting managing directors, debtors and creditors in insolvency proceedings, in litigation for and against insolvency administrators, as an expert witness, in the planning and implementation of restructuring concepts and as a defence counsel in insolvency cases. We will accompany you and your concerns through all procedural stages from &#8220;five before 12 to quarter past 12&#8221;.<\/span><\/p>\n<p>&nbsp;<\/p>\n<\/div>\n<\/div>\n<p>&nbsp;<\/p>\n<p>&nbsp;<\/p>\n<div class=\"menu-insolvenz-menu-en-container\"><ul id=\"menu-insolvenz-menu-en\" class=\"menu\"><li id=\"menu-item-1539\" class=\"menu-item menu-item-type-post_type menu-item-object-page menu-item-has-children menu-item-1539\"><a href=\"https:\/\/finkbeiner-kanzlei.de\/en\/insolvency-law\/\">Insolvency law<\/a>\n<ul class=\"sub-menu\">\n\t<li id=\"menu-item-1540\" class=\"menu-item menu-item-type-post_type menu-item-object-page menu-item-1540\"><a href=\"https:\/\/finkbeiner-kanzlei.de\/en\/insolvency-law\/\">Legal advice and Representation<\/a><\/li>\n\t<li id=\"menu-item-1541\" class=\"menu-item menu-item-type-post_type menu-item-object-page menu-item-1541\"><a href=\"https:\/\/finkbeiner-kanzlei.de\/en\/insolvency-law\/\">for Entrepreneurs or Individuals<\/a><\/li>\n\t<li id=\"menu-item-1542\" class=\"menu-item menu-item-type-post_type menu-item-object-page menu-item-1542\"><a href=\"https:\/\/finkbeiner-kanzlei.de\/en\/insolvency-law\/\">for Managers<\/a><\/li>\n\t<li id=\"menu-item-1543\" class=\"menu-item menu-item-type-post_type menu-item-object-page menu-item-1543\"><a href=\"https:\/\/finkbeiner-kanzlei.de\/en\/insolvency-law\/\">for Creditors and Investors<\/a><\/li>\n<\/ul>\n<\/li>\n<li id=\"menu-item-1549\" class=\"menu-item menu-item-type-post_type menu-item-object-page menu-item-1549\"><a href=\"https:\/\/finkbeiner-kanzlei.de\/en\/reorganisation-and-insolvency-consultation\/\">Avoiding Insolvency<\/a><\/li>\n<li id=\"menu-item-4136\" class=\"menu-item menu-item-type-post_type menu-item-object-page menu-item-has-children menu-item-4136\"><a href=\"https:\/\/finkbeiner-kanzlei.de\/en\/reorganisation-and-insolvency-consultation\/\">Reorganisation and insolvency consultation<\/a>\n<ul class=\"sub-menu\">\n\t<li id=\"menu-item-4137\" class=\"menu-item menu-item-type-post_type menu-item-object-page menu-item-4137\"><a href=\"https:\/\/finkbeiner-kanzlei.de\/en\/reorganisation-and-insolvency-consultation\/\">Reorganisation and insolvency consultation<\/a><\/li>\n<\/ul>\n<\/li>\n<li id=\"menu-item-1551\" class=\"menu-item menu-item-type-post_type menu-item-object-page menu-item-1551\"><a href=\"https:\/\/finkbeiner-kanzlei.de\/en\/out-of-court-settlement-of-debts\/\">Out-of-court settlement of Debts<\/a><\/li>\n<li id=\"menu-item-1552\" class=\"menu-item menu-item-type-post_type menu-item-object-page menu-item-1552\"><a href=\"https:\/\/finkbeiner-kanzlei.de\/en\/legal-assistance-with-debts-without-waiting-time\/\">Legal assistance with Debts<\/a><\/li>\n<li id=\"menu-item-1553\" class=\"menu-item menu-item-type-post_type menu-item-object-page menu-item-1553\"><a href=\"https:\/\/finkbeiner-kanzlei.de\/en\/liquidation-of-companies\/\">Liquidation of companies<\/a><\/li>\n<li id=\"menu-item-1554\" class=\"menu-item menu-item-type-post_type menu-item-object-page menu-item-1554\"><a href=\"https:\/\/finkbeiner-kanzlei.de\/en\/reorganisation-and-continuation-plan\/\">Reorganisation and continuation plan<\/a><\/li>\n<li id=\"menu-item-1555\" class=\"menu-item menu-item-type-post_type menu-item-object-page menu-item-has-children menu-item-1555\"><a href=\"https:\/\/finkbeiner-kanzlei.de\/en\/reasons-for-insolvency\/\">Filing for Insolvency<\/a>\n<ul class=\"sub-menu\">\n\t<li id=\"menu-item-1557\" class=\"menu-item menu-item-type-post_type menu-item-object-page menu-item-1557\"><a href=\"https:\/\/finkbeiner-kanzlei.de\/en\/insolvency-application-for-companies\/\">Insolvency Application for Companies<\/a><\/li>\n<\/ul>\n<\/li>\n<li id=\"menu-item-4138\" class=\"menu-item menu-item-type-post_type menu-item-object-page menu-item-has-children menu-item-4138\"><a href=\"https:\/\/finkbeiner-kanzlei.de\/en\/reasons-for-insolvency\/\">Reasons for insolvency<\/a>\n<ul class=\"sub-menu\">\n\t<li id=\"menu-item-4139\" class=\"menu-item menu-item-type-post_type menu-item-object-page menu-item-4139\"><a href=\"https:\/\/finkbeiner-kanzlei.de\/en\/reasons-for-insolvency\/\">Reasons for insolvency<\/a><\/li>\n\t<li id=\"menu-item-4140\" class=\"menu-item menu-item-type-post_type menu-item-object-page menu-item-4140\"><a href=\"https:\/\/finkbeiner-kanzlei.de\/en\/insolvency-application-for-companies\/\">Insolvency application for companies<\/a><\/li>\n\t<li id=\"menu-item-4141\" class=\"menu-item menu-item-type-post_type menu-item-object-page menu-item-4141\"><a href=\"https:\/\/finkbeiner-kanzlei.de\/en\/consumer-and-private-insolvency\/\">Consumer and private insolvency<\/a><\/li>\n<\/ul>\n<\/li>\n<li id=\"menu-item-1558\" class=\"menu-item menu-item-type-post_type menu-item-object-page menu-item-1558\"><a href=\"https:\/\/finkbeiner-kanzlei.de\/en\/self-administration-and-protective-shielding-proceedings\/\">Self Administration<\/a><\/li>\n<li id=\"menu-item-1560\" class=\"menu-item menu-item-type-post_type menu-item-object-page menu-item-1560\"><a href=\"https:\/\/finkbeiner-kanzlei.de\/en\/residual-debt-discharge\/\">Residual Debt Discharge<\/a><\/li>\n<li id=\"menu-item-1561\" class=\"menu-item menu-item-type-post_type menu-item-object-page menu-item-1561\"><a href=\"https:\/\/finkbeiner-kanzlei.de\/en\/continuation-of-company-and-business-activities\/\">Structuring Insolvency<\/a><\/li>\n<li id=\"menu-item-4142\" class=\"menu-item menu-item-type-post_type menu-item-object-page menu-item-has-children menu-item-4142\"><a href=\"https:\/\/finkbeiner-kanzlei.de\/en\/continuation-of-company-and-business-activities\/\">Continuation of company and business activities<\/a>\n<ul class=\"sub-menu\">\n\t<li id=\"menu-item-4143\" class=\"menu-item menu-item-type-post_type menu-item-object-page menu-item-4143\"><a href=\"https:\/\/finkbeiner-kanzlei.de\/en\/continuation-of-company-and-business-activities\/\">Continuation of company and business activities<\/a><\/li>\n<\/ul>\n<\/li>\n<li id=\"menu-item-1563\" class=\"menu-item menu-item-type-post_type menu-item-object-page menu-item-1563\"><a href=\"https:\/\/finkbeiner-kanzlei.de\/en\/protection-of-private-assets\/\">Protection of Private Assets<\/a><\/li>\n<li id=\"menu-item-1564\" class=\"menu-item menu-item-type-post_type menu-item-object-page menu-item-1564\"><a href=\"https:\/\/finkbeiner-kanzlei.de\/en\/investment-protection\/\">Investment Protection<\/a><\/li>\n<li id=\"menu-item-1565\" class=\"menu-item menu-item-type-post_type menu-item-object-page menu-item-1565\"><a href=\"https:\/\/finkbeiner-kanzlei.de\/en\/insolvency-offences\/\">Insolvency Offences<\/a><\/li>\n<li id=\"menu-item-1566\" class=\"menu-item menu-item-type-post_type menu-item-object-page menu-item-1566\"><a href=\"https:\/\/finkbeiner-kanzlei.de\/en\/insolvency-contestation\/\">Insolvency Contestation<\/a><\/li>\n<li id=\"menu-item-4132\" class=\"menu-item menu-item-type-post_type menu-item-object-page menu-item-4132\"><a href=\"https:\/\/finkbeiner-kanzlei.de\/en\/insolvency-law\/\">Insolvency law<\/a><\/li>\n<li id=\"menu-item-4133\" class=\"menu-item menu-item-type-post_type menu-item-object-page menu-item-4133\"><a href=\"https:\/\/finkbeiner-kanzlei.de\/en\/insolvency-law\/\">Insolvency law<\/a><\/li>\n<li id=\"menu-item-4134\" class=\"menu-item menu-item-type-post_type menu-item-object-page menu-item-4134\"><a href=\"https:\/\/finkbeiner-kanzlei.de\/en\/insolvency-law\/\">Insolvency law<\/a><\/li>\n<li id=\"menu-item-4135\" class=\"menu-item menu-item-type-post_type menu-item-object-page menu-item-4135\"><a href=\"https:\/\/finkbeiner-kanzlei.de\/en\/insolvency-law\/\">Insolvency law<\/a><\/li>\n<li id=\"menu-item-1559\" class=\"menu-item menu-item-type-post_type menu-item-object-page menu-item-1559\"><a href=\"https:\/\/finkbeiner-kanzlei.de\/en\/consumer-and-private-insolvency\/\">Consumer and Private Insolvency<\/a><\/li>\n<li id=\"menu-item-1562\" class=\"menu-item menu-item-type-post_type menu-item-object-page menu-item-1562\"><a href=\"https:\/\/finkbeiner-kanzlei.de\/en\/continuation-of-company-and-business-activities\/\">Company and Business Activities<\/a><\/li>\n<\/ul><\/div>\n","protected":false},"excerpt":{"rendered":"<p>&nbsp; &nbsp;<\/p>\n","protected":false},"author":3,"featured_media":0,"parent":0,"menu_order":0,"comment_status":"closed","ping_status":"closed","template":"","meta":{"_acf_changed":false,"inline_featured_image":false,"footnotes":""},"tags":[664,665,1022,593,1032,1034,621,643],"class_list":["post-1173","page","type-page","status-publish","hentry","tag-abwehr-von-insolvenzanfechtungen-en","tag-anfechtung-durch-insolvenzverwalter-en","tag-anlegerschutz-en","tag-geschaeftsfuehrerhaftung-en","tag-glaeubigerschutz-en","tag-glaeubigervertretung-im-insolvenzverfahren-en","tag-privatvermoegen-schuetzen-en","tag-restschuldbefreiung-en"],"acf":[],"yoast_head":"<!-- This site is optimized with the Yoast SEO plugin v27.4 - https:\/\/yoast.com\/product\/yoast-seo-wordpress\/ -->\n<title>Insolvency law - Finkbeiner Kanzlei<\/title>\n<meta name=\"robots\" content=\"index, follow, max-snippet:-1, max-image-preview:large, max-video-preview:-1\" \/>\n<link rel=\"canonical\" href=\"https:\/\/finkbeiner-kanzlei.de\/en\/insolvency-law\/\" \/>\n<meta property=\"og:locale\" content=\"en_US\" \/>\n<meta property=\"og:type\" content=\"article\" \/>\n<meta property=\"og:title\" content=\"Insolvency law - Finkbeiner Kanzlei\" \/>\n<meta property=\"og:description\" content=\"&nbsp; &nbsp;\" \/>\n<meta property=\"og:url\" content=\"https:\/\/finkbeiner-kanzlei.de\/en\/insolvency-law\/\" \/>\n<meta property=\"og:site_name\" content=\"Finkbeiner Kanzlei\" \/>\n<meta property=\"article:modified_time\" content=\"2022-06-09T06:46:19+00:00\" \/>\n<meta property=\"og:image\" content=\"https:\/\/finkbeiner-kanzlei.de\/wp-content\/uploads\/2022\/06\/7-finkbeiner-hoenig-didzoneit-druckenbrodt.jpg\" \/>\n<meta name=\"twitter:card\" content=\"summary_large_image\" \/>\n<meta name=\"twitter:label1\" content=\"Est. reading time\" \/>\n\t<meta name=\"twitter:data1\" content=\"2 minutes\" \/>\n<script type=\"application\/ld+json\" class=\"yoast-schema-graph\">{\"@context\":\"https:\\\/\\\/schema.org\",\"@graph\":[{\"@type\":\"WebPage\",\"@id\":\"https:\\\/\\\/finkbeiner-kanzlei.de\\\/en\\\/insolvency-law\\\/\",\"url\":\"https:\\\/\\\/finkbeiner-kanzlei.de\\\/en\\\/insolvency-law\\\/\",\"name\":\"Insolvency law - Finkbeiner Kanzlei\",\"isPartOf\":{\"@id\":\"https:\\\/\\\/finkbeiner-kanzlei.de\\\/en\\\/#website\"},\"primaryImageOfPage\":{\"@id\":\"https:\\\/\\\/finkbeiner-kanzlei.de\\\/en\\\/insolvency-law\\\/#primaryimage\"},\"image\":{\"@id\":\"https:\\\/\\\/finkbeiner-kanzlei.de\\\/en\\\/insolvency-law\\\/#primaryimage\"},\"thumbnailUrl\":\"https:\\\/\\\/finkbeiner-kanzlei.de\\\/wp-content\\\/uploads\\\/2022\\\/06\\\/7-finkbeiner-hoenig-didzoneit-druckenbrodt.jpg\",\"datePublished\":\"2018-08-24T10:15:37+00:00\",\"dateModified\":\"2022-06-09T06:46:19+00:00\",\"breadcrumb\":{\"@id\":\"https:\\\/\\\/finkbeiner-kanzlei.de\\\/en\\\/insolvency-law\\\/#breadcrumb\"},\"inLanguage\":\"en-US\",\"potentialAction\":[{\"@type\":\"ReadAction\",\"target\":[\"https:\\\/\\\/finkbeiner-kanzlei.de\\\/en\\\/insolvency-law\\\/\"]}]},{\"@type\":\"ImageObject\",\"inLanguage\":\"en-US\",\"@id\":\"https:\\\/\\\/finkbeiner-kanzlei.de\\\/en\\\/insolvency-law\\\/#primaryimage\",\"url\":\"https:\\\/\\\/finkbeiner-kanzlei.de\\\/wp-content\\\/uploads\\\/2022\\\/06\\\/7-finkbeiner-hoenig-didzoneit-druckenbrodt.jpg\",\"contentUrl\":\"https:\\\/\\\/finkbeiner-kanzlei.de\\\/wp-content\\\/uploads\\\/2022\\\/06\\\/7-finkbeiner-hoenig-didzoneit-druckenbrodt.jpg\"},{\"@type\":\"BreadcrumbList\",\"@id\":\"https:\\\/\\\/finkbeiner-kanzlei.de\\\/en\\\/insolvency-law\\\/#breadcrumb\",\"itemListElement\":[{\"@type\":\"ListItem\",\"position\":1,\"name\":\"Startseite\",\"item\":\"https:\\\/\\\/finkbeiner-kanzlei.de\\\/en\\\/\"},{\"@type\":\"ListItem\",\"position\":2,\"name\":\"Insolvency law\"}]},{\"@type\":\"WebSite\",\"@id\":\"https:\\\/\\\/finkbeiner-kanzlei.de\\\/en\\\/#website\",\"url\":\"https:\\\/\\\/finkbeiner-kanzlei.de\\\/en\\\/\",\"name\":\"Finkbeiner Kanzlei\",\"description\":\"Anwaltskanzlei f\u00fcr Wirtschaftsrecht, Insolvenzrecht und Prozessrecht\",\"publisher\":{\"@id\":\"https:\\\/\\\/finkbeiner-kanzlei.de\\\/en\\\/#\\\/schema\\\/person\\\/82fb4d962f5edb406c94928cf461bbde\"},\"potentialAction\":[{\"@type\":\"SearchAction\",\"target\":{\"@type\":\"EntryPoint\",\"urlTemplate\":\"https:\\\/\\\/finkbeiner-kanzlei.de\\\/en\\\/?s={search_term_string}\"},\"query-input\":{\"@type\":\"PropertyValueSpecification\",\"valueRequired\":true,\"valueName\":\"search_term_string\"}}],\"inLanguage\":\"en-US\"},{\"@type\":[\"Person\",\"Organization\"],\"@id\":\"https:\\\/\\\/finkbeiner-kanzlei.de\\\/en\\\/#\\\/schema\\\/person\\\/82fb4d962f5edb406c94928cf461bbde\",\"name\":\"Claudius Finkbeiner\",\"image\":{\"@type\":\"ImageObject\",\"inLanguage\":\"en-US\",\"@id\":\"https:\\\/\\\/finkbeiner-kanzlei.de\\\/wp-content\\\/uploads\\\/2017\\\/12\\\/5C66DF9B-A999-44A1-969D-4233F47A5B77-96x96.jpg\",\"url\":\"https:\\\/\\\/finkbeiner-kanzlei.de\\\/wp-content\\\/uploads\\\/2017\\\/12\\\/5C66DF9B-A999-44A1-969D-4233F47A5B77-96x96.jpg\",\"contentUrl\":\"https:\\\/\\\/finkbeiner-kanzlei.de\\\/wp-content\\\/uploads\\\/2017\\\/12\\\/5C66DF9B-A999-44A1-969D-4233F47A5B77-96x96.jpg\",\"caption\":\"Claudius Finkbeiner\"},\"logo\":{\"@id\":\"https:\\\/\\\/finkbeiner-kanzlei.de\\\/wp-content\\\/uploads\\\/2017\\\/12\\\/5C66DF9B-A999-44A1-969D-4233F47A5B77-96x96.jpg\"},\"description\":\"Herr Finkbeiner ist seit dem Jahr 2009 als Rechtsanwalt t\u00e4tig. Sein Schwerpunkt liegt im wirtschaftsrechtlichen Bereich, insbesondere im Insolvenz-, Vertrags- und Gesellschaftsrecht sowie im Vergaberecht. Herr Finkbeiner ber\u00e4t und vertritt Unternehmen in der Krise, ebenso wie Gesch\u00e4ftsf\u00fchrer, Gl\u00e4ubiger und andere Beteiligte im Insolvenzverfahren und gegen Insolvenzverwalter. Herr Finkbeiner ist ein erfahrener Prozessanwalt im Wirtschaftsrecht und Verteidiger in Wirtschaftsstrafsachen.\",\"sameAs\":[\"https:\\\/\\\/www.anwalt-finkbeiner.de\"]}]}<\/script>\n<!-- \/ Yoast SEO plugin. -->","yoast_head_json":{"title":"Insolvency law - Finkbeiner Kanzlei","robots":{"index":"index","follow":"follow","max-snippet":"max-snippet:-1","max-image-preview":"max-image-preview:large","max-video-preview":"max-video-preview:-1"},"canonical":"https:\/\/finkbeiner-kanzlei.de\/en\/insolvency-law\/","og_locale":"en_US","og_type":"article","og_title":"Insolvency law - Finkbeiner Kanzlei","og_description":"&nbsp; &nbsp;","og_url":"https:\/\/finkbeiner-kanzlei.de\/en\/insolvency-law\/","og_site_name":"Finkbeiner Kanzlei","article_modified_time":"2022-06-09T06:46:19+00:00","og_image":[{"url":"https:\/\/finkbeiner-kanzlei.de\/wp-content\/uploads\/2022\/06\/7-finkbeiner-hoenig-didzoneit-druckenbrodt.jpg","type":"","width":"","height":""}],"twitter_card":"summary_large_image","twitter_misc":{"Est. reading time":"2 minutes"},"schema":{"@context":"https:\/\/schema.org","@graph":[{"@type":"WebPage","@id":"https:\/\/finkbeiner-kanzlei.de\/en\/insolvency-law\/","url":"https:\/\/finkbeiner-kanzlei.de\/en\/insolvency-law\/","name":"Insolvency law - Finkbeiner Kanzlei","isPartOf":{"@id":"https:\/\/finkbeiner-kanzlei.de\/en\/#website"},"primaryImageOfPage":{"@id":"https:\/\/finkbeiner-kanzlei.de\/en\/insolvency-law\/#primaryimage"},"image":{"@id":"https:\/\/finkbeiner-kanzlei.de\/en\/insolvency-law\/#primaryimage"},"thumbnailUrl":"https:\/\/finkbeiner-kanzlei.de\/wp-content\/uploads\/2022\/06\/7-finkbeiner-hoenig-didzoneit-druckenbrodt.jpg","datePublished":"2018-08-24T10:15:37+00:00","dateModified":"2022-06-09T06:46:19+00:00","breadcrumb":{"@id":"https:\/\/finkbeiner-kanzlei.de\/en\/insolvency-law\/#breadcrumb"},"inLanguage":"en-US","potentialAction":[{"@type":"ReadAction","target":["https:\/\/finkbeiner-kanzlei.de\/en\/insolvency-law\/"]}]},{"@type":"ImageObject","inLanguage":"en-US","@id":"https:\/\/finkbeiner-kanzlei.de\/en\/insolvency-law\/#primaryimage","url":"https:\/\/finkbeiner-kanzlei.de\/wp-content\/uploads\/2022\/06\/7-finkbeiner-hoenig-didzoneit-druckenbrodt.jpg","contentUrl":"https:\/\/finkbeiner-kanzlei.de\/wp-content\/uploads\/2022\/06\/7-finkbeiner-hoenig-didzoneit-druckenbrodt.jpg"},{"@type":"BreadcrumbList","@id":"https:\/\/finkbeiner-kanzlei.de\/en\/insolvency-law\/#breadcrumb","itemListElement":[{"@type":"ListItem","position":1,"name":"Startseite","item":"https:\/\/finkbeiner-kanzlei.de\/en\/"},{"@type":"ListItem","position":2,"name":"Insolvency law"}]},{"@type":"WebSite","@id":"https:\/\/finkbeiner-kanzlei.de\/en\/#website","url":"https:\/\/finkbeiner-kanzlei.de\/en\/","name":"Finkbeiner Kanzlei","description":"Anwaltskanzlei f\u00fcr Wirtschaftsrecht, Insolvenzrecht und Prozessrecht","publisher":{"@id":"https:\/\/finkbeiner-kanzlei.de\/en\/#\/schema\/person\/82fb4d962f5edb406c94928cf461bbde"},"potentialAction":[{"@type":"SearchAction","target":{"@type":"EntryPoint","urlTemplate":"https:\/\/finkbeiner-kanzlei.de\/en\/?s={search_term_string}"},"query-input":{"@type":"PropertyValueSpecification","valueRequired":true,"valueName":"search_term_string"}}],"inLanguage":"en-US"},{"@type":["Person","Organization"],"@id":"https:\/\/finkbeiner-kanzlei.de\/en\/#\/schema\/person\/82fb4d962f5edb406c94928cf461bbde","name":"Claudius Finkbeiner","image":{"@type":"ImageObject","inLanguage":"en-US","@id":"https:\/\/finkbeiner-kanzlei.de\/wp-content\/uploads\/2017\/12\/5C66DF9B-A999-44A1-969D-4233F47A5B77-96x96.jpg","url":"https:\/\/finkbeiner-kanzlei.de\/wp-content\/uploads\/2017\/12\/5C66DF9B-A999-44A1-969D-4233F47A5B77-96x96.jpg","contentUrl":"https:\/\/finkbeiner-kanzlei.de\/wp-content\/uploads\/2017\/12\/5C66DF9B-A999-44A1-969D-4233F47A5B77-96x96.jpg","caption":"Claudius Finkbeiner"},"logo":{"@id":"https:\/\/finkbeiner-kanzlei.de\/wp-content\/uploads\/2017\/12\/5C66DF9B-A999-44A1-969D-4233F47A5B77-96x96.jpg"},"description":"Herr Finkbeiner ist seit dem Jahr 2009 als Rechtsanwalt t\u00e4tig. Sein Schwerpunkt liegt im wirtschaftsrechtlichen Bereich, insbesondere im Insolvenz-, Vertrags- und Gesellschaftsrecht sowie im Vergaberecht. Herr Finkbeiner ber\u00e4t und vertritt Unternehmen in der Krise, ebenso wie Gesch\u00e4ftsf\u00fchrer, Gl\u00e4ubiger und andere Beteiligte im Insolvenzverfahren und gegen Insolvenzverwalter. Herr Finkbeiner ist ein erfahrener Prozessanwalt im Wirtschaftsrecht und Verteidiger in Wirtschaftsstrafsachen.","sameAs":["https:\/\/www.anwalt-finkbeiner.de"]}]}},"_links":{"self":[{"href":"https:\/\/finkbeiner-kanzlei.de\/en\/wp-json\/wp\/v2\/pages\/1173","targetHints":{"allow":["GET"]}}],"collection":[{"href":"https:\/\/finkbeiner-kanzlei.de\/en\/wp-json\/wp\/v2\/pages"}],"about":[{"href":"https:\/\/finkbeiner-kanzlei.de\/en\/wp-json\/wp\/v2\/types\/page"}],"author":[{"embeddable":true,"href":"https:\/\/finkbeiner-kanzlei.de\/en\/wp-json\/wp\/v2\/users\/3"}],"replies":[{"embeddable":true,"href":"https:\/\/finkbeiner-kanzlei.de\/en\/wp-json\/wp\/v2\/comments?post=1173"}],"version-history":[{"count":4,"href":"https:\/\/finkbeiner-kanzlei.de\/en\/wp-json\/wp\/v2\/pages\/1173\/revisions"}],"predecessor-version":[{"id":2839,"href":"https:\/\/finkbeiner-kanzlei.de\/en\/wp-json\/wp\/v2\/pages\/1173\/revisions\/2839"}],"wp:attachment":[{"href":"https:\/\/finkbeiner-kanzlei.de\/en\/wp-json\/wp\/v2\/media?parent=1173"}],"wp:term":[{"taxonomy":"post_tag","embeddable":true,"href":"https:\/\/finkbeiner-kanzlei.de\/en\/wp-json\/wp\/v2\/tags?post=1173"}],"curies":[{"name":"wp","href":"https:\/\/api.w.org\/{rel}","templated":true}]}}