{"id":1177,"date":"2018-08-24T13:34:26","date_gmt":"2018-08-24T13:34:26","guid":{"rendered":"https:\/\/finkbeiner-kanzlei.de\/sanierungs-und-insolvenzberatung\/"},"modified":"2020-04-27T08:12:56","modified_gmt":"2020-04-27T08:12:56","slug":"reorganisation-and-insolvency-consultation","status":"publish","type":"page","link":"https:\/\/finkbeiner-kanzlei.de\/en\/reorganisation-and-insolvency-consultation\/","title":{"rendered":"Reorganisation and insolvency consultation"},"content":{"rendered":"<h2><span lang=\"en-GB\">Concepts for the reorganisation and restructuring of your company<\/span><\/h2>\n<div class=\"row\">\n<div class=\"col-md-6\">\n<h2><span lang=\"en-GB\">The road to recovery<\/span><\/h2>\n<p><span lang=\"en-GB\">During a company crisis, we will support you with our specialist legal experience in the reorganisation and restructuring of your company. After initial immediate measures, we will draw up a reorganisation plan for you in accordance with IDW S 6 standard with a continuation prognosis, tailored to your specific needs, and help you implement the plan.<\/span><\/p>\n<p><img fetchpriority=\"high\" decoding=\"async\" class=\"alignnone size-full wp-image-854\" src=\"https:\/\/finkbeiner-kanzlei.de\/wp-content\/uploads\/2019\/04\/sanierung.jpg\" alt=\"\" width=\"580\" height=\"400\" srcset=\"https:\/\/finkbeiner-kanzlei.de\/wp-content\/uploads\/2019\/04\/sanierung.jpg 580w, https:\/\/finkbeiner-kanzlei.de\/wp-content\/uploads\/2019\/04\/sanierung-300x207.jpg 300w\" sizes=\"(max-width: 580px) 100vw, 580px\" \/><\/p>\n<p><span lang=\"en-GB\">To support you, we work with a multi-stage approach that first addresses the important issues:<\/span><\/p>\n<p><span lang=\"en-GB\">1. Your personal liability resulting from obligations to file for insolvency,<br \/>\n<\/span><span lang=\"en-GB\">2. emergency measures to stabilise business operations; and<br \/>\n<\/span><span lang=\"en-GB\">3. preparation of the actual remediation concept<\/span><\/p>\n<\/div>\n<div class=\"col-md-6\">\n<p><span lang=\"en-GB\">We advise entrepreneurs and companies in crisis across all industries and examine all possible restructuring and exit strategies. In particular, we check the existence of reasons for insolvency and, if necessary, eliminate them, advise the company and management on possible liability risks and their avoidance and support the implementation of restructuring measures.<\/span><\/p>\n<p><span lang=\"en-GB\">In cooperation with our long-standing cooperation partners, we are always in a position to stabilise the operative business within the shortest possible time and to initiate measures to improve liquidity.<\/span><\/p>\n<h2><span lang=\"en-GB\">Protective shielding proceedings (<\/span><span lang=\"en-GB\">Schutzschirmverfahren)<\/span><span lang=\"en-GB\"> and self-administered insolvency (<\/span><span lang=\"en-GB\">Insolvenz in Eigenverwaltung<\/span><span lang=\"en-GB\">)<\/span><\/h2>\n<p><span lang=\"en-GB\">In addition to reorganisation, insolvency proceedings planned in good time can also be a strategic option. For example, an insolvency plan opens up the opportunity to steer the insolvency proceedings from the outset with a restructuring concept tailored to your needs and to shape them strategically in your interests.<\/span><\/p>\n<p><span lang=\"en-GB\">Of course, we will also examine the possibilities of a self-administered insolvency for you, if necessary with the inclusion of protective shielding proceedings. These instruments are particularly well suited to the farsighted planning of insolvency proceedings in order to ensure a successful future for a company in need of restructuring. These strategic steps benefit all parties involved. Both the management and the shareholders benefit from this, as do the company&#8217;s creditors and employees. I support the management or the board of directors as a consultant or authorised representative in the execution of a self-administration.<\/span><\/p>\n<p><span lang=\"en-GB\">The aims of consulting before insolvency are to secure the success of the company, to preserve the values acquired, to create new future-oriented operating structures and to preserve jobs. For all these measures you will find in me a competent, experienced and experienced contact person. We will help you to secure your company and your existence and to create ways out of the crisis.<\/span><\/p>\n<\/div>\n<\/div>\n","protected":false},"excerpt":{"rendered":"<p>Concepts for the reorganisation and restructuring of your company<\/p>\n","protected":false},"author":3,"featured_media":0,"parent":0,"menu_order":0,"comment_status":"closed","ping_status":"closed","template":"","meta":{"_acf_changed":false,"inline_featured_image":false,"footnotes":""},"tags":[535,537,539,540,530,542],"class_list":["post-1177","page","type-page","status-publish","hentry","tag-eigenverwaltung-en","tag-fortfuehrungsprognose-en","tag-insolvenzplan-en","tag-sanierung-en","tag-sanierungskonzept-en","tag-schutzschirmverfahren-en"],"acf":[],"yoast_head":"<!-- This site is optimized with the Yoast SEO plugin v27.4 - https:\/\/yoast.com\/product\/yoast-seo-wordpress\/ -->\n<title>Insolvenz vermeiden - Sanierung und Restrukturierung<\/title>\n<meta name=\"description\" content=\"In der Unternehmenskrise unterst\u00fctzte ich Sie mit meiner fachanwaltlichen Erfahrung bei der Sanierung und Restrukturierung. Hierzu erarbeite ich nach ersten Sofortma\u00dfnahmen f\u00fcr Sie einen Sanierungsplan.\" \/>\n<meta name=\"robots\" content=\"index, follow, max-snippet:-1, max-image-preview:large, max-video-preview:-1\" \/>\n<link rel=\"canonical\" href=\"https:\/\/finkbeiner-kanzlei.de\/en\/reorganisation-and-insolvency-consultation\/\" \/>\n<meta property=\"og:locale\" content=\"en_US\" \/>\n<meta property=\"og:type\" content=\"article\" \/>\n<meta property=\"og:title\" content=\"Insolvenz vermeiden - Sanierung und Restrukturierung\" \/>\n<meta property=\"og:description\" content=\"In der Unternehmenskrise unterst\u00fctzte ich Sie mit meiner fachanwaltlichen Erfahrung bei der Sanierung und Restrukturierung. Hierzu erarbeite ich nach ersten Sofortma\u00dfnahmen f\u00fcr Sie einen Sanierungsplan.\" \/>\n<meta property=\"og:url\" content=\"https:\/\/finkbeiner-kanzlei.de\/en\/reorganisation-and-insolvency-consultation\/\" \/>\n<meta property=\"og:site_name\" content=\"Finkbeiner Kanzlei\" \/>\n<meta property=\"article:modified_time\" content=\"2020-04-27T08:12:56+00:00\" \/>\n<meta property=\"og:image\" content=\"https:\/\/finkbeiner-kanzlei.de\/wp-content\/uploads\/2019\/04\/sanierung.jpg\" \/>\n<meta name=\"twitter:card\" content=\"summary_large_image\" \/>\n<meta name=\"twitter:label1\" content=\"Est. reading time\" \/>\n\t<meta name=\"twitter:data1\" content=\"2 minutes\" \/>\n<script type=\"application\/ld+json\" class=\"yoast-schema-graph\">{\"@context\":\"https:\\\/\\\/schema.org\",\"@graph\":[{\"@type\":\"WebPage\",\"@id\":\"https:\\\/\\\/finkbeiner-kanzlei.de\\\/en\\\/reorganisation-and-insolvency-consultation\\\/\",\"url\":\"https:\\\/\\\/finkbeiner-kanzlei.de\\\/en\\\/reorganisation-and-insolvency-consultation\\\/\",\"name\":\"Insolvenz vermeiden - Sanierung und Restrukturierung\",\"isPartOf\":{\"@id\":\"https:\\\/\\\/finkbeiner-kanzlei.de\\\/en\\\/#website\"},\"primaryImageOfPage\":{\"@id\":\"https:\\\/\\\/finkbeiner-kanzlei.de\\\/en\\\/reorganisation-and-insolvency-consultation\\\/#primaryimage\"},\"image\":{\"@id\":\"https:\\\/\\\/finkbeiner-kanzlei.de\\\/en\\\/reorganisation-and-insolvency-consultation\\\/#primaryimage\"},\"thumbnailUrl\":\"https:\\\/\\\/finkbeiner-kanzlei.de\\\/wp-content\\\/uploads\\\/2019\\\/04\\\/sanierung.jpg\",\"datePublished\":\"2018-08-24T13:34:26+00:00\",\"dateModified\":\"2020-04-27T08:12:56+00:00\",\"description\":\"In der Unternehmenskrise unterst\u00fctzte ich Sie mit meiner fachanwaltlichen Erfahrung bei der Sanierung und Restrukturierung. Hierzu erarbeite ich nach ersten Sofortma\u00dfnahmen f\u00fcr Sie einen Sanierungsplan.\",\"breadcrumb\":{\"@id\":\"https:\\\/\\\/finkbeiner-kanzlei.de\\\/en\\\/reorganisation-and-insolvency-consultation\\\/#breadcrumb\"},\"inLanguage\":\"en-US\",\"potentialAction\":[{\"@type\":\"ReadAction\",\"target\":[\"https:\\\/\\\/finkbeiner-kanzlei.de\\\/en\\\/reorganisation-and-insolvency-consultation\\\/\"]}]},{\"@type\":\"ImageObject\",\"inLanguage\":\"en-US\",\"@id\":\"https:\\\/\\\/finkbeiner-kanzlei.de\\\/en\\\/reorganisation-and-insolvency-consultation\\\/#primaryimage\",\"url\":\"https:\\\/\\\/finkbeiner-kanzlei.de\\\/wp-content\\\/uploads\\\/2019\\\/04\\\/sanierung.jpg\",\"contentUrl\":\"https:\\\/\\\/finkbeiner-kanzlei.de\\\/wp-content\\\/uploads\\\/2019\\\/04\\\/sanierung.jpg\"},{\"@type\":\"BreadcrumbList\",\"@id\":\"https:\\\/\\\/finkbeiner-kanzlei.de\\\/en\\\/reorganisation-and-insolvency-consultation\\\/#breadcrumb\",\"itemListElement\":[{\"@type\":\"ListItem\",\"position\":1,\"name\":\"Startseite\",\"item\":\"https:\\\/\\\/finkbeiner-kanzlei.de\\\/en\\\/\"},{\"@type\":\"ListItem\",\"position\":2,\"name\":\"Reorganisation and insolvency consultation\"}]},{\"@type\":\"WebSite\",\"@id\":\"https:\\\/\\\/finkbeiner-kanzlei.de\\\/en\\\/#website\",\"url\":\"https:\\\/\\\/finkbeiner-kanzlei.de\\\/en\\\/\",\"name\":\"Finkbeiner Kanzlei\",\"description\":\"Anwaltskanzlei f\u00fcr Wirtschaftsrecht, Insolvenzrecht und Prozessrecht\",\"publisher\":{\"@id\":\"https:\\\/\\\/finkbeiner-kanzlei.de\\\/en\\\/#\\\/schema\\\/person\\\/82fb4d962f5edb406c94928cf461bbde\"},\"potentialAction\":[{\"@type\":\"SearchAction\",\"target\":{\"@type\":\"EntryPoint\",\"urlTemplate\":\"https:\\\/\\\/finkbeiner-kanzlei.de\\\/en\\\/?s={search_term_string}\"},\"query-input\":{\"@type\":\"PropertyValueSpecification\",\"valueRequired\":true,\"valueName\":\"search_term_string\"}}],\"inLanguage\":\"en-US\"},{\"@type\":[\"Person\",\"Organization\"],\"@id\":\"https:\\\/\\\/finkbeiner-kanzlei.de\\\/en\\\/#\\\/schema\\\/person\\\/82fb4d962f5edb406c94928cf461bbde\",\"name\":\"Claudius Finkbeiner\",\"image\":{\"@type\":\"ImageObject\",\"inLanguage\":\"en-US\",\"@id\":\"https:\\\/\\\/finkbeiner-kanzlei.de\\\/wp-content\\\/uploads\\\/2017\\\/12\\\/5C66DF9B-A999-44A1-969D-4233F47A5B77-96x96.jpg\",\"url\":\"https:\\\/\\\/finkbeiner-kanzlei.de\\\/wp-content\\\/uploads\\\/2017\\\/12\\\/5C66DF9B-A999-44A1-969D-4233F47A5B77-96x96.jpg\",\"contentUrl\":\"https:\\\/\\\/finkbeiner-kanzlei.de\\\/wp-content\\\/uploads\\\/2017\\\/12\\\/5C66DF9B-A999-44A1-969D-4233F47A5B77-96x96.jpg\",\"caption\":\"Claudius Finkbeiner\"},\"logo\":{\"@id\":\"https:\\\/\\\/finkbeiner-kanzlei.de\\\/wp-content\\\/uploads\\\/2017\\\/12\\\/5C66DF9B-A999-44A1-969D-4233F47A5B77-96x96.jpg\"},\"description\":\"Herr Finkbeiner ist seit dem Jahr 2009 als Rechtsanwalt t\u00e4tig. Sein Schwerpunkt liegt im wirtschaftsrechtlichen Bereich, insbesondere im Insolvenz-, Vertrags- und Gesellschaftsrecht sowie im Vergaberecht. Herr Finkbeiner ber\u00e4t und vertritt Unternehmen in der Krise, ebenso wie Gesch\u00e4ftsf\u00fchrer, Gl\u00e4ubiger und andere Beteiligte im Insolvenzverfahren und gegen Insolvenzverwalter. Herr Finkbeiner ist ein erfahrener Prozessanwalt im Wirtschaftsrecht und Verteidiger in Wirtschaftsstrafsachen.\",\"sameAs\":[\"https:\\\/\\\/www.anwalt-finkbeiner.de\"]}]}<\/script>\n<!-- \/ Yoast SEO plugin. -->","yoast_head_json":{"title":"Insolvenz vermeiden - Sanierung und Restrukturierung","description":"In der Unternehmenskrise unterst\u00fctzte ich Sie mit meiner fachanwaltlichen Erfahrung bei der Sanierung und Restrukturierung. Hierzu erarbeite ich nach ersten Sofortma\u00dfnahmen f\u00fcr Sie einen Sanierungsplan.","robots":{"index":"index","follow":"follow","max-snippet":"max-snippet:-1","max-image-preview":"max-image-preview:large","max-video-preview":"max-video-preview:-1"},"canonical":"https:\/\/finkbeiner-kanzlei.de\/en\/reorganisation-and-insolvency-consultation\/","og_locale":"en_US","og_type":"article","og_title":"Insolvenz vermeiden - Sanierung und Restrukturierung","og_description":"In der Unternehmenskrise unterst\u00fctzte ich Sie mit meiner fachanwaltlichen Erfahrung bei der Sanierung und Restrukturierung. Hierzu erarbeite ich nach ersten Sofortma\u00dfnahmen f\u00fcr Sie einen Sanierungsplan.","og_url":"https:\/\/finkbeiner-kanzlei.de\/en\/reorganisation-and-insolvency-consultation\/","og_site_name":"Finkbeiner Kanzlei","article_modified_time":"2020-04-27T08:12:56+00:00","og_image":[{"url":"https:\/\/finkbeiner-kanzlei.de\/wp-content\/uploads\/2019\/04\/sanierung.jpg","type":"","width":"","height":""}],"twitter_card":"summary_large_image","twitter_misc":{"Est. reading time":"2 minutes"},"schema":{"@context":"https:\/\/schema.org","@graph":[{"@type":"WebPage","@id":"https:\/\/finkbeiner-kanzlei.de\/en\/reorganisation-and-insolvency-consultation\/","url":"https:\/\/finkbeiner-kanzlei.de\/en\/reorganisation-and-insolvency-consultation\/","name":"Insolvenz vermeiden - Sanierung und Restrukturierung","isPartOf":{"@id":"https:\/\/finkbeiner-kanzlei.de\/en\/#website"},"primaryImageOfPage":{"@id":"https:\/\/finkbeiner-kanzlei.de\/en\/reorganisation-and-insolvency-consultation\/#primaryimage"},"image":{"@id":"https:\/\/finkbeiner-kanzlei.de\/en\/reorganisation-and-insolvency-consultation\/#primaryimage"},"thumbnailUrl":"https:\/\/finkbeiner-kanzlei.de\/wp-content\/uploads\/2019\/04\/sanierung.jpg","datePublished":"2018-08-24T13:34:26+00:00","dateModified":"2020-04-27T08:12:56+00:00","description":"In der Unternehmenskrise unterst\u00fctzte ich Sie mit meiner fachanwaltlichen Erfahrung bei der Sanierung und Restrukturierung. Hierzu erarbeite ich nach ersten Sofortma\u00dfnahmen f\u00fcr Sie einen Sanierungsplan.","breadcrumb":{"@id":"https:\/\/finkbeiner-kanzlei.de\/en\/reorganisation-and-insolvency-consultation\/#breadcrumb"},"inLanguage":"en-US","potentialAction":[{"@type":"ReadAction","target":["https:\/\/finkbeiner-kanzlei.de\/en\/reorganisation-and-insolvency-consultation\/"]}]},{"@type":"ImageObject","inLanguage":"en-US","@id":"https:\/\/finkbeiner-kanzlei.de\/en\/reorganisation-and-insolvency-consultation\/#primaryimage","url":"https:\/\/finkbeiner-kanzlei.de\/wp-content\/uploads\/2019\/04\/sanierung.jpg","contentUrl":"https:\/\/finkbeiner-kanzlei.de\/wp-content\/uploads\/2019\/04\/sanierung.jpg"},{"@type":"BreadcrumbList","@id":"https:\/\/finkbeiner-kanzlei.de\/en\/reorganisation-and-insolvency-consultation\/#breadcrumb","itemListElement":[{"@type":"ListItem","position":1,"name":"Startseite","item":"https:\/\/finkbeiner-kanzlei.de\/en\/"},{"@type":"ListItem","position":2,"name":"Reorganisation and insolvency consultation"}]},{"@type":"WebSite","@id":"https:\/\/finkbeiner-kanzlei.de\/en\/#website","url":"https:\/\/finkbeiner-kanzlei.de\/en\/","name":"Finkbeiner Kanzlei","description":"Anwaltskanzlei f\u00fcr Wirtschaftsrecht, Insolvenzrecht und Prozessrecht","publisher":{"@id":"https:\/\/finkbeiner-kanzlei.de\/en\/#\/schema\/person\/82fb4d962f5edb406c94928cf461bbde"},"potentialAction":[{"@type":"SearchAction","target":{"@type":"EntryPoint","urlTemplate":"https:\/\/finkbeiner-kanzlei.de\/en\/?s={search_term_string}"},"query-input":{"@type":"PropertyValueSpecification","valueRequired":true,"valueName":"search_term_string"}}],"inLanguage":"en-US"},{"@type":["Person","Organization"],"@id":"https:\/\/finkbeiner-kanzlei.de\/en\/#\/schema\/person\/82fb4d962f5edb406c94928cf461bbde","name":"Claudius Finkbeiner","image":{"@type":"ImageObject","inLanguage":"en-US","@id":"https:\/\/finkbeiner-kanzlei.de\/wp-content\/uploads\/2017\/12\/5C66DF9B-A999-44A1-969D-4233F47A5B77-96x96.jpg","url":"https:\/\/finkbeiner-kanzlei.de\/wp-content\/uploads\/2017\/12\/5C66DF9B-A999-44A1-969D-4233F47A5B77-96x96.jpg","contentUrl":"https:\/\/finkbeiner-kanzlei.de\/wp-content\/uploads\/2017\/12\/5C66DF9B-A999-44A1-969D-4233F47A5B77-96x96.jpg","caption":"Claudius Finkbeiner"},"logo":{"@id":"https:\/\/finkbeiner-kanzlei.de\/wp-content\/uploads\/2017\/12\/5C66DF9B-A999-44A1-969D-4233F47A5B77-96x96.jpg"},"description":"Herr Finkbeiner ist seit dem Jahr 2009 als Rechtsanwalt t\u00e4tig. Sein Schwerpunkt liegt im wirtschaftsrechtlichen Bereich, insbesondere im Insolvenz-, Vertrags- und Gesellschaftsrecht sowie im Vergaberecht. Herr Finkbeiner ber\u00e4t und vertritt Unternehmen in der Krise, ebenso wie Gesch\u00e4ftsf\u00fchrer, Gl\u00e4ubiger und andere Beteiligte im Insolvenzverfahren und gegen Insolvenzverwalter. Herr Finkbeiner ist ein erfahrener Prozessanwalt im Wirtschaftsrecht und Verteidiger in Wirtschaftsstrafsachen.","sameAs":["https:\/\/www.anwalt-finkbeiner.de"]}]}},"_links":{"self":[{"href":"https:\/\/finkbeiner-kanzlei.de\/en\/wp-json\/wp\/v2\/pages\/1177","targetHints":{"allow":["GET"]}}],"collection":[{"href":"https:\/\/finkbeiner-kanzlei.de\/en\/wp-json\/wp\/v2\/pages"}],"about":[{"href":"https:\/\/finkbeiner-kanzlei.de\/en\/wp-json\/wp\/v2\/types\/page"}],"author":[{"embeddable":true,"href":"https:\/\/finkbeiner-kanzlei.de\/en\/wp-json\/wp\/v2\/users\/3"}],"replies":[{"embeddable":true,"href":"https:\/\/finkbeiner-kanzlei.de\/en\/wp-json\/wp\/v2\/comments?post=1177"}],"version-history":[{"count":4,"href":"https:\/\/finkbeiner-kanzlei.de\/en\/wp-json\/wp\/v2\/pages\/1177\/revisions"}],"predecessor-version":[{"id":1188,"href":"https:\/\/finkbeiner-kanzlei.de\/en\/wp-json\/wp\/v2\/pages\/1177\/revisions\/1188"}],"wp:attachment":[{"href":"https:\/\/finkbeiner-kanzlei.de\/en\/wp-json\/wp\/v2\/media?parent=1177"}],"wp:term":[{"taxonomy":"post_tag","embeddable":true,"href":"https:\/\/finkbeiner-kanzlei.de\/en\/wp-json\/wp\/v2\/tags?post=1177"}],"curies":[{"name":"wp","href":"https:\/\/api.w.org\/{rel}","templated":true}]}}