{"id":1181,"date":"2018-08-28T10:10:50","date_gmt":"2018-08-28T10:10:50","guid":{"rendered":"https:\/\/finkbeiner-kanzlei.de\/aussergerichtliche-schuldenbereinigung\/"},"modified":"2020-06-25T12:43:38","modified_gmt":"2020-06-25T12:43:38","slug":"out-of-court-settlement-of-debts","status":"publish","type":"page","link":"https:\/\/finkbeiner-kanzlei.de\/en\/out-of-court-settlement-of-debts\/","title":{"rendered":"Out-of-court settlement of debts"},"content":{"rendered":"<div class=\"row\">\n<div class=\"col-md-6\">\n<h2><span lang=\"en-GB\">Avoiding insolvency through debt settlement<\/span><\/h2>\n<p><span lang=\"en-GB\">In order to avoid insolvency proceedings, there is the possibility of an agreement with the creditors. The aim of such an out-of-court settlement of debts is to find a viable solution for you or your company by means of a one-off payment or an agreement on payment by instalments, while at the same time reducing liabilities and avoiding insolvency proceedings.<\/span><\/p>\n<p><img fetchpriority=\"high\" decoding=\"async\" class=\"alignnone size-full wp-image-1625\" src=\"https:\/\/finkbeiner-kanzlei.de\/wp-content\/uploads\/2020\/06\/briefpapier.jpg\" alt=\"\" width=\"800\" height=\"500\" srcset=\"https:\/\/finkbeiner-kanzlei.de\/wp-content\/uploads\/2020\/06\/briefpapier.jpg 800w, https:\/\/finkbeiner-kanzlei.de\/wp-content\/uploads\/2020\/06\/briefpapier-600x375.jpg 600w, https:\/\/finkbeiner-kanzlei.de\/wp-content\/uploads\/2020\/06\/briefpapier-300x188.jpg 300w, https:\/\/finkbeiner-kanzlei.de\/wp-content\/uploads\/2020\/06\/briefpapier-768x480.jpg 768w\" sizes=\"(max-width: 800px) 100vw, 800px\" \/><\/p>\n<p>&nbsp;<\/p>\n<\/div>\n<div class=\"col-md-6\">\n<p><span lang=\"en-GB\">As lawyers specialising in insolvency law, we have a great deal of experience in the design and implementation of debt settlement agreements and settlements acting in your interests.<\/span><\/p>\n<h2><span lang=\"en-GB\">Finding ways out of the crisis<\/span><\/h2>\n<p><span lang=\"en-GB\">In many cases, the strategy of institutional creditors such as banks, social security institutions and tax offices is predictable for us in certain case constellations based on our experience. Take advantage of our expertise in this field!<\/span><\/p>\n<p><span lang=\"en-GB\">In many cases, insolvency proceedings are simply not an option when insolvency is imminent, as private real estate may be at risk or for other reasons such as impending loss of pension provisions. For such scenarios, debt settlement is a suitable option.<\/span><\/p>\n<p><span lang=\"en-GB\">Please feel free to contact us. In an initial meeting we will sound out any possible opportunities for settlement and accompany you through the negotiation process.<\/span><\/p>\n<\/div>\n<\/div>\n","protected":false},"excerpt":{"rendered":"","protected":false},"author":3,"featured_media":0,"parent":0,"menu_order":6,"comment_status":"closed","ping_status":"closed","template":"","meta":{"_acf_changed":false,"inline_featured_image":false,"footnotes":""},"tags":[622],"class_list":["post-1181","page","type-page","status-publish","hentry","tag-schutz-der-altersvorsorge-en"],"acf":[],"yoast_head":"<!-- This site is optimized with the Yoast SEO plugin v27.4 - https:\/\/yoast.com\/product\/yoast-seo-wordpress\/ -->\n<title>Au\u00dfergerichtliche Schuldenbereinigung - Insolvenz vermeiden<\/title>\n<meta name=\"description\" content=\"Zur Vermeidung eines Insolvenzverfahrens besteht die M\u00f6glichkeit einer Verst\u00e4ndigung mit den Gl\u00e4ubigern. Ziel einer solchen au\u00dfergerichtlichen Schuldenbereinigung ist es, eine tragf\u00e4hige L\u00f6sung f\u00fcr Sie oder Ihr Unternehmen zu gestalten.\" \/>\n<meta name=\"robots\" content=\"index, follow, max-snippet:-1, max-image-preview:large, max-video-preview:-1\" \/>\n<link rel=\"canonical\" href=\"https:\/\/finkbeiner-kanzlei.de\/en\/out-of-court-settlement-of-debts\/\" \/>\n<meta property=\"og:locale\" content=\"en_US\" \/>\n<meta property=\"og:type\" content=\"article\" \/>\n<meta property=\"og:title\" content=\"Au\u00dfergerichtliche Schuldenbereinigung - Insolvenz vermeiden\" \/>\n<meta property=\"og:description\" content=\"Zur Vermeidung eines Insolvenzverfahrens besteht die M\u00f6glichkeit einer Verst\u00e4ndigung mit den Gl\u00e4ubigern. Ziel einer solchen au\u00dfergerichtlichen Schuldenbereinigung ist es, eine tragf\u00e4hige L\u00f6sung f\u00fcr Sie oder Ihr Unternehmen zu gestalten.\" \/>\n<meta property=\"og:url\" content=\"https:\/\/finkbeiner-kanzlei.de\/en\/out-of-court-settlement-of-debts\/\" \/>\n<meta property=\"og:site_name\" content=\"Finkbeiner Kanzlei\" \/>\n<meta property=\"article:modified_time\" content=\"2020-06-25T12:43:38+00:00\" \/>\n<meta property=\"og:image\" content=\"https:\/\/finkbeiner-kanzlei.de\/wp-content\/uploads\/2020\/06\/briefpapier.jpg\" \/>\n<meta name=\"twitter:card\" content=\"summary_large_image\" \/>\n<meta name=\"twitter:label1\" content=\"Est. reading time\" \/>\n\t<meta name=\"twitter:data1\" content=\"1 minute\" \/>\n<script type=\"application\/ld+json\" class=\"yoast-schema-graph\">{\"@context\":\"https:\\\/\\\/schema.org\",\"@graph\":[{\"@type\":\"WebPage\",\"@id\":\"https:\\\/\\\/finkbeiner-kanzlei.de\\\/en\\\/out-of-court-settlement-of-debts\\\/\",\"url\":\"https:\\\/\\\/finkbeiner-kanzlei.de\\\/en\\\/out-of-court-settlement-of-debts\\\/\",\"name\":\"Au\u00dfergerichtliche Schuldenbereinigung - Insolvenz vermeiden\",\"isPartOf\":{\"@id\":\"https:\\\/\\\/finkbeiner-kanzlei.de\\\/en\\\/#website\"},\"primaryImageOfPage\":{\"@id\":\"https:\\\/\\\/finkbeiner-kanzlei.de\\\/en\\\/out-of-court-settlement-of-debts\\\/#primaryimage\"},\"image\":{\"@id\":\"https:\\\/\\\/finkbeiner-kanzlei.de\\\/en\\\/out-of-court-settlement-of-debts\\\/#primaryimage\"},\"thumbnailUrl\":\"https:\\\/\\\/finkbeiner-kanzlei.de\\\/wp-content\\\/uploads\\\/2020\\\/06\\\/briefpapier.jpg\",\"datePublished\":\"2018-08-28T10:10:50+00:00\",\"dateModified\":\"2020-06-25T12:43:38+00:00\",\"description\":\"Zur Vermeidung eines Insolvenzverfahrens besteht die M\u00f6glichkeit einer Verst\u00e4ndigung mit den Gl\u00e4ubigern. Ziel einer solchen au\u00dfergerichtlichen Schuldenbereinigung ist es, eine tragf\u00e4hige L\u00f6sung f\u00fcr Sie oder Ihr Unternehmen zu gestalten.\",\"breadcrumb\":{\"@id\":\"https:\\\/\\\/finkbeiner-kanzlei.de\\\/en\\\/out-of-court-settlement-of-debts\\\/#breadcrumb\"},\"inLanguage\":\"en-US\",\"potentialAction\":[{\"@type\":\"ReadAction\",\"target\":[\"https:\\\/\\\/finkbeiner-kanzlei.de\\\/en\\\/out-of-court-settlement-of-debts\\\/\"]}]},{\"@type\":\"ImageObject\",\"inLanguage\":\"en-US\",\"@id\":\"https:\\\/\\\/finkbeiner-kanzlei.de\\\/en\\\/out-of-court-settlement-of-debts\\\/#primaryimage\",\"url\":\"https:\\\/\\\/finkbeiner-kanzlei.de\\\/wp-content\\\/uploads\\\/2020\\\/06\\\/briefpapier.jpg\",\"contentUrl\":\"https:\\\/\\\/finkbeiner-kanzlei.de\\\/wp-content\\\/uploads\\\/2020\\\/06\\\/briefpapier.jpg\"},{\"@type\":\"BreadcrumbList\",\"@id\":\"https:\\\/\\\/finkbeiner-kanzlei.de\\\/en\\\/out-of-court-settlement-of-debts\\\/#breadcrumb\",\"itemListElement\":[{\"@type\":\"ListItem\",\"position\":1,\"name\":\"Startseite\",\"item\":\"https:\\\/\\\/finkbeiner-kanzlei.de\\\/en\\\/\"},{\"@type\":\"ListItem\",\"position\":2,\"name\":\"Out-of-court settlement of debts\"}]},{\"@type\":\"WebSite\",\"@id\":\"https:\\\/\\\/finkbeiner-kanzlei.de\\\/en\\\/#website\",\"url\":\"https:\\\/\\\/finkbeiner-kanzlei.de\\\/en\\\/\",\"name\":\"Finkbeiner Kanzlei\",\"description\":\"Anwaltskanzlei f\u00fcr Wirtschaftsrecht, Insolvenzrecht und Prozessrecht\",\"publisher\":{\"@id\":\"https:\\\/\\\/finkbeiner-kanzlei.de\\\/en\\\/#\\\/schema\\\/person\\\/82fb4d962f5edb406c94928cf461bbde\"},\"potentialAction\":[{\"@type\":\"SearchAction\",\"target\":{\"@type\":\"EntryPoint\",\"urlTemplate\":\"https:\\\/\\\/finkbeiner-kanzlei.de\\\/en\\\/?s={search_term_string}\"},\"query-input\":{\"@type\":\"PropertyValueSpecification\",\"valueRequired\":true,\"valueName\":\"search_term_string\"}}],\"inLanguage\":\"en-US\"},{\"@type\":[\"Person\",\"Organization\"],\"@id\":\"https:\\\/\\\/finkbeiner-kanzlei.de\\\/en\\\/#\\\/schema\\\/person\\\/82fb4d962f5edb406c94928cf461bbde\",\"name\":\"Claudius Finkbeiner\",\"image\":{\"@type\":\"ImageObject\",\"inLanguage\":\"en-US\",\"@id\":\"https:\\\/\\\/finkbeiner-kanzlei.de\\\/wp-content\\\/uploads\\\/2017\\\/12\\\/5C66DF9B-A999-44A1-969D-4233F47A5B77-96x96.jpg\",\"url\":\"https:\\\/\\\/finkbeiner-kanzlei.de\\\/wp-content\\\/uploads\\\/2017\\\/12\\\/5C66DF9B-A999-44A1-969D-4233F47A5B77-96x96.jpg\",\"contentUrl\":\"https:\\\/\\\/finkbeiner-kanzlei.de\\\/wp-content\\\/uploads\\\/2017\\\/12\\\/5C66DF9B-A999-44A1-969D-4233F47A5B77-96x96.jpg\",\"caption\":\"Claudius Finkbeiner\"},\"logo\":{\"@id\":\"https:\\\/\\\/finkbeiner-kanzlei.de\\\/wp-content\\\/uploads\\\/2017\\\/12\\\/5C66DF9B-A999-44A1-969D-4233F47A5B77-96x96.jpg\"},\"description\":\"Herr Finkbeiner ist seit dem Jahr 2009 als Rechtsanwalt t\u00e4tig. Sein Schwerpunkt liegt im wirtschaftsrechtlichen Bereich, insbesondere im Insolvenz-, Vertrags- und Gesellschaftsrecht sowie im Vergaberecht. Herr Finkbeiner ber\u00e4t und vertritt Unternehmen in der Krise, ebenso wie Gesch\u00e4ftsf\u00fchrer, Gl\u00e4ubiger und andere Beteiligte im Insolvenzverfahren und gegen Insolvenzverwalter. Herr Finkbeiner ist ein erfahrener Prozessanwalt im Wirtschaftsrecht und Verteidiger in Wirtschaftsstrafsachen.\",\"sameAs\":[\"https:\\\/\\\/www.anwalt-finkbeiner.de\"]}]}<\/script>\n<!-- \/ Yoast SEO plugin. -->","yoast_head_json":{"title":"Au\u00dfergerichtliche Schuldenbereinigung - Insolvenz vermeiden","description":"Zur Vermeidung eines Insolvenzverfahrens besteht die M\u00f6glichkeit einer Verst\u00e4ndigung mit den Gl\u00e4ubigern. Ziel einer solchen au\u00dfergerichtlichen Schuldenbereinigung ist es, eine tragf\u00e4hige L\u00f6sung f\u00fcr Sie oder Ihr Unternehmen zu gestalten.","robots":{"index":"index","follow":"follow","max-snippet":"max-snippet:-1","max-image-preview":"max-image-preview:large","max-video-preview":"max-video-preview:-1"},"canonical":"https:\/\/finkbeiner-kanzlei.de\/en\/out-of-court-settlement-of-debts\/","og_locale":"en_US","og_type":"article","og_title":"Au\u00dfergerichtliche Schuldenbereinigung - Insolvenz vermeiden","og_description":"Zur Vermeidung eines Insolvenzverfahrens besteht die M\u00f6glichkeit einer Verst\u00e4ndigung mit den Gl\u00e4ubigern. Ziel einer solchen au\u00dfergerichtlichen Schuldenbereinigung ist es, eine tragf\u00e4hige L\u00f6sung f\u00fcr Sie oder Ihr Unternehmen zu gestalten.","og_url":"https:\/\/finkbeiner-kanzlei.de\/en\/out-of-court-settlement-of-debts\/","og_site_name":"Finkbeiner Kanzlei","article_modified_time":"2020-06-25T12:43:38+00:00","og_image":[{"url":"https:\/\/finkbeiner-kanzlei.de\/wp-content\/uploads\/2020\/06\/briefpapier.jpg","type":"","width":"","height":""}],"twitter_card":"summary_large_image","twitter_misc":{"Est. reading time":"1 minute"},"schema":{"@context":"https:\/\/schema.org","@graph":[{"@type":"WebPage","@id":"https:\/\/finkbeiner-kanzlei.de\/en\/out-of-court-settlement-of-debts\/","url":"https:\/\/finkbeiner-kanzlei.de\/en\/out-of-court-settlement-of-debts\/","name":"Au\u00dfergerichtliche Schuldenbereinigung - Insolvenz vermeiden","isPartOf":{"@id":"https:\/\/finkbeiner-kanzlei.de\/en\/#website"},"primaryImageOfPage":{"@id":"https:\/\/finkbeiner-kanzlei.de\/en\/out-of-court-settlement-of-debts\/#primaryimage"},"image":{"@id":"https:\/\/finkbeiner-kanzlei.de\/en\/out-of-court-settlement-of-debts\/#primaryimage"},"thumbnailUrl":"https:\/\/finkbeiner-kanzlei.de\/wp-content\/uploads\/2020\/06\/briefpapier.jpg","datePublished":"2018-08-28T10:10:50+00:00","dateModified":"2020-06-25T12:43:38+00:00","description":"Zur Vermeidung eines Insolvenzverfahrens besteht die M\u00f6glichkeit einer Verst\u00e4ndigung mit den Gl\u00e4ubigern. Ziel einer solchen au\u00dfergerichtlichen Schuldenbereinigung ist es, eine tragf\u00e4hige L\u00f6sung f\u00fcr Sie oder Ihr Unternehmen zu gestalten.","breadcrumb":{"@id":"https:\/\/finkbeiner-kanzlei.de\/en\/out-of-court-settlement-of-debts\/#breadcrumb"},"inLanguage":"en-US","potentialAction":[{"@type":"ReadAction","target":["https:\/\/finkbeiner-kanzlei.de\/en\/out-of-court-settlement-of-debts\/"]}]},{"@type":"ImageObject","inLanguage":"en-US","@id":"https:\/\/finkbeiner-kanzlei.de\/en\/out-of-court-settlement-of-debts\/#primaryimage","url":"https:\/\/finkbeiner-kanzlei.de\/wp-content\/uploads\/2020\/06\/briefpapier.jpg","contentUrl":"https:\/\/finkbeiner-kanzlei.de\/wp-content\/uploads\/2020\/06\/briefpapier.jpg"},{"@type":"BreadcrumbList","@id":"https:\/\/finkbeiner-kanzlei.de\/en\/out-of-court-settlement-of-debts\/#breadcrumb","itemListElement":[{"@type":"ListItem","position":1,"name":"Startseite","item":"https:\/\/finkbeiner-kanzlei.de\/en\/"},{"@type":"ListItem","position":2,"name":"Out-of-court settlement of debts"}]},{"@type":"WebSite","@id":"https:\/\/finkbeiner-kanzlei.de\/en\/#website","url":"https:\/\/finkbeiner-kanzlei.de\/en\/","name":"Finkbeiner Kanzlei","description":"Anwaltskanzlei f\u00fcr Wirtschaftsrecht, Insolvenzrecht und Prozessrecht","publisher":{"@id":"https:\/\/finkbeiner-kanzlei.de\/en\/#\/schema\/person\/82fb4d962f5edb406c94928cf461bbde"},"potentialAction":[{"@type":"SearchAction","target":{"@type":"EntryPoint","urlTemplate":"https:\/\/finkbeiner-kanzlei.de\/en\/?s={search_term_string}"},"query-input":{"@type":"PropertyValueSpecification","valueRequired":true,"valueName":"search_term_string"}}],"inLanguage":"en-US"},{"@type":["Person","Organization"],"@id":"https:\/\/finkbeiner-kanzlei.de\/en\/#\/schema\/person\/82fb4d962f5edb406c94928cf461bbde","name":"Claudius Finkbeiner","image":{"@type":"ImageObject","inLanguage":"en-US","@id":"https:\/\/finkbeiner-kanzlei.de\/wp-content\/uploads\/2017\/12\/5C66DF9B-A999-44A1-969D-4233F47A5B77-96x96.jpg","url":"https:\/\/finkbeiner-kanzlei.de\/wp-content\/uploads\/2017\/12\/5C66DF9B-A999-44A1-969D-4233F47A5B77-96x96.jpg","contentUrl":"https:\/\/finkbeiner-kanzlei.de\/wp-content\/uploads\/2017\/12\/5C66DF9B-A999-44A1-969D-4233F47A5B77-96x96.jpg","caption":"Claudius Finkbeiner"},"logo":{"@id":"https:\/\/finkbeiner-kanzlei.de\/wp-content\/uploads\/2017\/12\/5C66DF9B-A999-44A1-969D-4233F47A5B77-96x96.jpg"},"description":"Herr Finkbeiner ist seit dem Jahr 2009 als Rechtsanwalt t\u00e4tig. Sein Schwerpunkt liegt im wirtschaftsrechtlichen Bereich, insbesondere im Insolvenz-, Vertrags- und Gesellschaftsrecht sowie im Vergaberecht. Herr Finkbeiner ber\u00e4t und vertritt Unternehmen in der Krise, ebenso wie Gesch\u00e4ftsf\u00fchrer, Gl\u00e4ubiger und andere Beteiligte im Insolvenzverfahren und gegen Insolvenzverwalter. Herr Finkbeiner ist ein erfahrener Prozessanwalt im Wirtschaftsrecht und Verteidiger in Wirtschaftsstrafsachen.","sameAs":["https:\/\/www.anwalt-finkbeiner.de"]}]}},"_links":{"self":[{"href":"https:\/\/finkbeiner-kanzlei.de\/en\/wp-json\/wp\/v2\/pages\/1181","targetHints":{"allow":["GET"]}}],"collection":[{"href":"https:\/\/finkbeiner-kanzlei.de\/en\/wp-json\/wp\/v2\/pages"}],"about":[{"href":"https:\/\/finkbeiner-kanzlei.de\/en\/wp-json\/wp\/v2\/types\/page"}],"author":[{"embeddable":true,"href":"https:\/\/finkbeiner-kanzlei.de\/en\/wp-json\/wp\/v2\/users\/3"}],"replies":[{"embeddable":true,"href":"https:\/\/finkbeiner-kanzlei.de\/en\/wp-json\/wp\/v2\/comments?post=1181"}],"version-history":[{"count":4,"href":"https:\/\/finkbeiner-kanzlei.de\/en\/wp-json\/wp\/v2\/pages\/1181\/revisions"}],"predecessor-version":[{"id":1671,"href":"https:\/\/finkbeiner-kanzlei.de\/en\/wp-json\/wp\/v2\/pages\/1181\/revisions\/1671"}],"wp:attachment":[{"href":"https:\/\/finkbeiner-kanzlei.de\/en\/wp-json\/wp\/v2\/media?parent=1181"}],"wp:term":[{"taxonomy":"post_tag","embeddable":true,"href":"https:\/\/finkbeiner-kanzlei.de\/en\/wp-json\/wp\/v2\/tags?post=1181"}],"curies":[{"name":"wp","href":"https:\/\/api.w.org\/{rel}","templated":true}]}}