{"id":1185,"date":"2018-09-03T09:03:15","date_gmt":"2018-09-03T09:03:15","guid":{"rendered":"https:\/\/finkbeiner-kanzlei.de\/schuldnerberatung-ohne-wartezeit\/"},"modified":"2020-04-27T08:10:54","modified_gmt":"2020-04-27T08:10:54","slug":"legal-assistance-with-debts-without-waiting-time","status":"publish","type":"page","link":"https:\/\/finkbeiner-kanzlei.de\/en\/legal-assistance-with-debts-without-waiting-time\/","title":{"rendered":"Legal assistance with debts &#8211; without waiting time"},"content":{"rendered":"<div class=\"row\">\n<div class=\"col-md-6\">\n<h2><span lang=\"en-GB\">Immediate legal assistance with debts &#8211; without waiting time<\/span><\/h2>\n<p><span lang=\"en-GB\">We support you as a private individual in the debt trap and represent your interests in the best possible way.<\/span><\/p>\n<p><img fetchpriority=\"high\" decoding=\"async\" class=\"alignnone size-full wp-image-851\" src=\"https:\/\/finkbeiner-kanzlei.de\/wp-content\/uploads\/2019\/04\/unternehmensfortfuehrung.jpg\" alt=\"\" width=\"580\" height=\"400\" srcset=\"https:\/\/finkbeiner-kanzlei.de\/wp-content\/uploads\/2019\/04\/unternehmensfortfuehrung.jpg 580w, https:\/\/finkbeiner-kanzlei.de\/wp-content\/uploads\/2019\/04\/unternehmensfortfuehrung-300x207.jpg 300w\" sizes=\"(max-width: 580px) 100vw, 580px\" \/><\/p>\n<p><span lang=\"en-GB\">Many people get into over-indebtedness through no fault of their own. This can have many reasons: Unemployment, junk real estate, personal liability for a business or a former partner. Especially in our modern society, over-indebtedness brings with it many difficulties. Lack of creditworthiness or credit rating, blocked bank accounts or visits by bailiffs are some of the side effects. This can develop into a personal disaster. The feeling of seeing no light at the end of the tunnel in the proverbial sense of the word also damps one&#8217;s self-esteem and one&#8217;s own ability to act. This does not have to happen.<\/span><\/p>\n<\/div>\n<div class=\"col-md-6\">\n<p><span lang=\"en-GB\">We will help you to get out of debt. Our advantage over public debt counselling is that we can offer you immediate and individual advice. Our many years of experience with debt settlement proceedings, our knowledge of the industry and our negotiating skills will, in the best case, lead to debt relief even without insolvency proceedings. If insolvency cannot be avoided, I will accompany you through the proceedings and will be your contact person for all questions and decisions.<\/span><\/p>\n<h2><span lang=\"en-GB\">Remaining debt discharge (<\/span><span lang=\"en-GB\"><i>Restschuldbefreiung)<\/i><\/span><span lang=\"en-GB\"> after only 3 years?<\/span><\/h2>\n<p><span lang=\"en-GB\">The aim of private insolvency proceedings is the so-called remaining debt discharge: complete debt relief after the conclusion of the proceedings. We will help you to achieve this and will also check whether debt relief can be obtained after only three years.<\/span><\/p>\n<p><span lang=\"en-GB\">We will introduce ourselves as your legal representative. The most important consequence for you is that the creditors stop writing or calling you directly. We provide you with the breathing space necessary to gain an overview and to develop an optimal strategy for you.<\/span><\/p>\n<p><span lang=\"en-GB\">As lawyers specialising in insolvency law, we have the knowledge and experience from numerous successfully accompanied debt settlement and insolvency proceedings, which will help you make a new start through the crisis. You will receive professional help and advice from us, from the execution of the debt settlement agreement to the preparation of the insolvency proceedings and the remaining debt discharge.<\/span><\/p>\n<p><span lang=\"en-GB\">Please do not hesitate to contact us.<\/span><\/p>\n<\/div>\n<\/div>\n","protected":false},"excerpt":{"rendered":"","protected":false},"author":2,"featured_media":0,"parent":0,"menu_order":0,"comment_status":"closed","ping_status":"closed","template":"","meta":{"_acf_changed":false,"inline_featured_image":false,"footnotes":""},"tags":[],"class_list":["post-1185","page","type-page","status-publish","hentry"],"acf":[],"yoast_head":"<!-- This site is optimized with the Yoast SEO plugin v27.4 - https:\/\/yoast.com\/product\/yoast-seo-wordpress\/ -->\n<title>Schuldnerberatung ohne Wartezeit - Anwaltliche Soforthilfe bei Schulden<\/title>\n<meta name=\"description\" content=\"Ich helfe Ihnen dabei, sich aus den Schulden zu befreien. Mein Vorteil gegen\u00fcber den \u00f6ffentlichen Schuldnerberatungen ist eine sofortige und individuelle Beratung. Meine langj\u00e4hrige Erfahrung mit Schuldenbereinigungsverfahren, meine Branchenkenntnis sowie mein Verhandlungsgeschick f\u00fchren im besten Falle dazu, auch ohne Insolvenzverfahren eine Entschuldung zu erreichen.\" \/>\n<meta name=\"robots\" content=\"index, follow, max-snippet:-1, max-image-preview:large, max-video-preview:-1\" \/>\n<link rel=\"canonical\" href=\"https:\/\/finkbeiner-kanzlei.de\/en\/legal-assistance-with-debts-without-waiting-time\/\" \/>\n<meta property=\"og:locale\" content=\"en_US\" \/>\n<meta property=\"og:type\" content=\"article\" \/>\n<meta property=\"og:title\" content=\"Schuldnerberatung ohne Wartezeit - Anwaltliche Soforthilfe bei Schulden\" \/>\n<meta property=\"og:description\" content=\"Ich helfe Ihnen dabei, sich aus den Schulden zu befreien. Mein Vorteil gegen\u00fcber den \u00f6ffentlichen Schuldnerberatungen ist eine sofortige und individuelle Beratung. Meine langj\u00e4hrige Erfahrung mit Schuldenbereinigungsverfahren, meine Branchenkenntnis sowie mein Verhandlungsgeschick f\u00fchren im besten Falle dazu, auch ohne Insolvenzverfahren eine Entschuldung zu erreichen.\" \/>\n<meta property=\"og:url\" content=\"https:\/\/finkbeiner-kanzlei.de\/en\/legal-assistance-with-debts-without-waiting-time\/\" \/>\n<meta property=\"og:site_name\" content=\"Finkbeiner Kanzlei\" \/>\n<meta property=\"article:modified_time\" content=\"2020-04-27T08:10:54+00:00\" \/>\n<meta property=\"og:image\" content=\"https:\/\/finkbeiner-kanzlei.de\/wp-content\/uploads\/2019\/04\/unternehmensfortfuehrung.jpg\" \/>\n<meta name=\"twitter:card\" content=\"summary_large_image\" \/>\n<meta name=\"twitter:label1\" content=\"Est. reading time\" \/>\n\t<meta name=\"twitter:data1\" content=\"2 minutes\" \/>\n<script type=\"application\/ld+json\" class=\"yoast-schema-graph\">{\"@context\":\"https:\\\/\\\/schema.org\",\"@graph\":[{\"@type\":\"WebPage\",\"@id\":\"https:\\\/\\\/finkbeiner-kanzlei.de\\\/en\\\/legal-assistance-with-debts-without-waiting-time\\\/\",\"url\":\"https:\\\/\\\/finkbeiner-kanzlei.de\\\/en\\\/legal-assistance-with-debts-without-waiting-time\\\/\",\"name\":\"Schuldnerberatung ohne Wartezeit - Anwaltliche Soforthilfe bei Schulden\",\"isPartOf\":{\"@id\":\"https:\\\/\\\/finkbeiner-kanzlei.de\\\/en\\\/#website\"},\"primaryImageOfPage\":{\"@id\":\"https:\\\/\\\/finkbeiner-kanzlei.de\\\/en\\\/legal-assistance-with-debts-without-waiting-time\\\/#primaryimage\"},\"image\":{\"@id\":\"https:\\\/\\\/finkbeiner-kanzlei.de\\\/en\\\/legal-assistance-with-debts-without-waiting-time\\\/#primaryimage\"},\"thumbnailUrl\":\"https:\\\/\\\/finkbeiner-kanzlei.de\\\/wp-content\\\/uploads\\\/2019\\\/04\\\/unternehmensfortfuehrung.jpg\",\"datePublished\":\"2018-09-03T09:03:15+00:00\",\"dateModified\":\"2020-04-27T08:10:54+00:00\",\"description\":\"Ich helfe Ihnen dabei, sich aus den Schulden zu befreien. Mein Vorteil gegen\u00fcber den \u00f6ffentlichen Schuldnerberatungen ist eine sofortige und individuelle Beratung. Meine langj\u00e4hrige Erfahrung mit Schuldenbereinigungsverfahren, meine Branchenkenntnis sowie mein Verhandlungsgeschick f\u00fchren im besten Falle dazu, auch ohne Insolvenzverfahren eine Entschuldung zu erreichen.\",\"breadcrumb\":{\"@id\":\"https:\\\/\\\/finkbeiner-kanzlei.de\\\/en\\\/legal-assistance-with-debts-without-waiting-time\\\/#breadcrumb\"},\"inLanguage\":\"en-US\",\"potentialAction\":[{\"@type\":\"ReadAction\",\"target\":[\"https:\\\/\\\/finkbeiner-kanzlei.de\\\/en\\\/legal-assistance-with-debts-without-waiting-time\\\/\"]}]},{\"@type\":\"ImageObject\",\"inLanguage\":\"en-US\",\"@id\":\"https:\\\/\\\/finkbeiner-kanzlei.de\\\/en\\\/legal-assistance-with-debts-without-waiting-time\\\/#primaryimage\",\"url\":\"https:\\\/\\\/finkbeiner-kanzlei.de\\\/wp-content\\\/uploads\\\/2019\\\/04\\\/unternehmensfortfuehrung.jpg\",\"contentUrl\":\"https:\\\/\\\/finkbeiner-kanzlei.de\\\/wp-content\\\/uploads\\\/2019\\\/04\\\/unternehmensfortfuehrung.jpg\"},{\"@type\":\"BreadcrumbList\",\"@id\":\"https:\\\/\\\/finkbeiner-kanzlei.de\\\/en\\\/legal-assistance-with-debts-without-waiting-time\\\/#breadcrumb\",\"itemListElement\":[{\"@type\":\"ListItem\",\"position\":1,\"name\":\"Startseite\",\"item\":\"https:\\\/\\\/finkbeiner-kanzlei.de\\\/en\\\/\"},{\"@type\":\"ListItem\",\"position\":2,\"name\":\"Legal assistance with debts &#8211; without waiting time\"}]},{\"@type\":\"WebSite\",\"@id\":\"https:\\\/\\\/finkbeiner-kanzlei.de\\\/en\\\/#website\",\"url\":\"https:\\\/\\\/finkbeiner-kanzlei.de\\\/en\\\/\",\"name\":\"Finkbeiner Kanzlei\",\"description\":\"Anwaltskanzlei f\u00fcr Wirtschaftsrecht, Insolvenzrecht und Prozessrecht\",\"publisher\":{\"@id\":\"https:\\\/\\\/finkbeiner-kanzlei.de\\\/en\\\/#\\\/schema\\\/person\\\/82fb4d962f5edb406c94928cf461bbde\"},\"potentialAction\":[{\"@type\":\"SearchAction\",\"target\":{\"@type\":\"EntryPoint\",\"urlTemplate\":\"https:\\\/\\\/finkbeiner-kanzlei.de\\\/en\\\/?s={search_term_string}\"},\"query-input\":{\"@type\":\"PropertyValueSpecification\",\"valueRequired\":true,\"valueName\":\"search_term_string\"}}],\"inLanguage\":\"en-US\"},{\"@type\":[\"Person\",\"Organization\"],\"@id\":\"https:\\\/\\\/finkbeiner-kanzlei.de\\\/en\\\/#\\\/schema\\\/person\\\/82fb4d962f5edb406c94928cf461bbde\",\"name\":\"Claudius Finkbeiner\",\"image\":{\"@type\":\"ImageObject\",\"inLanguage\":\"en-US\",\"@id\":\"https:\\\/\\\/finkbeiner-kanzlei.de\\\/wp-content\\\/uploads\\\/2017\\\/12\\\/5C66DF9B-A999-44A1-969D-4233F47A5B77-96x96.jpg\",\"url\":\"https:\\\/\\\/finkbeiner-kanzlei.de\\\/wp-content\\\/uploads\\\/2017\\\/12\\\/5C66DF9B-A999-44A1-969D-4233F47A5B77-96x96.jpg\",\"contentUrl\":\"https:\\\/\\\/finkbeiner-kanzlei.de\\\/wp-content\\\/uploads\\\/2017\\\/12\\\/5C66DF9B-A999-44A1-969D-4233F47A5B77-96x96.jpg\",\"caption\":\"Claudius Finkbeiner\"},\"logo\":{\"@id\":\"https:\\\/\\\/finkbeiner-kanzlei.de\\\/wp-content\\\/uploads\\\/2017\\\/12\\\/5C66DF9B-A999-44A1-969D-4233F47A5B77-96x96.jpg\"},\"description\":\"Herr Finkbeiner ist seit dem Jahr 2009 als Rechtsanwalt t\u00e4tig. Sein Schwerpunkt liegt im wirtschaftsrechtlichen Bereich, insbesondere im Insolvenz-, Vertrags- und Gesellschaftsrecht sowie im Vergaberecht. Herr Finkbeiner ber\u00e4t und vertritt Unternehmen in der Krise, ebenso wie Gesch\u00e4ftsf\u00fchrer, Gl\u00e4ubiger und andere Beteiligte im Insolvenzverfahren und gegen Insolvenzverwalter. Herr Finkbeiner ist ein erfahrener Prozessanwalt im Wirtschaftsrecht und Verteidiger in Wirtschaftsstrafsachen.\",\"sameAs\":[\"https:\\\/\\\/www.anwalt-finkbeiner.de\"]}]}<\/script>\n<!-- \/ Yoast SEO plugin. -->","yoast_head_json":{"title":"Schuldnerberatung ohne Wartezeit - Anwaltliche Soforthilfe bei Schulden","description":"Ich helfe Ihnen dabei, sich aus den Schulden zu befreien. Mein Vorteil gegen\u00fcber den \u00f6ffentlichen Schuldnerberatungen ist eine sofortige und individuelle Beratung. Meine langj\u00e4hrige Erfahrung mit Schuldenbereinigungsverfahren, meine Branchenkenntnis sowie mein Verhandlungsgeschick f\u00fchren im besten Falle dazu, auch ohne Insolvenzverfahren eine Entschuldung zu erreichen.","robots":{"index":"index","follow":"follow","max-snippet":"max-snippet:-1","max-image-preview":"max-image-preview:large","max-video-preview":"max-video-preview:-1"},"canonical":"https:\/\/finkbeiner-kanzlei.de\/en\/legal-assistance-with-debts-without-waiting-time\/","og_locale":"en_US","og_type":"article","og_title":"Schuldnerberatung ohne Wartezeit - Anwaltliche Soforthilfe bei Schulden","og_description":"Ich helfe Ihnen dabei, sich aus den Schulden zu befreien. Mein Vorteil gegen\u00fcber den \u00f6ffentlichen Schuldnerberatungen ist eine sofortige und individuelle Beratung. Meine langj\u00e4hrige Erfahrung mit Schuldenbereinigungsverfahren, meine Branchenkenntnis sowie mein Verhandlungsgeschick f\u00fchren im besten Falle dazu, auch ohne Insolvenzverfahren eine Entschuldung zu erreichen.","og_url":"https:\/\/finkbeiner-kanzlei.de\/en\/legal-assistance-with-debts-without-waiting-time\/","og_site_name":"Finkbeiner Kanzlei","article_modified_time":"2020-04-27T08:10:54+00:00","og_image":[{"url":"https:\/\/finkbeiner-kanzlei.de\/wp-content\/uploads\/2019\/04\/unternehmensfortfuehrung.jpg","type":"","width":"","height":""}],"twitter_card":"summary_large_image","twitter_misc":{"Est. reading time":"2 minutes"},"schema":{"@context":"https:\/\/schema.org","@graph":[{"@type":"WebPage","@id":"https:\/\/finkbeiner-kanzlei.de\/en\/legal-assistance-with-debts-without-waiting-time\/","url":"https:\/\/finkbeiner-kanzlei.de\/en\/legal-assistance-with-debts-without-waiting-time\/","name":"Schuldnerberatung ohne Wartezeit - Anwaltliche Soforthilfe bei Schulden","isPartOf":{"@id":"https:\/\/finkbeiner-kanzlei.de\/en\/#website"},"primaryImageOfPage":{"@id":"https:\/\/finkbeiner-kanzlei.de\/en\/legal-assistance-with-debts-without-waiting-time\/#primaryimage"},"image":{"@id":"https:\/\/finkbeiner-kanzlei.de\/en\/legal-assistance-with-debts-without-waiting-time\/#primaryimage"},"thumbnailUrl":"https:\/\/finkbeiner-kanzlei.de\/wp-content\/uploads\/2019\/04\/unternehmensfortfuehrung.jpg","datePublished":"2018-09-03T09:03:15+00:00","dateModified":"2020-04-27T08:10:54+00:00","description":"Ich helfe Ihnen dabei, sich aus den Schulden zu befreien. Mein Vorteil gegen\u00fcber den \u00f6ffentlichen Schuldnerberatungen ist eine sofortige und individuelle Beratung. Meine langj\u00e4hrige Erfahrung mit Schuldenbereinigungsverfahren, meine Branchenkenntnis sowie mein Verhandlungsgeschick f\u00fchren im besten Falle dazu, auch ohne Insolvenzverfahren eine Entschuldung zu erreichen.","breadcrumb":{"@id":"https:\/\/finkbeiner-kanzlei.de\/en\/legal-assistance-with-debts-without-waiting-time\/#breadcrumb"},"inLanguage":"en-US","potentialAction":[{"@type":"ReadAction","target":["https:\/\/finkbeiner-kanzlei.de\/en\/legal-assistance-with-debts-without-waiting-time\/"]}]},{"@type":"ImageObject","inLanguage":"en-US","@id":"https:\/\/finkbeiner-kanzlei.de\/en\/legal-assistance-with-debts-without-waiting-time\/#primaryimage","url":"https:\/\/finkbeiner-kanzlei.de\/wp-content\/uploads\/2019\/04\/unternehmensfortfuehrung.jpg","contentUrl":"https:\/\/finkbeiner-kanzlei.de\/wp-content\/uploads\/2019\/04\/unternehmensfortfuehrung.jpg"},{"@type":"BreadcrumbList","@id":"https:\/\/finkbeiner-kanzlei.de\/en\/legal-assistance-with-debts-without-waiting-time\/#breadcrumb","itemListElement":[{"@type":"ListItem","position":1,"name":"Startseite","item":"https:\/\/finkbeiner-kanzlei.de\/en\/"},{"@type":"ListItem","position":2,"name":"Legal assistance with debts &#8211; without waiting time"}]},{"@type":"WebSite","@id":"https:\/\/finkbeiner-kanzlei.de\/en\/#website","url":"https:\/\/finkbeiner-kanzlei.de\/en\/","name":"Finkbeiner Kanzlei","description":"Anwaltskanzlei f\u00fcr Wirtschaftsrecht, Insolvenzrecht und Prozessrecht","publisher":{"@id":"https:\/\/finkbeiner-kanzlei.de\/en\/#\/schema\/person\/82fb4d962f5edb406c94928cf461bbde"},"potentialAction":[{"@type":"SearchAction","target":{"@type":"EntryPoint","urlTemplate":"https:\/\/finkbeiner-kanzlei.de\/en\/?s={search_term_string}"},"query-input":{"@type":"PropertyValueSpecification","valueRequired":true,"valueName":"search_term_string"}}],"inLanguage":"en-US"},{"@type":["Person","Organization"],"@id":"https:\/\/finkbeiner-kanzlei.de\/en\/#\/schema\/person\/82fb4d962f5edb406c94928cf461bbde","name":"Claudius Finkbeiner","image":{"@type":"ImageObject","inLanguage":"en-US","@id":"https:\/\/finkbeiner-kanzlei.de\/wp-content\/uploads\/2017\/12\/5C66DF9B-A999-44A1-969D-4233F47A5B77-96x96.jpg","url":"https:\/\/finkbeiner-kanzlei.de\/wp-content\/uploads\/2017\/12\/5C66DF9B-A999-44A1-969D-4233F47A5B77-96x96.jpg","contentUrl":"https:\/\/finkbeiner-kanzlei.de\/wp-content\/uploads\/2017\/12\/5C66DF9B-A999-44A1-969D-4233F47A5B77-96x96.jpg","caption":"Claudius Finkbeiner"},"logo":{"@id":"https:\/\/finkbeiner-kanzlei.de\/wp-content\/uploads\/2017\/12\/5C66DF9B-A999-44A1-969D-4233F47A5B77-96x96.jpg"},"description":"Herr Finkbeiner ist seit dem Jahr 2009 als Rechtsanwalt t\u00e4tig. Sein Schwerpunkt liegt im wirtschaftsrechtlichen Bereich, insbesondere im Insolvenz-, Vertrags- und Gesellschaftsrecht sowie im Vergaberecht. Herr Finkbeiner ber\u00e4t und vertritt Unternehmen in der Krise, ebenso wie Gesch\u00e4ftsf\u00fchrer, Gl\u00e4ubiger und andere Beteiligte im Insolvenzverfahren und gegen Insolvenzverwalter. Herr Finkbeiner ist ein erfahrener Prozessanwalt im Wirtschaftsrecht und Verteidiger in Wirtschaftsstrafsachen.","sameAs":["https:\/\/www.anwalt-finkbeiner.de"]}]}},"_links":{"self":[{"href":"https:\/\/finkbeiner-kanzlei.de\/en\/wp-json\/wp\/v2\/pages\/1185","targetHints":{"allow":["GET"]}}],"collection":[{"href":"https:\/\/finkbeiner-kanzlei.de\/en\/wp-json\/wp\/v2\/pages"}],"about":[{"href":"https:\/\/finkbeiner-kanzlei.de\/en\/wp-json\/wp\/v2\/types\/page"}],"author":[{"embeddable":true,"href":"https:\/\/finkbeiner-kanzlei.de\/en\/wp-json\/wp\/v2\/users\/2"}],"replies":[{"embeddable":true,"href":"https:\/\/finkbeiner-kanzlei.de\/en\/wp-json\/wp\/v2\/comments?post=1185"}],"version-history":[{"count":2,"href":"https:\/\/finkbeiner-kanzlei.de\/en\/wp-json\/wp\/v2\/pages\/1185\/revisions"}],"predecessor-version":[{"id":1187,"href":"https:\/\/finkbeiner-kanzlei.de\/en\/wp-json\/wp\/v2\/pages\/1185\/revisions\/1187"}],"wp:attachment":[{"href":"https:\/\/finkbeiner-kanzlei.de\/en\/wp-json\/wp\/v2\/media?parent=1185"}],"wp:term":[{"taxonomy":"post_tag","embeddable":true,"href":"https:\/\/finkbeiner-kanzlei.de\/en\/wp-json\/wp\/v2\/tags?post=1185"}],"curies":[{"name":"wp","href":"https:\/\/api.w.org\/{rel}","templated":true}]}}