{"id":1189,"date":"2018-09-05T09:00:49","date_gmt":"2018-09-05T09:00:49","guid":{"rendered":"https:\/\/finkbeiner-kanzlei.de\/liquidation-von-unternehmen\/"},"modified":"2020-06-25T12:55:01","modified_gmt":"2020-06-25T12:55:01","slug":"liquidation-of-companies","status":"publish","type":"page","link":"https:\/\/finkbeiner-kanzlei.de\/en\/liquidation-of-companies\/","title":{"rendered":"Liquidation of companies"},"content":{"rendered":"<div class=\"row\">\n<div class=\"col-md-6\">\n<h2><span lang=\"en-GB\">Avoiding insolvency through liquidation proceedings<\/span><\/h2>\n<p><span lang=\"en-GB\">As lawyers specialising in commercial law, we also advise you on liquidation, i.e. the orderly dissolution and winding up of your company. There can be many reasons for such a strategic decision:<\/span><\/p>\n<p><span lang=\"en-GB\">The most common reason for liquidation is the financial crisis of a company and the desire of the management to avoid liability, which often results from an insolvency application. Wecheck for you whether an insolvency application can be avoided and whether liquidation is a possibility. The initiation of liquidation proceedings with an existing obligation to file for insolvency brings considerable liability risks for the managing director. We offer you an orderly liquidation within the legal framework and strongly advise against &#8220;company funerals&#8221; and comparable dubious liquidation methods. These can result in considerable consequences under criminal law. We will stand by you in the crisis and help you to make ideal use of the legal framework without violating it or going down dubious paths.<\/span><\/p>\n<p><img fetchpriority=\"high\" decoding=\"async\" class=\"alignnone size-full wp-image-1625\" src=\"https:\/\/finkbeiner-kanzlei.de\/wp-content\/uploads\/2020\/06\/briefpapier.jpg\" alt=\"\" width=\"800\" height=\"500\" srcset=\"https:\/\/finkbeiner-kanzlei.de\/wp-content\/uploads\/2020\/06\/briefpapier.jpg 800w, https:\/\/finkbeiner-kanzlei.de\/wp-content\/uploads\/2020\/06\/briefpapier-600x375.jpg 600w, https:\/\/finkbeiner-kanzlei.de\/wp-content\/uploads\/2020\/06\/briefpapier-300x188.jpg 300w, https:\/\/finkbeiner-kanzlei.de\/wp-content\/uploads\/2020\/06\/briefpapier-768x480.jpg 768w\" sizes=\"(max-width: 800px) 100vw, 800px\" \/><\/p>\n<\/div>\n<div class=\"col-md-6\">\n<p><span lang=\"en-GB\">Other reasons for a liquidation can be a lack of a succession solution, illness or death of the managing director and main shareholder, loss of the business model, a dispute among shareholders or even a ban on trading. All these events can lead to a strategic crisis, in which, for reasons of liability alone, haste is often required and the right course of action must be chosen. No matter for what reason you are considering a liquidation, whether it is planned for the long term or caused by a crisis &#8211; we will support you in initiating and carrying out the liquidation procedure and provide advice.<\/span><\/p>\n<h2><span lang=\"en-GB\">Liquidation for all types of companies<\/span><\/h2>\n<p><span lang=\"en-GB\">A liquidation or alternatively a winding up is possible for all types of companies. Often affected are corporations such as GmbHs, the small GmbH (<\/span><span lang=\"en-GB\"><i>UG [limited liability]<\/i><\/span><span lang=\"en-GB\">) or also stock corporations. The liquidation of such companies requires numerous formalities which must be observed. We help you with the implementation. However, an orderly liquidation also applies to all other forms of companies such as private corporations, ordinary parterships (<\/span><span lang=\"en-GB\"><i>offene Handelsgesellschaft \u2013 oHG)<\/i><\/span><span lang=\"en-GB\">, or limited commercial partnerships (<\/span><span lang=\"en-GB\"><i>GmbH &amp; Co. KG<\/i><\/span><span lang=\"en-GB\">) and of course also for sole proprietorships. As an experienced advisors to companies in all situations, we will also help you to design a new business model after the liquidation to make a new start easier for you.<\/span><\/p>\n<p><span lang=\"en-GB\">We also support you in the transfer of English companies (Limited) to Germany. Avoid negative effects of Brexit on your company!<\/span><\/p>\n<p><span lang=\"en-GB\">Please feel free to call us without obligation, we will advise you on the right steps for you together with you. With our experience we can help you to develop and implement the right strategy.<\/span><\/p>\n<\/div>\n<\/div>\n","protected":false},"excerpt":{"rendered":"","protected":false},"author":3,"featured_media":0,"parent":0,"menu_order":0,"comment_status":"closed","ping_status":"closed","template":"","meta":{"_acf_changed":false,"inline_featured_image":false,"footnotes":""},"tags":[513,514,516,517,518,345,519,520,521],"class_list":["post-1189","page","type-page","status-publish","hentry","tag-firmenbestattung-en","tag-geordnete-abwicklung-en","tag-haftungsvermeidung-en","tag-kapitalgesellschaften-en","tag-liquidation-en","tag-liquidationsberatung","tag-liquidationsberatung-en","tag-liquidationsverfahren-en","tag-personengesellschaften-en"],"acf":[],"yoast_head":"<!-- This site is optimized with the Yoast SEO plugin v27.4 - https:\/\/yoast.com\/product\/yoast-seo-wordpress\/ -->\n<title>Liquidation von Unternehmen - Liquidation f\u00fcr alle Gesellschaftsformen<\/title>\n<meta name=\"description\" content=\"Eine Liquidation oder alternativ eine Abwicklung kommt f\u00fcr alle Formen von Unternehmen in Betracht. Oft betroffen sind Kapitalgesellschaften wie GmbHs, UG (haftungsbeschr\u00e4nkt) oder auch Aktiengesellschaften. Eine geordnete Abwicklung kommt aber auch f\u00fcr alle anderen Gesellschaftsformen wie GbR, oHG, oder GmbH &amp; Co. KG und selbstverst\u00e4ndlich auch f\u00fcr Einzelunternehmen in Betracht.\" \/>\n<meta name=\"robots\" content=\"index, follow, max-snippet:-1, max-image-preview:large, max-video-preview:-1\" \/>\n<link rel=\"canonical\" href=\"https:\/\/finkbeiner-kanzlei.de\/en\/liquidation-of-companies\/\" \/>\n<meta property=\"og:locale\" content=\"en_US\" \/>\n<meta property=\"og:type\" content=\"article\" \/>\n<meta property=\"og:title\" content=\"Liquidation von Unternehmen - Liquidation f\u00fcr alle Gesellschaftsformen\" \/>\n<meta property=\"og:description\" content=\"Eine Liquidation oder alternativ eine Abwicklung kommt f\u00fcr alle Formen von Unternehmen in Betracht. Oft betroffen sind Kapitalgesellschaften wie GmbHs, UG (haftungsbeschr\u00e4nkt) oder auch Aktiengesellschaften. Eine geordnete Abwicklung kommt aber auch f\u00fcr alle anderen Gesellschaftsformen wie GbR, oHG, oder GmbH &amp; Co. KG und selbstverst\u00e4ndlich auch f\u00fcr Einzelunternehmen in Betracht.\" \/>\n<meta property=\"og:url\" content=\"https:\/\/finkbeiner-kanzlei.de\/en\/liquidation-of-companies\/\" \/>\n<meta property=\"og:site_name\" content=\"Finkbeiner Kanzlei\" \/>\n<meta property=\"article:modified_time\" content=\"2020-06-25T12:55:01+00:00\" \/>\n<meta property=\"og:image\" content=\"https:\/\/finkbeiner-kanzlei.de\/wp-content\/uploads\/2020\/06\/briefpapier.jpg\" \/>\n<meta name=\"twitter:card\" content=\"summary_large_image\" \/>\n<meta name=\"twitter:label1\" content=\"Est. reading time\" \/>\n\t<meta name=\"twitter:data1\" content=\"2 minutes\" \/>\n<script type=\"application\/ld+json\" class=\"yoast-schema-graph\">{\"@context\":\"https:\\\/\\\/schema.org\",\"@graph\":[{\"@type\":\"WebPage\",\"@id\":\"https:\\\/\\\/finkbeiner-kanzlei.de\\\/en\\\/liquidation-of-companies\\\/\",\"url\":\"https:\\\/\\\/finkbeiner-kanzlei.de\\\/en\\\/liquidation-of-companies\\\/\",\"name\":\"Liquidation von Unternehmen - Liquidation f\u00fcr alle Gesellschaftsformen\",\"isPartOf\":{\"@id\":\"https:\\\/\\\/finkbeiner-kanzlei.de\\\/en\\\/#website\"},\"primaryImageOfPage\":{\"@id\":\"https:\\\/\\\/finkbeiner-kanzlei.de\\\/en\\\/liquidation-of-companies\\\/#primaryimage\"},\"image\":{\"@id\":\"https:\\\/\\\/finkbeiner-kanzlei.de\\\/en\\\/liquidation-of-companies\\\/#primaryimage\"},\"thumbnailUrl\":\"https:\\\/\\\/finkbeiner-kanzlei.de\\\/wp-content\\\/uploads\\\/2020\\\/06\\\/briefpapier.jpg\",\"datePublished\":\"2018-09-05T09:00:49+00:00\",\"dateModified\":\"2020-06-25T12:55:01+00:00\",\"description\":\"Eine Liquidation oder alternativ eine Abwicklung kommt f\u00fcr alle Formen von Unternehmen in Betracht. Oft betroffen sind Kapitalgesellschaften wie GmbHs, UG (haftungsbeschr\u00e4nkt) oder auch Aktiengesellschaften. Eine geordnete Abwicklung kommt aber auch f\u00fcr alle anderen Gesellschaftsformen wie GbR, oHG, oder GmbH & Co. KG und selbstverst\u00e4ndlich auch f\u00fcr Einzelunternehmen in Betracht.\",\"breadcrumb\":{\"@id\":\"https:\\\/\\\/finkbeiner-kanzlei.de\\\/en\\\/liquidation-of-companies\\\/#breadcrumb\"},\"inLanguage\":\"en-US\",\"potentialAction\":[{\"@type\":\"ReadAction\",\"target\":[\"https:\\\/\\\/finkbeiner-kanzlei.de\\\/en\\\/liquidation-of-companies\\\/\"]}]},{\"@type\":\"ImageObject\",\"inLanguage\":\"en-US\",\"@id\":\"https:\\\/\\\/finkbeiner-kanzlei.de\\\/en\\\/liquidation-of-companies\\\/#primaryimage\",\"url\":\"https:\\\/\\\/finkbeiner-kanzlei.de\\\/wp-content\\\/uploads\\\/2020\\\/06\\\/briefpapier.jpg\",\"contentUrl\":\"https:\\\/\\\/finkbeiner-kanzlei.de\\\/wp-content\\\/uploads\\\/2020\\\/06\\\/briefpapier.jpg\"},{\"@type\":\"BreadcrumbList\",\"@id\":\"https:\\\/\\\/finkbeiner-kanzlei.de\\\/en\\\/liquidation-of-companies\\\/#breadcrumb\",\"itemListElement\":[{\"@type\":\"ListItem\",\"position\":1,\"name\":\"Startseite\",\"item\":\"https:\\\/\\\/finkbeiner-kanzlei.de\\\/en\\\/\"},{\"@type\":\"ListItem\",\"position\":2,\"name\":\"Liquidation of companies\"}]},{\"@type\":\"WebSite\",\"@id\":\"https:\\\/\\\/finkbeiner-kanzlei.de\\\/en\\\/#website\",\"url\":\"https:\\\/\\\/finkbeiner-kanzlei.de\\\/en\\\/\",\"name\":\"Finkbeiner Kanzlei\",\"description\":\"Anwaltskanzlei f\u00fcr Wirtschaftsrecht, Insolvenzrecht und Prozessrecht\",\"publisher\":{\"@id\":\"https:\\\/\\\/finkbeiner-kanzlei.de\\\/en\\\/#\\\/schema\\\/person\\\/82fb4d962f5edb406c94928cf461bbde\"},\"potentialAction\":[{\"@type\":\"SearchAction\",\"target\":{\"@type\":\"EntryPoint\",\"urlTemplate\":\"https:\\\/\\\/finkbeiner-kanzlei.de\\\/en\\\/?s={search_term_string}\"},\"query-input\":{\"@type\":\"PropertyValueSpecification\",\"valueRequired\":true,\"valueName\":\"search_term_string\"}}],\"inLanguage\":\"en-US\"},{\"@type\":[\"Person\",\"Organization\"],\"@id\":\"https:\\\/\\\/finkbeiner-kanzlei.de\\\/en\\\/#\\\/schema\\\/person\\\/82fb4d962f5edb406c94928cf461bbde\",\"name\":\"Claudius Finkbeiner\",\"image\":{\"@type\":\"ImageObject\",\"inLanguage\":\"en-US\",\"@id\":\"https:\\\/\\\/finkbeiner-kanzlei.de\\\/wp-content\\\/uploads\\\/2017\\\/12\\\/5C66DF9B-A999-44A1-969D-4233F47A5B77-96x96.jpg\",\"url\":\"https:\\\/\\\/finkbeiner-kanzlei.de\\\/wp-content\\\/uploads\\\/2017\\\/12\\\/5C66DF9B-A999-44A1-969D-4233F47A5B77-96x96.jpg\",\"contentUrl\":\"https:\\\/\\\/finkbeiner-kanzlei.de\\\/wp-content\\\/uploads\\\/2017\\\/12\\\/5C66DF9B-A999-44A1-969D-4233F47A5B77-96x96.jpg\",\"caption\":\"Claudius Finkbeiner\"},\"logo\":{\"@id\":\"https:\\\/\\\/finkbeiner-kanzlei.de\\\/wp-content\\\/uploads\\\/2017\\\/12\\\/5C66DF9B-A999-44A1-969D-4233F47A5B77-96x96.jpg\"},\"description\":\"Herr Finkbeiner ist seit dem Jahr 2009 als Rechtsanwalt t\u00e4tig. Sein Schwerpunkt liegt im wirtschaftsrechtlichen Bereich, insbesondere im Insolvenz-, Vertrags- und Gesellschaftsrecht sowie im Vergaberecht. Herr Finkbeiner ber\u00e4t und vertritt Unternehmen in der Krise, ebenso wie Gesch\u00e4ftsf\u00fchrer, Gl\u00e4ubiger und andere Beteiligte im Insolvenzverfahren und gegen Insolvenzverwalter. Herr Finkbeiner ist ein erfahrener Prozessanwalt im Wirtschaftsrecht und Verteidiger in Wirtschaftsstrafsachen.\",\"sameAs\":[\"https:\\\/\\\/www.anwalt-finkbeiner.de\"]}]}<\/script>\n<!-- \/ Yoast SEO plugin. -->","yoast_head_json":{"title":"Liquidation von Unternehmen - Liquidation f\u00fcr alle Gesellschaftsformen","description":"Eine Liquidation oder alternativ eine Abwicklung kommt f\u00fcr alle Formen von Unternehmen in Betracht. Oft betroffen sind Kapitalgesellschaften wie GmbHs, UG (haftungsbeschr\u00e4nkt) oder auch Aktiengesellschaften. Eine geordnete Abwicklung kommt aber auch f\u00fcr alle anderen Gesellschaftsformen wie GbR, oHG, oder GmbH & Co. KG und selbstverst\u00e4ndlich auch f\u00fcr Einzelunternehmen in Betracht.","robots":{"index":"index","follow":"follow","max-snippet":"max-snippet:-1","max-image-preview":"max-image-preview:large","max-video-preview":"max-video-preview:-1"},"canonical":"https:\/\/finkbeiner-kanzlei.de\/en\/liquidation-of-companies\/","og_locale":"en_US","og_type":"article","og_title":"Liquidation von Unternehmen - Liquidation f\u00fcr alle Gesellschaftsformen","og_description":"Eine Liquidation oder alternativ eine Abwicklung kommt f\u00fcr alle Formen von Unternehmen in Betracht. Oft betroffen sind Kapitalgesellschaften wie GmbHs, UG (haftungsbeschr\u00e4nkt) oder auch Aktiengesellschaften. Eine geordnete Abwicklung kommt aber auch f\u00fcr alle anderen Gesellschaftsformen wie GbR, oHG, oder GmbH & Co. KG und selbstverst\u00e4ndlich auch f\u00fcr Einzelunternehmen in Betracht.","og_url":"https:\/\/finkbeiner-kanzlei.de\/en\/liquidation-of-companies\/","og_site_name":"Finkbeiner Kanzlei","article_modified_time":"2020-06-25T12:55:01+00:00","og_image":[{"url":"https:\/\/finkbeiner-kanzlei.de\/wp-content\/uploads\/2020\/06\/briefpapier.jpg","type":"","width":"","height":""}],"twitter_card":"summary_large_image","twitter_misc":{"Est. reading time":"2 minutes"},"schema":{"@context":"https:\/\/schema.org","@graph":[{"@type":"WebPage","@id":"https:\/\/finkbeiner-kanzlei.de\/en\/liquidation-of-companies\/","url":"https:\/\/finkbeiner-kanzlei.de\/en\/liquidation-of-companies\/","name":"Liquidation von Unternehmen - Liquidation f\u00fcr alle Gesellschaftsformen","isPartOf":{"@id":"https:\/\/finkbeiner-kanzlei.de\/en\/#website"},"primaryImageOfPage":{"@id":"https:\/\/finkbeiner-kanzlei.de\/en\/liquidation-of-companies\/#primaryimage"},"image":{"@id":"https:\/\/finkbeiner-kanzlei.de\/en\/liquidation-of-companies\/#primaryimage"},"thumbnailUrl":"https:\/\/finkbeiner-kanzlei.de\/wp-content\/uploads\/2020\/06\/briefpapier.jpg","datePublished":"2018-09-05T09:00:49+00:00","dateModified":"2020-06-25T12:55:01+00:00","description":"Eine Liquidation oder alternativ eine Abwicklung kommt f\u00fcr alle Formen von Unternehmen in Betracht. Oft betroffen sind Kapitalgesellschaften wie GmbHs, UG (haftungsbeschr\u00e4nkt) oder auch Aktiengesellschaften. Eine geordnete Abwicklung kommt aber auch f\u00fcr alle anderen Gesellschaftsformen wie GbR, oHG, oder GmbH & Co. KG und selbstverst\u00e4ndlich auch f\u00fcr Einzelunternehmen in Betracht.","breadcrumb":{"@id":"https:\/\/finkbeiner-kanzlei.de\/en\/liquidation-of-companies\/#breadcrumb"},"inLanguage":"en-US","potentialAction":[{"@type":"ReadAction","target":["https:\/\/finkbeiner-kanzlei.de\/en\/liquidation-of-companies\/"]}]},{"@type":"ImageObject","inLanguage":"en-US","@id":"https:\/\/finkbeiner-kanzlei.de\/en\/liquidation-of-companies\/#primaryimage","url":"https:\/\/finkbeiner-kanzlei.de\/wp-content\/uploads\/2020\/06\/briefpapier.jpg","contentUrl":"https:\/\/finkbeiner-kanzlei.de\/wp-content\/uploads\/2020\/06\/briefpapier.jpg"},{"@type":"BreadcrumbList","@id":"https:\/\/finkbeiner-kanzlei.de\/en\/liquidation-of-companies\/#breadcrumb","itemListElement":[{"@type":"ListItem","position":1,"name":"Startseite","item":"https:\/\/finkbeiner-kanzlei.de\/en\/"},{"@type":"ListItem","position":2,"name":"Liquidation of companies"}]},{"@type":"WebSite","@id":"https:\/\/finkbeiner-kanzlei.de\/en\/#website","url":"https:\/\/finkbeiner-kanzlei.de\/en\/","name":"Finkbeiner Kanzlei","description":"Anwaltskanzlei f\u00fcr Wirtschaftsrecht, Insolvenzrecht und Prozessrecht","publisher":{"@id":"https:\/\/finkbeiner-kanzlei.de\/en\/#\/schema\/person\/82fb4d962f5edb406c94928cf461bbde"},"potentialAction":[{"@type":"SearchAction","target":{"@type":"EntryPoint","urlTemplate":"https:\/\/finkbeiner-kanzlei.de\/en\/?s={search_term_string}"},"query-input":{"@type":"PropertyValueSpecification","valueRequired":true,"valueName":"search_term_string"}}],"inLanguage":"en-US"},{"@type":["Person","Organization"],"@id":"https:\/\/finkbeiner-kanzlei.de\/en\/#\/schema\/person\/82fb4d962f5edb406c94928cf461bbde","name":"Claudius Finkbeiner","image":{"@type":"ImageObject","inLanguage":"en-US","@id":"https:\/\/finkbeiner-kanzlei.de\/wp-content\/uploads\/2017\/12\/5C66DF9B-A999-44A1-969D-4233F47A5B77-96x96.jpg","url":"https:\/\/finkbeiner-kanzlei.de\/wp-content\/uploads\/2017\/12\/5C66DF9B-A999-44A1-969D-4233F47A5B77-96x96.jpg","contentUrl":"https:\/\/finkbeiner-kanzlei.de\/wp-content\/uploads\/2017\/12\/5C66DF9B-A999-44A1-969D-4233F47A5B77-96x96.jpg","caption":"Claudius Finkbeiner"},"logo":{"@id":"https:\/\/finkbeiner-kanzlei.de\/wp-content\/uploads\/2017\/12\/5C66DF9B-A999-44A1-969D-4233F47A5B77-96x96.jpg"},"description":"Herr Finkbeiner ist seit dem Jahr 2009 als Rechtsanwalt t\u00e4tig. Sein Schwerpunkt liegt im wirtschaftsrechtlichen Bereich, insbesondere im Insolvenz-, Vertrags- und Gesellschaftsrecht sowie im Vergaberecht. Herr Finkbeiner ber\u00e4t und vertritt Unternehmen in der Krise, ebenso wie Gesch\u00e4ftsf\u00fchrer, Gl\u00e4ubiger und andere Beteiligte im Insolvenzverfahren und gegen Insolvenzverwalter. Herr Finkbeiner ist ein erfahrener Prozessanwalt im Wirtschaftsrecht und Verteidiger in Wirtschaftsstrafsachen.","sameAs":["https:\/\/www.anwalt-finkbeiner.de"]}]}},"_links":{"self":[{"href":"https:\/\/finkbeiner-kanzlei.de\/en\/wp-json\/wp\/v2\/pages\/1189","targetHints":{"allow":["GET"]}}],"collection":[{"href":"https:\/\/finkbeiner-kanzlei.de\/en\/wp-json\/wp\/v2\/pages"}],"about":[{"href":"https:\/\/finkbeiner-kanzlei.de\/en\/wp-json\/wp\/v2\/types\/page"}],"author":[{"embeddable":true,"href":"https:\/\/finkbeiner-kanzlei.de\/en\/wp-json\/wp\/v2\/users\/3"}],"replies":[{"embeddable":true,"href":"https:\/\/finkbeiner-kanzlei.de\/en\/wp-json\/wp\/v2\/comments?post=1189"}],"version-history":[{"count":3,"href":"https:\/\/finkbeiner-kanzlei.de\/en\/wp-json\/wp\/v2\/pages\/1189\/revisions"}],"predecessor-version":[{"id":1677,"href":"https:\/\/finkbeiner-kanzlei.de\/en\/wp-json\/wp\/v2\/pages\/1189\/revisions\/1677"}],"wp:attachment":[{"href":"https:\/\/finkbeiner-kanzlei.de\/en\/wp-json\/wp\/v2\/media?parent=1189"}],"wp:term":[{"taxonomy":"post_tag","embeddable":true,"href":"https:\/\/finkbeiner-kanzlei.de\/en\/wp-json\/wp\/v2\/tags?post=1189"}],"curies":[{"name":"wp","href":"https:\/\/api.w.org\/{rel}","templated":true}]}}