{"id":1192,"date":"2018-08-28T10:21:55","date_gmt":"2018-08-28T10:21:55","guid":{"rendered":"https:\/\/finkbeiner-kanzlei.de\/insolvenzgruende-pruefen\/"},"modified":"2020-04-27T08:59:30","modified_gmt":"2020-04-27T08:59:30","slug":"reasons-for-insolvency","status":"publish","type":"page","link":"https:\/\/finkbeiner-kanzlei.de\/en\/reasons-for-insolvency\/","title":{"rendered":"Reasons for insolvency"},"content":{"rendered":"<div class=\"row\">\n<div class=\"col-md-6\">\n<h2><span lang=\"en-GB\">Reliable decision-making for business leaders<\/span><\/h2>\n<p><span lang=\"en-GB\">As part of our counselling services, we always check for you or your company the existence of insolvency grounds. These can be: imminent insolvency, inability to pay, or over-indebtedness. This question is particularly relevant for managing directors of GmbHs or other corporations, as the existence of such reasons for insolvency and a failure to file for insolvency without undue delay can lead to personal liability.<\/span><\/p>\n<p><span lang=\"en-GB\">Upon request, we can also formally assess the existence of insolvency grounds. Such a status report according to IDW S 11 standard is the best possible protection for you as a managing director in a crisis. The formal appraisal by a specialist lawyer for insolvency law is a good basis for argumentation in the event of liability allegations.<\/span><\/p>\n<p><img fetchpriority=\"high\" decoding=\"async\" class=\"alignnone size-full wp-image-861\" src=\"https:\/\/finkbeiner-kanzlei.de\/wp-content\/uploads\/2019\/04\/insolvenzgruende.jpg\" alt=\"\" width=\"580\" height=\"400\" srcset=\"https:\/\/finkbeiner-kanzlei.de\/wp-content\/uploads\/2019\/04\/insolvenzgruende.jpg 580w, https:\/\/finkbeiner-kanzlei.de\/wp-content\/uploads\/2019\/04\/insolvenzgruende-300x207.jpg 300w\" sizes=\"(max-width: 580px) 100vw, 580px\" \/><\/p>\n<p><span lang=\"en-GB\">Advice on the existence of grounds for insolvency can be the starting point for many scenarios:<\/span><\/p>\n<p><span lang=\"en-GB\">Many managing directors only want to develop a feeling for the crisis situation. If there are no reasons for insolvency, this is often very reassuring for many clients. Not every crisis leads to an obligation to file for insolvency. A counselling interview helps to put this into perspective.<\/span><\/p>\n<\/div>\n<div class=\"col-md-6\">\n<p><span lang=\"en-GB\">If there is an obligation to file for insolvency and the reasons for insolvency can no longer be eliminated, an insolvency application is essential to minimise your liability. Here it is then important to coordinate the right steps and measures. With us as consultants at your side you can avoid or at least reduce the numerous liability traps.<\/span><\/p>\n<h2><span lang=\"en-GB\">Regaining confidence in the crisis<\/span><\/h2>\n<p><span lang=\"en-GB\">With good strategic preparation, however, an insolvency application can also be the start of a restructuring process in which your company is taken over and continued by a new owner. It is also conceivable, however, to prepare the continuation of operations in insolvency proceedings or an insolvency plan procedure.<\/span><\/p>\n<p><span lang=\"en-GB\">Alternatively, we can support you in the course of the insolvency proceedings and help you to avoid errors with liability.<\/span><\/p>\n<p><span lang=\"en-GB\">If there is a possibility to eliminate the reasons for insolvency, our advice can be the starting point for a reorganisation at the end of which your company will emerge from the crisis strengthened. With our expertise, we can advise you and your company in a turn-around process and represent you in negotiations with your most difficult creditors. Subsequently, we can &#8211; if necessary in cooperation with your tax advisor &#8211; develop a restructuring concept for you and thus create the conditions for restructuring loans or successful negotiations with suppliers, your house bank or the tax authorities.<\/span><\/p>\n<p><span lang=\"en-GB\">We can offer you our competent support for every conceivable scenario in the area of insolvency law. Please do not hesitate to contact us.<\/span><\/p>\n<\/div>\n<\/div>\n","protected":false},"excerpt":{"rendered":"","protected":false},"author":3,"featured_media":0,"parent":0,"menu_order":11,"comment_status":"closed","ping_status":"closed","template":"","meta":{"_acf_changed":false,"inline_featured_image":false,"footnotes":""},"tags":[522,555,558,544,565,556,550,527,557,559,564,561,560,562,529,361,563],"class_list":["post-1192","page","type-page","status-publish","hentry","tag-betriebsfortfuehrung-im-insolvenzverfahren-en","tag-continuation-of-business-in-insolvency-proceedings","tag-examination-of-reasons-for-insolvency","tag-imminent-insolvency","tag-inability-to-pay","tag-inability-to-pay-that-has-occurred","tag-insolvency-plan-proceedings","tag-insolvenzplanverfahren-en","tag-liability-allegations","tag-minimization-of-liability","tag-omitted-insolvency-application","tag-reorganization-concept","tag-reorganization-loan","tag-reorganization-process","tag-sanierungsdarlehen-en","tag-sanierungsdarlehen","tag-status-report"],"acf":[],"yoast_head":"<!-- This site is optimized with the Yoast SEO plugin v27.4 - https:\/\/yoast.com\/product\/yoast-seo-wordpress\/ -->\n<title>Insolvenzgr\u00fcnde pr\u00fcfen - Zahlungsunf\u00e4higkeit oder \u00dcberschuldung<\/title>\n<meta name=\"description\" content=\"F\u00fcr Gesch\u00e4ftsf\u00fchrer von GmbHs oder anderen Kapitalgesellschaften ist diese Frage besonders relevant, da das Vorliegen von Insolvenzgr\u00fcnden und ein unterlassener Insolvenzantrag zu einer pers\u00f6nlichen Haftung f\u00fchren kann. Statusgutachten nach IDW S 11-Standard als Absicherung.\" \/>\n<meta name=\"robots\" content=\"index, follow, max-snippet:-1, max-image-preview:large, max-video-preview:-1\" \/>\n<link rel=\"canonical\" href=\"https:\/\/finkbeiner-kanzlei.de\/en\/reasons-for-insolvency\/\" \/>\n<meta property=\"og:locale\" content=\"en_US\" \/>\n<meta property=\"og:type\" content=\"article\" \/>\n<meta property=\"og:title\" content=\"Insolvenzgr\u00fcnde pr\u00fcfen - Zahlungsunf\u00e4higkeit oder \u00dcberschuldung\" \/>\n<meta property=\"og:description\" content=\"F\u00fcr Gesch\u00e4ftsf\u00fchrer von GmbHs oder anderen Kapitalgesellschaften ist diese Frage besonders relevant, da das Vorliegen von Insolvenzgr\u00fcnden und ein unterlassener Insolvenzantrag zu einer pers\u00f6nlichen Haftung f\u00fchren kann. Statusgutachten nach IDW S 11-Standard als Absicherung.\" \/>\n<meta property=\"og:url\" content=\"https:\/\/finkbeiner-kanzlei.de\/en\/reasons-for-insolvency\/\" \/>\n<meta property=\"og:site_name\" content=\"Finkbeiner Kanzlei\" \/>\n<meta property=\"article:modified_time\" content=\"2020-04-27T08:59:30+00:00\" \/>\n<meta property=\"og:image\" content=\"https:\/\/finkbeiner-kanzlei.de\/wp-content\/uploads\/2019\/04\/insolvenzgruende.jpg\" \/>\n<meta name=\"twitter:card\" content=\"summary_large_image\" \/>\n<meta name=\"twitter:label1\" content=\"Est. reading time\" \/>\n\t<meta name=\"twitter:data1\" content=\"2 minutes\" \/>\n<script type=\"application\/ld+json\" class=\"yoast-schema-graph\">{\"@context\":\"https:\\\/\\\/schema.org\",\"@graph\":[{\"@type\":\"WebPage\",\"@id\":\"https:\\\/\\\/finkbeiner-kanzlei.de\\\/en\\\/reasons-for-insolvency\\\/\",\"url\":\"https:\\\/\\\/finkbeiner-kanzlei.de\\\/en\\\/reasons-for-insolvency\\\/\",\"name\":\"Insolvenzgr\u00fcnde pr\u00fcfen - Zahlungsunf\u00e4higkeit oder \u00dcberschuldung\",\"isPartOf\":{\"@id\":\"https:\\\/\\\/finkbeiner-kanzlei.de\\\/en\\\/#website\"},\"primaryImageOfPage\":{\"@id\":\"https:\\\/\\\/finkbeiner-kanzlei.de\\\/en\\\/reasons-for-insolvency\\\/#primaryimage\"},\"image\":{\"@id\":\"https:\\\/\\\/finkbeiner-kanzlei.de\\\/en\\\/reasons-for-insolvency\\\/#primaryimage\"},\"thumbnailUrl\":\"https:\\\/\\\/finkbeiner-kanzlei.de\\\/wp-content\\\/uploads\\\/2019\\\/04\\\/insolvenzgruende.jpg\",\"datePublished\":\"2018-08-28T10:21:55+00:00\",\"dateModified\":\"2020-04-27T08:59:30+00:00\",\"description\":\"F\u00fcr Gesch\u00e4ftsf\u00fchrer von GmbHs oder anderen Kapitalgesellschaften ist diese Frage besonders relevant, da das Vorliegen von Insolvenzgr\u00fcnden und ein unterlassener Insolvenzantrag zu einer pers\u00f6nlichen Haftung f\u00fchren kann. Statusgutachten nach IDW S 11-Standard als Absicherung.\",\"breadcrumb\":{\"@id\":\"https:\\\/\\\/finkbeiner-kanzlei.de\\\/en\\\/reasons-for-insolvency\\\/#breadcrumb\"},\"inLanguage\":\"en-US\",\"potentialAction\":[{\"@type\":\"ReadAction\",\"target\":[\"https:\\\/\\\/finkbeiner-kanzlei.de\\\/en\\\/reasons-for-insolvency\\\/\"]}]},{\"@type\":\"ImageObject\",\"inLanguage\":\"en-US\",\"@id\":\"https:\\\/\\\/finkbeiner-kanzlei.de\\\/en\\\/reasons-for-insolvency\\\/#primaryimage\",\"url\":\"https:\\\/\\\/finkbeiner-kanzlei.de\\\/wp-content\\\/uploads\\\/2019\\\/04\\\/insolvenzgruende.jpg\",\"contentUrl\":\"https:\\\/\\\/finkbeiner-kanzlei.de\\\/wp-content\\\/uploads\\\/2019\\\/04\\\/insolvenzgruende.jpg\"},{\"@type\":\"BreadcrumbList\",\"@id\":\"https:\\\/\\\/finkbeiner-kanzlei.de\\\/en\\\/reasons-for-insolvency\\\/#breadcrumb\",\"itemListElement\":[{\"@type\":\"ListItem\",\"position\":1,\"name\":\"Startseite\",\"item\":\"https:\\\/\\\/finkbeiner-kanzlei.de\\\/en\\\/\"},{\"@type\":\"ListItem\",\"position\":2,\"name\":\"Reasons for insolvency\"}]},{\"@type\":\"WebSite\",\"@id\":\"https:\\\/\\\/finkbeiner-kanzlei.de\\\/en\\\/#website\",\"url\":\"https:\\\/\\\/finkbeiner-kanzlei.de\\\/en\\\/\",\"name\":\"Finkbeiner Kanzlei\",\"description\":\"Anwaltskanzlei f\u00fcr Wirtschaftsrecht, Insolvenzrecht und Prozessrecht\",\"publisher\":{\"@id\":\"https:\\\/\\\/finkbeiner-kanzlei.de\\\/en\\\/#\\\/schema\\\/person\\\/82fb4d962f5edb406c94928cf461bbde\"},\"potentialAction\":[{\"@type\":\"SearchAction\",\"target\":{\"@type\":\"EntryPoint\",\"urlTemplate\":\"https:\\\/\\\/finkbeiner-kanzlei.de\\\/en\\\/?s={search_term_string}\"},\"query-input\":{\"@type\":\"PropertyValueSpecification\",\"valueRequired\":true,\"valueName\":\"search_term_string\"}}],\"inLanguage\":\"en-US\"},{\"@type\":[\"Person\",\"Organization\"],\"@id\":\"https:\\\/\\\/finkbeiner-kanzlei.de\\\/en\\\/#\\\/schema\\\/person\\\/82fb4d962f5edb406c94928cf461bbde\",\"name\":\"Claudius Finkbeiner\",\"image\":{\"@type\":\"ImageObject\",\"inLanguage\":\"en-US\",\"@id\":\"https:\\\/\\\/finkbeiner-kanzlei.de\\\/wp-content\\\/uploads\\\/2017\\\/12\\\/5C66DF9B-A999-44A1-969D-4233F47A5B77-96x96.jpg\",\"url\":\"https:\\\/\\\/finkbeiner-kanzlei.de\\\/wp-content\\\/uploads\\\/2017\\\/12\\\/5C66DF9B-A999-44A1-969D-4233F47A5B77-96x96.jpg\",\"contentUrl\":\"https:\\\/\\\/finkbeiner-kanzlei.de\\\/wp-content\\\/uploads\\\/2017\\\/12\\\/5C66DF9B-A999-44A1-969D-4233F47A5B77-96x96.jpg\",\"caption\":\"Claudius Finkbeiner\"},\"logo\":{\"@id\":\"https:\\\/\\\/finkbeiner-kanzlei.de\\\/wp-content\\\/uploads\\\/2017\\\/12\\\/5C66DF9B-A999-44A1-969D-4233F47A5B77-96x96.jpg\"},\"description\":\"Herr Finkbeiner ist seit dem Jahr 2009 als Rechtsanwalt t\u00e4tig. Sein Schwerpunkt liegt im wirtschaftsrechtlichen Bereich, insbesondere im Insolvenz-, Vertrags- und Gesellschaftsrecht sowie im Vergaberecht. Herr Finkbeiner ber\u00e4t und vertritt Unternehmen in der Krise, ebenso wie Gesch\u00e4ftsf\u00fchrer, Gl\u00e4ubiger und andere Beteiligte im Insolvenzverfahren und gegen Insolvenzverwalter. Herr Finkbeiner ist ein erfahrener Prozessanwalt im Wirtschaftsrecht und Verteidiger in Wirtschaftsstrafsachen.\",\"sameAs\":[\"https:\\\/\\\/www.anwalt-finkbeiner.de\"]}]}<\/script>\n<!-- \/ Yoast SEO plugin. -->","yoast_head_json":{"title":"Insolvenzgr\u00fcnde pr\u00fcfen - Zahlungsunf\u00e4higkeit oder \u00dcberschuldung","description":"F\u00fcr Gesch\u00e4ftsf\u00fchrer von GmbHs oder anderen Kapitalgesellschaften ist diese Frage besonders relevant, da das Vorliegen von Insolvenzgr\u00fcnden und ein unterlassener Insolvenzantrag zu einer pers\u00f6nlichen Haftung f\u00fchren kann. Statusgutachten nach IDW S 11-Standard als Absicherung.","robots":{"index":"index","follow":"follow","max-snippet":"max-snippet:-1","max-image-preview":"max-image-preview:large","max-video-preview":"max-video-preview:-1"},"canonical":"https:\/\/finkbeiner-kanzlei.de\/en\/reasons-for-insolvency\/","og_locale":"en_US","og_type":"article","og_title":"Insolvenzgr\u00fcnde pr\u00fcfen - Zahlungsunf\u00e4higkeit oder \u00dcberschuldung","og_description":"F\u00fcr Gesch\u00e4ftsf\u00fchrer von GmbHs oder anderen Kapitalgesellschaften ist diese Frage besonders relevant, da das Vorliegen von Insolvenzgr\u00fcnden und ein unterlassener Insolvenzantrag zu einer pers\u00f6nlichen Haftung f\u00fchren kann. Statusgutachten nach IDW S 11-Standard als Absicherung.","og_url":"https:\/\/finkbeiner-kanzlei.de\/en\/reasons-for-insolvency\/","og_site_name":"Finkbeiner Kanzlei","article_modified_time":"2020-04-27T08:59:30+00:00","og_image":[{"url":"https:\/\/finkbeiner-kanzlei.de\/wp-content\/uploads\/2019\/04\/insolvenzgruende.jpg","type":"","width":"","height":""}],"twitter_card":"summary_large_image","twitter_misc":{"Est. reading time":"2 minutes"},"schema":{"@context":"https:\/\/schema.org","@graph":[{"@type":"WebPage","@id":"https:\/\/finkbeiner-kanzlei.de\/en\/reasons-for-insolvency\/","url":"https:\/\/finkbeiner-kanzlei.de\/en\/reasons-for-insolvency\/","name":"Insolvenzgr\u00fcnde pr\u00fcfen - Zahlungsunf\u00e4higkeit oder \u00dcberschuldung","isPartOf":{"@id":"https:\/\/finkbeiner-kanzlei.de\/en\/#website"},"primaryImageOfPage":{"@id":"https:\/\/finkbeiner-kanzlei.de\/en\/reasons-for-insolvency\/#primaryimage"},"image":{"@id":"https:\/\/finkbeiner-kanzlei.de\/en\/reasons-for-insolvency\/#primaryimage"},"thumbnailUrl":"https:\/\/finkbeiner-kanzlei.de\/wp-content\/uploads\/2019\/04\/insolvenzgruende.jpg","datePublished":"2018-08-28T10:21:55+00:00","dateModified":"2020-04-27T08:59:30+00:00","description":"F\u00fcr Gesch\u00e4ftsf\u00fchrer von GmbHs oder anderen Kapitalgesellschaften ist diese Frage besonders relevant, da das Vorliegen von Insolvenzgr\u00fcnden und ein unterlassener Insolvenzantrag zu einer pers\u00f6nlichen Haftung f\u00fchren kann. Statusgutachten nach IDW S 11-Standard als Absicherung.","breadcrumb":{"@id":"https:\/\/finkbeiner-kanzlei.de\/en\/reasons-for-insolvency\/#breadcrumb"},"inLanguage":"en-US","potentialAction":[{"@type":"ReadAction","target":["https:\/\/finkbeiner-kanzlei.de\/en\/reasons-for-insolvency\/"]}]},{"@type":"ImageObject","inLanguage":"en-US","@id":"https:\/\/finkbeiner-kanzlei.de\/en\/reasons-for-insolvency\/#primaryimage","url":"https:\/\/finkbeiner-kanzlei.de\/wp-content\/uploads\/2019\/04\/insolvenzgruende.jpg","contentUrl":"https:\/\/finkbeiner-kanzlei.de\/wp-content\/uploads\/2019\/04\/insolvenzgruende.jpg"},{"@type":"BreadcrumbList","@id":"https:\/\/finkbeiner-kanzlei.de\/en\/reasons-for-insolvency\/#breadcrumb","itemListElement":[{"@type":"ListItem","position":1,"name":"Startseite","item":"https:\/\/finkbeiner-kanzlei.de\/en\/"},{"@type":"ListItem","position":2,"name":"Reasons for insolvency"}]},{"@type":"WebSite","@id":"https:\/\/finkbeiner-kanzlei.de\/en\/#website","url":"https:\/\/finkbeiner-kanzlei.de\/en\/","name":"Finkbeiner Kanzlei","description":"Anwaltskanzlei f\u00fcr Wirtschaftsrecht, Insolvenzrecht und Prozessrecht","publisher":{"@id":"https:\/\/finkbeiner-kanzlei.de\/en\/#\/schema\/person\/82fb4d962f5edb406c94928cf461bbde"},"potentialAction":[{"@type":"SearchAction","target":{"@type":"EntryPoint","urlTemplate":"https:\/\/finkbeiner-kanzlei.de\/en\/?s={search_term_string}"},"query-input":{"@type":"PropertyValueSpecification","valueRequired":true,"valueName":"search_term_string"}}],"inLanguage":"en-US"},{"@type":["Person","Organization"],"@id":"https:\/\/finkbeiner-kanzlei.de\/en\/#\/schema\/person\/82fb4d962f5edb406c94928cf461bbde","name":"Claudius Finkbeiner","image":{"@type":"ImageObject","inLanguage":"en-US","@id":"https:\/\/finkbeiner-kanzlei.de\/wp-content\/uploads\/2017\/12\/5C66DF9B-A999-44A1-969D-4233F47A5B77-96x96.jpg","url":"https:\/\/finkbeiner-kanzlei.de\/wp-content\/uploads\/2017\/12\/5C66DF9B-A999-44A1-969D-4233F47A5B77-96x96.jpg","contentUrl":"https:\/\/finkbeiner-kanzlei.de\/wp-content\/uploads\/2017\/12\/5C66DF9B-A999-44A1-969D-4233F47A5B77-96x96.jpg","caption":"Claudius Finkbeiner"},"logo":{"@id":"https:\/\/finkbeiner-kanzlei.de\/wp-content\/uploads\/2017\/12\/5C66DF9B-A999-44A1-969D-4233F47A5B77-96x96.jpg"},"description":"Herr Finkbeiner ist seit dem Jahr 2009 als Rechtsanwalt t\u00e4tig. Sein Schwerpunkt liegt im wirtschaftsrechtlichen Bereich, insbesondere im Insolvenz-, Vertrags- und Gesellschaftsrecht sowie im Vergaberecht. Herr Finkbeiner ber\u00e4t und vertritt Unternehmen in der Krise, ebenso wie Gesch\u00e4ftsf\u00fchrer, Gl\u00e4ubiger und andere Beteiligte im Insolvenzverfahren und gegen Insolvenzverwalter. Herr Finkbeiner ist ein erfahrener Prozessanwalt im Wirtschaftsrecht und Verteidiger in Wirtschaftsstrafsachen.","sameAs":["https:\/\/www.anwalt-finkbeiner.de"]}]}},"_links":{"self":[{"href":"https:\/\/finkbeiner-kanzlei.de\/en\/wp-json\/wp\/v2\/pages\/1192","targetHints":{"allow":["GET"]}}],"collection":[{"href":"https:\/\/finkbeiner-kanzlei.de\/en\/wp-json\/wp\/v2\/pages"}],"about":[{"href":"https:\/\/finkbeiner-kanzlei.de\/en\/wp-json\/wp\/v2\/types\/page"}],"author":[{"embeddable":true,"href":"https:\/\/finkbeiner-kanzlei.de\/en\/wp-json\/wp\/v2\/users\/3"}],"replies":[{"embeddable":true,"href":"https:\/\/finkbeiner-kanzlei.de\/en\/wp-json\/wp\/v2\/comments?post=1192"}],"version-history":[{"count":2,"href":"https:\/\/finkbeiner-kanzlei.de\/en\/wp-json\/wp\/v2\/pages\/1192\/revisions"}],"predecessor-version":[{"id":1194,"href":"https:\/\/finkbeiner-kanzlei.de\/en\/wp-json\/wp\/v2\/pages\/1192\/revisions\/1194"}],"wp:attachment":[{"href":"https:\/\/finkbeiner-kanzlei.de\/en\/wp-json\/wp\/v2\/media?parent=1192"}],"wp:term":[{"taxonomy":"post_tag","embeddable":true,"href":"https:\/\/finkbeiner-kanzlei.de\/en\/wp-json\/wp\/v2\/tags?post=1192"}],"curies":[{"name":"wp","href":"https:\/\/api.w.org\/{rel}","templated":true}]}}