{"id":1195,"date":"2018-08-28T10:10:50","date_gmt":"2018-08-28T10:10:50","guid":{"rendered":"https:\/\/finkbeiner-kanzlei.de\/insolvenzantrag-fuer-unternehmen\/"},"modified":"2020-04-27T08:39:35","modified_gmt":"2020-04-27T08:39:35","slug":"insolvency-application-for-companies","status":"publish","type":"page","link":"https:\/\/finkbeiner-kanzlei.de\/en\/insolvency-application-for-companies\/","title":{"rendered":"Insolvency application for companies"},"content":{"rendered":"<div class=\"row\">\n<div class=\"col-md-6\">\n<h2><span lang=\"en-GB\"><b>Legal support during a difficult step<\/b><\/span><\/h2>\n<p><span lang=\"en-GB\">An insolvency application for a company, be it a sole proprietorship, a GmbH or any other legal form, is always a difficult step for all parties involved. It comes with numerous legal questions which must be competently discussed and classified in advance. We support you with our expertise as lawyers specialising in insolvency law in all aspects of the insolvency application and in all conceivable scenarios.<\/span><\/p>\n<p><img fetchpriority=\"high\" decoding=\"async\" class=\"alignnone size-full wp-image-863\" src=\"https:\/\/finkbeiner-kanzlei.de\/wp-content\/uploads\/2019\/04\/insolvenzantrag.jpg\" alt=\"\" width=\"580\" height=\"400\" srcset=\"https:\/\/finkbeiner-kanzlei.de\/wp-content\/uploads\/2019\/04\/insolvenzantrag.jpg 580w, https:\/\/finkbeiner-kanzlei.de\/wp-content\/uploads\/2019\/04\/insolvenzantrag-300x207.jpg 300w\" sizes=\"(max-width: 580px) 100vw, 580px\" \/><\/p>\n<p>&nbsp;<\/p>\n<p><span lang=\"en-GB\"><i>Insolvency application for private individuals?<\/i><\/span><\/p>\n<p><span lang=\"en-GB\"><i>You can find further information here!<\/i><\/span><\/p>\n<p><span lang=\"en-GB\">Firstly, it is necessary to question the reasons for the insolvency application. Is it an mandatory application as is often the case with limited liability companies, is it a voluntary application by an entrepreneur with the aim of being released from debts at the end of the proceedings or is there already a third-party application by a creditor? Are there still private assets or retirement provisions? What happens to the family property in insolvency proceedings? In each of these constellations there are numerous legal questions and possible arrangements. For this reason alone, an insolvency application should never be made without prior individual consultation. Once a provisional insolvency administrator has been appointed, you will lose your ability to influence the proceedings. We support you in taking the right measures and, in the best case, help you to preserve existing value or at least minimise your liability.<\/span><\/p>\n<\/div>\n<div class=\"col-md-6\">\n<p><span lang=\"en-GB\">A further advantage of the application consultation is that we can show you in the first consultation whether and under what conditions you can continue your business and what design potential the Insolvency Code offers for your company.<\/span><\/p>\n<h2><span lang=\"en-GB\">Avoiding liability through expert advice<\/span><\/h2>\n<p><span lang=\"en-GB\">When filing for insolvency, it should also be noted that even a late or incorrectly formulated insolvency application can have serious legal consequences, up to and including criminal charges fordelaying insolvency, or can lead to you not being released from your debts at the end of the proceedings.<\/span><\/p>\n<p><span lang=\"en-GB\"><b>Head and hands free in the crisis<\/b><\/span><\/p>\n<p><span lang=\"en-GB\">If you wish, we can take over all the work involved in filing for insolvency. Bring all your creditor documents to the initial meeting, we will complete the application forms in consultation with you and draw up a list of creditors. This will allow you to concentrate on your core business during a company crisis. In this way you avoid liability risks from the very beginning and start insolvency proceedings with the best possible conditions under the circumstances, despite the difficult conditions.<\/span><\/p>\n<p><span lang=\"en-GB\">If you wish, we will of course accompany you to the first meeting with the expert and provisional insolvency administrator and also in the later course of the proceedings. The fact that you will be advised and accompanied by specialist lawyers opens up fundamentally different possibilities for structuring the proceedings. Thanks to my many years of experience and knowledge of the industry, we are in a position to recognise the intentions of the insolvency administrator and to show you options for action at an early stage. This gives you a much broader range of action than if you represent yourself alone or consult a lawyer who is an expert in another field.<\/span><\/p>\n<p><span lang=\"en-GB\">Call us without obligation if you are considering filing for insolvency. Together we will sound out your options for action.<\/span><\/p>\n<\/div>\n<\/div>\n","protected":false},"excerpt":{"rendered":"","protected":false},"author":3,"featured_media":0,"parent":0,"menu_order":9,"comment_status":"closed","ping_status":"closed","template":"","meta":{"_acf_changed":false,"inline_featured_image":false,"footnotes":""},"tags":[],"class_list":["post-1195","page","type-page","status-publish","hentry"],"acf":[],"yoast_head":"<!-- This site is optimized with the Yoast SEO plugin v27.5 - https:\/\/yoast.com\/product\/yoast-seo-wordpress\/ -->\n<title>Insolvenzantrag f\u00fcr Unternehmen - Insolvenz beantragen, Haftung vermeiden<\/title>\n<meta name=\"description\" content=\"Ein Insolvenzantrag f\u00fcr ein Unternehmen bringt zahlreiche rechtliche Fragen mit sich, die vorher kompetent besprochen und eingeordnet werden m\u00fcssen. Ich unterst\u00fctze Sie mit meiner fachanwaltlichen Kompetenz bei allen Aspekten des Insolvenzantrages und in allen denkbaren Szenarien.\" \/>\n<meta name=\"robots\" content=\"index, follow, max-snippet:-1, max-image-preview:large, max-video-preview:-1\" \/>\n<link rel=\"canonical\" href=\"https:\/\/finkbeiner-kanzlei.de\/en\/insolvency-application-for-companies\/\" \/>\n<meta property=\"og:locale\" content=\"en_US\" \/>\n<meta property=\"og:type\" content=\"article\" \/>\n<meta property=\"og:title\" content=\"Insolvenzantrag f\u00fcr Unternehmen - Insolvenz beantragen, Haftung vermeiden\" \/>\n<meta property=\"og:description\" content=\"Ein Insolvenzantrag f\u00fcr ein Unternehmen bringt zahlreiche rechtliche Fragen mit sich, die vorher kompetent besprochen und eingeordnet werden m\u00fcssen. Ich unterst\u00fctze Sie mit meiner fachanwaltlichen Kompetenz bei allen Aspekten des Insolvenzantrages und in allen denkbaren Szenarien.\" \/>\n<meta property=\"og:url\" content=\"https:\/\/finkbeiner-kanzlei.de\/en\/insolvency-application-for-companies\/\" \/>\n<meta property=\"og:site_name\" content=\"Finkbeiner Kanzlei\" \/>\n<meta property=\"article:modified_time\" content=\"2020-04-27T08:39:35+00:00\" \/>\n<meta property=\"og:image\" content=\"https:\/\/finkbeiner-kanzlei.de\/wp-content\/uploads\/2019\/04\/insolvenzantrag.jpg\" \/>\n<meta name=\"twitter:card\" content=\"summary_large_image\" \/>\n<meta name=\"twitter:label1\" content=\"Est. reading time\" \/>\n\t<meta name=\"twitter:data1\" content=\"3 minutes\" \/>\n<script type=\"application\/ld+json\" class=\"yoast-schema-graph\">{\"@context\":\"https:\\\/\\\/schema.org\",\"@graph\":[{\"@type\":\"WebPage\",\"@id\":\"https:\\\/\\\/finkbeiner-kanzlei.de\\\/en\\\/insolvency-application-for-companies\\\/\",\"url\":\"https:\\\/\\\/finkbeiner-kanzlei.de\\\/en\\\/insolvency-application-for-companies\\\/\",\"name\":\"Insolvenzantrag f\u00fcr Unternehmen - Insolvenz beantragen, Haftung vermeiden\",\"isPartOf\":{\"@id\":\"https:\\\/\\\/finkbeiner-kanzlei.de\\\/en\\\/#website\"},\"primaryImageOfPage\":{\"@id\":\"https:\\\/\\\/finkbeiner-kanzlei.de\\\/en\\\/insolvency-application-for-companies\\\/#primaryimage\"},\"image\":{\"@id\":\"https:\\\/\\\/finkbeiner-kanzlei.de\\\/en\\\/insolvency-application-for-companies\\\/#primaryimage\"},\"thumbnailUrl\":\"https:\\\/\\\/finkbeiner-kanzlei.de\\\/wp-content\\\/uploads\\\/2019\\\/04\\\/insolvenzantrag.jpg\",\"datePublished\":\"2018-08-28T10:10:50+00:00\",\"dateModified\":\"2020-04-27T08:39:35+00:00\",\"description\":\"Ein Insolvenzantrag f\u00fcr ein Unternehmen bringt zahlreiche rechtliche Fragen mit sich, die vorher kompetent besprochen und eingeordnet werden m\u00fcssen. Ich unterst\u00fctze Sie mit meiner fachanwaltlichen Kompetenz bei allen Aspekten des Insolvenzantrages und in allen denkbaren Szenarien.\",\"breadcrumb\":{\"@id\":\"https:\\\/\\\/finkbeiner-kanzlei.de\\\/en\\\/insolvency-application-for-companies\\\/#breadcrumb\"},\"inLanguage\":\"en-US\",\"potentialAction\":[{\"@type\":\"ReadAction\",\"target\":[\"https:\\\/\\\/finkbeiner-kanzlei.de\\\/en\\\/insolvency-application-for-companies\\\/\"]}]},{\"@type\":\"ImageObject\",\"inLanguage\":\"en-US\",\"@id\":\"https:\\\/\\\/finkbeiner-kanzlei.de\\\/en\\\/insolvency-application-for-companies\\\/#primaryimage\",\"url\":\"https:\\\/\\\/finkbeiner-kanzlei.de\\\/wp-content\\\/uploads\\\/2019\\\/04\\\/insolvenzantrag.jpg\",\"contentUrl\":\"https:\\\/\\\/finkbeiner-kanzlei.de\\\/wp-content\\\/uploads\\\/2019\\\/04\\\/insolvenzantrag.jpg\"},{\"@type\":\"BreadcrumbList\",\"@id\":\"https:\\\/\\\/finkbeiner-kanzlei.de\\\/en\\\/insolvency-application-for-companies\\\/#breadcrumb\",\"itemListElement\":[{\"@type\":\"ListItem\",\"position\":1,\"name\":\"Startseite\",\"item\":\"https:\\\/\\\/finkbeiner-kanzlei.de\\\/en\\\/\"},{\"@type\":\"ListItem\",\"position\":2,\"name\":\"Insolvency application for companies\"}]},{\"@type\":\"WebSite\",\"@id\":\"https:\\\/\\\/finkbeiner-kanzlei.de\\\/en\\\/#website\",\"url\":\"https:\\\/\\\/finkbeiner-kanzlei.de\\\/en\\\/\",\"name\":\"Finkbeiner Kanzlei\",\"description\":\"Anwaltskanzlei f\u00fcr Wirtschaftsrecht, Insolvenzrecht und Prozessrecht\",\"publisher\":{\"@id\":\"https:\\\/\\\/finkbeiner-kanzlei.de\\\/en\\\/#\\\/schema\\\/person\\\/82fb4d962f5edb406c94928cf461bbde\"},\"potentialAction\":[{\"@type\":\"SearchAction\",\"target\":{\"@type\":\"EntryPoint\",\"urlTemplate\":\"https:\\\/\\\/finkbeiner-kanzlei.de\\\/en\\\/?s={search_term_string}\"},\"query-input\":{\"@type\":\"PropertyValueSpecification\",\"valueRequired\":true,\"valueName\":\"search_term_string\"}}],\"inLanguage\":\"en-US\"},{\"@type\":[\"Person\",\"Organization\"],\"@id\":\"https:\\\/\\\/finkbeiner-kanzlei.de\\\/en\\\/#\\\/schema\\\/person\\\/82fb4d962f5edb406c94928cf461bbde\",\"name\":\"Claudius Finkbeiner\",\"image\":{\"@type\":\"ImageObject\",\"inLanguage\":\"en-US\",\"@id\":\"https:\\\/\\\/finkbeiner-kanzlei.de\\\/wp-content\\\/uploads\\\/2017\\\/12\\\/5C66DF9B-A999-44A1-969D-4233F47A5B77-96x96.jpg\",\"url\":\"https:\\\/\\\/finkbeiner-kanzlei.de\\\/wp-content\\\/uploads\\\/2017\\\/12\\\/5C66DF9B-A999-44A1-969D-4233F47A5B77-96x96.jpg\",\"contentUrl\":\"https:\\\/\\\/finkbeiner-kanzlei.de\\\/wp-content\\\/uploads\\\/2017\\\/12\\\/5C66DF9B-A999-44A1-969D-4233F47A5B77-96x96.jpg\",\"caption\":\"Claudius Finkbeiner\"},\"logo\":{\"@id\":\"https:\\\/\\\/finkbeiner-kanzlei.de\\\/wp-content\\\/uploads\\\/2017\\\/12\\\/5C66DF9B-A999-44A1-969D-4233F47A5B77-96x96.jpg\"},\"description\":\"Herr Finkbeiner ist seit dem Jahr 2009 als Rechtsanwalt t\u00e4tig. Sein Schwerpunkt liegt im wirtschaftsrechtlichen Bereich, insbesondere im Insolvenz-, Vertrags- und Gesellschaftsrecht sowie im Vergaberecht. Herr Finkbeiner ber\u00e4t und vertritt Unternehmen in der Krise, ebenso wie Gesch\u00e4ftsf\u00fchrer, Gl\u00e4ubiger und andere Beteiligte im Insolvenzverfahren und gegen Insolvenzverwalter. Herr Finkbeiner ist ein erfahrener Prozessanwalt im Wirtschaftsrecht und Verteidiger in Wirtschaftsstrafsachen.\",\"sameAs\":[\"https:\\\/\\\/www.anwalt-finkbeiner.de\"]}]}<\/script>\n<!-- \/ Yoast SEO plugin. -->","yoast_head_json":{"title":"Insolvenzantrag f\u00fcr Unternehmen - Insolvenz beantragen, Haftung vermeiden","description":"Ein Insolvenzantrag f\u00fcr ein Unternehmen bringt zahlreiche rechtliche Fragen mit sich, die vorher kompetent besprochen und eingeordnet werden m\u00fcssen. Ich unterst\u00fctze Sie mit meiner fachanwaltlichen Kompetenz bei allen Aspekten des Insolvenzantrages und in allen denkbaren Szenarien.","robots":{"index":"index","follow":"follow","max-snippet":"max-snippet:-1","max-image-preview":"max-image-preview:large","max-video-preview":"max-video-preview:-1"},"canonical":"https:\/\/finkbeiner-kanzlei.de\/en\/insolvency-application-for-companies\/","og_locale":"en_US","og_type":"article","og_title":"Insolvenzantrag f\u00fcr Unternehmen - Insolvenz beantragen, Haftung vermeiden","og_description":"Ein Insolvenzantrag f\u00fcr ein Unternehmen bringt zahlreiche rechtliche Fragen mit sich, die vorher kompetent besprochen und eingeordnet werden m\u00fcssen. Ich unterst\u00fctze Sie mit meiner fachanwaltlichen Kompetenz bei allen Aspekten des Insolvenzantrages und in allen denkbaren Szenarien.","og_url":"https:\/\/finkbeiner-kanzlei.de\/en\/insolvency-application-for-companies\/","og_site_name":"Finkbeiner Kanzlei","article_modified_time":"2020-04-27T08:39:35+00:00","og_image":[{"url":"https:\/\/finkbeiner-kanzlei.de\/wp-content\/uploads\/2019\/04\/insolvenzantrag.jpg","type":"","width":"","height":""}],"twitter_card":"summary_large_image","twitter_misc":{"Est. reading time":"3 minutes"},"schema":{"@context":"https:\/\/schema.org","@graph":[{"@type":"WebPage","@id":"https:\/\/finkbeiner-kanzlei.de\/en\/insolvency-application-for-companies\/","url":"https:\/\/finkbeiner-kanzlei.de\/en\/insolvency-application-for-companies\/","name":"Insolvenzantrag f\u00fcr Unternehmen - Insolvenz beantragen, Haftung vermeiden","isPartOf":{"@id":"https:\/\/finkbeiner-kanzlei.de\/en\/#website"},"primaryImageOfPage":{"@id":"https:\/\/finkbeiner-kanzlei.de\/en\/insolvency-application-for-companies\/#primaryimage"},"image":{"@id":"https:\/\/finkbeiner-kanzlei.de\/en\/insolvency-application-for-companies\/#primaryimage"},"thumbnailUrl":"https:\/\/finkbeiner-kanzlei.de\/wp-content\/uploads\/2019\/04\/insolvenzantrag.jpg","datePublished":"2018-08-28T10:10:50+00:00","dateModified":"2020-04-27T08:39:35+00:00","description":"Ein Insolvenzantrag f\u00fcr ein Unternehmen bringt zahlreiche rechtliche Fragen mit sich, die vorher kompetent besprochen und eingeordnet werden m\u00fcssen. Ich unterst\u00fctze Sie mit meiner fachanwaltlichen Kompetenz bei allen Aspekten des Insolvenzantrages und in allen denkbaren Szenarien.","breadcrumb":{"@id":"https:\/\/finkbeiner-kanzlei.de\/en\/insolvency-application-for-companies\/#breadcrumb"},"inLanguage":"en-US","potentialAction":[{"@type":"ReadAction","target":["https:\/\/finkbeiner-kanzlei.de\/en\/insolvency-application-for-companies\/"]}]},{"@type":"ImageObject","inLanguage":"en-US","@id":"https:\/\/finkbeiner-kanzlei.de\/en\/insolvency-application-for-companies\/#primaryimage","url":"https:\/\/finkbeiner-kanzlei.de\/wp-content\/uploads\/2019\/04\/insolvenzantrag.jpg","contentUrl":"https:\/\/finkbeiner-kanzlei.de\/wp-content\/uploads\/2019\/04\/insolvenzantrag.jpg"},{"@type":"BreadcrumbList","@id":"https:\/\/finkbeiner-kanzlei.de\/en\/insolvency-application-for-companies\/#breadcrumb","itemListElement":[{"@type":"ListItem","position":1,"name":"Startseite","item":"https:\/\/finkbeiner-kanzlei.de\/en\/"},{"@type":"ListItem","position":2,"name":"Insolvency application for companies"}]},{"@type":"WebSite","@id":"https:\/\/finkbeiner-kanzlei.de\/en\/#website","url":"https:\/\/finkbeiner-kanzlei.de\/en\/","name":"Finkbeiner Kanzlei","description":"Anwaltskanzlei f\u00fcr Wirtschaftsrecht, Insolvenzrecht und Prozessrecht","publisher":{"@id":"https:\/\/finkbeiner-kanzlei.de\/en\/#\/schema\/person\/82fb4d962f5edb406c94928cf461bbde"},"potentialAction":[{"@type":"SearchAction","target":{"@type":"EntryPoint","urlTemplate":"https:\/\/finkbeiner-kanzlei.de\/en\/?s={search_term_string}"},"query-input":{"@type":"PropertyValueSpecification","valueRequired":true,"valueName":"search_term_string"}}],"inLanguage":"en-US"},{"@type":["Person","Organization"],"@id":"https:\/\/finkbeiner-kanzlei.de\/en\/#\/schema\/person\/82fb4d962f5edb406c94928cf461bbde","name":"Claudius Finkbeiner","image":{"@type":"ImageObject","inLanguage":"en-US","@id":"https:\/\/finkbeiner-kanzlei.de\/wp-content\/uploads\/2017\/12\/5C66DF9B-A999-44A1-969D-4233F47A5B77-96x96.jpg","url":"https:\/\/finkbeiner-kanzlei.de\/wp-content\/uploads\/2017\/12\/5C66DF9B-A999-44A1-969D-4233F47A5B77-96x96.jpg","contentUrl":"https:\/\/finkbeiner-kanzlei.de\/wp-content\/uploads\/2017\/12\/5C66DF9B-A999-44A1-969D-4233F47A5B77-96x96.jpg","caption":"Claudius Finkbeiner"},"logo":{"@id":"https:\/\/finkbeiner-kanzlei.de\/wp-content\/uploads\/2017\/12\/5C66DF9B-A999-44A1-969D-4233F47A5B77-96x96.jpg"},"description":"Herr Finkbeiner ist seit dem Jahr 2009 als Rechtsanwalt t\u00e4tig. Sein Schwerpunkt liegt im wirtschaftsrechtlichen Bereich, insbesondere im Insolvenz-, Vertrags- und Gesellschaftsrecht sowie im Vergaberecht. Herr Finkbeiner ber\u00e4t und vertritt Unternehmen in der Krise, ebenso wie Gesch\u00e4ftsf\u00fchrer, Gl\u00e4ubiger und andere Beteiligte im Insolvenzverfahren und gegen Insolvenzverwalter. Herr Finkbeiner ist ein erfahrener Prozessanwalt im Wirtschaftsrecht und Verteidiger in Wirtschaftsstrafsachen.","sameAs":["https:\/\/www.anwalt-finkbeiner.de"]}]}},"_links":{"self":[{"href":"https:\/\/finkbeiner-kanzlei.de\/en\/wp-json\/wp\/v2\/pages\/1195","targetHints":{"allow":["GET"]}}],"collection":[{"href":"https:\/\/finkbeiner-kanzlei.de\/en\/wp-json\/wp\/v2\/pages"}],"about":[{"href":"https:\/\/finkbeiner-kanzlei.de\/en\/wp-json\/wp\/v2\/types\/page"}],"author":[{"embeddable":true,"href":"https:\/\/finkbeiner-kanzlei.de\/en\/wp-json\/wp\/v2\/users\/3"}],"replies":[{"embeddable":true,"href":"https:\/\/finkbeiner-kanzlei.de\/en\/wp-json\/wp\/v2\/comments?post=1195"}],"version-history":[{"count":2,"href":"https:\/\/finkbeiner-kanzlei.de\/en\/wp-json\/wp\/v2\/pages\/1195\/revisions"}],"predecessor-version":[{"id":1197,"href":"https:\/\/finkbeiner-kanzlei.de\/en\/wp-json\/wp\/v2\/pages\/1195\/revisions\/1197"}],"wp:attachment":[{"href":"https:\/\/finkbeiner-kanzlei.de\/en\/wp-json\/wp\/v2\/media?parent=1195"}],"wp:term":[{"taxonomy":"post_tag","embeddable":true,"href":"https:\/\/finkbeiner-kanzlei.de\/en\/wp-json\/wp\/v2\/tags?post=1195"}],"curies":[{"name":"wp","href":"https:\/\/api.w.org\/{rel}","templated":true}]}}