{"id":1198,"date":"2018-08-28T10:10:50","date_gmt":"2018-08-28T10:10:50","guid":{"rendered":"https:\/\/finkbeiner-kanzlei.de\/eigenverwaltung-und-schutzschirm\/"},"modified":"2020-06-25T12:59:59","modified_gmt":"2020-06-25T12:59:59","slug":"self-administration-and-protective-shielding-proceedings","status":"publish","type":"page","link":"https:\/\/finkbeiner-kanzlei.de\/en\/self-administration-and-protective-shielding-proceedings\/","title":{"rendered":"Self administration and protective shielding proceedings"},"content":{"rendered":"<div class=\"row\">\n<div class=\"col-md-6\">\n<h2><span lang=\"en-GB\">Reorganization under self-administered insolvency<\/span><\/h2>\n<p><span lang=\"en-GB\">In self-administered insolvency, you can still essentially determine the course of your company yourself.<\/span><\/p>\n<p><img fetchpriority=\"high\" decoding=\"async\" class=\"alignnone size-full wp-image-1623\" src=\"https:\/\/finkbeiner-kanzlei.de\/wp-content\/uploads\/2020\/06\/visitenkarte.jpg\" alt=\"\" width=\"800\" height=\"500\" srcset=\"https:\/\/finkbeiner-kanzlei.de\/wp-content\/uploads\/2020\/06\/visitenkarte.jpg 800w, https:\/\/finkbeiner-kanzlei.de\/wp-content\/uploads\/2020\/06\/visitenkarte-600x375.jpg 600w, https:\/\/finkbeiner-kanzlei.de\/wp-content\/uploads\/2020\/06\/visitenkarte-300x188.jpg 300w, https:\/\/finkbeiner-kanzlei.de\/wp-content\/uploads\/2020\/06\/visitenkarte-768x480.jpg 768w\" sizes=\"(max-width: 800px) 100vw, 800px\" \/><\/p>\n<p><span lang=\"en-GB\">As lawyers specialised in insolvency law, I will accompany you in the planning and implementation of a self-administered insolvency procedure. The application for self-administered procedure requires that its order will not lead to disadvantages for the creditors. As a rule, the insolvency courts examine this question very carefully, which is why the assistance of an experienced legal advisor is indispensable.<\/span><\/p>\n<\/div>\n<div class=\"col-md-6\">\n<p><span lang=\"en-GB\">For successful self-administered procedure, various restructuring specialists are needed to overcome individual hurdles within the procedure. These include experienced tax and management consultants with expertise in restructuring. With over 10 years of experience in the industry, you and your restructuring project will benefit from our network. This also includes the selection of a suitable trustee.<\/span><\/p>\n<h2><span lang=\"en-GB\">Protective shielding proceedings as a restructuring instrument<\/span><\/h2>\n<p><span lang=\"en-GB\">Our consulting instruments also include the protective shielding proceedings. This procedure is a restructuring procedure designed around an insolvency plan. It is intended to give an entrepreneur the time to draw up an insolvency or reorganisation plan. A prerequisite for the protective shielding proceedings is an insolvency application in case of imminent insolvency (<\/span><span lang=\"en-GB\"><i>drohende Zahlungsunf\u00e4higkeit)<\/i><\/span><span lang=\"en-GB\"> or overindebtedness. If insolvency has already occurred, it is not possible to enter the protective shield proceedings anymore. In addition, self-administered procedure must be applied for. Throughout the entire application process, it is urgently recommended to consult a lawyer to avoid wrong strategic decisions.<\/span><\/p>\n<p><span lang=\"en-GB\">This is already the case because a certificate from a lawyer, tax advisor or auditor experienced in insolvency matters must be submitted, from which it becomes clear that there is an imminent insolvency or over-indebtedness, but no insolvency, and that the intended restructuring is not obviously pointless. Our specialist lawyerwill issue such a certificate for you.<\/span><\/p>\n<p><span lang=\"en-GB\">In case you are looking for self-administered insolvency and\/or protective shielding proceedings, you are in good hands with us. Please contact us without obligation.<\/span><\/p>\n<\/div><\/div>\n","protected":false},"excerpt":{"rendered":"","protected":false},"author":3,"featured_media":0,"parent":0,"menu_order":7,"comment_status":"closed","ping_status":"closed","template":"","meta":{"_acf_changed":false,"inline_featured_image":false,"footnotes":""},"tags":[547,523,524,537,544,549,550,546,538,527,554,553,548,551,552,421,541,542,545,543],"class_list":["post-1198","page","type-page","status-publish","hentry","tag-continuation-prognosis","tag-drohende-zahlungsunfaehigkeit-en","tag-eingetretene-zahlungsunfaehigkeit-en","tag-fortfuehrungsprognose-en","tag-imminent-insolvency","tag-insolvency-plan","tag-insolvency-plan-proceedings","tag-insolvency-that-has-occurred","tag-insolvenzgruende-en","tag-insolvenzplanverfahren-en","tag-over-indebtedness","tag-protective-shield-proceedings","tag-reasons-for-insolvency","tag-restructuring","tag-restructuring-opinion","tag-sanierungsgutachten","tag-sanierungsgutachten-en","tag-schutzschirmverfahren-en","tag-self-administration","tag-ueberschuldung-en"],"acf":[],"yoast_head":"<!-- This site is optimized with the Yoast SEO plugin v27.4 - https:\/\/yoast.com\/product\/yoast-seo-wordpress\/ -->\n<title>Eigenverwaltung und Schutzschirmverfahren - Planung und Umsetzung<\/title>\n<meta name=\"description\" content=\"Als Fachanwalt f\u00fcr Insolvenzrecht begleite ich Sie bei der Planung und Umsetzung eines Eigenverwaltungsverfahrens. Zu meine Beratungsinstrumenten z\u00e4hlt auch das Schutzschirmverfahren. Dieses Verfahren ist ein auf die Erstellung eines Insolvenzplans angelegtes Sanierungsverfahren.\" \/>\n<meta name=\"robots\" content=\"index, follow, max-snippet:-1, max-image-preview:large, max-video-preview:-1\" \/>\n<link rel=\"canonical\" href=\"https:\/\/finkbeiner-kanzlei.de\/en\/self-administration-and-protective-shielding-proceedings\/\" \/>\n<meta property=\"og:locale\" content=\"en_US\" \/>\n<meta property=\"og:type\" content=\"article\" \/>\n<meta property=\"og:title\" content=\"Eigenverwaltung und Schutzschirmverfahren - Planung und Umsetzung\" \/>\n<meta property=\"og:description\" content=\"Als Fachanwalt f\u00fcr Insolvenzrecht begleite ich Sie bei der Planung und Umsetzung eines Eigenverwaltungsverfahrens. Zu meine Beratungsinstrumenten z\u00e4hlt auch das Schutzschirmverfahren. Dieses Verfahren ist ein auf die Erstellung eines Insolvenzplans angelegtes Sanierungsverfahren.\" \/>\n<meta property=\"og:url\" content=\"https:\/\/finkbeiner-kanzlei.de\/en\/self-administration-and-protective-shielding-proceedings\/\" \/>\n<meta property=\"og:site_name\" content=\"Finkbeiner Kanzlei\" \/>\n<meta property=\"article:modified_time\" content=\"2020-06-25T12:59:59+00:00\" \/>\n<meta property=\"og:image\" content=\"https:\/\/finkbeiner-kanzlei.de\/wp-content\/uploads\/2020\/06\/visitenkarte.jpg\" \/>\n<meta name=\"twitter:card\" content=\"summary_large_image\" \/>\n<meta name=\"twitter:label1\" content=\"Est. reading time\" \/>\n\t<meta name=\"twitter:data1\" content=\"2 minutes\" \/>\n<script type=\"application\/ld+json\" class=\"yoast-schema-graph\">{\"@context\":\"https:\\\/\\\/schema.org\",\"@graph\":[{\"@type\":\"WebPage\",\"@id\":\"https:\\\/\\\/finkbeiner-kanzlei.de\\\/en\\\/self-administration-and-protective-shielding-proceedings\\\/\",\"url\":\"https:\\\/\\\/finkbeiner-kanzlei.de\\\/en\\\/self-administration-and-protective-shielding-proceedings\\\/\",\"name\":\"Eigenverwaltung und Schutzschirmverfahren - Planung und Umsetzung\",\"isPartOf\":{\"@id\":\"https:\\\/\\\/finkbeiner-kanzlei.de\\\/en\\\/#website\"},\"primaryImageOfPage\":{\"@id\":\"https:\\\/\\\/finkbeiner-kanzlei.de\\\/en\\\/self-administration-and-protective-shielding-proceedings\\\/#primaryimage\"},\"image\":{\"@id\":\"https:\\\/\\\/finkbeiner-kanzlei.de\\\/en\\\/self-administration-and-protective-shielding-proceedings\\\/#primaryimage\"},\"thumbnailUrl\":\"https:\\\/\\\/finkbeiner-kanzlei.de\\\/wp-content\\\/uploads\\\/2020\\\/06\\\/visitenkarte.jpg\",\"datePublished\":\"2018-08-28T10:10:50+00:00\",\"dateModified\":\"2020-06-25T12:59:59+00:00\",\"description\":\"Als Fachanwalt f\u00fcr Insolvenzrecht begleite ich Sie bei der Planung und Umsetzung eines Eigenverwaltungsverfahrens. Zu meine Beratungsinstrumenten z\u00e4hlt auch das Schutzschirmverfahren. Dieses Verfahren ist ein auf die Erstellung eines Insolvenzplans angelegtes Sanierungsverfahren.\",\"breadcrumb\":{\"@id\":\"https:\\\/\\\/finkbeiner-kanzlei.de\\\/en\\\/self-administration-and-protective-shielding-proceedings\\\/#breadcrumb\"},\"inLanguage\":\"en-US\",\"potentialAction\":[{\"@type\":\"ReadAction\",\"target\":[\"https:\\\/\\\/finkbeiner-kanzlei.de\\\/en\\\/self-administration-and-protective-shielding-proceedings\\\/\"]}]},{\"@type\":\"ImageObject\",\"inLanguage\":\"en-US\",\"@id\":\"https:\\\/\\\/finkbeiner-kanzlei.de\\\/en\\\/self-administration-and-protective-shielding-proceedings\\\/#primaryimage\",\"url\":\"https:\\\/\\\/finkbeiner-kanzlei.de\\\/wp-content\\\/uploads\\\/2020\\\/06\\\/visitenkarte.jpg\",\"contentUrl\":\"https:\\\/\\\/finkbeiner-kanzlei.de\\\/wp-content\\\/uploads\\\/2020\\\/06\\\/visitenkarte.jpg\"},{\"@type\":\"BreadcrumbList\",\"@id\":\"https:\\\/\\\/finkbeiner-kanzlei.de\\\/en\\\/self-administration-and-protective-shielding-proceedings\\\/#breadcrumb\",\"itemListElement\":[{\"@type\":\"ListItem\",\"position\":1,\"name\":\"Startseite\",\"item\":\"https:\\\/\\\/finkbeiner-kanzlei.de\\\/en\\\/\"},{\"@type\":\"ListItem\",\"position\":2,\"name\":\"Self administration and protective shielding proceedings\"}]},{\"@type\":\"WebSite\",\"@id\":\"https:\\\/\\\/finkbeiner-kanzlei.de\\\/en\\\/#website\",\"url\":\"https:\\\/\\\/finkbeiner-kanzlei.de\\\/en\\\/\",\"name\":\"Finkbeiner Kanzlei\",\"description\":\"Anwaltskanzlei f\u00fcr Wirtschaftsrecht, Insolvenzrecht und Prozessrecht\",\"publisher\":{\"@id\":\"https:\\\/\\\/finkbeiner-kanzlei.de\\\/en\\\/#\\\/schema\\\/person\\\/82fb4d962f5edb406c94928cf461bbde\"},\"potentialAction\":[{\"@type\":\"SearchAction\",\"target\":{\"@type\":\"EntryPoint\",\"urlTemplate\":\"https:\\\/\\\/finkbeiner-kanzlei.de\\\/en\\\/?s={search_term_string}\"},\"query-input\":{\"@type\":\"PropertyValueSpecification\",\"valueRequired\":true,\"valueName\":\"search_term_string\"}}],\"inLanguage\":\"en-US\"},{\"@type\":[\"Person\",\"Organization\"],\"@id\":\"https:\\\/\\\/finkbeiner-kanzlei.de\\\/en\\\/#\\\/schema\\\/person\\\/82fb4d962f5edb406c94928cf461bbde\",\"name\":\"Claudius Finkbeiner\",\"image\":{\"@type\":\"ImageObject\",\"inLanguage\":\"en-US\",\"@id\":\"https:\\\/\\\/finkbeiner-kanzlei.de\\\/wp-content\\\/uploads\\\/2017\\\/12\\\/5C66DF9B-A999-44A1-969D-4233F47A5B77-96x96.jpg\",\"url\":\"https:\\\/\\\/finkbeiner-kanzlei.de\\\/wp-content\\\/uploads\\\/2017\\\/12\\\/5C66DF9B-A999-44A1-969D-4233F47A5B77-96x96.jpg\",\"contentUrl\":\"https:\\\/\\\/finkbeiner-kanzlei.de\\\/wp-content\\\/uploads\\\/2017\\\/12\\\/5C66DF9B-A999-44A1-969D-4233F47A5B77-96x96.jpg\",\"caption\":\"Claudius Finkbeiner\"},\"logo\":{\"@id\":\"https:\\\/\\\/finkbeiner-kanzlei.de\\\/wp-content\\\/uploads\\\/2017\\\/12\\\/5C66DF9B-A999-44A1-969D-4233F47A5B77-96x96.jpg\"},\"description\":\"Herr Finkbeiner ist seit dem Jahr 2009 als Rechtsanwalt t\u00e4tig. Sein Schwerpunkt liegt im wirtschaftsrechtlichen Bereich, insbesondere im Insolvenz-, Vertrags- und Gesellschaftsrecht sowie im Vergaberecht. Herr Finkbeiner ber\u00e4t und vertritt Unternehmen in der Krise, ebenso wie Gesch\u00e4ftsf\u00fchrer, Gl\u00e4ubiger und andere Beteiligte im Insolvenzverfahren und gegen Insolvenzverwalter. Herr Finkbeiner ist ein erfahrener Prozessanwalt im Wirtschaftsrecht und Verteidiger in Wirtschaftsstrafsachen.\",\"sameAs\":[\"https:\\\/\\\/www.anwalt-finkbeiner.de\"]}]}<\/script>\n<!-- \/ Yoast SEO plugin. -->","yoast_head_json":{"title":"Eigenverwaltung und Schutzschirmverfahren - Planung und Umsetzung","description":"Als Fachanwalt f\u00fcr Insolvenzrecht begleite ich Sie bei der Planung und Umsetzung eines Eigenverwaltungsverfahrens. Zu meine Beratungsinstrumenten z\u00e4hlt auch das Schutzschirmverfahren. Dieses Verfahren ist ein auf die Erstellung eines Insolvenzplans angelegtes Sanierungsverfahren.","robots":{"index":"index","follow":"follow","max-snippet":"max-snippet:-1","max-image-preview":"max-image-preview:large","max-video-preview":"max-video-preview:-1"},"canonical":"https:\/\/finkbeiner-kanzlei.de\/en\/self-administration-and-protective-shielding-proceedings\/","og_locale":"en_US","og_type":"article","og_title":"Eigenverwaltung und Schutzschirmverfahren - Planung und Umsetzung","og_description":"Als Fachanwalt f\u00fcr Insolvenzrecht begleite ich Sie bei der Planung und Umsetzung eines Eigenverwaltungsverfahrens. Zu meine Beratungsinstrumenten z\u00e4hlt auch das Schutzschirmverfahren. Dieses Verfahren ist ein auf die Erstellung eines Insolvenzplans angelegtes Sanierungsverfahren.","og_url":"https:\/\/finkbeiner-kanzlei.de\/en\/self-administration-and-protective-shielding-proceedings\/","og_site_name":"Finkbeiner Kanzlei","article_modified_time":"2020-06-25T12:59:59+00:00","og_image":[{"url":"https:\/\/finkbeiner-kanzlei.de\/wp-content\/uploads\/2020\/06\/visitenkarte.jpg","type":"","width":"","height":""}],"twitter_card":"summary_large_image","twitter_misc":{"Est. reading time":"2 minutes"},"schema":{"@context":"https:\/\/schema.org","@graph":[{"@type":"WebPage","@id":"https:\/\/finkbeiner-kanzlei.de\/en\/self-administration-and-protective-shielding-proceedings\/","url":"https:\/\/finkbeiner-kanzlei.de\/en\/self-administration-and-protective-shielding-proceedings\/","name":"Eigenverwaltung und Schutzschirmverfahren - Planung und Umsetzung","isPartOf":{"@id":"https:\/\/finkbeiner-kanzlei.de\/en\/#website"},"primaryImageOfPage":{"@id":"https:\/\/finkbeiner-kanzlei.de\/en\/self-administration-and-protective-shielding-proceedings\/#primaryimage"},"image":{"@id":"https:\/\/finkbeiner-kanzlei.de\/en\/self-administration-and-protective-shielding-proceedings\/#primaryimage"},"thumbnailUrl":"https:\/\/finkbeiner-kanzlei.de\/wp-content\/uploads\/2020\/06\/visitenkarte.jpg","datePublished":"2018-08-28T10:10:50+00:00","dateModified":"2020-06-25T12:59:59+00:00","description":"Als Fachanwalt f\u00fcr Insolvenzrecht begleite ich Sie bei der Planung und Umsetzung eines Eigenverwaltungsverfahrens. Zu meine Beratungsinstrumenten z\u00e4hlt auch das Schutzschirmverfahren. Dieses Verfahren ist ein auf die Erstellung eines Insolvenzplans angelegtes Sanierungsverfahren.","breadcrumb":{"@id":"https:\/\/finkbeiner-kanzlei.de\/en\/self-administration-and-protective-shielding-proceedings\/#breadcrumb"},"inLanguage":"en-US","potentialAction":[{"@type":"ReadAction","target":["https:\/\/finkbeiner-kanzlei.de\/en\/self-administration-and-protective-shielding-proceedings\/"]}]},{"@type":"ImageObject","inLanguage":"en-US","@id":"https:\/\/finkbeiner-kanzlei.de\/en\/self-administration-and-protective-shielding-proceedings\/#primaryimage","url":"https:\/\/finkbeiner-kanzlei.de\/wp-content\/uploads\/2020\/06\/visitenkarte.jpg","contentUrl":"https:\/\/finkbeiner-kanzlei.de\/wp-content\/uploads\/2020\/06\/visitenkarte.jpg"},{"@type":"BreadcrumbList","@id":"https:\/\/finkbeiner-kanzlei.de\/en\/self-administration-and-protective-shielding-proceedings\/#breadcrumb","itemListElement":[{"@type":"ListItem","position":1,"name":"Startseite","item":"https:\/\/finkbeiner-kanzlei.de\/en\/"},{"@type":"ListItem","position":2,"name":"Self administration and protective shielding proceedings"}]},{"@type":"WebSite","@id":"https:\/\/finkbeiner-kanzlei.de\/en\/#website","url":"https:\/\/finkbeiner-kanzlei.de\/en\/","name":"Finkbeiner Kanzlei","description":"Anwaltskanzlei f\u00fcr Wirtschaftsrecht, Insolvenzrecht und Prozessrecht","publisher":{"@id":"https:\/\/finkbeiner-kanzlei.de\/en\/#\/schema\/person\/82fb4d962f5edb406c94928cf461bbde"},"potentialAction":[{"@type":"SearchAction","target":{"@type":"EntryPoint","urlTemplate":"https:\/\/finkbeiner-kanzlei.de\/en\/?s={search_term_string}"},"query-input":{"@type":"PropertyValueSpecification","valueRequired":true,"valueName":"search_term_string"}}],"inLanguage":"en-US"},{"@type":["Person","Organization"],"@id":"https:\/\/finkbeiner-kanzlei.de\/en\/#\/schema\/person\/82fb4d962f5edb406c94928cf461bbde","name":"Claudius Finkbeiner","image":{"@type":"ImageObject","inLanguage":"en-US","@id":"https:\/\/finkbeiner-kanzlei.de\/wp-content\/uploads\/2017\/12\/5C66DF9B-A999-44A1-969D-4233F47A5B77-96x96.jpg","url":"https:\/\/finkbeiner-kanzlei.de\/wp-content\/uploads\/2017\/12\/5C66DF9B-A999-44A1-969D-4233F47A5B77-96x96.jpg","contentUrl":"https:\/\/finkbeiner-kanzlei.de\/wp-content\/uploads\/2017\/12\/5C66DF9B-A999-44A1-969D-4233F47A5B77-96x96.jpg","caption":"Claudius Finkbeiner"},"logo":{"@id":"https:\/\/finkbeiner-kanzlei.de\/wp-content\/uploads\/2017\/12\/5C66DF9B-A999-44A1-969D-4233F47A5B77-96x96.jpg"},"description":"Herr Finkbeiner ist seit dem Jahr 2009 als Rechtsanwalt t\u00e4tig. Sein Schwerpunkt liegt im wirtschaftsrechtlichen Bereich, insbesondere im Insolvenz-, Vertrags- und Gesellschaftsrecht sowie im Vergaberecht. Herr Finkbeiner ber\u00e4t und vertritt Unternehmen in der Krise, ebenso wie Gesch\u00e4ftsf\u00fchrer, Gl\u00e4ubiger und andere Beteiligte im Insolvenzverfahren und gegen Insolvenzverwalter. Herr Finkbeiner ist ein erfahrener Prozessanwalt im Wirtschaftsrecht und Verteidiger in Wirtschaftsstrafsachen.","sameAs":["https:\/\/www.anwalt-finkbeiner.de"]}]}},"_links":{"self":[{"href":"https:\/\/finkbeiner-kanzlei.de\/en\/wp-json\/wp\/v2\/pages\/1198","targetHints":{"allow":["GET"]}}],"collection":[{"href":"https:\/\/finkbeiner-kanzlei.de\/en\/wp-json\/wp\/v2\/pages"}],"about":[{"href":"https:\/\/finkbeiner-kanzlei.de\/en\/wp-json\/wp\/v2\/types\/page"}],"author":[{"embeddable":true,"href":"https:\/\/finkbeiner-kanzlei.de\/en\/wp-json\/wp\/v2\/users\/3"}],"replies":[{"embeddable":true,"href":"https:\/\/finkbeiner-kanzlei.de\/en\/wp-json\/wp\/v2\/comments?post=1198"}],"version-history":[{"count":3,"href":"https:\/\/finkbeiner-kanzlei.de\/en\/wp-json\/wp\/v2\/pages\/1198\/revisions"}],"predecessor-version":[{"id":1681,"href":"https:\/\/finkbeiner-kanzlei.de\/en\/wp-json\/wp\/v2\/pages\/1198\/revisions\/1681"}],"wp:attachment":[{"href":"https:\/\/finkbeiner-kanzlei.de\/en\/wp-json\/wp\/v2\/media?parent=1198"}],"wp:term":[{"taxonomy":"post_tag","embeddable":true,"href":"https:\/\/finkbeiner-kanzlei.de\/en\/wp-json\/wp\/v2\/tags?post=1198"}],"curies":[{"name":"wp","href":"https:\/\/api.w.org\/{rel}","templated":true}]}}