{"id":1201,"date":"2018-08-28T10:10:50","date_gmt":"2018-08-28T10:10:50","guid":{"rendered":"https:\/\/finkbeiner-kanzlei.de\/verbraucherinsolvenz\/"},"modified":"2020-06-25T13:01:03","modified_gmt":"2020-06-25T13:01:03","slug":"consumer-and-private-insolvency","status":"publish","type":"page","link":"https:\/\/finkbeiner-kanzlei.de\/en\/consumer-and-private-insolvency\/","title":{"rendered":"Consumer and private insolvency"},"content":{"rendered":"<div class=\"row\">\n<div class=\"col-md-6\">\n<h2><span lang=\"en-GB\">Rapid initiation of consumer and private insolvency proceeding<b>s<\/b><\/span><\/h2>\n<p><span lang=\"en-GB\">Consumer insolvency proceedings are usually at the end of an extremely difficult over-indebtedness period. For many people it is the last resort out of an economic predicament. As lawyers specialised in insolvency law, we will accompany you reliably, quickly and competently in the event of a consumer insolvency.<\/span><\/p>\n<p><img fetchpriority=\"high\" decoding=\"async\" class=\"alignnone size-full wp-image-1625\" src=\"https:\/\/finkbeiner-kanzlei.de\/wp-content\/uploads\/2020\/06\/briefpapier.jpg\" alt=\"\" width=\"800\" height=\"500\" srcset=\"https:\/\/finkbeiner-kanzlei.de\/wp-content\/uploads\/2020\/06\/briefpapier.jpg 800w, https:\/\/finkbeiner-kanzlei.de\/wp-content\/uploads\/2020\/06\/briefpapier-600x375.jpg 600w, https:\/\/finkbeiner-kanzlei.de\/wp-content\/uploads\/2020\/06\/briefpapier-300x188.jpg 300w, https:\/\/finkbeiner-kanzlei.de\/wp-content\/uploads\/2020\/06\/briefpapier-768x480.jpg 768w\" sizes=\"(max-width: 800px) 100vw, 800px\" \/><\/p>\n<p><span lang=\"en-GB\">At the beginning of consumer insolvency proceedings there is first of all an out-of-court settlement of debts with an attempt to reach an agreement moderated by us. Only when this attempt has failed an application may be made to open consumer insolvency proceedings.<\/span><\/p>\n<\/div>\n<div class=\"col-md-6\">\n<p><span lang=\"en-GB\">Compared to conventional debt counselling, legal advice offers the advantage of faster processing and higher professional competence at comparable costs. In our law firm you will receive an appointment within 24 hours if required.<\/span><\/p>\n<h2><span lang=\"en-GB\">Fast protection from your creditors<\/span><\/h2>\n<p><span lang=\"en-GB\">Due to our very efficient office structures, representation can usually be notified to creditors within a few days. Your creditors are then only allowed to contact you through our law firm and most of them comply with this obligation. This means that reminders and phone calls are promptly stopped by our intervention. The clients we accompany regularly tell us how good it feels to not be contacted by creditors anymore.<\/span><\/p>\n<p><span lang=\"en-GB\">Of course, it is also possible for us to continue to represent clients after the opening of the proceedings.<\/span><\/p>\n<p><span lang=\"en-GB\">Please do not hesitate to contact us by phone without any obligation.<\/span><\/p>\n<\/div>\n<\/div>\n","protected":false},"excerpt":{"rendered":"","protected":false},"author":3,"featured_media":0,"parent":0,"menu_order":8,"comment_status":"closed","ping_status":"closed","template":"","meta":{"_acf_changed":false,"inline_featured_image":false,"footnotes":""},"tags":[575,576,566,669,567,568,574,643,569,572,573,570,571],"class_list":["post-1201","page","type-page","status-publish","hentry","tag-consumer-insolvency","tag-consumer-insolvency-proceedings","tag-fachanwalt-fuer-insolvenzrecht-en","tag-insolvenzverwalter-en","tag-kontakt-mit-glaeubigern-unterbinden-en","tag-mahnschreiben-stoppen-en","tag-quick-protection","tag-restschuldbefreiung-en","tag-schneller-schutz-en","tag-specialist-lawyer-for-insolvency-law","tag-stop-reminders","tag-verbraucherinsolvenz-en","tag-verbraucherinsolvenzverfahren-en"],"acf":[],"yoast_head":"<!-- This site is optimized with the Yoast SEO plugin v27.4 - https:\/\/yoast.com\/product\/yoast-seo-wordpress\/ -->\n<title>Verbraucherinsolvenz und Privatinsolvenz - Schnelle Einleitung &amp; Schutz<\/title>\n<meta name=\"description\" content=\"Eine anwaltliche Beratung zur Verbraucher- und Privatinsolvenz bietet gegen\u00fcber den herk\u00f6mmlichen Schuldnerberatungen den Vorteil der schnelleren Bearbeitung und einer h\u00f6heren fachlichen Kompetenz bei vergleichbaren Kosten. In meiner Kanzlei erhalten Sie bei Bedarf innerhalb von 24 Stunden einen Gespr\u00e4chstermin.\" \/>\n<meta name=\"robots\" content=\"index, follow, max-snippet:-1, max-image-preview:large, max-video-preview:-1\" \/>\n<link rel=\"canonical\" href=\"https:\/\/finkbeiner-kanzlei.de\/en\/consumer-and-private-insolvency\/\" \/>\n<meta property=\"og:locale\" content=\"en_US\" \/>\n<meta property=\"og:type\" content=\"article\" \/>\n<meta property=\"og:title\" content=\"Verbraucherinsolvenz und Privatinsolvenz - Schnelle Einleitung &amp; Schutz\" \/>\n<meta property=\"og:description\" content=\"Eine anwaltliche Beratung zur Verbraucher- und Privatinsolvenz bietet gegen\u00fcber den herk\u00f6mmlichen Schuldnerberatungen den Vorteil der schnelleren Bearbeitung und einer h\u00f6heren fachlichen Kompetenz bei vergleichbaren Kosten. In meiner Kanzlei erhalten Sie bei Bedarf innerhalb von 24 Stunden einen Gespr\u00e4chstermin.\" \/>\n<meta property=\"og:url\" content=\"https:\/\/finkbeiner-kanzlei.de\/en\/consumer-and-private-insolvency\/\" \/>\n<meta property=\"og:site_name\" content=\"Finkbeiner Kanzlei\" \/>\n<meta property=\"article:modified_time\" content=\"2020-06-25T13:01:03+00:00\" \/>\n<meta property=\"og:image\" content=\"https:\/\/finkbeiner-kanzlei.de\/wp-content\/uploads\/2020\/06\/briefpapier.jpg\" \/>\n<meta name=\"twitter:card\" content=\"summary_large_image\" \/>\n<meta name=\"twitter:label1\" content=\"Est. reading time\" \/>\n\t<meta name=\"twitter:data1\" content=\"1 minute\" \/>\n<script type=\"application\/ld+json\" class=\"yoast-schema-graph\">{\"@context\":\"https:\\\/\\\/schema.org\",\"@graph\":[{\"@type\":\"WebPage\",\"@id\":\"https:\\\/\\\/finkbeiner-kanzlei.de\\\/en\\\/consumer-and-private-insolvency\\\/\",\"url\":\"https:\\\/\\\/finkbeiner-kanzlei.de\\\/en\\\/consumer-and-private-insolvency\\\/\",\"name\":\"Verbraucherinsolvenz und Privatinsolvenz - Schnelle Einleitung & Schutz\",\"isPartOf\":{\"@id\":\"https:\\\/\\\/finkbeiner-kanzlei.de\\\/en\\\/#website\"},\"primaryImageOfPage\":{\"@id\":\"https:\\\/\\\/finkbeiner-kanzlei.de\\\/en\\\/consumer-and-private-insolvency\\\/#primaryimage\"},\"image\":{\"@id\":\"https:\\\/\\\/finkbeiner-kanzlei.de\\\/en\\\/consumer-and-private-insolvency\\\/#primaryimage\"},\"thumbnailUrl\":\"https:\\\/\\\/finkbeiner-kanzlei.de\\\/wp-content\\\/uploads\\\/2020\\\/06\\\/briefpapier.jpg\",\"datePublished\":\"2018-08-28T10:10:50+00:00\",\"dateModified\":\"2020-06-25T13:01:03+00:00\",\"description\":\"Eine anwaltliche Beratung zur Verbraucher- und Privatinsolvenz bietet gegen\u00fcber den herk\u00f6mmlichen Schuldnerberatungen den Vorteil der schnelleren Bearbeitung und einer h\u00f6heren fachlichen Kompetenz bei vergleichbaren Kosten. In meiner Kanzlei erhalten Sie bei Bedarf innerhalb von 24 Stunden einen Gespr\u00e4chstermin.\",\"breadcrumb\":{\"@id\":\"https:\\\/\\\/finkbeiner-kanzlei.de\\\/en\\\/consumer-and-private-insolvency\\\/#breadcrumb\"},\"inLanguage\":\"en-US\",\"potentialAction\":[{\"@type\":\"ReadAction\",\"target\":[\"https:\\\/\\\/finkbeiner-kanzlei.de\\\/en\\\/consumer-and-private-insolvency\\\/\"]}]},{\"@type\":\"ImageObject\",\"inLanguage\":\"en-US\",\"@id\":\"https:\\\/\\\/finkbeiner-kanzlei.de\\\/en\\\/consumer-and-private-insolvency\\\/#primaryimage\",\"url\":\"https:\\\/\\\/finkbeiner-kanzlei.de\\\/wp-content\\\/uploads\\\/2020\\\/06\\\/briefpapier.jpg\",\"contentUrl\":\"https:\\\/\\\/finkbeiner-kanzlei.de\\\/wp-content\\\/uploads\\\/2020\\\/06\\\/briefpapier.jpg\"},{\"@type\":\"BreadcrumbList\",\"@id\":\"https:\\\/\\\/finkbeiner-kanzlei.de\\\/en\\\/consumer-and-private-insolvency\\\/#breadcrumb\",\"itemListElement\":[{\"@type\":\"ListItem\",\"position\":1,\"name\":\"Startseite\",\"item\":\"https:\\\/\\\/finkbeiner-kanzlei.de\\\/en\\\/\"},{\"@type\":\"ListItem\",\"position\":2,\"name\":\"Consumer and private insolvency\"}]},{\"@type\":\"WebSite\",\"@id\":\"https:\\\/\\\/finkbeiner-kanzlei.de\\\/en\\\/#website\",\"url\":\"https:\\\/\\\/finkbeiner-kanzlei.de\\\/en\\\/\",\"name\":\"Finkbeiner Kanzlei\",\"description\":\"Anwaltskanzlei f\u00fcr Wirtschaftsrecht, Insolvenzrecht und Prozessrecht\",\"publisher\":{\"@id\":\"https:\\\/\\\/finkbeiner-kanzlei.de\\\/en\\\/#\\\/schema\\\/person\\\/82fb4d962f5edb406c94928cf461bbde\"},\"potentialAction\":[{\"@type\":\"SearchAction\",\"target\":{\"@type\":\"EntryPoint\",\"urlTemplate\":\"https:\\\/\\\/finkbeiner-kanzlei.de\\\/en\\\/?s={search_term_string}\"},\"query-input\":{\"@type\":\"PropertyValueSpecification\",\"valueRequired\":true,\"valueName\":\"search_term_string\"}}],\"inLanguage\":\"en-US\"},{\"@type\":[\"Person\",\"Organization\"],\"@id\":\"https:\\\/\\\/finkbeiner-kanzlei.de\\\/en\\\/#\\\/schema\\\/person\\\/82fb4d962f5edb406c94928cf461bbde\",\"name\":\"Claudius Finkbeiner\",\"image\":{\"@type\":\"ImageObject\",\"inLanguage\":\"en-US\",\"@id\":\"https:\\\/\\\/finkbeiner-kanzlei.de\\\/wp-content\\\/uploads\\\/2017\\\/12\\\/5C66DF9B-A999-44A1-969D-4233F47A5B77-96x96.jpg\",\"url\":\"https:\\\/\\\/finkbeiner-kanzlei.de\\\/wp-content\\\/uploads\\\/2017\\\/12\\\/5C66DF9B-A999-44A1-969D-4233F47A5B77-96x96.jpg\",\"contentUrl\":\"https:\\\/\\\/finkbeiner-kanzlei.de\\\/wp-content\\\/uploads\\\/2017\\\/12\\\/5C66DF9B-A999-44A1-969D-4233F47A5B77-96x96.jpg\",\"caption\":\"Claudius Finkbeiner\"},\"logo\":{\"@id\":\"https:\\\/\\\/finkbeiner-kanzlei.de\\\/wp-content\\\/uploads\\\/2017\\\/12\\\/5C66DF9B-A999-44A1-969D-4233F47A5B77-96x96.jpg\"},\"description\":\"Herr Finkbeiner ist seit dem Jahr 2009 als Rechtsanwalt t\u00e4tig. Sein Schwerpunkt liegt im wirtschaftsrechtlichen Bereich, insbesondere im Insolvenz-, Vertrags- und Gesellschaftsrecht sowie im Vergaberecht. Herr Finkbeiner ber\u00e4t und vertritt Unternehmen in der Krise, ebenso wie Gesch\u00e4ftsf\u00fchrer, Gl\u00e4ubiger und andere Beteiligte im Insolvenzverfahren und gegen Insolvenzverwalter. Herr Finkbeiner ist ein erfahrener Prozessanwalt im Wirtschaftsrecht und Verteidiger in Wirtschaftsstrafsachen.\",\"sameAs\":[\"https:\\\/\\\/www.anwalt-finkbeiner.de\"]}]}<\/script>\n<!-- \/ Yoast SEO plugin. -->","yoast_head_json":{"title":"Verbraucherinsolvenz und Privatinsolvenz - Schnelle Einleitung & Schutz","description":"Eine anwaltliche Beratung zur Verbraucher- und Privatinsolvenz bietet gegen\u00fcber den herk\u00f6mmlichen Schuldnerberatungen den Vorteil der schnelleren Bearbeitung und einer h\u00f6heren fachlichen Kompetenz bei vergleichbaren Kosten. In meiner Kanzlei erhalten Sie bei Bedarf innerhalb von 24 Stunden einen Gespr\u00e4chstermin.","robots":{"index":"index","follow":"follow","max-snippet":"max-snippet:-1","max-image-preview":"max-image-preview:large","max-video-preview":"max-video-preview:-1"},"canonical":"https:\/\/finkbeiner-kanzlei.de\/en\/consumer-and-private-insolvency\/","og_locale":"en_US","og_type":"article","og_title":"Verbraucherinsolvenz und Privatinsolvenz - Schnelle Einleitung & Schutz","og_description":"Eine anwaltliche Beratung zur Verbraucher- und Privatinsolvenz bietet gegen\u00fcber den herk\u00f6mmlichen Schuldnerberatungen den Vorteil der schnelleren Bearbeitung und einer h\u00f6heren fachlichen Kompetenz bei vergleichbaren Kosten. In meiner Kanzlei erhalten Sie bei Bedarf innerhalb von 24 Stunden einen Gespr\u00e4chstermin.","og_url":"https:\/\/finkbeiner-kanzlei.de\/en\/consumer-and-private-insolvency\/","og_site_name":"Finkbeiner Kanzlei","article_modified_time":"2020-06-25T13:01:03+00:00","og_image":[{"url":"https:\/\/finkbeiner-kanzlei.de\/wp-content\/uploads\/2020\/06\/briefpapier.jpg","type":"","width":"","height":""}],"twitter_card":"summary_large_image","twitter_misc":{"Est. reading time":"1 minute"},"schema":{"@context":"https:\/\/schema.org","@graph":[{"@type":"WebPage","@id":"https:\/\/finkbeiner-kanzlei.de\/en\/consumer-and-private-insolvency\/","url":"https:\/\/finkbeiner-kanzlei.de\/en\/consumer-and-private-insolvency\/","name":"Verbraucherinsolvenz und Privatinsolvenz - Schnelle Einleitung & Schutz","isPartOf":{"@id":"https:\/\/finkbeiner-kanzlei.de\/en\/#website"},"primaryImageOfPage":{"@id":"https:\/\/finkbeiner-kanzlei.de\/en\/consumer-and-private-insolvency\/#primaryimage"},"image":{"@id":"https:\/\/finkbeiner-kanzlei.de\/en\/consumer-and-private-insolvency\/#primaryimage"},"thumbnailUrl":"https:\/\/finkbeiner-kanzlei.de\/wp-content\/uploads\/2020\/06\/briefpapier.jpg","datePublished":"2018-08-28T10:10:50+00:00","dateModified":"2020-06-25T13:01:03+00:00","description":"Eine anwaltliche Beratung zur Verbraucher- und Privatinsolvenz bietet gegen\u00fcber den herk\u00f6mmlichen Schuldnerberatungen den Vorteil der schnelleren Bearbeitung und einer h\u00f6heren fachlichen Kompetenz bei vergleichbaren Kosten. In meiner Kanzlei erhalten Sie bei Bedarf innerhalb von 24 Stunden einen Gespr\u00e4chstermin.","breadcrumb":{"@id":"https:\/\/finkbeiner-kanzlei.de\/en\/consumer-and-private-insolvency\/#breadcrumb"},"inLanguage":"en-US","potentialAction":[{"@type":"ReadAction","target":["https:\/\/finkbeiner-kanzlei.de\/en\/consumer-and-private-insolvency\/"]}]},{"@type":"ImageObject","inLanguage":"en-US","@id":"https:\/\/finkbeiner-kanzlei.de\/en\/consumer-and-private-insolvency\/#primaryimage","url":"https:\/\/finkbeiner-kanzlei.de\/wp-content\/uploads\/2020\/06\/briefpapier.jpg","contentUrl":"https:\/\/finkbeiner-kanzlei.de\/wp-content\/uploads\/2020\/06\/briefpapier.jpg"},{"@type":"BreadcrumbList","@id":"https:\/\/finkbeiner-kanzlei.de\/en\/consumer-and-private-insolvency\/#breadcrumb","itemListElement":[{"@type":"ListItem","position":1,"name":"Startseite","item":"https:\/\/finkbeiner-kanzlei.de\/en\/"},{"@type":"ListItem","position":2,"name":"Consumer and private insolvency"}]},{"@type":"WebSite","@id":"https:\/\/finkbeiner-kanzlei.de\/en\/#website","url":"https:\/\/finkbeiner-kanzlei.de\/en\/","name":"Finkbeiner Kanzlei","description":"Anwaltskanzlei f\u00fcr Wirtschaftsrecht, Insolvenzrecht und Prozessrecht","publisher":{"@id":"https:\/\/finkbeiner-kanzlei.de\/en\/#\/schema\/person\/82fb4d962f5edb406c94928cf461bbde"},"potentialAction":[{"@type":"SearchAction","target":{"@type":"EntryPoint","urlTemplate":"https:\/\/finkbeiner-kanzlei.de\/en\/?s={search_term_string}"},"query-input":{"@type":"PropertyValueSpecification","valueRequired":true,"valueName":"search_term_string"}}],"inLanguage":"en-US"},{"@type":["Person","Organization"],"@id":"https:\/\/finkbeiner-kanzlei.de\/en\/#\/schema\/person\/82fb4d962f5edb406c94928cf461bbde","name":"Claudius Finkbeiner","image":{"@type":"ImageObject","inLanguage":"en-US","@id":"https:\/\/finkbeiner-kanzlei.de\/wp-content\/uploads\/2017\/12\/5C66DF9B-A999-44A1-969D-4233F47A5B77-96x96.jpg","url":"https:\/\/finkbeiner-kanzlei.de\/wp-content\/uploads\/2017\/12\/5C66DF9B-A999-44A1-969D-4233F47A5B77-96x96.jpg","contentUrl":"https:\/\/finkbeiner-kanzlei.de\/wp-content\/uploads\/2017\/12\/5C66DF9B-A999-44A1-969D-4233F47A5B77-96x96.jpg","caption":"Claudius Finkbeiner"},"logo":{"@id":"https:\/\/finkbeiner-kanzlei.de\/wp-content\/uploads\/2017\/12\/5C66DF9B-A999-44A1-969D-4233F47A5B77-96x96.jpg"},"description":"Herr Finkbeiner ist seit dem Jahr 2009 als Rechtsanwalt t\u00e4tig. Sein Schwerpunkt liegt im wirtschaftsrechtlichen Bereich, insbesondere im Insolvenz-, Vertrags- und Gesellschaftsrecht sowie im Vergaberecht. Herr Finkbeiner ber\u00e4t und vertritt Unternehmen in der Krise, ebenso wie Gesch\u00e4ftsf\u00fchrer, Gl\u00e4ubiger und andere Beteiligte im Insolvenzverfahren und gegen Insolvenzverwalter. Herr Finkbeiner ist ein erfahrener Prozessanwalt im Wirtschaftsrecht und Verteidiger in Wirtschaftsstrafsachen.","sameAs":["https:\/\/www.anwalt-finkbeiner.de"]}]}},"_links":{"self":[{"href":"https:\/\/finkbeiner-kanzlei.de\/en\/wp-json\/wp\/v2\/pages\/1201","targetHints":{"allow":["GET"]}}],"collection":[{"href":"https:\/\/finkbeiner-kanzlei.de\/en\/wp-json\/wp\/v2\/pages"}],"about":[{"href":"https:\/\/finkbeiner-kanzlei.de\/en\/wp-json\/wp\/v2\/types\/page"}],"author":[{"embeddable":true,"href":"https:\/\/finkbeiner-kanzlei.de\/en\/wp-json\/wp\/v2\/users\/3"}],"replies":[{"embeddable":true,"href":"https:\/\/finkbeiner-kanzlei.de\/en\/wp-json\/wp\/v2\/comments?post=1201"}],"version-history":[{"count":3,"href":"https:\/\/finkbeiner-kanzlei.de\/en\/wp-json\/wp\/v2\/pages\/1201\/revisions"}],"predecessor-version":[{"id":1683,"href":"https:\/\/finkbeiner-kanzlei.de\/en\/wp-json\/wp\/v2\/pages\/1201\/revisions\/1683"}],"wp:attachment":[{"href":"https:\/\/finkbeiner-kanzlei.de\/en\/wp-json\/wp\/v2\/media?parent=1201"}],"wp:term":[{"taxonomy":"post_tag","embeddable":true,"href":"https:\/\/finkbeiner-kanzlei.de\/en\/wp-json\/wp\/v2\/tags?post=1201"}],"curies":[{"name":"wp","href":"https:\/\/api.w.org\/{rel}","templated":true}]}}