{"id":1204,"date":"2018-08-28T10:31:06","date_gmt":"2018-08-28T10:31:06","guid":{"rendered":"https:\/\/finkbeiner-kanzlei.de\/betriebsfortfuehrung\/"},"modified":"2022-06-09T08:50:18","modified_gmt":"2022-06-09T06:50:18","slug":"continuation-of-company-and-business-activities","status":"publish","type":"page","link":"https:\/\/finkbeiner-kanzlei.de\/en\/continuation-of-company-and-business-activities\/","title":{"rendered":"Continuation of company and business activities"},"content":{"rendered":"<div class=\"row\">\n<div class=\"col-md-6\">\n<h2><span lang=\"en-GB\">Legal assistance for the continuation of your business activities<\/span><\/h2>\n<p><span lang=\"en-GB\">As a legal advisor in a crisis, we do not only support you in the initiation and handling of insolvency proceedings, but can also help you to maintain your company, which has often been built up over years, and to continue it despite insolvency proceedings. Insolvency proceedings do not automatically mean the end of your existence as an entrepreneur. There is often the possibility &#8211; especially with a little preparation and legal support and advice &#8211; to continue your business activities.<\/span><\/p>\n<p><img fetchpriority=\"high\" decoding=\"async\" class=\"alignnone wp-image-2819 size-full\" src=\"https:\/\/finkbeiner-kanzlei.de\/wp-content\/uploads\/2022\/06\/8-finkbeiner-druckenbrodt-didzoneit.jpg\" alt=\"\" width=\"800\" height=\"500\" srcset=\"https:\/\/finkbeiner-kanzlei.de\/wp-content\/uploads\/2022\/06\/8-finkbeiner-druckenbrodt-didzoneit.jpg 800w, https:\/\/finkbeiner-kanzlei.de\/wp-content\/uploads\/2022\/06\/8-finkbeiner-druckenbrodt-didzoneit-300x188.jpg 300w, https:\/\/finkbeiner-kanzlei.de\/wp-content\/uploads\/2022\/06\/8-finkbeiner-druckenbrodt-didzoneit-768x480.jpg 768w, https:\/\/finkbeiner-kanzlei.de\/wp-content\/uploads\/2022\/06\/8-finkbeiner-druckenbrodt-didzoneit-600x375.jpg 600w\" sizes=\"(max-width: 800px) 100vw, 800px\" \/><\/p>\n<p><span lang=\"en-GB\">As lawyers specialised in insolvency law, we can support you in maintaining the entrepreneurial values you have created. This objective can be achieved in various scenarios.<\/span><\/p>\n<p><span lang=\"en-GB\">If, during the initial consultation, there are still opportunities for restructuring your business operations, we will support you in avoiding insolvency proceedings and in restructuring your company step by step.<\/span><\/p>\n<\/div>\n<div class=\"col-md-6\">\n<h2><span lang=\"en-GB\">Restructuring options within the insolvency proceedings<\/span><\/h2>\n<p><span lang=\"en-GB\">But even in the event that you or your company cannot avoid insolvency proceedings but must file for bankruptcy, there are some options.<\/span><\/p>\n<p><span lang=\"en-GB\">On the one hand, there is the possibility of continuing operations and restructuring through an insolvency plan, on the other hand we can also support you in freeing your company from the insolvent owner and putting it on a new footing by means of a transferred restructuring (<\/span><span lang=\"en-GB\"><i>\u00fcbertragende Sanierung<\/i><\/span><span lang=\"en-GB\">). In such a case, the liabilities remain in the insolvent company and the new company starts free of debt.<\/span><\/p>\n<p><span lang=\"en-GB\">In such an approach it is worthwhile to invest in legal advice in order to take advantage of all possible possibilities in pricing and in optimising the legal framework of the company and to eliminate most of the legal risks such as the transfer of the business or liability for debts of the old company from the outset.<\/span><\/p>\n<p><span lang=\"en-GB\">Another conceivable scenario is the release of the business operation by the insolvency administrator, replacing the grown corporate structure. Here, too, legal advice helps to avoid costly errors in negotiations with the insolvency administrator and to put the business on a sound footing from the outset.<\/span><\/p>\n<p><span lang=\"en-GB\">A continuation of the business within the scope of the protective shield proceedings or self-administered insolvency is also possible.<\/span><\/p>\n<p><span lang=\"en-GB\">With our specialist legal expertise, we can help you to continue your business and make it fit for the future. The earlier you seek advice, the greater the scope of possible actions for your business. Please feel free to call us without obligation.<\/span><\/p>\n<\/div>\n<\/div>\n","protected":false},"excerpt":{"rendered":"","protected":false},"author":3,"featured_media":0,"parent":0,"menu_order":13,"comment_status":"closed","ping_status":"closed","template":"","meta":{"_acf_changed":false,"inline_featured_image":false,"footnotes":""},"tags":[577,583,408,578,522,584,585,579,580,549,550,527,590,586,587,588,589,581,545,591,582],"class_list":["post-1204","page","type-page","status-publish","hentry","tag--35-abs-2-inso-en","tag--35-sec-2-inso","tag-betriebsfortfuehrung","tag-betriebsfortfuehrung-en","tag-betriebsfortfuehrung-im-insolvenzverfahren-en","tag-continuation-of-operations","tag-continuation-of-operations-in-insolvency-proceedings","tag-freigabe-aus-der-insolvenzmasse-en","tag-freigabe-des-geschaeftsbetriebes-en","tag-insolvency-plan","tag-insolvency-plan-proceedings","tag-insolvenzplanverfahren-en","tag-protective-shielding-proceedings","tag-release-from-the-insolvency-estate","tag-release-of-business-operations","tag-reorganisation","tag-reorganisation-in-insolvency-proceedings","tag-sanierung-im-insolvenzverfahren-en","tag-self-administration","tag-transferred-reorganisation","tag-uebertragene-sanierung-en"],"acf":[],"yoast_head":"<!-- This site is optimized with the Yoast SEO plugin v27.4 - https:\/\/yoast.com\/product\/yoast-seo-wordpress\/ -->\n<title>Unternehmens- und Betriebsfortf\u00fchrung in Krise und Insolvenzverfahren<\/title>\n<meta name=\"description\" content=\"Als anwaltlicher Berater in der Krise unterst\u00fctze ich Sie nicht nur bei der Einleitung und Abwicklung eines Insolvenzverfahrens, sondern kann Sie auch dabei unterst\u00fctzen Ihr oftmals \u00fcber Jahre aufgebautes Unternehmen zu erhalten und trotz eines Insolvenzverfahrens fortzuf\u00fchren. Ein Insolvenzverfahren bedeutet nicht automatisch das Ende Ihrer Existenz als Unternehmer.\" \/>\n<meta name=\"robots\" content=\"index, follow, max-snippet:-1, max-image-preview:large, max-video-preview:-1\" \/>\n<link rel=\"canonical\" href=\"https:\/\/finkbeiner-kanzlei.de\/en\/continuation-of-company-and-business-activities\/\" \/>\n<meta property=\"og:locale\" content=\"en_US\" \/>\n<meta property=\"og:type\" content=\"article\" \/>\n<meta property=\"og:title\" content=\"Unternehmens- und Betriebsfortf\u00fchrung in Krise und Insolvenzverfahren\" \/>\n<meta property=\"og:description\" content=\"Als anwaltlicher Berater in der Krise unterst\u00fctze ich Sie nicht nur bei der Einleitung und Abwicklung eines Insolvenzverfahrens, sondern kann Sie auch dabei unterst\u00fctzen Ihr oftmals \u00fcber Jahre aufgebautes Unternehmen zu erhalten und trotz eines Insolvenzverfahrens fortzuf\u00fchren. Ein Insolvenzverfahren bedeutet nicht automatisch das Ende Ihrer Existenz als Unternehmer.\" \/>\n<meta property=\"og:url\" content=\"https:\/\/finkbeiner-kanzlei.de\/en\/continuation-of-company-and-business-activities\/\" \/>\n<meta property=\"og:site_name\" content=\"Finkbeiner Kanzlei\" \/>\n<meta property=\"article:modified_time\" content=\"2022-06-09T06:50:18+00:00\" \/>\n<meta property=\"og:image\" content=\"https:\/\/finkbeiner-kanzlei.de\/wp-content\/uploads\/2022\/06\/8-finkbeiner-druckenbrodt-didzoneit.jpg\" \/>\n<meta name=\"twitter:card\" content=\"summary_large_image\" \/>\n<meta name=\"twitter:label1\" content=\"Est. reading time\" \/>\n\t<meta name=\"twitter:data1\" content=\"3 minutes\" \/>\n<script type=\"application\/ld+json\" class=\"yoast-schema-graph\">{\"@context\":\"https:\\\/\\\/schema.org\",\"@graph\":[{\"@type\":\"WebPage\",\"@id\":\"https:\\\/\\\/finkbeiner-kanzlei.de\\\/en\\\/continuation-of-company-and-business-activities\\\/\",\"url\":\"https:\\\/\\\/finkbeiner-kanzlei.de\\\/en\\\/continuation-of-company-and-business-activities\\\/\",\"name\":\"Unternehmens- und Betriebsfortf\u00fchrung in Krise und Insolvenzverfahren\",\"isPartOf\":{\"@id\":\"https:\\\/\\\/finkbeiner-kanzlei.de\\\/en\\\/#website\"},\"primaryImageOfPage\":{\"@id\":\"https:\\\/\\\/finkbeiner-kanzlei.de\\\/en\\\/continuation-of-company-and-business-activities\\\/#primaryimage\"},\"image\":{\"@id\":\"https:\\\/\\\/finkbeiner-kanzlei.de\\\/en\\\/continuation-of-company-and-business-activities\\\/#primaryimage\"},\"thumbnailUrl\":\"https:\\\/\\\/finkbeiner-kanzlei.de\\\/wp-content\\\/uploads\\\/2022\\\/06\\\/8-finkbeiner-druckenbrodt-didzoneit.jpg\",\"datePublished\":\"2018-08-28T10:31:06+00:00\",\"dateModified\":\"2022-06-09T06:50:18+00:00\",\"description\":\"Als anwaltlicher Berater in der Krise unterst\u00fctze ich Sie nicht nur bei der Einleitung und Abwicklung eines Insolvenzverfahrens, sondern kann Sie auch dabei unterst\u00fctzen Ihr oftmals \u00fcber Jahre aufgebautes Unternehmen zu erhalten und trotz eines Insolvenzverfahrens fortzuf\u00fchren. Ein Insolvenzverfahren bedeutet nicht automatisch das Ende Ihrer Existenz als Unternehmer.\",\"breadcrumb\":{\"@id\":\"https:\\\/\\\/finkbeiner-kanzlei.de\\\/en\\\/continuation-of-company-and-business-activities\\\/#breadcrumb\"},\"inLanguage\":\"en-US\",\"potentialAction\":[{\"@type\":\"ReadAction\",\"target\":[\"https:\\\/\\\/finkbeiner-kanzlei.de\\\/en\\\/continuation-of-company-and-business-activities\\\/\"]}]},{\"@type\":\"ImageObject\",\"inLanguage\":\"en-US\",\"@id\":\"https:\\\/\\\/finkbeiner-kanzlei.de\\\/en\\\/continuation-of-company-and-business-activities\\\/#primaryimage\",\"url\":\"https:\\\/\\\/finkbeiner-kanzlei.de\\\/wp-content\\\/uploads\\\/2022\\\/06\\\/8-finkbeiner-druckenbrodt-didzoneit.jpg\",\"contentUrl\":\"https:\\\/\\\/finkbeiner-kanzlei.de\\\/wp-content\\\/uploads\\\/2022\\\/06\\\/8-finkbeiner-druckenbrodt-didzoneit.jpg\"},{\"@type\":\"BreadcrumbList\",\"@id\":\"https:\\\/\\\/finkbeiner-kanzlei.de\\\/en\\\/continuation-of-company-and-business-activities\\\/#breadcrumb\",\"itemListElement\":[{\"@type\":\"ListItem\",\"position\":1,\"name\":\"Startseite\",\"item\":\"https:\\\/\\\/finkbeiner-kanzlei.de\\\/en\\\/\"},{\"@type\":\"ListItem\",\"position\":2,\"name\":\"Continuation of company and business activities\"}]},{\"@type\":\"WebSite\",\"@id\":\"https:\\\/\\\/finkbeiner-kanzlei.de\\\/en\\\/#website\",\"url\":\"https:\\\/\\\/finkbeiner-kanzlei.de\\\/en\\\/\",\"name\":\"Finkbeiner Kanzlei\",\"description\":\"Anwaltskanzlei f\u00fcr Wirtschaftsrecht, Insolvenzrecht und Prozessrecht\",\"publisher\":{\"@id\":\"https:\\\/\\\/finkbeiner-kanzlei.de\\\/en\\\/#\\\/schema\\\/person\\\/82fb4d962f5edb406c94928cf461bbde\"},\"potentialAction\":[{\"@type\":\"SearchAction\",\"target\":{\"@type\":\"EntryPoint\",\"urlTemplate\":\"https:\\\/\\\/finkbeiner-kanzlei.de\\\/en\\\/?s={search_term_string}\"},\"query-input\":{\"@type\":\"PropertyValueSpecification\",\"valueRequired\":true,\"valueName\":\"search_term_string\"}}],\"inLanguage\":\"en-US\"},{\"@type\":[\"Person\",\"Organization\"],\"@id\":\"https:\\\/\\\/finkbeiner-kanzlei.de\\\/en\\\/#\\\/schema\\\/person\\\/82fb4d962f5edb406c94928cf461bbde\",\"name\":\"Claudius Finkbeiner\",\"image\":{\"@type\":\"ImageObject\",\"inLanguage\":\"en-US\",\"@id\":\"https:\\\/\\\/finkbeiner-kanzlei.de\\\/wp-content\\\/uploads\\\/2017\\\/12\\\/5C66DF9B-A999-44A1-969D-4233F47A5B77-96x96.jpg\",\"url\":\"https:\\\/\\\/finkbeiner-kanzlei.de\\\/wp-content\\\/uploads\\\/2017\\\/12\\\/5C66DF9B-A999-44A1-969D-4233F47A5B77-96x96.jpg\",\"contentUrl\":\"https:\\\/\\\/finkbeiner-kanzlei.de\\\/wp-content\\\/uploads\\\/2017\\\/12\\\/5C66DF9B-A999-44A1-969D-4233F47A5B77-96x96.jpg\",\"caption\":\"Claudius Finkbeiner\"},\"logo\":{\"@id\":\"https:\\\/\\\/finkbeiner-kanzlei.de\\\/wp-content\\\/uploads\\\/2017\\\/12\\\/5C66DF9B-A999-44A1-969D-4233F47A5B77-96x96.jpg\"},\"description\":\"Herr Finkbeiner ist seit dem Jahr 2009 als Rechtsanwalt t\u00e4tig. Sein Schwerpunkt liegt im wirtschaftsrechtlichen Bereich, insbesondere im Insolvenz-, Vertrags- und Gesellschaftsrecht sowie im Vergaberecht. Herr Finkbeiner ber\u00e4t und vertritt Unternehmen in der Krise, ebenso wie Gesch\u00e4ftsf\u00fchrer, Gl\u00e4ubiger und andere Beteiligte im Insolvenzverfahren und gegen Insolvenzverwalter. Herr Finkbeiner ist ein erfahrener Prozessanwalt im Wirtschaftsrecht und Verteidiger in Wirtschaftsstrafsachen.\",\"sameAs\":[\"https:\\\/\\\/www.anwalt-finkbeiner.de\"]}]}<\/script>\n<!-- \/ Yoast SEO plugin. -->","yoast_head_json":{"title":"Unternehmens- und Betriebsfortf\u00fchrung in Krise und Insolvenzverfahren","description":"Als anwaltlicher Berater in der Krise unterst\u00fctze ich Sie nicht nur bei der Einleitung und Abwicklung eines Insolvenzverfahrens, sondern kann Sie auch dabei unterst\u00fctzen Ihr oftmals \u00fcber Jahre aufgebautes Unternehmen zu erhalten und trotz eines Insolvenzverfahrens fortzuf\u00fchren. Ein Insolvenzverfahren bedeutet nicht automatisch das Ende Ihrer Existenz als Unternehmer.","robots":{"index":"index","follow":"follow","max-snippet":"max-snippet:-1","max-image-preview":"max-image-preview:large","max-video-preview":"max-video-preview:-1"},"canonical":"https:\/\/finkbeiner-kanzlei.de\/en\/continuation-of-company-and-business-activities\/","og_locale":"en_US","og_type":"article","og_title":"Unternehmens- und Betriebsfortf\u00fchrung in Krise und Insolvenzverfahren","og_description":"Als anwaltlicher Berater in der Krise unterst\u00fctze ich Sie nicht nur bei der Einleitung und Abwicklung eines Insolvenzverfahrens, sondern kann Sie auch dabei unterst\u00fctzen Ihr oftmals \u00fcber Jahre aufgebautes Unternehmen zu erhalten und trotz eines Insolvenzverfahrens fortzuf\u00fchren. Ein Insolvenzverfahren bedeutet nicht automatisch das Ende Ihrer Existenz als Unternehmer.","og_url":"https:\/\/finkbeiner-kanzlei.de\/en\/continuation-of-company-and-business-activities\/","og_site_name":"Finkbeiner Kanzlei","article_modified_time":"2022-06-09T06:50:18+00:00","og_image":[{"url":"https:\/\/finkbeiner-kanzlei.de\/wp-content\/uploads\/2022\/06\/8-finkbeiner-druckenbrodt-didzoneit.jpg","type":"","width":"","height":""}],"twitter_card":"summary_large_image","twitter_misc":{"Est. reading time":"3 minutes"},"schema":{"@context":"https:\/\/schema.org","@graph":[{"@type":"WebPage","@id":"https:\/\/finkbeiner-kanzlei.de\/en\/continuation-of-company-and-business-activities\/","url":"https:\/\/finkbeiner-kanzlei.de\/en\/continuation-of-company-and-business-activities\/","name":"Unternehmens- und Betriebsfortf\u00fchrung in Krise und Insolvenzverfahren","isPartOf":{"@id":"https:\/\/finkbeiner-kanzlei.de\/en\/#website"},"primaryImageOfPage":{"@id":"https:\/\/finkbeiner-kanzlei.de\/en\/continuation-of-company-and-business-activities\/#primaryimage"},"image":{"@id":"https:\/\/finkbeiner-kanzlei.de\/en\/continuation-of-company-and-business-activities\/#primaryimage"},"thumbnailUrl":"https:\/\/finkbeiner-kanzlei.de\/wp-content\/uploads\/2022\/06\/8-finkbeiner-druckenbrodt-didzoneit.jpg","datePublished":"2018-08-28T10:31:06+00:00","dateModified":"2022-06-09T06:50:18+00:00","description":"Als anwaltlicher Berater in der Krise unterst\u00fctze ich Sie nicht nur bei der Einleitung und Abwicklung eines Insolvenzverfahrens, sondern kann Sie auch dabei unterst\u00fctzen Ihr oftmals \u00fcber Jahre aufgebautes Unternehmen zu erhalten und trotz eines Insolvenzverfahrens fortzuf\u00fchren. Ein Insolvenzverfahren bedeutet nicht automatisch das Ende Ihrer Existenz als Unternehmer.","breadcrumb":{"@id":"https:\/\/finkbeiner-kanzlei.de\/en\/continuation-of-company-and-business-activities\/#breadcrumb"},"inLanguage":"en-US","potentialAction":[{"@type":"ReadAction","target":["https:\/\/finkbeiner-kanzlei.de\/en\/continuation-of-company-and-business-activities\/"]}]},{"@type":"ImageObject","inLanguage":"en-US","@id":"https:\/\/finkbeiner-kanzlei.de\/en\/continuation-of-company-and-business-activities\/#primaryimage","url":"https:\/\/finkbeiner-kanzlei.de\/wp-content\/uploads\/2022\/06\/8-finkbeiner-druckenbrodt-didzoneit.jpg","contentUrl":"https:\/\/finkbeiner-kanzlei.de\/wp-content\/uploads\/2022\/06\/8-finkbeiner-druckenbrodt-didzoneit.jpg"},{"@type":"BreadcrumbList","@id":"https:\/\/finkbeiner-kanzlei.de\/en\/continuation-of-company-and-business-activities\/#breadcrumb","itemListElement":[{"@type":"ListItem","position":1,"name":"Startseite","item":"https:\/\/finkbeiner-kanzlei.de\/en\/"},{"@type":"ListItem","position":2,"name":"Continuation of company and business activities"}]},{"@type":"WebSite","@id":"https:\/\/finkbeiner-kanzlei.de\/en\/#website","url":"https:\/\/finkbeiner-kanzlei.de\/en\/","name":"Finkbeiner Kanzlei","description":"Anwaltskanzlei f\u00fcr Wirtschaftsrecht, Insolvenzrecht und Prozessrecht","publisher":{"@id":"https:\/\/finkbeiner-kanzlei.de\/en\/#\/schema\/person\/82fb4d962f5edb406c94928cf461bbde"},"potentialAction":[{"@type":"SearchAction","target":{"@type":"EntryPoint","urlTemplate":"https:\/\/finkbeiner-kanzlei.de\/en\/?s={search_term_string}"},"query-input":{"@type":"PropertyValueSpecification","valueRequired":true,"valueName":"search_term_string"}}],"inLanguage":"en-US"},{"@type":["Person","Organization"],"@id":"https:\/\/finkbeiner-kanzlei.de\/en\/#\/schema\/person\/82fb4d962f5edb406c94928cf461bbde","name":"Claudius Finkbeiner","image":{"@type":"ImageObject","inLanguage":"en-US","@id":"https:\/\/finkbeiner-kanzlei.de\/wp-content\/uploads\/2017\/12\/5C66DF9B-A999-44A1-969D-4233F47A5B77-96x96.jpg","url":"https:\/\/finkbeiner-kanzlei.de\/wp-content\/uploads\/2017\/12\/5C66DF9B-A999-44A1-969D-4233F47A5B77-96x96.jpg","contentUrl":"https:\/\/finkbeiner-kanzlei.de\/wp-content\/uploads\/2017\/12\/5C66DF9B-A999-44A1-969D-4233F47A5B77-96x96.jpg","caption":"Claudius Finkbeiner"},"logo":{"@id":"https:\/\/finkbeiner-kanzlei.de\/wp-content\/uploads\/2017\/12\/5C66DF9B-A999-44A1-969D-4233F47A5B77-96x96.jpg"},"description":"Herr Finkbeiner ist seit dem Jahr 2009 als Rechtsanwalt t\u00e4tig. Sein Schwerpunkt liegt im wirtschaftsrechtlichen Bereich, insbesondere im Insolvenz-, Vertrags- und Gesellschaftsrecht sowie im Vergaberecht. Herr Finkbeiner ber\u00e4t und vertritt Unternehmen in der Krise, ebenso wie Gesch\u00e4ftsf\u00fchrer, Gl\u00e4ubiger und andere Beteiligte im Insolvenzverfahren und gegen Insolvenzverwalter. Herr Finkbeiner ist ein erfahrener Prozessanwalt im Wirtschaftsrecht und Verteidiger in Wirtschaftsstrafsachen.","sameAs":["https:\/\/www.anwalt-finkbeiner.de"]}]}},"_links":{"self":[{"href":"https:\/\/finkbeiner-kanzlei.de\/en\/wp-json\/wp\/v2\/pages\/1204","targetHints":{"allow":["GET"]}}],"collection":[{"href":"https:\/\/finkbeiner-kanzlei.de\/en\/wp-json\/wp\/v2\/pages"}],"about":[{"href":"https:\/\/finkbeiner-kanzlei.de\/en\/wp-json\/wp\/v2\/types\/page"}],"author":[{"embeddable":true,"href":"https:\/\/finkbeiner-kanzlei.de\/en\/wp-json\/wp\/v2\/users\/3"}],"replies":[{"embeddable":true,"href":"https:\/\/finkbeiner-kanzlei.de\/en\/wp-json\/wp\/v2\/comments?post=1204"}],"version-history":[{"count":5,"href":"https:\/\/finkbeiner-kanzlei.de\/en\/wp-json\/wp\/v2\/pages\/1204\/revisions"}],"predecessor-version":[{"id":2840,"href":"https:\/\/finkbeiner-kanzlei.de\/en\/wp-json\/wp\/v2\/pages\/1204\/revisions\/2840"}],"wp:attachment":[{"href":"https:\/\/finkbeiner-kanzlei.de\/en\/wp-json\/wp\/v2\/media?parent=1204"}],"wp:term":[{"taxonomy":"post_tag","embeddable":true,"href":"https:\/\/finkbeiner-kanzlei.de\/en\/wp-json\/wp\/v2\/tags?post=1204"}],"curies":[{"name":"wp","href":"https:\/\/api.w.org\/{rel}","templated":true}]}}