{"id":1208,"date":"2018-09-06T10:10:50","date_gmt":"2018-09-06T10:10:50","guid":{"rendered":"https:\/\/finkbeiner-kanzlei.de\/sanierungs-und-fortuehrungsgutachten\/"},"modified":"2020-06-25T12:58:17","modified_gmt":"2020-06-25T12:58:17","slug":"reorganisation-and-continuation-plan","status":"publish","type":"page","link":"https:\/\/finkbeiner-kanzlei.de\/en\/reorganisation-and-continuation-plan\/","title":{"rendered":"Reorganisation and continuation plan"},"content":{"rendered":"<div class=\"row\">\n<div class=\"col-md-6\">\n<h2><span lang=\"en-GB\">Regain market confidence<\/span><\/h2>\n<p><span lang=\"en-GB\">As an advisor to our clients in a crisis, we help them to quickly gain an overview of possible insolvency filing requirements and restructuring opportunities. This competence helps you to take the right steps in the right order in a timely manner.<\/span><\/p>\n<p><img fetchpriority=\"high\" decoding=\"async\" class=\"alignnone size-full wp-image-1658\" src=\"https:\/\/finkbeiner-kanzlei.de\/wp-content\/uploads\/2020\/06\/gewerberecht-landscape.jpg\" alt=\"\" width=\"800\" height=\"500\" srcset=\"https:\/\/finkbeiner-kanzlei.de\/wp-content\/uploads\/2020\/06\/gewerberecht-landscape.jpg 800w, https:\/\/finkbeiner-kanzlei.de\/wp-content\/uploads\/2020\/06\/gewerberecht-landscape-600x375.jpg 600w, https:\/\/finkbeiner-kanzlei.de\/wp-content\/uploads\/2020\/06\/gewerberecht-landscape-300x188.jpg 300w, https:\/\/finkbeiner-kanzlei.de\/wp-content\/uploads\/2020\/06\/gewerberecht-landscape-768x480.jpg 768w\" sizes=\"(max-width: 800px) 100vw, 800px\" \/><\/p>\n<p><span lang=\"en-GB\">In many cases, however, an internal review of your duties to act is not sufficient. When it comes to building up new confidence in your company&#8217;s ability to restructure vis-\u00e0-vis banks and suppliers, you need a restructuring plan drawn up by external experts that confirms your company&#8217;s ability to restructure and certifies a positive continuation forecast. Particularly in difficult times and under pressure, many banks and long-standing suppliers are not willing to extend or expand their commitment. This is due to the increasing regulation of banks, but also to the case law of the German Federal Court on insolvency contestation (<\/span><span lang=\"en-GB\"><i>Insolvenzanfechtung<\/i><\/span><span lang=\"en-GB\">) that is very hostile towards restructuring. Any outside support in crisis situations through deferral or standstill agreements threatens to fall back on the helper in need.<\/span><\/p>\n<\/div>\n<div class=\"col-md-6\">\n<p><span lang=\"en-GB\">With our expertise as lawyers specialised in insolvency law, we are in a position to prepare a qualified reorganisation report for you and your company with a continuation prognosis according to IDW S 6 standard and\/or IDW S 11 standard.<\/span><\/p>\n<h2><span lang=\"en-GB\">The reorganisation plan for your company<\/span><\/h2>\n<p><span lang=\"en-GB\">A reorganisation plan developed by us does not only include the determination of possible obligations to file for insolvency, which you may be able to refer to in the event of an accusation of director\u2019s liability to exonerate you, but is also, if your company allows this determination, suitable to serve as an argument for a suspension of execution, a standstill agreement or a debt deferral vis-\u00e0-vis banks, suppliers or the tax office and protects you and your partners from the criminal accusation of delaying insolvency or a contestation under insolvency law later.<\/span><\/p>\n<p><span lang=\"en-GB\">Such an expert opinion is also indispensable in the event of an application for self-administered insolvency and the initiation of protective shielding proceedings, as well as in the event of a balance sheet deficit not covered by equity capital.<\/span><\/p>\n<p><span lang=\"en-GB\">Based on our many years of experience in the restructuring of companies and the development of new entrepreneurial perspectives out of the crisis, we will provide you with a restructuring plan that we have drawn up, which will be a design instrument for the future of your company and, if you wish, we will accompany you through the negotiation process with banks and suppliers.<\/span><\/p>\n<p><span lang=\"en-GB\">Please contact us by phone without obligation &#8211; we will help you with your request.<\/span><\/p>\n<\/div>\n<\/div>\n","protected":false},"excerpt":{"rendered":"","protected":false},"author":2,"featured_media":0,"parent":0,"menu_order":0,"comment_status":"closed","ping_status":"closed","template":"","meta":{"_acf_changed":false,"inline_featured_image":false,"footnotes":""},"tags":[605,592,609,594,423,595,607,596,606,608,611,617,614,612,613,615,616,541,545,610],"class_list":["post-1208","page","type-page","status-publish","hentry","tag-bank-loan","tag-bankenkredit-en","tag-delay-in-filing-for-insolvency","tag-idw-s-11-standard-en","tag-idw-s-11-standard","tag-idw-s-6-standard-en","tag-insolvency-application","tag-insolvenzantrag-en","tag-managing-director-liability","tag-obligation-to-file-for-insolvency","tag-positive-continuation-prognosis","tag-protective-shielding-procedure","tag-reorganisation-ability","tag-reorganisation-and-restructuring","tag-reorganisation-chances","tag-reorganisation-expertise","tag-reorganisation-plan","tag-sanierungsgutachten-en","tag-self-administration","tag-supplier-credit"],"acf":[],"yoast_head":"<!-- This site is optimized with the Yoast SEO plugin v27.4 - https:\/\/yoast.com\/product\/yoast-seo-wordpress\/ -->\n<title>Sanierungsgutachten mit Fortf\u00fchrungsprognose nach IDW S 6-Standard und\/oder nach IDW S 11-Standard<\/title>\n<meta name=\"description\" content=\"Wenn es darum geht, gegen\u00fcber Banken und Lieferanten neues Vertrauen in die Sanierungsf\u00e4higkeit Ihres Unternehmens aufzubauen, bedarf es eines von externen Experten aufgestellten Sanierungsplans, der die Sanierungsf\u00e4higkeit Ihres Unternehmens best\u00e4tigt und eine positive Fortf\u00fchrungsprognose attestiert.\" \/>\n<meta name=\"robots\" content=\"index, follow, max-snippet:-1, max-image-preview:large, max-video-preview:-1\" \/>\n<link rel=\"canonical\" href=\"https:\/\/finkbeiner-kanzlei.de\/en\/reorganisation-and-continuation-plan\/\" \/>\n<meta property=\"og:locale\" content=\"en_US\" \/>\n<meta property=\"og:type\" content=\"article\" \/>\n<meta property=\"og:title\" content=\"Sanierungsgutachten mit Fortf\u00fchrungsprognose nach IDW S 6-Standard und\/oder nach IDW S 11-Standard\" \/>\n<meta property=\"og:description\" content=\"Wenn es darum geht, gegen\u00fcber Banken und Lieferanten neues Vertrauen in die Sanierungsf\u00e4higkeit Ihres Unternehmens aufzubauen, bedarf es eines von externen Experten aufgestellten Sanierungsplans, der die Sanierungsf\u00e4higkeit Ihres Unternehmens best\u00e4tigt und eine positive Fortf\u00fchrungsprognose attestiert.\" \/>\n<meta property=\"og:url\" content=\"https:\/\/finkbeiner-kanzlei.de\/en\/reorganisation-and-continuation-plan\/\" \/>\n<meta property=\"og:site_name\" content=\"Finkbeiner Kanzlei\" \/>\n<meta property=\"article:modified_time\" content=\"2020-06-25T12:58:17+00:00\" \/>\n<meta property=\"og:image\" content=\"https:\/\/finkbeiner-kanzlei.de\/wp-content\/uploads\/2020\/06\/gewerberecht-landscape.jpg\" \/>\n<meta name=\"twitter:card\" content=\"summary_large_image\" \/>\n<meta name=\"twitter:label1\" content=\"Est. reading time\" \/>\n\t<meta name=\"twitter:data1\" content=\"2 minutes\" \/>\n<script type=\"application\/ld+json\" class=\"yoast-schema-graph\">{\"@context\":\"https:\\\/\\\/schema.org\",\"@graph\":[{\"@type\":\"WebPage\",\"@id\":\"https:\\\/\\\/finkbeiner-kanzlei.de\\\/en\\\/reorganisation-and-continuation-plan\\\/\",\"url\":\"https:\\\/\\\/finkbeiner-kanzlei.de\\\/en\\\/reorganisation-and-continuation-plan\\\/\",\"name\":\"Sanierungsgutachten mit Fortf\u00fchrungsprognose nach IDW S 6-Standard und\\\/oder nach IDW S 11-Standard\",\"isPartOf\":{\"@id\":\"https:\\\/\\\/finkbeiner-kanzlei.de\\\/en\\\/#website\"},\"primaryImageOfPage\":{\"@id\":\"https:\\\/\\\/finkbeiner-kanzlei.de\\\/en\\\/reorganisation-and-continuation-plan\\\/#primaryimage\"},\"image\":{\"@id\":\"https:\\\/\\\/finkbeiner-kanzlei.de\\\/en\\\/reorganisation-and-continuation-plan\\\/#primaryimage\"},\"thumbnailUrl\":\"https:\\\/\\\/finkbeiner-kanzlei.de\\\/wp-content\\\/uploads\\\/2020\\\/06\\\/gewerberecht-landscape.jpg\",\"datePublished\":\"2018-09-06T10:10:50+00:00\",\"dateModified\":\"2020-06-25T12:58:17+00:00\",\"description\":\"Wenn es darum geht, gegen\u00fcber Banken und Lieferanten neues Vertrauen in die Sanierungsf\u00e4higkeit Ihres Unternehmens aufzubauen, bedarf es eines von externen Experten aufgestellten Sanierungsplans, der die Sanierungsf\u00e4higkeit Ihres Unternehmens best\u00e4tigt und eine positive Fortf\u00fchrungsprognose attestiert.\",\"breadcrumb\":{\"@id\":\"https:\\\/\\\/finkbeiner-kanzlei.de\\\/en\\\/reorganisation-and-continuation-plan\\\/#breadcrumb\"},\"inLanguage\":\"en-US\",\"potentialAction\":[{\"@type\":\"ReadAction\",\"target\":[\"https:\\\/\\\/finkbeiner-kanzlei.de\\\/en\\\/reorganisation-and-continuation-plan\\\/\"]}]},{\"@type\":\"ImageObject\",\"inLanguage\":\"en-US\",\"@id\":\"https:\\\/\\\/finkbeiner-kanzlei.de\\\/en\\\/reorganisation-and-continuation-plan\\\/#primaryimage\",\"url\":\"https:\\\/\\\/finkbeiner-kanzlei.de\\\/wp-content\\\/uploads\\\/2020\\\/06\\\/gewerberecht-landscape.jpg\",\"contentUrl\":\"https:\\\/\\\/finkbeiner-kanzlei.de\\\/wp-content\\\/uploads\\\/2020\\\/06\\\/gewerberecht-landscape.jpg\"},{\"@type\":\"BreadcrumbList\",\"@id\":\"https:\\\/\\\/finkbeiner-kanzlei.de\\\/en\\\/reorganisation-and-continuation-plan\\\/#breadcrumb\",\"itemListElement\":[{\"@type\":\"ListItem\",\"position\":1,\"name\":\"Startseite\",\"item\":\"https:\\\/\\\/finkbeiner-kanzlei.de\\\/en\\\/\"},{\"@type\":\"ListItem\",\"position\":2,\"name\":\"Reorganisation and continuation plan\"}]},{\"@type\":\"WebSite\",\"@id\":\"https:\\\/\\\/finkbeiner-kanzlei.de\\\/en\\\/#website\",\"url\":\"https:\\\/\\\/finkbeiner-kanzlei.de\\\/en\\\/\",\"name\":\"Finkbeiner Kanzlei\",\"description\":\"Anwaltskanzlei f\u00fcr Wirtschaftsrecht, Insolvenzrecht und Prozessrecht\",\"publisher\":{\"@id\":\"https:\\\/\\\/finkbeiner-kanzlei.de\\\/en\\\/#\\\/schema\\\/person\\\/82fb4d962f5edb406c94928cf461bbde\"},\"potentialAction\":[{\"@type\":\"SearchAction\",\"target\":{\"@type\":\"EntryPoint\",\"urlTemplate\":\"https:\\\/\\\/finkbeiner-kanzlei.de\\\/en\\\/?s={search_term_string}\"},\"query-input\":{\"@type\":\"PropertyValueSpecification\",\"valueRequired\":true,\"valueName\":\"search_term_string\"}}],\"inLanguage\":\"en-US\"},{\"@type\":[\"Person\",\"Organization\"],\"@id\":\"https:\\\/\\\/finkbeiner-kanzlei.de\\\/en\\\/#\\\/schema\\\/person\\\/82fb4d962f5edb406c94928cf461bbde\",\"name\":\"Claudius Finkbeiner\",\"image\":{\"@type\":\"ImageObject\",\"inLanguage\":\"en-US\",\"@id\":\"https:\\\/\\\/finkbeiner-kanzlei.de\\\/wp-content\\\/uploads\\\/2017\\\/12\\\/5C66DF9B-A999-44A1-969D-4233F47A5B77-96x96.jpg\",\"url\":\"https:\\\/\\\/finkbeiner-kanzlei.de\\\/wp-content\\\/uploads\\\/2017\\\/12\\\/5C66DF9B-A999-44A1-969D-4233F47A5B77-96x96.jpg\",\"contentUrl\":\"https:\\\/\\\/finkbeiner-kanzlei.de\\\/wp-content\\\/uploads\\\/2017\\\/12\\\/5C66DF9B-A999-44A1-969D-4233F47A5B77-96x96.jpg\",\"caption\":\"Claudius Finkbeiner\"},\"logo\":{\"@id\":\"https:\\\/\\\/finkbeiner-kanzlei.de\\\/wp-content\\\/uploads\\\/2017\\\/12\\\/5C66DF9B-A999-44A1-969D-4233F47A5B77-96x96.jpg\"},\"description\":\"Herr Finkbeiner ist seit dem Jahr 2009 als Rechtsanwalt t\u00e4tig. Sein Schwerpunkt liegt im wirtschaftsrechtlichen Bereich, insbesondere im Insolvenz-, Vertrags- und Gesellschaftsrecht sowie im Vergaberecht. Herr Finkbeiner ber\u00e4t und vertritt Unternehmen in der Krise, ebenso wie Gesch\u00e4ftsf\u00fchrer, Gl\u00e4ubiger und andere Beteiligte im Insolvenzverfahren und gegen Insolvenzverwalter. Herr Finkbeiner ist ein erfahrener Prozessanwalt im Wirtschaftsrecht und Verteidiger in Wirtschaftsstrafsachen.\",\"sameAs\":[\"https:\\\/\\\/www.anwalt-finkbeiner.de\"]}]}<\/script>\n<!-- \/ Yoast SEO plugin. -->","yoast_head_json":{"title":"Sanierungsgutachten mit Fortf\u00fchrungsprognose nach IDW S 6-Standard und\/oder nach IDW S 11-Standard","description":"Wenn es darum geht, gegen\u00fcber Banken und Lieferanten neues Vertrauen in die Sanierungsf\u00e4higkeit Ihres Unternehmens aufzubauen, bedarf es eines von externen Experten aufgestellten Sanierungsplans, der die Sanierungsf\u00e4higkeit Ihres Unternehmens best\u00e4tigt und eine positive Fortf\u00fchrungsprognose attestiert.","robots":{"index":"index","follow":"follow","max-snippet":"max-snippet:-1","max-image-preview":"max-image-preview:large","max-video-preview":"max-video-preview:-1"},"canonical":"https:\/\/finkbeiner-kanzlei.de\/en\/reorganisation-and-continuation-plan\/","og_locale":"en_US","og_type":"article","og_title":"Sanierungsgutachten mit Fortf\u00fchrungsprognose nach IDW S 6-Standard und\/oder nach IDW S 11-Standard","og_description":"Wenn es darum geht, gegen\u00fcber Banken und Lieferanten neues Vertrauen in die Sanierungsf\u00e4higkeit Ihres Unternehmens aufzubauen, bedarf es eines von externen Experten aufgestellten Sanierungsplans, der die Sanierungsf\u00e4higkeit Ihres Unternehmens best\u00e4tigt und eine positive Fortf\u00fchrungsprognose attestiert.","og_url":"https:\/\/finkbeiner-kanzlei.de\/en\/reorganisation-and-continuation-plan\/","og_site_name":"Finkbeiner Kanzlei","article_modified_time":"2020-06-25T12:58:17+00:00","og_image":[{"url":"https:\/\/finkbeiner-kanzlei.de\/wp-content\/uploads\/2020\/06\/gewerberecht-landscape.jpg","type":"","width":"","height":""}],"twitter_card":"summary_large_image","twitter_misc":{"Est. reading time":"2 minutes"},"schema":{"@context":"https:\/\/schema.org","@graph":[{"@type":"WebPage","@id":"https:\/\/finkbeiner-kanzlei.de\/en\/reorganisation-and-continuation-plan\/","url":"https:\/\/finkbeiner-kanzlei.de\/en\/reorganisation-and-continuation-plan\/","name":"Sanierungsgutachten mit Fortf\u00fchrungsprognose nach IDW S 6-Standard und\/oder nach IDW S 11-Standard","isPartOf":{"@id":"https:\/\/finkbeiner-kanzlei.de\/en\/#website"},"primaryImageOfPage":{"@id":"https:\/\/finkbeiner-kanzlei.de\/en\/reorganisation-and-continuation-plan\/#primaryimage"},"image":{"@id":"https:\/\/finkbeiner-kanzlei.de\/en\/reorganisation-and-continuation-plan\/#primaryimage"},"thumbnailUrl":"https:\/\/finkbeiner-kanzlei.de\/wp-content\/uploads\/2020\/06\/gewerberecht-landscape.jpg","datePublished":"2018-09-06T10:10:50+00:00","dateModified":"2020-06-25T12:58:17+00:00","description":"Wenn es darum geht, gegen\u00fcber Banken und Lieferanten neues Vertrauen in die Sanierungsf\u00e4higkeit Ihres Unternehmens aufzubauen, bedarf es eines von externen Experten aufgestellten Sanierungsplans, der die Sanierungsf\u00e4higkeit Ihres Unternehmens best\u00e4tigt und eine positive Fortf\u00fchrungsprognose attestiert.","breadcrumb":{"@id":"https:\/\/finkbeiner-kanzlei.de\/en\/reorganisation-and-continuation-plan\/#breadcrumb"},"inLanguage":"en-US","potentialAction":[{"@type":"ReadAction","target":["https:\/\/finkbeiner-kanzlei.de\/en\/reorganisation-and-continuation-plan\/"]}]},{"@type":"ImageObject","inLanguage":"en-US","@id":"https:\/\/finkbeiner-kanzlei.de\/en\/reorganisation-and-continuation-plan\/#primaryimage","url":"https:\/\/finkbeiner-kanzlei.de\/wp-content\/uploads\/2020\/06\/gewerberecht-landscape.jpg","contentUrl":"https:\/\/finkbeiner-kanzlei.de\/wp-content\/uploads\/2020\/06\/gewerberecht-landscape.jpg"},{"@type":"BreadcrumbList","@id":"https:\/\/finkbeiner-kanzlei.de\/en\/reorganisation-and-continuation-plan\/#breadcrumb","itemListElement":[{"@type":"ListItem","position":1,"name":"Startseite","item":"https:\/\/finkbeiner-kanzlei.de\/en\/"},{"@type":"ListItem","position":2,"name":"Reorganisation and continuation plan"}]},{"@type":"WebSite","@id":"https:\/\/finkbeiner-kanzlei.de\/en\/#website","url":"https:\/\/finkbeiner-kanzlei.de\/en\/","name":"Finkbeiner Kanzlei","description":"Anwaltskanzlei f\u00fcr Wirtschaftsrecht, Insolvenzrecht und Prozessrecht","publisher":{"@id":"https:\/\/finkbeiner-kanzlei.de\/en\/#\/schema\/person\/82fb4d962f5edb406c94928cf461bbde"},"potentialAction":[{"@type":"SearchAction","target":{"@type":"EntryPoint","urlTemplate":"https:\/\/finkbeiner-kanzlei.de\/en\/?s={search_term_string}"},"query-input":{"@type":"PropertyValueSpecification","valueRequired":true,"valueName":"search_term_string"}}],"inLanguage":"en-US"},{"@type":["Person","Organization"],"@id":"https:\/\/finkbeiner-kanzlei.de\/en\/#\/schema\/person\/82fb4d962f5edb406c94928cf461bbde","name":"Claudius Finkbeiner","image":{"@type":"ImageObject","inLanguage":"en-US","@id":"https:\/\/finkbeiner-kanzlei.de\/wp-content\/uploads\/2017\/12\/5C66DF9B-A999-44A1-969D-4233F47A5B77-96x96.jpg","url":"https:\/\/finkbeiner-kanzlei.de\/wp-content\/uploads\/2017\/12\/5C66DF9B-A999-44A1-969D-4233F47A5B77-96x96.jpg","contentUrl":"https:\/\/finkbeiner-kanzlei.de\/wp-content\/uploads\/2017\/12\/5C66DF9B-A999-44A1-969D-4233F47A5B77-96x96.jpg","caption":"Claudius Finkbeiner"},"logo":{"@id":"https:\/\/finkbeiner-kanzlei.de\/wp-content\/uploads\/2017\/12\/5C66DF9B-A999-44A1-969D-4233F47A5B77-96x96.jpg"},"description":"Herr Finkbeiner ist seit dem Jahr 2009 als Rechtsanwalt t\u00e4tig. Sein Schwerpunkt liegt im wirtschaftsrechtlichen Bereich, insbesondere im Insolvenz-, Vertrags- und Gesellschaftsrecht sowie im Vergaberecht. Herr Finkbeiner ber\u00e4t und vertritt Unternehmen in der Krise, ebenso wie Gesch\u00e4ftsf\u00fchrer, Gl\u00e4ubiger und andere Beteiligte im Insolvenzverfahren und gegen Insolvenzverwalter. Herr Finkbeiner ist ein erfahrener Prozessanwalt im Wirtschaftsrecht und Verteidiger in Wirtschaftsstrafsachen.","sameAs":["https:\/\/www.anwalt-finkbeiner.de"]}]}},"_links":{"self":[{"href":"https:\/\/finkbeiner-kanzlei.de\/en\/wp-json\/wp\/v2\/pages\/1208","targetHints":{"allow":["GET"]}}],"collection":[{"href":"https:\/\/finkbeiner-kanzlei.de\/en\/wp-json\/wp\/v2\/pages"}],"about":[{"href":"https:\/\/finkbeiner-kanzlei.de\/en\/wp-json\/wp\/v2\/types\/page"}],"author":[{"embeddable":true,"href":"https:\/\/finkbeiner-kanzlei.de\/en\/wp-json\/wp\/v2\/users\/2"}],"replies":[{"embeddable":true,"href":"https:\/\/finkbeiner-kanzlei.de\/en\/wp-json\/wp\/v2\/comments?post=1208"}],"version-history":[{"count":3,"href":"https:\/\/finkbeiner-kanzlei.de\/en\/wp-json\/wp\/v2\/pages\/1208\/revisions"}],"predecessor-version":[{"id":1679,"href":"https:\/\/finkbeiner-kanzlei.de\/en\/wp-json\/wp\/v2\/pages\/1208\/revisions\/1679"}],"wp:attachment":[{"href":"https:\/\/finkbeiner-kanzlei.de\/en\/wp-json\/wp\/v2\/media?parent=1208"}],"wp:term":[{"taxonomy":"post_tag","embeddable":true,"href":"https:\/\/finkbeiner-kanzlei.de\/en\/wp-json\/wp\/v2\/tags?post=1208"}],"curies":[{"name":"wp","href":"https:\/\/api.w.org\/{rel}","templated":true}]}}