{"id":1211,"date":"2018-08-28T10:31:06","date_gmt":"2018-08-28T10:31:06","guid":{"rendered":"https:\/\/finkbeiner-kanzlei.de\/schutz-des-privatvermoegens\/"},"modified":"2020-06-25T12:51:39","modified_gmt":"2020-06-25T12:51:39","slug":"protection-of-private-assets","status":"publish","type":"page","link":"https:\/\/finkbeiner-kanzlei.de\/en\/protection-of-private-assets\/","title":{"rendered":"Protection of private assets"},"content":{"rendered":"<div class=\"row\">\n<div class=\"col-md-6\">\n<h2><span lang=\"en-GB\">Creating scope for the future<\/span><\/h2>\n<p><span lang=\"en-GB\">When it comes to the consequences of an insolvency, the question of the protection of private assets usually also arises.<\/span><\/p>\n<p><span lang=\"en-GB\">In principle, the private assets of the managing director remain untouched in the insolvency proceedings of a GmbH &#8211; in this case, liability claims often come into play &#8211; in the case of the insolvency of a private corporation or a limited commercial partnership, all liability claims are transferred to the insolvency administrator, who then asserts them directly with the shareholder. In the case of the insolvency of a sole proprietor, the entire assets fall directly into the insolvency estate. In such cases, there is unfortunately no such thing as protective assets and future income is also fully attachable except for a small deductible.<\/span><\/p>\n<p><span lang=\"en-GB\">These circumstances are usually well known and often lead to ill-considered measures by the entrepreneur before the insolvency proceedings, which are threatened by liability. In principle, all transfers of assets designed to protect them from creditors can be reversed. In order to prevent this, the legislator has, for example, made the transfer of assets or their concealment a punishable offence, and has also created an extensive right of rescission.<\/span><\/p>\n<p><img fetchpriority=\"high\" decoding=\"async\" class=\"alignnone size-full wp-image-1660\" src=\"https:\/\/finkbeiner-kanzlei.de\/wp-content\/uploads\/2020\/06\/vergaberecht-landscape.jpg\" alt=\"\" width=\"800\" height=\"500\" srcset=\"https:\/\/finkbeiner-kanzlei.de\/wp-content\/uploads\/2020\/06\/vergaberecht-landscape.jpg 800w, https:\/\/finkbeiner-kanzlei.de\/wp-content\/uploads\/2020\/06\/vergaberecht-landscape-600x375.jpg 600w, https:\/\/finkbeiner-kanzlei.de\/wp-content\/uploads\/2020\/06\/vergaberecht-landscape-300x188.jpg 300w, https:\/\/finkbeiner-kanzlei.de\/wp-content\/uploads\/2020\/06\/vergaberecht-landscape-768x480.jpg 768w\" sizes=\"(max-width: 800px) 100vw, 800px\" \/><\/p>\n<\/div>\n<div class=\"col-md-6\">\n<h2><span lang=\"en-GB\">Use the structuring options in a legally secure manner<\/span><\/h2>\n<h2><img decoding=\"async\" class=\"alignnone size-full wp-image-1623\" src=\"https:\/\/finkbeiner-kanzlei.de\/wp-content\/uploads\/2020\/06\/visitenkarte.jpg\" alt=\"\" width=\"800\" height=\"500\" srcset=\"https:\/\/finkbeiner-kanzlei.de\/wp-content\/uploads\/2020\/06\/visitenkarte.jpg 800w, https:\/\/finkbeiner-kanzlei.de\/wp-content\/uploads\/2020\/06\/visitenkarte-600x375.jpg 600w, https:\/\/finkbeiner-kanzlei.de\/wp-content\/uploads\/2020\/06\/visitenkarte-300x188.jpg 300w, https:\/\/finkbeiner-kanzlei.de\/wp-content\/uploads\/2020\/06\/visitenkarte-768x480.jpg 768w\" sizes=\"(max-width: 800px) 100vw, 800px\" \/><\/h2>\n<p><span lang=\"en-GB\">However, even here it makes a big difference whether you have been advised in advance to explore all the available options.<\/span><\/p>\n<p><span lang=\"en-GB\">For example, retirement provision contracts can be secured against seizure relatively easily. Moreover, not all transfers are contestable, or only under certain conditions. Those who know and take these into account can protect themselves and their family at least partially from the consequences of insolvency proceedings.<\/span><\/p>\n<p><span lang=\"en-GB\">In addition, there are various options for structuring available in corporate or family law or measures to protect company assets, the application of which we will examine and design for you in your case.<\/span><\/p>\n<p><span lang=\"en-GB\">We analyse the possibilities of protecting private assets in your individual case and support you in the legal design of a sustainable asset protection concept. It makes a big difference whether you enter insolvency proceedings well prepared or whether you simply let it come to you. Keep the booklet of action in your hand. We support you with our competence as lawyers specialised in insolvency law.<\/span><\/p>\n<h2><\/h2>\n<\/div>\n<\/div>\n","protected":false},"excerpt":{"rendered":"","protected":false},"author":3,"featured_media":0,"parent":0,"menu_order":14,"comment_status":"closed","ping_status":"closed","template":"","meta":{"_acf_changed":false,"inline_featured_image":false,"footnotes":""},"tags":[618,636,634,635,629,619,630,620,621,628,633,632,631,622,623,624,625,626,627],"class_list":["post-1211","page","type-page","status-publish","hentry","tag-anfechtungsschutz-en","tag-asset-protection-en","tag-asset-protection-concept","tag-asset-transfer","tag-consequences-of-insolvency","tag-folgen-der-insolvenz-en","tag-insolvency-proof-old-age-provision","tag-insolvenzfeste-altersvorsorge-en","tag-privatvermoegen-schuetzen-en","tag-protection-against-avoidance","tag-protection-of-assets","tag-protection-of-old-age-provision","tag-protection-of-private-assets","tag-schutz-der-altersvorsorge-en","tag-schutz-fuer-vermoegen-en","tag-vermoegensschutz-en","tag-vermoegensschutzkonzept-en","tag-vermoegenssicherung-en","tag-vermoegensuebertragung-en"],"acf":[],"yoast_head":"<!-- This site is optimized with the Yoast SEO plugin v27.4 - https:\/\/yoast.com\/product\/yoast-seo-wordpress\/ -->\n<title>Schutz des Privatverm\u00f6gens - Folgen einer Insolvenz<\/title>\n<meta name=\"description\" content=\"Unbedachten Ma\u00dfnahmen vor dem Insolvenzverfahren vermeiden und Gestaltungsm\u00f6glichkeiten rechtssicher nutzen. Es macht einen gro\u00dfen Unterschied, ob man sich im Vorfeld hat beraten lassen um alle zur Verf\u00fcgung stehenden Optionen auszuloten. Denn grunds\u00e4tzlich gilt, das s\u00e4mtliche Verm\u00f6gens\u00fcbertragungen die Verm\u00f6gen vor Gl\u00e4ubigern sch\u00fctzen sollten, r\u00fcckg\u00e4ngig gemacht werden k\u00f6nnen.\" \/>\n<meta name=\"robots\" content=\"index, follow, max-snippet:-1, max-image-preview:large, max-video-preview:-1\" \/>\n<link rel=\"canonical\" href=\"https:\/\/finkbeiner-kanzlei.de\/en\/protection-of-private-assets\/\" \/>\n<meta property=\"og:locale\" content=\"en_US\" \/>\n<meta property=\"og:type\" content=\"article\" \/>\n<meta property=\"og:title\" content=\"Schutz des Privatverm\u00f6gens - Folgen einer Insolvenz\" \/>\n<meta property=\"og:description\" content=\"Unbedachten Ma\u00dfnahmen vor dem Insolvenzverfahren vermeiden und Gestaltungsm\u00f6glichkeiten rechtssicher nutzen. Es macht einen gro\u00dfen Unterschied, ob man sich im Vorfeld hat beraten lassen um alle zur Verf\u00fcgung stehenden Optionen auszuloten. Denn grunds\u00e4tzlich gilt, das s\u00e4mtliche Verm\u00f6gens\u00fcbertragungen die Verm\u00f6gen vor Gl\u00e4ubigern sch\u00fctzen sollten, r\u00fcckg\u00e4ngig gemacht werden k\u00f6nnen.\" \/>\n<meta property=\"og:url\" content=\"https:\/\/finkbeiner-kanzlei.de\/en\/protection-of-private-assets\/\" \/>\n<meta property=\"og:site_name\" content=\"Finkbeiner Kanzlei\" \/>\n<meta property=\"article:modified_time\" content=\"2020-06-25T12:51:39+00:00\" \/>\n<meta property=\"og:image\" content=\"https:\/\/finkbeiner-kanzlei.de\/wp-content\/uploads\/2020\/06\/vergaberecht-landscape.jpg\" \/>\n<meta name=\"twitter:card\" content=\"summary_large_image\" \/>\n<meta name=\"twitter:label1\" content=\"Est. reading time\" \/>\n\t<meta name=\"twitter:data1\" content=\"2 minutes\" \/>\n<script type=\"application\/ld+json\" class=\"yoast-schema-graph\">{\"@context\":\"https:\\\/\\\/schema.org\",\"@graph\":[{\"@type\":\"WebPage\",\"@id\":\"https:\\\/\\\/finkbeiner-kanzlei.de\\\/en\\\/protection-of-private-assets\\\/\",\"url\":\"https:\\\/\\\/finkbeiner-kanzlei.de\\\/en\\\/protection-of-private-assets\\\/\",\"name\":\"Schutz des Privatverm\u00f6gens - Folgen einer Insolvenz\",\"isPartOf\":{\"@id\":\"https:\\\/\\\/finkbeiner-kanzlei.de\\\/en\\\/#website\"},\"primaryImageOfPage\":{\"@id\":\"https:\\\/\\\/finkbeiner-kanzlei.de\\\/en\\\/protection-of-private-assets\\\/#primaryimage\"},\"image\":{\"@id\":\"https:\\\/\\\/finkbeiner-kanzlei.de\\\/en\\\/protection-of-private-assets\\\/#primaryimage\"},\"thumbnailUrl\":\"https:\\\/\\\/finkbeiner-kanzlei.de\\\/wp-content\\\/uploads\\\/2020\\\/06\\\/vergaberecht-landscape.jpg\",\"datePublished\":\"2018-08-28T10:31:06+00:00\",\"dateModified\":\"2020-06-25T12:51:39+00:00\",\"description\":\"Unbedachten Ma\u00dfnahmen vor dem Insolvenzverfahren vermeiden und Gestaltungsm\u00f6glichkeiten rechtssicher nutzen. Es macht einen gro\u00dfen Unterschied, ob man sich im Vorfeld hat beraten lassen um alle zur Verf\u00fcgung stehenden Optionen auszuloten. Denn grunds\u00e4tzlich gilt, das s\u00e4mtliche Verm\u00f6gens\u00fcbertragungen die Verm\u00f6gen vor Gl\u00e4ubigern sch\u00fctzen sollten, r\u00fcckg\u00e4ngig gemacht werden k\u00f6nnen.\",\"breadcrumb\":{\"@id\":\"https:\\\/\\\/finkbeiner-kanzlei.de\\\/en\\\/protection-of-private-assets\\\/#breadcrumb\"},\"inLanguage\":\"en-US\",\"potentialAction\":[{\"@type\":\"ReadAction\",\"target\":[\"https:\\\/\\\/finkbeiner-kanzlei.de\\\/en\\\/protection-of-private-assets\\\/\"]}]},{\"@type\":\"ImageObject\",\"inLanguage\":\"en-US\",\"@id\":\"https:\\\/\\\/finkbeiner-kanzlei.de\\\/en\\\/protection-of-private-assets\\\/#primaryimage\",\"url\":\"https:\\\/\\\/finkbeiner-kanzlei.de\\\/wp-content\\\/uploads\\\/2020\\\/06\\\/vergaberecht-landscape.jpg\",\"contentUrl\":\"https:\\\/\\\/finkbeiner-kanzlei.de\\\/wp-content\\\/uploads\\\/2020\\\/06\\\/vergaberecht-landscape.jpg\"},{\"@type\":\"BreadcrumbList\",\"@id\":\"https:\\\/\\\/finkbeiner-kanzlei.de\\\/en\\\/protection-of-private-assets\\\/#breadcrumb\",\"itemListElement\":[{\"@type\":\"ListItem\",\"position\":1,\"name\":\"Startseite\",\"item\":\"https:\\\/\\\/finkbeiner-kanzlei.de\\\/en\\\/\"},{\"@type\":\"ListItem\",\"position\":2,\"name\":\"Protection of private assets\"}]},{\"@type\":\"WebSite\",\"@id\":\"https:\\\/\\\/finkbeiner-kanzlei.de\\\/en\\\/#website\",\"url\":\"https:\\\/\\\/finkbeiner-kanzlei.de\\\/en\\\/\",\"name\":\"Finkbeiner Kanzlei\",\"description\":\"Anwaltskanzlei f\u00fcr Wirtschaftsrecht, Insolvenzrecht und Prozessrecht\",\"publisher\":{\"@id\":\"https:\\\/\\\/finkbeiner-kanzlei.de\\\/en\\\/#\\\/schema\\\/person\\\/82fb4d962f5edb406c94928cf461bbde\"},\"potentialAction\":[{\"@type\":\"SearchAction\",\"target\":{\"@type\":\"EntryPoint\",\"urlTemplate\":\"https:\\\/\\\/finkbeiner-kanzlei.de\\\/en\\\/?s={search_term_string}\"},\"query-input\":{\"@type\":\"PropertyValueSpecification\",\"valueRequired\":true,\"valueName\":\"search_term_string\"}}],\"inLanguage\":\"en-US\"},{\"@type\":[\"Person\",\"Organization\"],\"@id\":\"https:\\\/\\\/finkbeiner-kanzlei.de\\\/en\\\/#\\\/schema\\\/person\\\/82fb4d962f5edb406c94928cf461bbde\",\"name\":\"Claudius Finkbeiner\",\"image\":{\"@type\":\"ImageObject\",\"inLanguage\":\"en-US\",\"@id\":\"https:\\\/\\\/finkbeiner-kanzlei.de\\\/wp-content\\\/uploads\\\/2017\\\/12\\\/5C66DF9B-A999-44A1-969D-4233F47A5B77-96x96.jpg\",\"url\":\"https:\\\/\\\/finkbeiner-kanzlei.de\\\/wp-content\\\/uploads\\\/2017\\\/12\\\/5C66DF9B-A999-44A1-969D-4233F47A5B77-96x96.jpg\",\"contentUrl\":\"https:\\\/\\\/finkbeiner-kanzlei.de\\\/wp-content\\\/uploads\\\/2017\\\/12\\\/5C66DF9B-A999-44A1-969D-4233F47A5B77-96x96.jpg\",\"caption\":\"Claudius Finkbeiner\"},\"logo\":{\"@id\":\"https:\\\/\\\/finkbeiner-kanzlei.de\\\/wp-content\\\/uploads\\\/2017\\\/12\\\/5C66DF9B-A999-44A1-969D-4233F47A5B77-96x96.jpg\"},\"description\":\"Herr Finkbeiner ist seit dem Jahr 2009 als Rechtsanwalt t\u00e4tig. Sein Schwerpunkt liegt im wirtschaftsrechtlichen Bereich, insbesondere im Insolvenz-, Vertrags- und Gesellschaftsrecht sowie im Vergaberecht. Herr Finkbeiner ber\u00e4t und vertritt Unternehmen in der Krise, ebenso wie Gesch\u00e4ftsf\u00fchrer, Gl\u00e4ubiger und andere Beteiligte im Insolvenzverfahren und gegen Insolvenzverwalter. Herr Finkbeiner ist ein erfahrener Prozessanwalt im Wirtschaftsrecht und Verteidiger in Wirtschaftsstrafsachen.\",\"sameAs\":[\"https:\\\/\\\/www.anwalt-finkbeiner.de\"]}]}<\/script>\n<!-- \/ Yoast SEO plugin. -->","yoast_head_json":{"title":"Schutz des Privatverm\u00f6gens - Folgen einer Insolvenz","description":"Unbedachten Ma\u00dfnahmen vor dem Insolvenzverfahren vermeiden und Gestaltungsm\u00f6glichkeiten rechtssicher nutzen. Es macht einen gro\u00dfen Unterschied, ob man sich im Vorfeld hat beraten lassen um alle zur Verf\u00fcgung stehenden Optionen auszuloten. Denn grunds\u00e4tzlich gilt, das s\u00e4mtliche Verm\u00f6gens\u00fcbertragungen die Verm\u00f6gen vor Gl\u00e4ubigern sch\u00fctzen sollten, r\u00fcckg\u00e4ngig gemacht werden k\u00f6nnen.","robots":{"index":"index","follow":"follow","max-snippet":"max-snippet:-1","max-image-preview":"max-image-preview:large","max-video-preview":"max-video-preview:-1"},"canonical":"https:\/\/finkbeiner-kanzlei.de\/en\/protection-of-private-assets\/","og_locale":"en_US","og_type":"article","og_title":"Schutz des Privatverm\u00f6gens - Folgen einer Insolvenz","og_description":"Unbedachten Ma\u00dfnahmen vor dem Insolvenzverfahren vermeiden und Gestaltungsm\u00f6glichkeiten rechtssicher nutzen. Es macht einen gro\u00dfen Unterschied, ob man sich im Vorfeld hat beraten lassen um alle zur Verf\u00fcgung stehenden Optionen auszuloten. Denn grunds\u00e4tzlich gilt, das s\u00e4mtliche Verm\u00f6gens\u00fcbertragungen die Verm\u00f6gen vor Gl\u00e4ubigern sch\u00fctzen sollten, r\u00fcckg\u00e4ngig gemacht werden k\u00f6nnen.","og_url":"https:\/\/finkbeiner-kanzlei.de\/en\/protection-of-private-assets\/","og_site_name":"Finkbeiner Kanzlei","article_modified_time":"2020-06-25T12:51:39+00:00","og_image":[{"url":"https:\/\/finkbeiner-kanzlei.de\/wp-content\/uploads\/2020\/06\/vergaberecht-landscape.jpg","type":"","width":"","height":""}],"twitter_card":"summary_large_image","twitter_misc":{"Est. reading time":"2 minutes"},"schema":{"@context":"https:\/\/schema.org","@graph":[{"@type":"WebPage","@id":"https:\/\/finkbeiner-kanzlei.de\/en\/protection-of-private-assets\/","url":"https:\/\/finkbeiner-kanzlei.de\/en\/protection-of-private-assets\/","name":"Schutz des Privatverm\u00f6gens - Folgen einer Insolvenz","isPartOf":{"@id":"https:\/\/finkbeiner-kanzlei.de\/en\/#website"},"primaryImageOfPage":{"@id":"https:\/\/finkbeiner-kanzlei.de\/en\/protection-of-private-assets\/#primaryimage"},"image":{"@id":"https:\/\/finkbeiner-kanzlei.de\/en\/protection-of-private-assets\/#primaryimage"},"thumbnailUrl":"https:\/\/finkbeiner-kanzlei.de\/wp-content\/uploads\/2020\/06\/vergaberecht-landscape.jpg","datePublished":"2018-08-28T10:31:06+00:00","dateModified":"2020-06-25T12:51:39+00:00","description":"Unbedachten Ma\u00dfnahmen vor dem Insolvenzverfahren vermeiden und Gestaltungsm\u00f6glichkeiten rechtssicher nutzen. Es macht einen gro\u00dfen Unterschied, ob man sich im Vorfeld hat beraten lassen um alle zur Verf\u00fcgung stehenden Optionen auszuloten. Denn grunds\u00e4tzlich gilt, das s\u00e4mtliche Verm\u00f6gens\u00fcbertragungen die Verm\u00f6gen vor Gl\u00e4ubigern sch\u00fctzen sollten, r\u00fcckg\u00e4ngig gemacht werden k\u00f6nnen.","breadcrumb":{"@id":"https:\/\/finkbeiner-kanzlei.de\/en\/protection-of-private-assets\/#breadcrumb"},"inLanguage":"en-US","potentialAction":[{"@type":"ReadAction","target":["https:\/\/finkbeiner-kanzlei.de\/en\/protection-of-private-assets\/"]}]},{"@type":"ImageObject","inLanguage":"en-US","@id":"https:\/\/finkbeiner-kanzlei.de\/en\/protection-of-private-assets\/#primaryimage","url":"https:\/\/finkbeiner-kanzlei.de\/wp-content\/uploads\/2020\/06\/vergaberecht-landscape.jpg","contentUrl":"https:\/\/finkbeiner-kanzlei.de\/wp-content\/uploads\/2020\/06\/vergaberecht-landscape.jpg"},{"@type":"BreadcrumbList","@id":"https:\/\/finkbeiner-kanzlei.de\/en\/protection-of-private-assets\/#breadcrumb","itemListElement":[{"@type":"ListItem","position":1,"name":"Startseite","item":"https:\/\/finkbeiner-kanzlei.de\/en\/"},{"@type":"ListItem","position":2,"name":"Protection of private assets"}]},{"@type":"WebSite","@id":"https:\/\/finkbeiner-kanzlei.de\/en\/#website","url":"https:\/\/finkbeiner-kanzlei.de\/en\/","name":"Finkbeiner Kanzlei","description":"Anwaltskanzlei f\u00fcr Wirtschaftsrecht, Insolvenzrecht und Prozessrecht","publisher":{"@id":"https:\/\/finkbeiner-kanzlei.de\/en\/#\/schema\/person\/82fb4d962f5edb406c94928cf461bbde"},"potentialAction":[{"@type":"SearchAction","target":{"@type":"EntryPoint","urlTemplate":"https:\/\/finkbeiner-kanzlei.de\/en\/?s={search_term_string}"},"query-input":{"@type":"PropertyValueSpecification","valueRequired":true,"valueName":"search_term_string"}}],"inLanguage":"en-US"},{"@type":["Person","Organization"],"@id":"https:\/\/finkbeiner-kanzlei.de\/en\/#\/schema\/person\/82fb4d962f5edb406c94928cf461bbde","name":"Claudius Finkbeiner","image":{"@type":"ImageObject","inLanguage":"en-US","@id":"https:\/\/finkbeiner-kanzlei.de\/wp-content\/uploads\/2017\/12\/5C66DF9B-A999-44A1-969D-4233F47A5B77-96x96.jpg","url":"https:\/\/finkbeiner-kanzlei.de\/wp-content\/uploads\/2017\/12\/5C66DF9B-A999-44A1-969D-4233F47A5B77-96x96.jpg","contentUrl":"https:\/\/finkbeiner-kanzlei.de\/wp-content\/uploads\/2017\/12\/5C66DF9B-A999-44A1-969D-4233F47A5B77-96x96.jpg","caption":"Claudius Finkbeiner"},"logo":{"@id":"https:\/\/finkbeiner-kanzlei.de\/wp-content\/uploads\/2017\/12\/5C66DF9B-A999-44A1-969D-4233F47A5B77-96x96.jpg"},"description":"Herr Finkbeiner ist seit dem Jahr 2009 als Rechtsanwalt t\u00e4tig. Sein Schwerpunkt liegt im wirtschaftsrechtlichen Bereich, insbesondere im Insolvenz-, Vertrags- und Gesellschaftsrecht sowie im Vergaberecht. Herr Finkbeiner ber\u00e4t und vertritt Unternehmen in der Krise, ebenso wie Gesch\u00e4ftsf\u00fchrer, Gl\u00e4ubiger und andere Beteiligte im Insolvenzverfahren und gegen Insolvenzverwalter. Herr Finkbeiner ist ein erfahrener Prozessanwalt im Wirtschaftsrecht und Verteidiger in Wirtschaftsstrafsachen.","sameAs":["https:\/\/www.anwalt-finkbeiner.de"]}]}},"_links":{"self":[{"href":"https:\/\/finkbeiner-kanzlei.de\/en\/wp-json\/wp\/v2\/pages\/1211","targetHints":{"allow":["GET"]}}],"collection":[{"href":"https:\/\/finkbeiner-kanzlei.de\/en\/wp-json\/wp\/v2\/pages"}],"about":[{"href":"https:\/\/finkbeiner-kanzlei.de\/en\/wp-json\/wp\/v2\/types\/page"}],"author":[{"embeddable":true,"href":"https:\/\/finkbeiner-kanzlei.de\/en\/wp-json\/wp\/v2\/users\/3"}],"replies":[{"embeddable":true,"href":"https:\/\/finkbeiner-kanzlei.de\/en\/wp-json\/wp\/v2\/comments?post=1211"}],"version-history":[{"count":3,"href":"https:\/\/finkbeiner-kanzlei.de\/en\/wp-json\/wp\/v2\/pages\/1211\/revisions"}],"predecessor-version":[{"id":1673,"href":"https:\/\/finkbeiner-kanzlei.de\/en\/wp-json\/wp\/v2\/pages\/1211\/revisions\/1673"}],"wp:attachment":[{"href":"https:\/\/finkbeiner-kanzlei.de\/en\/wp-json\/wp\/v2\/media?parent=1211"}],"wp:term":[{"taxonomy":"post_tag","embeddable":true,"href":"https:\/\/finkbeiner-kanzlei.de\/en\/wp-json\/wp\/v2\/tags?post=1211"}],"curies":[{"name":"wp","href":"https:\/\/api.w.org\/{rel}","templated":true}]}}