{"id":1217,"date":"2018-08-24T12:12:20","date_gmt":"2018-08-24T12:12:20","guid":{"rendered":"https:\/\/finkbeiner-kanzlei.de\/insolvenzanfechtung\/"},"modified":"2020-04-27T12:54:45","modified_gmt":"2020-04-27T12:54:45","slug":"insolvency-contestation","status":"publish","type":"page","link":"https:\/\/finkbeiner-kanzlei.de\/en\/insolvency-contestation\/","title":{"rendered":"Insolvency contestation"},"content":{"rendered":"<div class=\"row\">\n<div class=\"col-md-6\">\n<h2><span lang=\"en-GB\">Efficient defence against insolvency contestation (<\/span><span lang=\"en-GB\"><i>Insolvenzanfechtung<\/i><\/span><span lang=\"en-GB\">)<\/span><\/h2>\n<p><span lang=\"en-GB\">One of our core competences as lawyers specialising in litigation and insolvency law is the defence against insolvency contestations. Insolvency contestationsby insolvency administrators are a frequently occurring phenomenon that often irritates those affected at first. In a letter, a mostly completely unknown insolvency administrator demands payment of an often five-figure or even significantly higher sum and threatens to take legal action.<\/span><\/p>\n<p><img fetchpriority=\"high\" decoding=\"async\" class=\"alignnone size-full wp-image-869\" src=\"https:\/\/finkbeiner-kanzlei.de\/wp-content\/uploads\/2019\/04\/insolvenzanfechtung.jpg\" alt=\"\" width=\"580\" height=\"400\" srcset=\"https:\/\/finkbeiner-kanzlei.de\/wp-content\/uploads\/2019\/04\/insolvenzanfechtung.jpg 580w, https:\/\/finkbeiner-kanzlei.de\/wp-content\/uploads\/2019\/04\/insolvenzanfechtung-300x207.jpg 300w\" sizes=\"(max-width: 580px) 100vw, 580px\" \/><\/p>\n<p><span lang=\"en-GB\">For many entrepreneurs, an insolvency contestation is incomprehensible. Actually, from a commercial point of view you have acted correctly: you have received payments from the debtor with pressure, using instalment payments or through execution after possibly years of litigation, which are now contested by the insolvency administrator.<\/span><\/p>\n<p><span lang=\"en-GB\">It is legally possible that the insolvency administrator has the possibility to contest past legal transactions of the insolvent entrepreneur. In such cases, the insolvency administrator can reclaim already collected or executed amounts to the insolvency estate. This applies, for example, if other creditors of the insolvent company were disadvantaged by payments made before the opening of insolvency proceedings and if the beneficiary entrepreneur was aware of the insolvency.<\/span><\/p>\n<\/div>\n<div class=\"col-md-6\">\n<p><span lang=\"en-GB\">The entrepreneur concerned can hardly defend himself against such claims on his own, as it is assumed by law in many cases that the beneficiary has known about the debtor&#8217;s crisis. It used to be sufficient to have accepted instalment payments even though this was not initially agreed. In addition, in recent years case law has increasingly extended the contestability of payments. <!-- Hier m\u00fcssen wir vielleicht die neue Rechtslage ein wenig ber\u00fccksichtigen. -->With our expert representation, it is very well possible to defend such claims or at least to reduce them. The decisive laws and regulations have a wide scope of interpretation. In addition, the case law is very dynamic and diversified when it comes to contestation claims.<\/span><\/p>\n<h2><span lang=\"en-GB\">Effective strategies in case of claims<\/span><\/h2>\n<p><span lang=\"en-GB\">It is precisely in these disputes that a precise knowledge of the case law and moreover the procedural law is essential. At the very least, it is often possible to achieve a reduction in the payment demanded. Unfortunately, many entrepreneurs &#8211; and also many lawyer colleagues without knowledge of insolvency law &#8211; do not know this. They then prefer to take legal action, where settlement discussions are often the more sensible way.<\/span><\/p>\n<p><span lang=\"en-GB\">In addition, the special situation of insolvency administrators has to be taken into account during negotiations. Working together with them constructively, they are often enough willing to talk out of court and to make concessions, if you strike the right note and have the necessary industry knowledge.<\/span><\/p>\n<p><span lang=\"en-GB\">We represent you with our expertise and experience aslawyers specialising in insolvency law and litigation. With an intelligent negotiation strategy, we can achieve for you to successfully counteract to an insolvency contestation out of court or &#8211; if necessary &#8211; in litigation and to prevent or at least reduce the damage threatening you.<\/span><\/p>\n<p><span lang=\"en-GB\">In addition, we also offer you counselling on preventive contracts or general terms and conditions as well as the targeted management of collection efforts to avoid the risk of insolvency contestation in the future. Furthermore, we also offer an audit of the activities of your previous consultants. It may be a culpable breach of duty on the part of your lawyer or your debt collection agency to accept payments which subsequently prove to be contestable under insolvency law.<\/span><\/p>\n<p><span lang=\"en-GB\">Please feel free to call ua without obligation, we will support you in fending off claims from insolvency administrators.<\/span><\/p>\n<\/div>\n<\/div>\n","protected":false},"excerpt":{"rendered":"","protected":false},"author":3,"featured_media":0,"parent":0,"menu_order":0,"comment_status":"closed","ping_status":"closed","template":"","meta":{"_acf_changed":false,"inline_featured_image":false,"footnotes":""},"tags":[661,662,663,664,675,665,666,679,667,48,673,674,672,566,676,668,677,669,678,572,670,671],"class_list":["post-1217","page","type-page","status-publish","hentry","tag--129-inso-en","tag--131-inso-en","tag--133-inso-en","tag-abwehr-von-insolvenzanfechtungen-en","tag-advice-and-representation-against-insolvency-administrators","tag-anfechtung-durch-insolvenzverwalter-en","tag-ansprueche-von-insolvenzverwaltern-abwehren-en","tag-avoidance-of-insolvency-challenge","tag-beratung-und-vertretung-gegen-insolvenzvwerwalter-en","tag-beratung-und-vertretung-gegen-insolvenzvwerwalter","tag-challenge-by-insolvency-administrator","tag-defence-against-claims-of-insolvency-administrators","tag-defence-of-insolvency-challenges","tag-fachanwalt-fuer-insolvenzrecht-en","tag-incongruent-payments","tag-inkongruente-zahlungen-en","tag-insolvency-administrator","tag-insolvenzverwalter-en","tag-settlement-in-case-of-insolvency-challenge","tag-specialist-lawyer-for-insolvency-law","tag-vergleich-bei-insolvenzanfechtung-en","tag-vermeidung-von-insolvenzanfechtung-en"],"acf":[],"yoast_head":"<!-- This site is optimized with the Yoast SEO plugin v27.4 - https:\/\/yoast.com\/product\/yoast-seo-wordpress\/ -->\n<title>Efficient defence against insolvency contestation<\/title>\n<meta name=\"description\" content=\"One of our core competences as lawyers specialising in litigation and insolvency law is the defence against insolvency contestations. Insolvency contestationsby insolvency administrators are a frequently occurring phenomenon that often irritates those affected at first. In a letter, a mostly completely unknown insolvency administrator demands payment of an often five-figure or even significantly higher sum and threatens to take legal action.\" \/>\n<meta name=\"robots\" content=\"index, follow, max-snippet:-1, max-image-preview:large, max-video-preview:-1\" \/>\n<link rel=\"canonical\" href=\"https:\/\/finkbeiner-kanzlei.de\/en\/insolvency-contestation\/\" \/>\n<meta property=\"og:locale\" content=\"en_US\" \/>\n<meta property=\"og:type\" content=\"article\" \/>\n<meta property=\"og:title\" content=\"Efficient defence against insolvency contestation\" \/>\n<meta property=\"og:description\" content=\"One of our core competences as lawyers specialising in litigation and insolvency law is the defence against insolvency contestations. Insolvency contestationsby insolvency administrators are a frequently occurring phenomenon that often irritates those affected at first. In a letter, a mostly completely unknown insolvency administrator demands payment of an often five-figure or even significantly higher sum and threatens to take legal action.\" \/>\n<meta property=\"og:url\" content=\"https:\/\/finkbeiner-kanzlei.de\/en\/insolvency-contestation\/\" \/>\n<meta property=\"og:site_name\" content=\"Finkbeiner Kanzlei\" \/>\n<meta property=\"article:modified_time\" content=\"2020-04-27T12:54:45+00:00\" \/>\n<meta property=\"og:image\" content=\"https:\/\/finkbeiner-kanzlei.de\/wp-content\/uploads\/2019\/04\/insolvenzanfechtung.jpg\" \/>\n<meta name=\"twitter:card\" content=\"summary_large_image\" \/>\n<meta name=\"twitter:label1\" content=\"Est. reading time\" \/>\n\t<meta name=\"twitter:data1\" content=\"3 minutes\" \/>\n<script type=\"application\/ld+json\" class=\"yoast-schema-graph\">{\"@context\":\"https:\\\/\\\/schema.org\",\"@graph\":[{\"@type\":\"WebPage\",\"@id\":\"https:\\\/\\\/finkbeiner-kanzlei.de\\\/en\\\/insolvency-contestation\\\/\",\"url\":\"https:\\\/\\\/finkbeiner-kanzlei.de\\\/en\\\/insolvency-contestation\\\/\",\"name\":\"Efficient defence against insolvency contestation\",\"isPartOf\":{\"@id\":\"https:\\\/\\\/finkbeiner-kanzlei.de\\\/en\\\/#website\"},\"primaryImageOfPage\":{\"@id\":\"https:\\\/\\\/finkbeiner-kanzlei.de\\\/en\\\/insolvency-contestation\\\/#primaryimage\"},\"image\":{\"@id\":\"https:\\\/\\\/finkbeiner-kanzlei.de\\\/en\\\/insolvency-contestation\\\/#primaryimage\"},\"thumbnailUrl\":\"https:\\\/\\\/finkbeiner-kanzlei.de\\\/wp-content\\\/uploads\\\/2019\\\/04\\\/insolvenzanfechtung.jpg\",\"datePublished\":\"2018-08-24T12:12:20+00:00\",\"dateModified\":\"2020-04-27T12:54:45+00:00\",\"description\":\"One of our core competences as lawyers specialising in litigation and insolvency law is the defence against insolvency contestations. Insolvency contestationsby insolvency administrators are a frequently occurring phenomenon that often irritates those affected at first. In a letter, a mostly completely unknown insolvency administrator demands payment of an often five-figure or even significantly higher sum and threatens to take legal action.\",\"breadcrumb\":{\"@id\":\"https:\\\/\\\/finkbeiner-kanzlei.de\\\/en\\\/insolvency-contestation\\\/#breadcrumb\"},\"inLanguage\":\"en-US\",\"potentialAction\":[{\"@type\":\"ReadAction\",\"target\":[\"https:\\\/\\\/finkbeiner-kanzlei.de\\\/en\\\/insolvency-contestation\\\/\"]}]},{\"@type\":\"ImageObject\",\"inLanguage\":\"en-US\",\"@id\":\"https:\\\/\\\/finkbeiner-kanzlei.de\\\/en\\\/insolvency-contestation\\\/#primaryimage\",\"url\":\"https:\\\/\\\/finkbeiner-kanzlei.de\\\/wp-content\\\/uploads\\\/2019\\\/04\\\/insolvenzanfechtung.jpg\",\"contentUrl\":\"https:\\\/\\\/finkbeiner-kanzlei.de\\\/wp-content\\\/uploads\\\/2019\\\/04\\\/insolvenzanfechtung.jpg\"},{\"@type\":\"BreadcrumbList\",\"@id\":\"https:\\\/\\\/finkbeiner-kanzlei.de\\\/en\\\/insolvency-contestation\\\/#breadcrumb\",\"itemListElement\":[{\"@type\":\"ListItem\",\"position\":1,\"name\":\"Startseite\",\"item\":\"https:\\\/\\\/finkbeiner-kanzlei.de\\\/en\\\/\"},{\"@type\":\"ListItem\",\"position\":2,\"name\":\"Insolvency contestation\"}]},{\"@type\":\"WebSite\",\"@id\":\"https:\\\/\\\/finkbeiner-kanzlei.de\\\/en\\\/#website\",\"url\":\"https:\\\/\\\/finkbeiner-kanzlei.de\\\/en\\\/\",\"name\":\"Finkbeiner Kanzlei\",\"description\":\"Anwaltskanzlei f\u00fcr Wirtschaftsrecht, Insolvenzrecht und Prozessrecht\",\"publisher\":{\"@id\":\"https:\\\/\\\/finkbeiner-kanzlei.de\\\/en\\\/#\\\/schema\\\/person\\\/82fb4d962f5edb406c94928cf461bbde\"},\"potentialAction\":[{\"@type\":\"SearchAction\",\"target\":{\"@type\":\"EntryPoint\",\"urlTemplate\":\"https:\\\/\\\/finkbeiner-kanzlei.de\\\/en\\\/?s={search_term_string}\"},\"query-input\":{\"@type\":\"PropertyValueSpecification\",\"valueRequired\":true,\"valueName\":\"search_term_string\"}}],\"inLanguage\":\"en-US\"},{\"@type\":[\"Person\",\"Organization\"],\"@id\":\"https:\\\/\\\/finkbeiner-kanzlei.de\\\/en\\\/#\\\/schema\\\/person\\\/82fb4d962f5edb406c94928cf461bbde\",\"name\":\"Claudius Finkbeiner\",\"image\":{\"@type\":\"ImageObject\",\"inLanguage\":\"en-US\",\"@id\":\"https:\\\/\\\/finkbeiner-kanzlei.de\\\/wp-content\\\/uploads\\\/2017\\\/12\\\/5C66DF9B-A999-44A1-969D-4233F47A5B77-96x96.jpg\",\"url\":\"https:\\\/\\\/finkbeiner-kanzlei.de\\\/wp-content\\\/uploads\\\/2017\\\/12\\\/5C66DF9B-A999-44A1-969D-4233F47A5B77-96x96.jpg\",\"contentUrl\":\"https:\\\/\\\/finkbeiner-kanzlei.de\\\/wp-content\\\/uploads\\\/2017\\\/12\\\/5C66DF9B-A999-44A1-969D-4233F47A5B77-96x96.jpg\",\"caption\":\"Claudius Finkbeiner\"},\"logo\":{\"@id\":\"https:\\\/\\\/finkbeiner-kanzlei.de\\\/wp-content\\\/uploads\\\/2017\\\/12\\\/5C66DF9B-A999-44A1-969D-4233F47A5B77-96x96.jpg\"},\"description\":\"Herr Finkbeiner ist seit dem Jahr 2009 als Rechtsanwalt t\u00e4tig. Sein Schwerpunkt liegt im wirtschaftsrechtlichen Bereich, insbesondere im Insolvenz-, Vertrags- und Gesellschaftsrecht sowie im Vergaberecht. Herr Finkbeiner ber\u00e4t und vertritt Unternehmen in der Krise, ebenso wie Gesch\u00e4ftsf\u00fchrer, Gl\u00e4ubiger und andere Beteiligte im Insolvenzverfahren und gegen Insolvenzverwalter. Herr Finkbeiner ist ein erfahrener Prozessanwalt im Wirtschaftsrecht und Verteidiger in Wirtschaftsstrafsachen.\",\"sameAs\":[\"https:\\\/\\\/www.anwalt-finkbeiner.de\"]}]}<\/script>\n<!-- \/ Yoast SEO plugin. -->","yoast_head_json":{"title":"Efficient defence against insolvency contestation","description":"One of our core competences as lawyers specialising in litigation and insolvency law is the defence against insolvency contestations. Insolvency contestationsby insolvency administrators are a frequently occurring phenomenon that often irritates those affected at first. In a letter, a mostly completely unknown insolvency administrator demands payment of an often five-figure or even significantly higher sum and threatens to take legal action.","robots":{"index":"index","follow":"follow","max-snippet":"max-snippet:-1","max-image-preview":"max-image-preview:large","max-video-preview":"max-video-preview:-1"},"canonical":"https:\/\/finkbeiner-kanzlei.de\/en\/insolvency-contestation\/","og_locale":"en_US","og_type":"article","og_title":"Efficient defence against insolvency contestation","og_description":"One of our core competences as lawyers specialising in litigation and insolvency law is the defence against insolvency contestations. Insolvency contestationsby insolvency administrators are a frequently occurring phenomenon that often irritates those affected at first. In a letter, a mostly completely unknown insolvency administrator demands payment of an often five-figure or even significantly higher sum and threatens to take legal action.","og_url":"https:\/\/finkbeiner-kanzlei.de\/en\/insolvency-contestation\/","og_site_name":"Finkbeiner Kanzlei","article_modified_time":"2020-04-27T12:54:45+00:00","og_image":[{"url":"https:\/\/finkbeiner-kanzlei.de\/wp-content\/uploads\/2019\/04\/insolvenzanfechtung.jpg","type":"","width":"","height":""}],"twitter_card":"summary_large_image","twitter_misc":{"Est. reading time":"3 minutes"},"schema":{"@context":"https:\/\/schema.org","@graph":[{"@type":"WebPage","@id":"https:\/\/finkbeiner-kanzlei.de\/en\/insolvency-contestation\/","url":"https:\/\/finkbeiner-kanzlei.de\/en\/insolvency-contestation\/","name":"Efficient defence against insolvency contestation","isPartOf":{"@id":"https:\/\/finkbeiner-kanzlei.de\/en\/#website"},"primaryImageOfPage":{"@id":"https:\/\/finkbeiner-kanzlei.de\/en\/insolvency-contestation\/#primaryimage"},"image":{"@id":"https:\/\/finkbeiner-kanzlei.de\/en\/insolvency-contestation\/#primaryimage"},"thumbnailUrl":"https:\/\/finkbeiner-kanzlei.de\/wp-content\/uploads\/2019\/04\/insolvenzanfechtung.jpg","datePublished":"2018-08-24T12:12:20+00:00","dateModified":"2020-04-27T12:54:45+00:00","description":"One of our core competences as lawyers specialising in litigation and insolvency law is the defence against insolvency contestations. Insolvency contestationsby insolvency administrators are a frequently occurring phenomenon that often irritates those affected at first. In a letter, a mostly completely unknown insolvency administrator demands payment of an often five-figure or even significantly higher sum and threatens to take legal action.","breadcrumb":{"@id":"https:\/\/finkbeiner-kanzlei.de\/en\/insolvency-contestation\/#breadcrumb"},"inLanguage":"en-US","potentialAction":[{"@type":"ReadAction","target":["https:\/\/finkbeiner-kanzlei.de\/en\/insolvency-contestation\/"]}]},{"@type":"ImageObject","inLanguage":"en-US","@id":"https:\/\/finkbeiner-kanzlei.de\/en\/insolvency-contestation\/#primaryimage","url":"https:\/\/finkbeiner-kanzlei.de\/wp-content\/uploads\/2019\/04\/insolvenzanfechtung.jpg","contentUrl":"https:\/\/finkbeiner-kanzlei.de\/wp-content\/uploads\/2019\/04\/insolvenzanfechtung.jpg"},{"@type":"BreadcrumbList","@id":"https:\/\/finkbeiner-kanzlei.de\/en\/insolvency-contestation\/#breadcrumb","itemListElement":[{"@type":"ListItem","position":1,"name":"Startseite","item":"https:\/\/finkbeiner-kanzlei.de\/en\/"},{"@type":"ListItem","position":2,"name":"Insolvency contestation"}]},{"@type":"WebSite","@id":"https:\/\/finkbeiner-kanzlei.de\/en\/#website","url":"https:\/\/finkbeiner-kanzlei.de\/en\/","name":"Finkbeiner Kanzlei","description":"Anwaltskanzlei f\u00fcr Wirtschaftsrecht, Insolvenzrecht und Prozessrecht","publisher":{"@id":"https:\/\/finkbeiner-kanzlei.de\/en\/#\/schema\/person\/82fb4d962f5edb406c94928cf461bbde"},"potentialAction":[{"@type":"SearchAction","target":{"@type":"EntryPoint","urlTemplate":"https:\/\/finkbeiner-kanzlei.de\/en\/?s={search_term_string}"},"query-input":{"@type":"PropertyValueSpecification","valueRequired":true,"valueName":"search_term_string"}}],"inLanguage":"en-US"},{"@type":["Person","Organization"],"@id":"https:\/\/finkbeiner-kanzlei.de\/en\/#\/schema\/person\/82fb4d962f5edb406c94928cf461bbde","name":"Claudius Finkbeiner","image":{"@type":"ImageObject","inLanguage":"en-US","@id":"https:\/\/finkbeiner-kanzlei.de\/wp-content\/uploads\/2017\/12\/5C66DF9B-A999-44A1-969D-4233F47A5B77-96x96.jpg","url":"https:\/\/finkbeiner-kanzlei.de\/wp-content\/uploads\/2017\/12\/5C66DF9B-A999-44A1-969D-4233F47A5B77-96x96.jpg","contentUrl":"https:\/\/finkbeiner-kanzlei.de\/wp-content\/uploads\/2017\/12\/5C66DF9B-A999-44A1-969D-4233F47A5B77-96x96.jpg","caption":"Claudius Finkbeiner"},"logo":{"@id":"https:\/\/finkbeiner-kanzlei.de\/wp-content\/uploads\/2017\/12\/5C66DF9B-A999-44A1-969D-4233F47A5B77-96x96.jpg"},"description":"Herr Finkbeiner ist seit dem Jahr 2009 als Rechtsanwalt t\u00e4tig. Sein Schwerpunkt liegt im wirtschaftsrechtlichen Bereich, insbesondere im Insolvenz-, Vertrags- und Gesellschaftsrecht sowie im Vergaberecht. Herr Finkbeiner ber\u00e4t und vertritt Unternehmen in der Krise, ebenso wie Gesch\u00e4ftsf\u00fchrer, Gl\u00e4ubiger und andere Beteiligte im Insolvenzverfahren und gegen Insolvenzverwalter. Herr Finkbeiner ist ein erfahrener Prozessanwalt im Wirtschaftsrecht und Verteidiger in Wirtschaftsstrafsachen.","sameAs":["https:\/\/www.anwalt-finkbeiner.de"]}]}},"_links":{"self":[{"href":"https:\/\/finkbeiner-kanzlei.de\/en\/wp-json\/wp\/v2\/pages\/1217","targetHints":{"allow":["GET"]}}],"collection":[{"href":"https:\/\/finkbeiner-kanzlei.de\/en\/wp-json\/wp\/v2\/pages"}],"about":[{"href":"https:\/\/finkbeiner-kanzlei.de\/en\/wp-json\/wp\/v2\/types\/page"}],"author":[{"embeddable":true,"href":"https:\/\/finkbeiner-kanzlei.de\/en\/wp-json\/wp\/v2\/users\/3"}],"replies":[{"embeddable":true,"href":"https:\/\/finkbeiner-kanzlei.de\/en\/wp-json\/wp\/v2\/comments?post=1217"}],"version-history":[{"count":3,"href":"https:\/\/finkbeiner-kanzlei.de\/en\/wp-json\/wp\/v2\/pages\/1217\/revisions"}],"predecessor-version":[{"id":1280,"href":"https:\/\/finkbeiner-kanzlei.de\/en\/wp-json\/wp\/v2\/pages\/1217\/revisions\/1280"}],"wp:attachment":[{"href":"https:\/\/finkbeiner-kanzlei.de\/en\/wp-json\/wp\/v2\/media?parent=1217"}],"wp:term":[{"taxonomy":"post_tag","embeddable":true,"href":"https:\/\/finkbeiner-kanzlei.de\/en\/wp-json\/wp\/v2\/tags?post=1217"}],"curies":[{"name":"wp","href":"https:\/\/api.w.org\/{rel}","templated":true}]}}