{"id":1220,"date":"2018-08-24T12:08:27","date_gmt":"2018-08-24T12:08:27","guid":{"rendered":"https:\/\/finkbeiner-kanzlei.de\/geschaeftsfuehrerhaftung\/"},"modified":"2020-06-25T13:14:31","modified_gmt":"2020-06-25T13:14:31","slug":"directors-liability","status":"publish","type":"page","link":"https:\/\/finkbeiner-kanzlei.de\/en\/directors-liability\/","title":{"rendered":"Director&#8217;s liability"},"content":{"rendered":"<div class=\"row\">\n<div class=\"col-md-6\">\n<h2><span lang=\"en-GB\">Efficient defence against liability claims<\/span><\/h2>\n<p><span lang=\"en-GB\">The defence of liability claims brought by insolvency administrators against managing directors is one of our essential competences as lawyer specialising in insolvency law and litigation.<\/span><\/p>\n<p><span lang=\"en-GB\">As the managing director of a corporation you are particularly threatened by possible liability in a crisis. Once you are obliged to file for insolvency and thus the duty of the managing director to file for insolvency arises, you are personally liable for numerous payments that the company still issues. This can result in a liability volume in the high five- or six-digit range even if the application is only a few weeks late. Our main competencies in these scenarios lie in both defence and prevention:<\/span><\/p>\n<p><span lang=\"en-GB\">1. We support you in and out of court in the defence of claims arising from director\u2019s liability<\/span><\/p>\n<p><span lang=\"en-GB\">2. we advise you preventively in the crisis situation to avoid liability claims<\/span><\/p>\n<p><img fetchpriority=\"high\" decoding=\"async\" class=\"alignnone size-full wp-image-1625\" src=\"https:\/\/finkbeiner-kanzlei.de\/wp-content\/uploads\/2020\/06\/briefpapier.jpg\" alt=\"\" width=\"800\" height=\"500\" srcset=\"https:\/\/finkbeiner-kanzlei.de\/wp-content\/uploads\/2020\/06\/briefpapier.jpg 800w, https:\/\/finkbeiner-kanzlei.de\/wp-content\/uploads\/2020\/06\/briefpapier-600x375.jpg 600w, https:\/\/finkbeiner-kanzlei.de\/wp-content\/uploads\/2020\/06\/briefpapier-300x188.jpg 300w, https:\/\/finkbeiner-kanzlei.de\/wp-content\/uploads\/2020\/06\/briefpapier-768x480.jpg 768w\" sizes=\"(max-width: 800px) 100vw, 800px\" \/><\/p>\n<p><span lang=\"en-GB\">If the insolvency administrator&#8217;s claim is already brought forward, we will present ourselves to you and, based on our expertise as lawyers specialising in insolvency law and litigation, we will be able to assess to what extent a possible claim can be completely averted or reduced. The arguments of the insolvency administrators can effectively be countered with skilful tactics and the necessary experience. As a rule, we can either remove the basis of the claim or at least negotiate a considerable reduction of the required liability. The positions insolvency administrators take are often open to attack due to a lack of substance!<\/span><\/p>\n<\/div>\n<div class=\"col-md-6\">\n<p><span lang=\"en-GB\">If you have a director&#8217;s and officer\u2019s liability insurance (also known as D&amp;O insurance, , manager&#8217;s liability insurance or pecuniary loss liability insurance), this often covers at least part of the damage incurred after prior legal advice<!-- Das ist tats\u00e4chlich derzeit heftig umstritten. OLG D\u00fcsseldorf etwa sagt nein. -->. Of course we represent you in such cases. The settlement is then usually made through the insurance company.<\/span><\/p>\n<p><span lang=\"en-GB\">The same applies to personal claims by other creditors such as the tax office or health insurance companies. Their claims can also be effectively attacked and reduced with the right strategy. Use our experience to protect yourself from personal liability!<\/span><\/p>\n<h2><span lang=\"en-GB\">Effective strategies for you as managing director<\/span><\/h2>\n<p><span lang=\"en-GB\">In the event of a crisis in the company, we can advise you in advance as a preventative measure so that personal liability in the crisis can be avoided or at least reduced. Avoiding liability means first of all recognizing whether action must be taken and knowing which steps must be taken in which order to keep all options for action in hand. Our expertise enables you to identify all the options that still exist and to make use of them.<\/span><\/p>\n<p><span lang=\"en-GB\">No matter what scenario results from our advice for you, in the event of a crisis or a claim brought, we will accompany you until all liability issues in question have been resolved, and will present ourselves to you with our experience and competence.<\/span><\/p>\n<p><span lang=\"en-GB\">The earlier we are involved in the consultation, the greater the potential to minimize or avoid the damage for you. If you involve us in good time, we can help you to avoid costly legal disputes or criminal proceedings and to reach a settlement that is favourable for you, or at best even an out-of-court defence of your claim. But even in court there are still many possibilities to reduce or avoid possible liabilities. As experienced litigation lawyers and trial attorneys, we will be at your side at all stages of the proceedings and represent your interests in the corporate crisis and in liability and criminal proceedings.<\/span><\/p>\n<p><span lang=\"en-GB\">Civil liability is often followed by criminal liability of managing directors due to delay in filing for insolvency. Here, too, we are at your side as experienced and assertive criminal defence lawyers to protect you and, if necessary, your family from the worst consequences.<\/span><\/p>\n<p><span lang=\"en-GB\">In an investigation or interrogation, it is very important to be represented in good time and not to wait until the investigators and the public prosecutor&#8217;s office (<\/span><span lang=\"en-GB\"><i>Staatsanwaltschaft<\/i><\/span><span lang=\"en-GB\">) take further steps. Avoid any conversation with the police or investigating authorities without a defence lawyer and prior inspection of the files!<\/span><\/p>\n<p><span lang=\"en-GB\">In case of a search or seizure, but also in case of a warrant of arrest or the threat of arrest, we will be at your side immediately and help you to prevent the worst consequences.<\/span><\/p>\n<p><span lang=\"en-GB\">We will take over the defence in the case of insolvency offences such as delay in filing for bankruptcy, bankruptcy, embezzlement, fraud, credit fraud, withholding and embezzlement of wages and in the case of balance sheet offences.<\/span><\/p>\n<p><span lang=\"en-GB\">Please feel free to call us without obligation &#8211; we will support you with your request.<\/span><\/p>\n<\/div>\n<\/div>\n","protected":false},"excerpt":{"rendered":"","protected":false},"author":3,"featured_media":0,"parent":0,"menu_order":0,"comment_status":"closed","ping_status":"closed","template":"","meta":{"_acf_changed":false,"inline_featured_image":false,"footnotes":""},"tags":[680,681,699,698,694,682,703,705,683,593,684,685,686,687,688,689,516,707,598,700,702,701,697,704,690,695,696,606,691,554,706,543,692,693,534],"class_list":["post-1220","page","type-page","status-publish","hentry","tag--15a-inso-en","tag--64-gmbhg-en","tag-creditor-health-insurance","tag-creditor-tax-office","tag-do-insurance","tag-do-versicherung-en","tag-delay-in-insolvency","tag-directors-and-officers-liability-insurance","tag-geschaeftsfuehrer-en","tag-geschaeftsfuehrerhaftung-en","tag-geschaeftsfuehrerversicherung-en","tag-geschaeftsfuehrung-en","tag-glaeubiger-finanzamt-en","tag-glaeubiger-krankenkasse-en","tag-haftung-en","tag-haftungspraevention-en","tag-haftungsvermeidung-en","tag-insolvency","tag-insolvenzverschleppung-en","tag-liability","tag-liability-avoidance","tag-liability-prevention","tag-management","tag-manager-liability-insurance","tag-managerhaftpflichtversicherung-en","tag-managing-director","tag-managing-director-insurance","tag-managing-director-liability","tag-organhaftpflichtversicherung-en","tag-over-indebtedness","tag-pecuniary-damage-liability-insurance","tag-ueberschuldung-en","tag-vermoegenschadenhaftpflichtversicherung-en","tag-vermoegensschadenhaftpflichtversicherung-en","tag-zahlungsunfaehigkeit-en"],"acf":[],"yoast_head":"<!-- This site is optimized with the Yoast SEO plugin v27.4 - https:\/\/yoast.com\/product\/yoast-seo-wordpress\/ -->\n<title>Gesch\u00e4ftsf\u00fchrerhaftung - Haftungsanspr\u00fcche abwehren<\/title>\n<meta name=\"description\" content=\"Die Abwehr von Haftungsanspr\u00fcchen des Insolvenzverwalters gegen Gesch\u00e4ftsf\u00fchrer geh\u00f6rt zu meinen wesentlichen Kompetenzen als Fachanwalt f\u00fcr Insolvenzrecht. Je fr\u00fchzeitiger ich in die Beratung eingebunden werde, desto gr\u00f6\u00dfer ist das Potential den Schaden f\u00fcr Sie zu minimieren oder ganz zu vermeiden.\" \/>\n<meta name=\"robots\" content=\"index, follow, max-snippet:-1, max-image-preview:large, max-video-preview:-1\" \/>\n<link rel=\"canonical\" href=\"https:\/\/finkbeiner-kanzlei.de\/en\/directors-liability\/\" \/>\n<meta property=\"og:locale\" content=\"en_US\" \/>\n<meta property=\"og:type\" content=\"article\" \/>\n<meta property=\"og:title\" content=\"Gesch\u00e4ftsf\u00fchrerhaftung - Haftungsanspr\u00fcche abwehren\" \/>\n<meta property=\"og:description\" content=\"Die Abwehr von Haftungsanspr\u00fcchen des Insolvenzverwalters gegen Gesch\u00e4ftsf\u00fchrer geh\u00f6rt zu meinen wesentlichen Kompetenzen als Fachanwalt f\u00fcr Insolvenzrecht. Je fr\u00fchzeitiger ich in die Beratung eingebunden werde, desto gr\u00f6\u00dfer ist das Potential den Schaden f\u00fcr Sie zu minimieren oder ganz zu vermeiden.\" \/>\n<meta property=\"og:url\" content=\"https:\/\/finkbeiner-kanzlei.de\/en\/directors-liability\/\" \/>\n<meta property=\"og:site_name\" content=\"Finkbeiner Kanzlei\" \/>\n<meta property=\"article:modified_time\" content=\"2020-06-25T13:14:31+00:00\" \/>\n<meta property=\"og:image\" content=\"https:\/\/finkbeiner-kanzlei.de\/wp-content\/uploads\/2020\/06\/briefpapier.jpg\" \/>\n<meta name=\"twitter:card\" content=\"summary_large_image\" \/>\n<meta name=\"twitter:label1\" content=\"Est. reading time\" \/>\n\t<meta name=\"twitter:data1\" content=\"4 minutes\" \/>\n<script type=\"application\/ld+json\" class=\"yoast-schema-graph\">{\"@context\":\"https:\\\/\\\/schema.org\",\"@graph\":[{\"@type\":\"WebPage\",\"@id\":\"https:\\\/\\\/finkbeiner-kanzlei.de\\\/en\\\/directors-liability\\\/\",\"url\":\"https:\\\/\\\/finkbeiner-kanzlei.de\\\/en\\\/directors-liability\\\/\",\"name\":\"Gesch\u00e4ftsf\u00fchrerhaftung - Haftungsanspr\u00fcche abwehren\",\"isPartOf\":{\"@id\":\"https:\\\/\\\/finkbeiner-kanzlei.de\\\/en\\\/#website\"},\"primaryImageOfPage\":{\"@id\":\"https:\\\/\\\/finkbeiner-kanzlei.de\\\/en\\\/directors-liability\\\/#primaryimage\"},\"image\":{\"@id\":\"https:\\\/\\\/finkbeiner-kanzlei.de\\\/en\\\/directors-liability\\\/#primaryimage\"},\"thumbnailUrl\":\"https:\\\/\\\/finkbeiner-kanzlei.de\\\/wp-content\\\/uploads\\\/2020\\\/06\\\/briefpapier.jpg\",\"datePublished\":\"2018-08-24T12:08:27+00:00\",\"dateModified\":\"2020-06-25T13:14:31+00:00\",\"description\":\"Die Abwehr von Haftungsanspr\u00fcchen des Insolvenzverwalters gegen Gesch\u00e4ftsf\u00fchrer geh\u00f6rt zu meinen wesentlichen Kompetenzen als Fachanwalt f\u00fcr Insolvenzrecht. Je fr\u00fchzeitiger ich in die Beratung eingebunden werde, desto gr\u00f6\u00dfer ist das Potential den Schaden f\u00fcr Sie zu minimieren oder ganz zu vermeiden.\",\"breadcrumb\":{\"@id\":\"https:\\\/\\\/finkbeiner-kanzlei.de\\\/en\\\/directors-liability\\\/#breadcrumb\"},\"inLanguage\":\"en-US\",\"potentialAction\":[{\"@type\":\"ReadAction\",\"target\":[\"https:\\\/\\\/finkbeiner-kanzlei.de\\\/en\\\/directors-liability\\\/\"]}]},{\"@type\":\"ImageObject\",\"inLanguage\":\"en-US\",\"@id\":\"https:\\\/\\\/finkbeiner-kanzlei.de\\\/en\\\/directors-liability\\\/#primaryimage\",\"url\":\"https:\\\/\\\/finkbeiner-kanzlei.de\\\/wp-content\\\/uploads\\\/2020\\\/06\\\/briefpapier.jpg\",\"contentUrl\":\"https:\\\/\\\/finkbeiner-kanzlei.de\\\/wp-content\\\/uploads\\\/2020\\\/06\\\/briefpapier.jpg\"},{\"@type\":\"BreadcrumbList\",\"@id\":\"https:\\\/\\\/finkbeiner-kanzlei.de\\\/en\\\/directors-liability\\\/#breadcrumb\",\"itemListElement\":[{\"@type\":\"ListItem\",\"position\":1,\"name\":\"Startseite\",\"item\":\"https:\\\/\\\/finkbeiner-kanzlei.de\\\/en\\\/\"},{\"@type\":\"ListItem\",\"position\":2,\"name\":\"Director&#8217;s liability\"}]},{\"@type\":\"WebSite\",\"@id\":\"https:\\\/\\\/finkbeiner-kanzlei.de\\\/en\\\/#website\",\"url\":\"https:\\\/\\\/finkbeiner-kanzlei.de\\\/en\\\/\",\"name\":\"Finkbeiner Kanzlei\",\"description\":\"Anwaltskanzlei f\u00fcr Wirtschaftsrecht, Insolvenzrecht und Prozessrecht\",\"publisher\":{\"@id\":\"https:\\\/\\\/finkbeiner-kanzlei.de\\\/en\\\/#\\\/schema\\\/person\\\/82fb4d962f5edb406c94928cf461bbde\"},\"potentialAction\":[{\"@type\":\"SearchAction\",\"target\":{\"@type\":\"EntryPoint\",\"urlTemplate\":\"https:\\\/\\\/finkbeiner-kanzlei.de\\\/en\\\/?s={search_term_string}\"},\"query-input\":{\"@type\":\"PropertyValueSpecification\",\"valueRequired\":true,\"valueName\":\"search_term_string\"}}],\"inLanguage\":\"en-US\"},{\"@type\":[\"Person\",\"Organization\"],\"@id\":\"https:\\\/\\\/finkbeiner-kanzlei.de\\\/en\\\/#\\\/schema\\\/person\\\/82fb4d962f5edb406c94928cf461bbde\",\"name\":\"Claudius Finkbeiner\",\"image\":{\"@type\":\"ImageObject\",\"inLanguage\":\"en-US\",\"@id\":\"https:\\\/\\\/finkbeiner-kanzlei.de\\\/wp-content\\\/uploads\\\/2017\\\/12\\\/5C66DF9B-A999-44A1-969D-4233F47A5B77-96x96.jpg\",\"url\":\"https:\\\/\\\/finkbeiner-kanzlei.de\\\/wp-content\\\/uploads\\\/2017\\\/12\\\/5C66DF9B-A999-44A1-969D-4233F47A5B77-96x96.jpg\",\"contentUrl\":\"https:\\\/\\\/finkbeiner-kanzlei.de\\\/wp-content\\\/uploads\\\/2017\\\/12\\\/5C66DF9B-A999-44A1-969D-4233F47A5B77-96x96.jpg\",\"caption\":\"Claudius Finkbeiner\"},\"logo\":{\"@id\":\"https:\\\/\\\/finkbeiner-kanzlei.de\\\/wp-content\\\/uploads\\\/2017\\\/12\\\/5C66DF9B-A999-44A1-969D-4233F47A5B77-96x96.jpg\"},\"description\":\"Herr Finkbeiner ist seit dem Jahr 2009 als Rechtsanwalt t\u00e4tig. Sein Schwerpunkt liegt im wirtschaftsrechtlichen Bereich, insbesondere im Insolvenz-, Vertrags- und Gesellschaftsrecht sowie im Vergaberecht. Herr Finkbeiner ber\u00e4t und vertritt Unternehmen in der Krise, ebenso wie Gesch\u00e4ftsf\u00fchrer, Gl\u00e4ubiger und andere Beteiligte im Insolvenzverfahren und gegen Insolvenzverwalter. Herr Finkbeiner ist ein erfahrener Prozessanwalt im Wirtschaftsrecht und Verteidiger in Wirtschaftsstrafsachen.\",\"sameAs\":[\"https:\\\/\\\/www.anwalt-finkbeiner.de\"]}]}<\/script>\n<!-- \/ Yoast SEO plugin. -->","yoast_head_json":{"title":"Gesch\u00e4ftsf\u00fchrerhaftung - Haftungsanspr\u00fcche abwehren","description":"Die Abwehr von Haftungsanspr\u00fcchen des Insolvenzverwalters gegen Gesch\u00e4ftsf\u00fchrer geh\u00f6rt zu meinen wesentlichen Kompetenzen als Fachanwalt f\u00fcr Insolvenzrecht. Je fr\u00fchzeitiger ich in die Beratung eingebunden werde, desto gr\u00f6\u00dfer ist das Potential den Schaden f\u00fcr Sie zu minimieren oder ganz zu vermeiden.","robots":{"index":"index","follow":"follow","max-snippet":"max-snippet:-1","max-image-preview":"max-image-preview:large","max-video-preview":"max-video-preview:-1"},"canonical":"https:\/\/finkbeiner-kanzlei.de\/en\/directors-liability\/","og_locale":"en_US","og_type":"article","og_title":"Gesch\u00e4ftsf\u00fchrerhaftung - Haftungsanspr\u00fcche abwehren","og_description":"Die Abwehr von Haftungsanspr\u00fcchen des Insolvenzverwalters gegen Gesch\u00e4ftsf\u00fchrer geh\u00f6rt zu meinen wesentlichen Kompetenzen als Fachanwalt f\u00fcr Insolvenzrecht. Je fr\u00fchzeitiger ich in die Beratung eingebunden werde, desto gr\u00f6\u00dfer ist das Potential den Schaden f\u00fcr Sie zu minimieren oder ganz zu vermeiden.","og_url":"https:\/\/finkbeiner-kanzlei.de\/en\/directors-liability\/","og_site_name":"Finkbeiner Kanzlei","article_modified_time":"2020-06-25T13:14:31+00:00","og_image":[{"url":"https:\/\/finkbeiner-kanzlei.de\/wp-content\/uploads\/2020\/06\/briefpapier.jpg","type":"","width":"","height":""}],"twitter_card":"summary_large_image","twitter_misc":{"Est. reading time":"4 minutes"},"schema":{"@context":"https:\/\/schema.org","@graph":[{"@type":"WebPage","@id":"https:\/\/finkbeiner-kanzlei.de\/en\/directors-liability\/","url":"https:\/\/finkbeiner-kanzlei.de\/en\/directors-liability\/","name":"Gesch\u00e4ftsf\u00fchrerhaftung - Haftungsanspr\u00fcche abwehren","isPartOf":{"@id":"https:\/\/finkbeiner-kanzlei.de\/en\/#website"},"primaryImageOfPage":{"@id":"https:\/\/finkbeiner-kanzlei.de\/en\/directors-liability\/#primaryimage"},"image":{"@id":"https:\/\/finkbeiner-kanzlei.de\/en\/directors-liability\/#primaryimage"},"thumbnailUrl":"https:\/\/finkbeiner-kanzlei.de\/wp-content\/uploads\/2020\/06\/briefpapier.jpg","datePublished":"2018-08-24T12:08:27+00:00","dateModified":"2020-06-25T13:14:31+00:00","description":"Die Abwehr von Haftungsanspr\u00fcchen des Insolvenzverwalters gegen Gesch\u00e4ftsf\u00fchrer geh\u00f6rt zu meinen wesentlichen Kompetenzen als Fachanwalt f\u00fcr Insolvenzrecht. Je fr\u00fchzeitiger ich in die Beratung eingebunden werde, desto gr\u00f6\u00dfer ist das Potential den Schaden f\u00fcr Sie zu minimieren oder ganz zu vermeiden.","breadcrumb":{"@id":"https:\/\/finkbeiner-kanzlei.de\/en\/directors-liability\/#breadcrumb"},"inLanguage":"en-US","potentialAction":[{"@type":"ReadAction","target":["https:\/\/finkbeiner-kanzlei.de\/en\/directors-liability\/"]}]},{"@type":"ImageObject","inLanguage":"en-US","@id":"https:\/\/finkbeiner-kanzlei.de\/en\/directors-liability\/#primaryimage","url":"https:\/\/finkbeiner-kanzlei.de\/wp-content\/uploads\/2020\/06\/briefpapier.jpg","contentUrl":"https:\/\/finkbeiner-kanzlei.de\/wp-content\/uploads\/2020\/06\/briefpapier.jpg"},{"@type":"BreadcrumbList","@id":"https:\/\/finkbeiner-kanzlei.de\/en\/directors-liability\/#breadcrumb","itemListElement":[{"@type":"ListItem","position":1,"name":"Startseite","item":"https:\/\/finkbeiner-kanzlei.de\/en\/"},{"@type":"ListItem","position":2,"name":"Director&#8217;s liability"}]},{"@type":"WebSite","@id":"https:\/\/finkbeiner-kanzlei.de\/en\/#website","url":"https:\/\/finkbeiner-kanzlei.de\/en\/","name":"Finkbeiner Kanzlei","description":"Anwaltskanzlei f\u00fcr Wirtschaftsrecht, Insolvenzrecht und Prozessrecht","publisher":{"@id":"https:\/\/finkbeiner-kanzlei.de\/en\/#\/schema\/person\/82fb4d962f5edb406c94928cf461bbde"},"potentialAction":[{"@type":"SearchAction","target":{"@type":"EntryPoint","urlTemplate":"https:\/\/finkbeiner-kanzlei.de\/en\/?s={search_term_string}"},"query-input":{"@type":"PropertyValueSpecification","valueRequired":true,"valueName":"search_term_string"}}],"inLanguage":"en-US"},{"@type":["Person","Organization"],"@id":"https:\/\/finkbeiner-kanzlei.de\/en\/#\/schema\/person\/82fb4d962f5edb406c94928cf461bbde","name":"Claudius Finkbeiner","image":{"@type":"ImageObject","inLanguage":"en-US","@id":"https:\/\/finkbeiner-kanzlei.de\/wp-content\/uploads\/2017\/12\/5C66DF9B-A999-44A1-969D-4233F47A5B77-96x96.jpg","url":"https:\/\/finkbeiner-kanzlei.de\/wp-content\/uploads\/2017\/12\/5C66DF9B-A999-44A1-969D-4233F47A5B77-96x96.jpg","contentUrl":"https:\/\/finkbeiner-kanzlei.de\/wp-content\/uploads\/2017\/12\/5C66DF9B-A999-44A1-969D-4233F47A5B77-96x96.jpg","caption":"Claudius Finkbeiner"},"logo":{"@id":"https:\/\/finkbeiner-kanzlei.de\/wp-content\/uploads\/2017\/12\/5C66DF9B-A999-44A1-969D-4233F47A5B77-96x96.jpg"},"description":"Herr Finkbeiner ist seit dem Jahr 2009 als Rechtsanwalt t\u00e4tig. Sein Schwerpunkt liegt im wirtschaftsrechtlichen Bereich, insbesondere im Insolvenz-, Vertrags- und Gesellschaftsrecht sowie im Vergaberecht. Herr Finkbeiner ber\u00e4t und vertritt Unternehmen in der Krise, ebenso wie Gesch\u00e4ftsf\u00fchrer, Gl\u00e4ubiger und andere Beteiligte im Insolvenzverfahren und gegen Insolvenzverwalter. Herr Finkbeiner ist ein erfahrener Prozessanwalt im Wirtschaftsrecht und Verteidiger in Wirtschaftsstrafsachen.","sameAs":["https:\/\/www.anwalt-finkbeiner.de"]}]}},"_links":{"self":[{"href":"https:\/\/finkbeiner-kanzlei.de\/en\/wp-json\/wp\/v2\/pages\/1220","targetHints":{"allow":["GET"]}}],"collection":[{"href":"https:\/\/finkbeiner-kanzlei.de\/en\/wp-json\/wp\/v2\/pages"}],"about":[{"href":"https:\/\/finkbeiner-kanzlei.de\/en\/wp-json\/wp\/v2\/types\/page"}],"author":[{"embeddable":true,"href":"https:\/\/finkbeiner-kanzlei.de\/en\/wp-json\/wp\/v2\/users\/3"}],"replies":[{"embeddable":true,"href":"https:\/\/finkbeiner-kanzlei.de\/en\/wp-json\/wp\/v2\/comments?post=1220"}],"version-history":[{"count":3,"href":"https:\/\/finkbeiner-kanzlei.de\/en\/wp-json\/wp\/v2\/pages\/1220\/revisions"}],"predecessor-version":[{"id":1703,"href":"https:\/\/finkbeiner-kanzlei.de\/en\/wp-json\/wp\/v2\/pages\/1220\/revisions\/1703"}],"wp:attachment":[{"href":"https:\/\/finkbeiner-kanzlei.de\/en\/wp-json\/wp\/v2\/media?parent=1220"}],"wp:term":[{"taxonomy":"post_tag","embeddable":true,"href":"https:\/\/finkbeiner-kanzlei.de\/en\/wp-json\/wp\/v2\/tags?post=1220"}],"curies":[{"name":"wp","href":"https:\/\/api.w.org\/{rel}","templated":true}]}}