{"id":1223,"date":"2018-08-24T12:42:27","date_gmt":"2018-08-24T12:42:27","guid":{"rendered":"https:\/\/finkbeiner-kanzlei.de\/insolvenzstrafrecht\/"},"modified":"2020-04-27T10:29:49","modified_gmt":"2020-04-27T10:29:49","slug":"insolvency-offences","status":"publish","type":"page","link":"https:\/\/finkbeiner-kanzlei.de\/en\/insolvency-offences\/","title":{"rendered":"Insolvency offences"},"content":{"rendered":"<div class=\"row\">\n<div class=\"col-md-6\">\n<h2><span lang=\"en-GB\">Assertive criminal defence in the event of insolvency offences<\/span><\/h2>\n<p><span lang=\"en-GB\">As lawyers specialising in insolvency law, we are your contact for all legal questions in our field of expertise. For this reason, we also represent you as criminal defence attorneys in criminal law matters.<\/span><\/p>\n<p><img fetchpriority=\"high\" decoding=\"async\" class=\"alignnone size-full wp-image-851\" src=\"https:\/\/finkbeiner-kanzlei.de\/wp-content\/uploads\/2019\/04\/unternehmensfortfuehrung.jpg\" alt=\"\" width=\"580\" height=\"400\" srcset=\"https:\/\/finkbeiner-kanzlei.de\/wp-content\/uploads\/2019\/04\/unternehmensfortfuehrung.jpg 580w, https:\/\/finkbeiner-kanzlei.de\/wp-content\/uploads\/2019\/04\/unternehmensfortfuehrung-300x207.jpg 300w\" sizes=\"(max-width: 580px) 100vw, 580px\" \/><\/p>\n<p><span lang=\"en-GB\">You will benefit from our experience as trial lawyers and as defence lawyers in criminal proceedings as well as our competence in commercial law. In contrast to a pure criminal defence lawyer, we offer you not only competence in criminal proceedings for your defence, but also the necessary economic understanding for the special situation of the crisis of your company. With this special know-how for the often complex insolvency-specific issues, a defence is often more effective.<\/span><\/p>\n<\/div>\n<div class=\"col-md-6\">\n<h2><span lang=\"en-GB\">Legal assistance from the preliminary proceedings to the criminal proceedings<\/span><\/h2>\n<p><span lang=\"en-GB\">Criminal liability as a managing director, board member or entrepreneur can, in the worst case, mean a professional ban or even a prison sentence or for you. At the very least, there is the high risk of a fine. I represent you as a defence lawyer in insolvency related criminal matters and help you to protect you from the worst consequences.<\/span><\/p>\n<p><span lang=\"en-GB\">In case of a search or seizure, but also in case of a warrant of arrest or the threat of arrest, we will be at your side immediately and help you to prevent the worst consequences.<\/span><\/p>\n<p><span lang=\"en-GB\">We will take over the defence in the case of insolvency offences such as delay in filing for bankruptcy, bankruptcy, embezzlement, fraud, credit fraud, withholding and embezzlement of wages and in the case of balance sheet offences.<\/span><\/p>\n<p><span lang=\"en-GB\">Please feel free to call us without obligation &#8211; we will support you with your request.<\/span><\/p>\n<\/div>\n<\/div>\n","protected":false},"excerpt":{"rendered":"","protected":false},"author":3,"featured_media":0,"parent":0,"menu_order":0,"comment_status":"closed","ping_status":"closed","template":"","meta":{"_acf_changed":false,"inline_featured_image":false,"footnotes":""},"tags":[733,729,709,712,738,737,731,742,746,747,745,744,743,748,750,732,736,715,717,378,749,735,730,734,740,741,739,720,721,722,723,724,726,727,728,751],"class_list":["post-1223","page","type-page","status-publish","hentry","tag-balance-sheet-fraud","tag-bankruptcy","tag-berufsverbot-en","tag-bilanzdelikten-en","tag-civil-liability-offences","tag-civil-liability-order","tag-confiscation","tag-credit-fraud","tag-criminal-liability-as-board-of-directors","tag-criminal-liability-as-defence-counsel-in-commercial-criminal-law","tag-criminal-liability-as-entrepreneur","tag-criminal-liability-as-managing-director","tag-criminal-proceedings","tag-embezzlement","tag-embezzlement-of-wages","tag-fraud","tag-freedom-of-movement-penalty","tag-freiheitsstrafe-en","tag-insolvenzdelikte-en","tag-insolvenzdelikte","tag-interrogation","tag-investigation-proceedings","tag-prohibition-of-employment","tag-search","tag-social-security-crimes","tag-social-security-evasion","tag-social-security-offences","tag-strafprozess-en","tag-strafrechtliche-haftung-als-geschaeftsfuehrer-en","tag-strafrechtliche-haftung-als-unternehmer-en","tag-strafrechtliche-haftung-als-vorstand-en","tag-strafverteidiger-im-wirtschaftsstrafrecht-en","tag-vernehmung-en","tag-veruntreuen-von-arbeitsentgelt-en","tag-vorenthalten-von-arbeitsentgelt-en","tag-withholding-of-wages"],"acf":[],"yoast_head":"<!-- This site is optimized with the Yoast SEO plugin v27.4 - https:\/\/yoast.com\/product\/yoast-seo-wordpress\/ -->\n<title>Insolvenzstrafrecht - Strafverteidiger im Wirtschaftsstrafrecht, Insolvenzdelikte<\/title>\n<meta name=\"description\" content=\"Als Fachanwalt f\u00fcr Insolvenzrecht vertrete ich Sie auch als Strafverteidiger im Wirtschaftsstrafrecht. Anwaltliche Hilfe vom Ermittlungsverfahren bis zum Strafproze\u00df.\" \/>\n<meta name=\"robots\" content=\"index, follow, max-snippet:-1, max-image-preview:large, max-video-preview:-1\" \/>\n<link rel=\"canonical\" href=\"https:\/\/finkbeiner-kanzlei.de\/en\/insolvency-offences\/\" \/>\n<meta property=\"og:locale\" content=\"en_US\" \/>\n<meta property=\"og:type\" content=\"article\" \/>\n<meta property=\"og:title\" content=\"Insolvenzstrafrecht - Strafverteidiger im Wirtschaftsstrafrecht, Insolvenzdelikte\" \/>\n<meta property=\"og:description\" content=\"Als Fachanwalt f\u00fcr Insolvenzrecht vertrete ich Sie auch als Strafverteidiger im Wirtschaftsstrafrecht. Anwaltliche Hilfe vom Ermittlungsverfahren bis zum Strafproze\u00df.\" \/>\n<meta property=\"og:url\" content=\"https:\/\/finkbeiner-kanzlei.de\/en\/insolvency-offences\/\" \/>\n<meta property=\"og:site_name\" content=\"Finkbeiner Kanzlei\" \/>\n<meta property=\"article:modified_time\" content=\"2020-04-27T10:29:49+00:00\" \/>\n<meta property=\"og:image\" content=\"https:\/\/finkbeiner-kanzlei.de\/wp-content\/uploads\/2019\/04\/unternehmensfortfuehrung.jpg\" \/>\n<meta name=\"twitter:card\" content=\"summary_large_image\" \/>\n<meta name=\"twitter:label1\" content=\"Est. reading time\" \/>\n\t<meta name=\"twitter:data1\" content=\"1 minute\" \/>\n<script type=\"application\/ld+json\" class=\"yoast-schema-graph\">{\"@context\":\"https:\\\/\\\/schema.org\",\"@graph\":[{\"@type\":\"WebPage\",\"@id\":\"https:\\\/\\\/finkbeiner-kanzlei.de\\\/en\\\/insolvency-offences\\\/\",\"url\":\"https:\\\/\\\/finkbeiner-kanzlei.de\\\/en\\\/insolvency-offences\\\/\",\"name\":\"Insolvenzstrafrecht - Strafverteidiger im Wirtschaftsstrafrecht, Insolvenzdelikte\",\"isPartOf\":{\"@id\":\"https:\\\/\\\/finkbeiner-kanzlei.de\\\/en\\\/#website\"},\"primaryImageOfPage\":{\"@id\":\"https:\\\/\\\/finkbeiner-kanzlei.de\\\/en\\\/insolvency-offences\\\/#primaryimage\"},\"image\":{\"@id\":\"https:\\\/\\\/finkbeiner-kanzlei.de\\\/en\\\/insolvency-offences\\\/#primaryimage\"},\"thumbnailUrl\":\"https:\\\/\\\/finkbeiner-kanzlei.de\\\/wp-content\\\/uploads\\\/2019\\\/04\\\/unternehmensfortfuehrung.jpg\",\"datePublished\":\"2018-08-24T12:42:27+00:00\",\"dateModified\":\"2020-04-27T10:29:49+00:00\",\"description\":\"Als Fachanwalt f\u00fcr Insolvenzrecht vertrete ich Sie auch als Strafverteidiger im Wirtschaftsstrafrecht. Anwaltliche Hilfe vom Ermittlungsverfahren bis zum Strafproze\u00df.\",\"breadcrumb\":{\"@id\":\"https:\\\/\\\/finkbeiner-kanzlei.de\\\/en\\\/insolvency-offences\\\/#breadcrumb\"},\"inLanguage\":\"en-US\",\"potentialAction\":[{\"@type\":\"ReadAction\",\"target\":[\"https:\\\/\\\/finkbeiner-kanzlei.de\\\/en\\\/insolvency-offences\\\/\"]}]},{\"@type\":\"ImageObject\",\"inLanguage\":\"en-US\",\"@id\":\"https:\\\/\\\/finkbeiner-kanzlei.de\\\/en\\\/insolvency-offences\\\/#primaryimage\",\"url\":\"https:\\\/\\\/finkbeiner-kanzlei.de\\\/wp-content\\\/uploads\\\/2019\\\/04\\\/unternehmensfortfuehrung.jpg\",\"contentUrl\":\"https:\\\/\\\/finkbeiner-kanzlei.de\\\/wp-content\\\/uploads\\\/2019\\\/04\\\/unternehmensfortfuehrung.jpg\"},{\"@type\":\"BreadcrumbList\",\"@id\":\"https:\\\/\\\/finkbeiner-kanzlei.de\\\/en\\\/insolvency-offences\\\/#breadcrumb\",\"itemListElement\":[{\"@type\":\"ListItem\",\"position\":1,\"name\":\"Startseite\",\"item\":\"https:\\\/\\\/finkbeiner-kanzlei.de\\\/en\\\/\"},{\"@type\":\"ListItem\",\"position\":2,\"name\":\"Insolvency offences\"}]},{\"@type\":\"WebSite\",\"@id\":\"https:\\\/\\\/finkbeiner-kanzlei.de\\\/en\\\/#website\",\"url\":\"https:\\\/\\\/finkbeiner-kanzlei.de\\\/en\\\/\",\"name\":\"Finkbeiner Kanzlei\",\"description\":\"Anwaltskanzlei f\u00fcr Wirtschaftsrecht, Insolvenzrecht und Prozessrecht\",\"publisher\":{\"@id\":\"https:\\\/\\\/finkbeiner-kanzlei.de\\\/en\\\/#\\\/schema\\\/person\\\/82fb4d962f5edb406c94928cf461bbde\"},\"potentialAction\":[{\"@type\":\"SearchAction\",\"target\":{\"@type\":\"EntryPoint\",\"urlTemplate\":\"https:\\\/\\\/finkbeiner-kanzlei.de\\\/en\\\/?s={search_term_string}\"},\"query-input\":{\"@type\":\"PropertyValueSpecification\",\"valueRequired\":true,\"valueName\":\"search_term_string\"}}],\"inLanguage\":\"en-US\"},{\"@type\":[\"Person\",\"Organization\"],\"@id\":\"https:\\\/\\\/finkbeiner-kanzlei.de\\\/en\\\/#\\\/schema\\\/person\\\/82fb4d962f5edb406c94928cf461bbde\",\"name\":\"Claudius Finkbeiner\",\"image\":{\"@type\":\"ImageObject\",\"inLanguage\":\"en-US\",\"@id\":\"https:\\\/\\\/finkbeiner-kanzlei.de\\\/wp-content\\\/uploads\\\/2017\\\/12\\\/5C66DF9B-A999-44A1-969D-4233F47A5B77-96x96.jpg\",\"url\":\"https:\\\/\\\/finkbeiner-kanzlei.de\\\/wp-content\\\/uploads\\\/2017\\\/12\\\/5C66DF9B-A999-44A1-969D-4233F47A5B77-96x96.jpg\",\"contentUrl\":\"https:\\\/\\\/finkbeiner-kanzlei.de\\\/wp-content\\\/uploads\\\/2017\\\/12\\\/5C66DF9B-A999-44A1-969D-4233F47A5B77-96x96.jpg\",\"caption\":\"Claudius Finkbeiner\"},\"logo\":{\"@id\":\"https:\\\/\\\/finkbeiner-kanzlei.de\\\/wp-content\\\/uploads\\\/2017\\\/12\\\/5C66DF9B-A999-44A1-969D-4233F47A5B77-96x96.jpg\"},\"description\":\"Herr Finkbeiner ist seit dem Jahr 2009 als Rechtsanwalt t\u00e4tig. Sein Schwerpunkt liegt im wirtschaftsrechtlichen Bereich, insbesondere im Insolvenz-, Vertrags- und Gesellschaftsrecht sowie im Vergaberecht. Herr Finkbeiner ber\u00e4t und vertritt Unternehmen in der Krise, ebenso wie Gesch\u00e4ftsf\u00fchrer, Gl\u00e4ubiger und andere Beteiligte im Insolvenzverfahren und gegen Insolvenzverwalter. Herr Finkbeiner ist ein erfahrener Prozessanwalt im Wirtschaftsrecht und Verteidiger in Wirtschaftsstrafsachen.\",\"sameAs\":[\"https:\\\/\\\/www.anwalt-finkbeiner.de\"]}]}<\/script>\n<!-- \/ Yoast SEO plugin. -->","yoast_head_json":{"title":"Insolvenzstrafrecht - Strafverteidiger im Wirtschaftsstrafrecht, Insolvenzdelikte","description":"Als Fachanwalt f\u00fcr Insolvenzrecht vertrete ich Sie auch als Strafverteidiger im Wirtschaftsstrafrecht. Anwaltliche Hilfe vom Ermittlungsverfahren bis zum Strafproze\u00df.","robots":{"index":"index","follow":"follow","max-snippet":"max-snippet:-1","max-image-preview":"max-image-preview:large","max-video-preview":"max-video-preview:-1"},"canonical":"https:\/\/finkbeiner-kanzlei.de\/en\/insolvency-offences\/","og_locale":"en_US","og_type":"article","og_title":"Insolvenzstrafrecht - Strafverteidiger im Wirtschaftsstrafrecht, Insolvenzdelikte","og_description":"Als Fachanwalt f\u00fcr Insolvenzrecht vertrete ich Sie auch als Strafverteidiger im Wirtschaftsstrafrecht. Anwaltliche Hilfe vom Ermittlungsverfahren bis zum Strafproze\u00df.","og_url":"https:\/\/finkbeiner-kanzlei.de\/en\/insolvency-offences\/","og_site_name":"Finkbeiner Kanzlei","article_modified_time":"2020-04-27T10:29:49+00:00","og_image":[{"url":"https:\/\/finkbeiner-kanzlei.de\/wp-content\/uploads\/2019\/04\/unternehmensfortfuehrung.jpg","type":"","width":"","height":""}],"twitter_card":"summary_large_image","twitter_misc":{"Est. reading time":"1 minute"},"schema":{"@context":"https:\/\/schema.org","@graph":[{"@type":"WebPage","@id":"https:\/\/finkbeiner-kanzlei.de\/en\/insolvency-offences\/","url":"https:\/\/finkbeiner-kanzlei.de\/en\/insolvency-offences\/","name":"Insolvenzstrafrecht - Strafverteidiger im Wirtschaftsstrafrecht, Insolvenzdelikte","isPartOf":{"@id":"https:\/\/finkbeiner-kanzlei.de\/en\/#website"},"primaryImageOfPage":{"@id":"https:\/\/finkbeiner-kanzlei.de\/en\/insolvency-offences\/#primaryimage"},"image":{"@id":"https:\/\/finkbeiner-kanzlei.de\/en\/insolvency-offences\/#primaryimage"},"thumbnailUrl":"https:\/\/finkbeiner-kanzlei.de\/wp-content\/uploads\/2019\/04\/unternehmensfortfuehrung.jpg","datePublished":"2018-08-24T12:42:27+00:00","dateModified":"2020-04-27T10:29:49+00:00","description":"Als Fachanwalt f\u00fcr Insolvenzrecht vertrete ich Sie auch als Strafverteidiger im Wirtschaftsstrafrecht. Anwaltliche Hilfe vom Ermittlungsverfahren bis zum Strafproze\u00df.","breadcrumb":{"@id":"https:\/\/finkbeiner-kanzlei.de\/en\/insolvency-offences\/#breadcrumb"},"inLanguage":"en-US","potentialAction":[{"@type":"ReadAction","target":["https:\/\/finkbeiner-kanzlei.de\/en\/insolvency-offences\/"]}]},{"@type":"ImageObject","inLanguage":"en-US","@id":"https:\/\/finkbeiner-kanzlei.de\/en\/insolvency-offences\/#primaryimage","url":"https:\/\/finkbeiner-kanzlei.de\/wp-content\/uploads\/2019\/04\/unternehmensfortfuehrung.jpg","contentUrl":"https:\/\/finkbeiner-kanzlei.de\/wp-content\/uploads\/2019\/04\/unternehmensfortfuehrung.jpg"},{"@type":"BreadcrumbList","@id":"https:\/\/finkbeiner-kanzlei.de\/en\/insolvency-offences\/#breadcrumb","itemListElement":[{"@type":"ListItem","position":1,"name":"Startseite","item":"https:\/\/finkbeiner-kanzlei.de\/en\/"},{"@type":"ListItem","position":2,"name":"Insolvency offences"}]},{"@type":"WebSite","@id":"https:\/\/finkbeiner-kanzlei.de\/en\/#website","url":"https:\/\/finkbeiner-kanzlei.de\/en\/","name":"Finkbeiner Kanzlei","description":"Anwaltskanzlei f\u00fcr Wirtschaftsrecht, Insolvenzrecht und Prozessrecht","publisher":{"@id":"https:\/\/finkbeiner-kanzlei.de\/en\/#\/schema\/person\/82fb4d962f5edb406c94928cf461bbde"},"potentialAction":[{"@type":"SearchAction","target":{"@type":"EntryPoint","urlTemplate":"https:\/\/finkbeiner-kanzlei.de\/en\/?s={search_term_string}"},"query-input":{"@type":"PropertyValueSpecification","valueRequired":true,"valueName":"search_term_string"}}],"inLanguage":"en-US"},{"@type":["Person","Organization"],"@id":"https:\/\/finkbeiner-kanzlei.de\/en\/#\/schema\/person\/82fb4d962f5edb406c94928cf461bbde","name":"Claudius Finkbeiner","image":{"@type":"ImageObject","inLanguage":"en-US","@id":"https:\/\/finkbeiner-kanzlei.de\/wp-content\/uploads\/2017\/12\/5C66DF9B-A999-44A1-969D-4233F47A5B77-96x96.jpg","url":"https:\/\/finkbeiner-kanzlei.de\/wp-content\/uploads\/2017\/12\/5C66DF9B-A999-44A1-969D-4233F47A5B77-96x96.jpg","contentUrl":"https:\/\/finkbeiner-kanzlei.de\/wp-content\/uploads\/2017\/12\/5C66DF9B-A999-44A1-969D-4233F47A5B77-96x96.jpg","caption":"Claudius Finkbeiner"},"logo":{"@id":"https:\/\/finkbeiner-kanzlei.de\/wp-content\/uploads\/2017\/12\/5C66DF9B-A999-44A1-969D-4233F47A5B77-96x96.jpg"},"description":"Herr Finkbeiner ist seit dem Jahr 2009 als Rechtsanwalt t\u00e4tig. Sein Schwerpunkt liegt im wirtschaftsrechtlichen Bereich, insbesondere im Insolvenz-, Vertrags- und Gesellschaftsrecht sowie im Vergaberecht. Herr Finkbeiner ber\u00e4t und vertritt Unternehmen in der Krise, ebenso wie Gesch\u00e4ftsf\u00fchrer, Gl\u00e4ubiger und andere Beteiligte im Insolvenzverfahren und gegen Insolvenzverwalter. Herr Finkbeiner ist ein erfahrener Prozessanwalt im Wirtschaftsrecht und Verteidiger in Wirtschaftsstrafsachen.","sameAs":["https:\/\/www.anwalt-finkbeiner.de"]}]}},"_links":{"self":[{"href":"https:\/\/finkbeiner-kanzlei.de\/en\/wp-json\/wp\/v2\/pages\/1223","targetHints":{"allow":["GET"]}}],"collection":[{"href":"https:\/\/finkbeiner-kanzlei.de\/en\/wp-json\/wp\/v2\/pages"}],"about":[{"href":"https:\/\/finkbeiner-kanzlei.de\/en\/wp-json\/wp\/v2\/types\/page"}],"author":[{"embeddable":true,"href":"https:\/\/finkbeiner-kanzlei.de\/en\/wp-json\/wp\/v2\/users\/3"}],"replies":[{"embeddable":true,"href":"https:\/\/finkbeiner-kanzlei.de\/en\/wp-json\/wp\/v2\/comments?post=1223"}],"version-history":[{"count":2,"href":"https:\/\/finkbeiner-kanzlei.de\/en\/wp-json\/wp\/v2\/pages\/1223\/revisions"}],"predecessor-version":[{"id":1225,"href":"https:\/\/finkbeiner-kanzlei.de\/en\/wp-json\/wp\/v2\/pages\/1223\/revisions\/1225"}],"wp:attachment":[{"href":"https:\/\/finkbeiner-kanzlei.de\/en\/wp-json\/wp\/v2\/media?parent=1223"}],"wp:term":[{"taxonomy":"post_tag","embeddable":true,"href":"https:\/\/finkbeiner-kanzlei.de\/en\/wp-json\/wp\/v2\/tags?post=1223"}],"curies":[{"name":"wp","href":"https:\/\/api.w.org\/{rel}","templated":true}]}}