{"id":1229,"date":"2018-08-24T13:06:40","date_gmt":"2018-08-24T13:06:40","guid":{"rendered":"https:\/\/finkbeiner-kanzlei.de\/vergaberecht\/"},"modified":"2020-06-25T12:40:28","modified_gmt":"2020-06-25T12:40:28","slug":"public-procurement-law","status":"publish","type":"page","link":"https:\/\/finkbeiner-kanzlei.de\/en\/public-procurement-law\/","title":{"rendered":"Public procurement law"},"content":{"rendered":"<div class=\"row\">\n<div class=\"col-md-6\">\n<h2><span lang=\"en-GB\">Competence in public procurement law<\/span><\/h2>\n<p><span lang=\"en-GB\">One of the focal points of our law firm is public procurement law. In this field we represent both bidding companies and administrative bodies such as municipal companies, special purpose associations, state authorities, municipalities and corporations. In this way, we are well acquainted with the considerations of all parties involved. As a client, you benefit from our extensive experience.<\/span><\/p>\n<p><span lang=\"en-GB\"><b>Counselling companies in the tendering procedure<\/b><\/span><\/p>\n<p><span lang=\"en-GB\">Public tenders promise secure, lucrative contracts these days. Sometimes the pool of bidders is correspondingly large when it comes to awarding contracts. However, for you as an entrepreneur, there are many rules and regulations to be observed when public contracts are awarded. Did you know that the source of errors is already so great when it comes to formalities in tendering procedures that an estimated two thirds of public and private tenders would be legally contestable? We will check both tenders and your application for you. We will accompany you during the tendering procedure from the review of the invitation to tender to the preparation of your documents and the notification of defects to the bidder under public procurement law. Here we help to put your technical and professional expertise in the right legal framework and to protect your interests in the best possible way. Of course, we will also represent you in review proceedings before the Public Procurement Chamber against competitors, for example in recourse proceedings.<\/span><\/p>\n<p><span lang=\"en-GB\">In all public procurement law matters and procedural steps, we will support you with our expertise as a consultant and lawyer.<\/span><\/p>\n<\/div>\n<div class=\"col-md-6\">\n<p><img fetchpriority=\"high\" decoding=\"async\" class=\"alignnone size-full wp-image-1660\" src=\"https:\/\/finkbeiner-kanzlei.de\/wp-content\/uploads\/2020\/06\/vergaberecht-landscape.jpg\" alt=\"\" width=\"800\" height=\"500\" srcset=\"https:\/\/finkbeiner-kanzlei.de\/wp-content\/uploads\/2020\/06\/vergaberecht-landscape.jpg 800w, https:\/\/finkbeiner-kanzlei.de\/wp-content\/uploads\/2020\/06\/vergaberecht-landscape-600x375.jpg 600w, https:\/\/finkbeiner-kanzlei.de\/wp-content\/uploads\/2020\/06\/vergaberecht-landscape-300x188.jpg 300w, https:\/\/finkbeiner-kanzlei.de\/wp-content\/uploads\/2020\/06\/vergaberecht-landscape-768x480.jpg 768w\" sizes=\"(max-width: 800px) 100vw, 800px\" \/><\/p>\n<h2><span lang=\"en-GB\">Counselling of tendering institutions in the award procedure<\/span><\/h2>\n<p><span lang=\"en-GB\">As lawyers, we naturally advise, accompany and represent bidders in the tendering procedure. A large number of public procurement tenders are legally contestable from a formal point of view. Especially as a municipality without its own specialized legal department, you have to make sure that public procurement law is properly applied in order not to be attackable or liable. We will support you from the preparation of the invitation to tender to the evaluation of bids and the award of the contract and, of course, also in the event of a complaint under public procurement law by bidders. The aim is always to fully comply with the legal framework and to provide you as a client with the optimum scope of action and discretion in the award procedure. In order to achieve this and to ensure a legally compliant awarding of contracts, it is worthwhile taking legal advice even for smaller projects.<\/span><\/p>\n<p><span lang=\"en-GB\">Talk to us without obligation. We will prepare an offer for you that is tailored to the individual case.<\/span><\/p>\n<\/div>\n<\/div>\n","protected":false},"excerpt":{"rendered":"","protected":false},"author":3,"featured_media":0,"parent":0,"menu_order":0,"comment_status":"closed","ping_status":"closed","template":"","meta":{"_acf_changed":false,"inline_featured_image":false,"footnotes":""},"tags":[835,836,752,807,806,800,810,805,811,809,802,808,823,813,814,801,803,827,826,818,812,825,819,820,833,829,834,832,830,831,804,822,821,817,828,837,816,815,780,824],"class_list":["post-1229","page","type-page","status-publish","hentry","tag-administrative-bodies","tag-allocation-of-contracts","tag-angebotsauswertung-en","tag-direct-award-of-contracts","tag-eu-public-procurement-law","tag-evaluation-of-offers","tag-expert-opinion-on-award-procedures","tag-federal-government","tag-fee-regulations-for-architects-and-engineers-hoai","tag-guarantee-of-competition-and-economic-efficiency","tag-invitations-to-tender","tag-law-against-restraints-of-competition","tag-monitoring-of-tendering-procedures","tag-municipal-companies","tag-municipalities","tag-opening-of-offers","tag-procurement","tag-procurement-procedure-for-utilities-and-waste-disposal-companies","tag-public-commercial-law","tag-public-procurement","tag-public-procurement-law-firm","tag-public-procurement-procedure","tag-public-tendering","tag-public-tenders","tag-representation-before-chambers-of-procurement-and-courts","tag-representation-in-procurement-procedures","tag-representation-of-competition-procedures","tag-representation-of-complaints","tag-representation-of-municipalities","tag-representation-of-review-procedures","tag-restricted-tendering","tag-review-of-contract-documents","tag-review-of-recourse-claims","tag-review-procedures-for-public-procurement","tag-settlement-negotiations","tag-special-purpose-associations","tag-state-authorities","tag-states","tag-vergaberecht-fristen-en","tag-vergaberecht-ruege"],"acf":[],"yoast_head":"<!-- This site is optimized with the Yoast SEO plugin v27.4 - https:\/\/yoast.com\/product\/yoast-seo-wordpress\/ -->\n<title>Vergaberecht - Vertretung im Vergabeverfahren f\u00fcr Beh\u00f6rden und Bieter<\/title>\n<meta name=\"description\" content=\"Begleitung von Unternehmen im Vergabeverfahren und im Nachpr\u00fcfungsverfahren gegen\u00fcber der Vergabekammer oder gegen\u00fcber Wettbewerbern. Begleitung von ausschreibenden Institutionen im Vergabeverfahren f\u00fcr eine rechtssichere Vergabe.\" \/>\n<meta name=\"robots\" content=\"index, follow, max-snippet:-1, max-image-preview:large, max-video-preview:-1\" \/>\n<link rel=\"canonical\" href=\"https:\/\/finkbeiner-kanzlei.de\/en\/public-procurement-law\/\" \/>\n<meta property=\"og:locale\" content=\"en_US\" \/>\n<meta property=\"og:type\" content=\"article\" \/>\n<meta property=\"og:title\" content=\"Vergaberecht - Vertretung im Vergabeverfahren f\u00fcr Beh\u00f6rden und Bieter\" \/>\n<meta property=\"og:description\" content=\"Begleitung von Unternehmen im Vergabeverfahren und im Nachpr\u00fcfungsverfahren gegen\u00fcber der Vergabekammer oder gegen\u00fcber Wettbewerbern. Begleitung von ausschreibenden Institutionen im Vergabeverfahren f\u00fcr eine rechtssichere Vergabe.\" \/>\n<meta property=\"og:url\" content=\"https:\/\/finkbeiner-kanzlei.de\/en\/public-procurement-law\/\" \/>\n<meta property=\"og:site_name\" content=\"Finkbeiner Kanzlei\" \/>\n<meta property=\"article:modified_time\" content=\"2020-06-25T12:40:28+00:00\" \/>\n<meta property=\"og:image\" content=\"https:\/\/finkbeiner-kanzlei.de\/wp-content\/uploads\/2020\/06\/vergaberecht-landscape.jpg\" \/>\n<meta name=\"twitter:card\" content=\"summary_large_image\" \/>\n<meta name=\"twitter:label1\" content=\"Est. reading time\" \/>\n\t<meta name=\"twitter:data1\" content=\"2 minutes\" \/>\n<script type=\"application\/ld+json\" class=\"yoast-schema-graph\">{\"@context\":\"https:\\\/\\\/schema.org\",\"@graph\":[{\"@type\":\"WebPage\",\"@id\":\"https:\\\/\\\/finkbeiner-kanzlei.de\\\/en\\\/public-procurement-law\\\/\",\"url\":\"https:\\\/\\\/finkbeiner-kanzlei.de\\\/en\\\/public-procurement-law\\\/\",\"name\":\"Vergaberecht - Vertretung im Vergabeverfahren f\u00fcr Beh\u00f6rden und Bieter\",\"isPartOf\":{\"@id\":\"https:\\\/\\\/finkbeiner-kanzlei.de\\\/en\\\/#website\"},\"primaryImageOfPage\":{\"@id\":\"https:\\\/\\\/finkbeiner-kanzlei.de\\\/en\\\/public-procurement-law\\\/#primaryimage\"},\"image\":{\"@id\":\"https:\\\/\\\/finkbeiner-kanzlei.de\\\/en\\\/public-procurement-law\\\/#primaryimage\"},\"thumbnailUrl\":\"https:\\\/\\\/finkbeiner-kanzlei.de\\\/wp-content\\\/uploads\\\/2020\\\/06\\\/vergaberecht-landscape.jpg\",\"datePublished\":\"2018-08-24T13:06:40+00:00\",\"dateModified\":\"2020-06-25T12:40:28+00:00\",\"description\":\"Begleitung von Unternehmen im Vergabeverfahren und im Nachpr\u00fcfungsverfahren gegen\u00fcber der Vergabekammer oder gegen\u00fcber Wettbewerbern. Begleitung von ausschreibenden Institutionen im Vergabeverfahren f\u00fcr eine rechtssichere Vergabe.\",\"breadcrumb\":{\"@id\":\"https:\\\/\\\/finkbeiner-kanzlei.de\\\/en\\\/public-procurement-law\\\/#breadcrumb\"},\"inLanguage\":\"en-US\",\"potentialAction\":[{\"@type\":\"ReadAction\",\"target\":[\"https:\\\/\\\/finkbeiner-kanzlei.de\\\/en\\\/public-procurement-law\\\/\"]}]},{\"@type\":\"ImageObject\",\"inLanguage\":\"en-US\",\"@id\":\"https:\\\/\\\/finkbeiner-kanzlei.de\\\/en\\\/public-procurement-law\\\/#primaryimage\",\"url\":\"https:\\\/\\\/finkbeiner-kanzlei.de\\\/wp-content\\\/uploads\\\/2020\\\/06\\\/vergaberecht-landscape.jpg\",\"contentUrl\":\"https:\\\/\\\/finkbeiner-kanzlei.de\\\/wp-content\\\/uploads\\\/2020\\\/06\\\/vergaberecht-landscape.jpg\"},{\"@type\":\"BreadcrumbList\",\"@id\":\"https:\\\/\\\/finkbeiner-kanzlei.de\\\/en\\\/public-procurement-law\\\/#breadcrumb\",\"itemListElement\":[{\"@type\":\"ListItem\",\"position\":1,\"name\":\"Startseite\",\"item\":\"https:\\\/\\\/finkbeiner-kanzlei.de\\\/en\\\/\"},{\"@type\":\"ListItem\",\"position\":2,\"name\":\"Public procurement law\"}]},{\"@type\":\"WebSite\",\"@id\":\"https:\\\/\\\/finkbeiner-kanzlei.de\\\/en\\\/#website\",\"url\":\"https:\\\/\\\/finkbeiner-kanzlei.de\\\/en\\\/\",\"name\":\"Finkbeiner Kanzlei\",\"description\":\"Anwaltskanzlei f\u00fcr Wirtschaftsrecht, Insolvenzrecht und Prozessrecht\",\"publisher\":{\"@id\":\"https:\\\/\\\/finkbeiner-kanzlei.de\\\/en\\\/#\\\/schema\\\/person\\\/82fb4d962f5edb406c94928cf461bbde\"},\"potentialAction\":[{\"@type\":\"SearchAction\",\"target\":{\"@type\":\"EntryPoint\",\"urlTemplate\":\"https:\\\/\\\/finkbeiner-kanzlei.de\\\/en\\\/?s={search_term_string}\"},\"query-input\":{\"@type\":\"PropertyValueSpecification\",\"valueRequired\":true,\"valueName\":\"search_term_string\"}}],\"inLanguage\":\"en-US\"},{\"@type\":[\"Person\",\"Organization\"],\"@id\":\"https:\\\/\\\/finkbeiner-kanzlei.de\\\/en\\\/#\\\/schema\\\/person\\\/82fb4d962f5edb406c94928cf461bbde\",\"name\":\"Claudius Finkbeiner\",\"image\":{\"@type\":\"ImageObject\",\"inLanguage\":\"en-US\",\"@id\":\"https:\\\/\\\/finkbeiner-kanzlei.de\\\/wp-content\\\/uploads\\\/2017\\\/12\\\/5C66DF9B-A999-44A1-969D-4233F47A5B77-96x96.jpg\",\"url\":\"https:\\\/\\\/finkbeiner-kanzlei.de\\\/wp-content\\\/uploads\\\/2017\\\/12\\\/5C66DF9B-A999-44A1-969D-4233F47A5B77-96x96.jpg\",\"contentUrl\":\"https:\\\/\\\/finkbeiner-kanzlei.de\\\/wp-content\\\/uploads\\\/2017\\\/12\\\/5C66DF9B-A999-44A1-969D-4233F47A5B77-96x96.jpg\",\"caption\":\"Claudius Finkbeiner\"},\"logo\":{\"@id\":\"https:\\\/\\\/finkbeiner-kanzlei.de\\\/wp-content\\\/uploads\\\/2017\\\/12\\\/5C66DF9B-A999-44A1-969D-4233F47A5B77-96x96.jpg\"},\"description\":\"Herr Finkbeiner ist seit dem Jahr 2009 als Rechtsanwalt t\u00e4tig. Sein Schwerpunkt liegt im wirtschaftsrechtlichen Bereich, insbesondere im Insolvenz-, Vertrags- und Gesellschaftsrecht sowie im Vergaberecht. Herr Finkbeiner ber\u00e4t und vertritt Unternehmen in der Krise, ebenso wie Gesch\u00e4ftsf\u00fchrer, Gl\u00e4ubiger und andere Beteiligte im Insolvenzverfahren und gegen Insolvenzverwalter. Herr Finkbeiner ist ein erfahrener Prozessanwalt im Wirtschaftsrecht und Verteidiger in Wirtschaftsstrafsachen.\",\"sameAs\":[\"https:\\\/\\\/www.anwalt-finkbeiner.de\"]}]}<\/script>\n<!-- \/ Yoast SEO plugin. -->","yoast_head_json":{"title":"Vergaberecht - Vertretung im Vergabeverfahren f\u00fcr Beh\u00f6rden und Bieter","description":"Begleitung von Unternehmen im Vergabeverfahren und im Nachpr\u00fcfungsverfahren gegen\u00fcber der Vergabekammer oder gegen\u00fcber Wettbewerbern. Begleitung von ausschreibenden Institutionen im Vergabeverfahren f\u00fcr eine rechtssichere Vergabe.","robots":{"index":"index","follow":"follow","max-snippet":"max-snippet:-1","max-image-preview":"max-image-preview:large","max-video-preview":"max-video-preview:-1"},"canonical":"https:\/\/finkbeiner-kanzlei.de\/en\/public-procurement-law\/","og_locale":"en_US","og_type":"article","og_title":"Vergaberecht - Vertretung im Vergabeverfahren f\u00fcr Beh\u00f6rden und Bieter","og_description":"Begleitung von Unternehmen im Vergabeverfahren und im Nachpr\u00fcfungsverfahren gegen\u00fcber der Vergabekammer oder gegen\u00fcber Wettbewerbern. Begleitung von ausschreibenden Institutionen im Vergabeverfahren f\u00fcr eine rechtssichere Vergabe.","og_url":"https:\/\/finkbeiner-kanzlei.de\/en\/public-procurement-law\/","og_site_name":"Finkbeiner Kanzlei","article_modified_time":"2020-06-25T12:40:28+00:00","og_image":[{"url":"https:\/\/finkbeiner-kanzlei.de\/wp-content\/uploads\/2020\/06\/vergaberecht-landscape.jpg","type":"","width":"","height":""}],"twitter_card":"summary_large_image","twitter_misc":{"Est. reading time":"2 minutes"},"schema":{"@context":"https:\/\/schema.org","@graph":[{"@type":"WebPage","@id":"https:\/\/finkbeiner-kanzlei.de\/en\/public-procurement-law\/","url":"https:\/\/finkbeiner-kanzlei.de\/en\/public-procurement-law\/","name":"Vergaberecht - Vertretung im Vergabeverfahren f\u00fcr Beh\u00f6rden und Bieter","isPartOf":{"@id":"https:\/\/finkbeiner-kanzlei.de\/en\/#website"},"primaryImageOfPage":{"@id":"https:\/\/finkbeiner-kanzlei.de\/en\/public-procurement-law\/#primaryimage"},"image":{"@id":"https:\/\/finkbeiner-kanzlei.de\/en\/public-procurement-law\/#primaryimage"},"thumbnailUrl":"https:\/\/finkbeiner-kanzlei.de\/wp-content\/uploads\/2020\/06\/vergaberecht-landscape.jpg","datePublished":"2018-08-24T13:06:40+00:00","dateModified":"2020-06-25T12:40:28+00:00","description":"Begleitung von Unternehmen im Vergabeverfahren und im Nachpr\u00fcfungsverfahren gegen\u00fcber der Vergabekammer oder gegen\u00fcber Wettbewerbern. Begleitung von ausschreibenden Institutionen im Vergabeverfahren f\u00fcr eine rechtssichere Vergabe.","breadcrumb":{"@id":"https:\/\/finkbeiner-kanzlei.de\/en\/public-procurement-law\/#breadcrumb"},"inLanguage":"en-US","potentialAction":[{"@type":"ReadAction","target":["https:\/\/finkbeiner-kanzlei.de\/en\/public-procurement-law\/"]}]},{"@type":"ImageObject","inLanguage":"en-US","@id":"https:\/\/finkbeiner-kanzlei.de\/en\/public-procurement-law\/#primaryimage","url":"https:\/\/finkbeiner-kanzlei.de\/wp-content\/uploads\/2020\/06\/vergaberecht-landscape.jpg","contentUrl":"https:\/\/finkbeiner-kanzlei.de\/wp-content\/uploads\/2020\/06\/vergaberecht-landscape.jpg"},{"@type":"BreadcrumbList","@id":"https:\/\/finkbeiner-kanzlei.de\/en\/public-procurement-law\/#breadcrumb","itemListElement":[{"@type":"ListItem","position":1,"name":"Startseite","item":"https:\/\/finkbeiner-kanzlei.de\/en\/"},{"@type":"ListItem","position":2,"name":"Public procurement law"}]},{"@type":"WebSite","@id":"https:\/\/finkbeiner-kanzlei.de\/en\/#website","url":"https:\/\/finkbeiner-kanzlei.de\/en\/","name":"Finkbeiner Kanzlei","description":"Anwaltskanzlei f\u00fcr Wirtschaftsrecht, Insolvenzrecht und Prozessrecht","publisher":{"@id":"https:\/\/finkbeiner-kanzlei.de\/en\/#\/schema\/person\/82fb4d962f5edb406c94928cf461bbde"},"potentialAction":[{"@type":"SearchAction","target":{"@type":"EntryPoint","urlTemplate":"https:\/\/finkbeiner-kanzlei.de\/en\/?s={search_term_string}"},"query-input":{"@type":"PropertyValueSpecification","valueRequired":true,"valueName":"search_term_string"}}],"inLanguage":"en-US"},{"@type":["Person","Organization"],"@id":"https:\/\/finkbeiner-kanzlei.de\/en\/#\/schema\/person\/82fb4d962f5edb406c94928cf461bbde","name":"Claudius Finkbeiner","image":{"@type":"ImageObject","inLanguage":"en-US","@id":"https:\/\/finkbeiner-kanzlei.de\/wp-content\/uploads\/2017\/12\/5C66DF9B-A999-44A1-969D-4233F47A5B77-96x96.jpg","url":"https:\/\/finkbeiner-kanzlei.de\/wp-content\/uploads\/2017\/12\/5C66DF9B-A999-44A1-969D-4233F47A5B77-96x96.jpg","contentUrl":"https:\/\/finkbeiner-kanzlei.de\/wp-content\/uploads\/2017\/12\/5C66DF9B-A999-44A1-969D-4233F47A5B77-96x96.jpg","caption":"Claudius Finkbeiner"},"logo":{"@id":"https:\/\/finkbeiner-kanzlei.de\/wp-content\/uploads\/2017\/12\/5C66DF9B-A999-44A1-969D-4233F47A5B77-96x96.jpg"},"description":"Herr Finkbeiner ist seit dem Jahr 2009 als Rechtsanwalt t\u00e4tig. Sein Schwerpunkt liegt im wirtschaftsrechtlichen Bereich, insbesondere im Insolvenz-, Vertrags- und Gesellschaftsrecht sowie im Vergaberecht. Herr Finkbeiner ber\u00e4t und vertritt Unternehmen in der Krise, ebenso wie Gesch\u00e4ftsf\u00fchrer, Gl\u00e4ubiger und andere Beteiligte im Insolvenzverfahren und gegen Insolvenzverwalter. Herr Finkbeiner ist ein erfahrener Prozessanwalt im Wirtschaftsrecht und Verteidiger in Wirtschaftsstrafsachen.","sameAs":["https:\/\/www.anwalt-finkbeiner.de"]}]}},"_links":{"self":[{"href":"https:\/\/finkbeiner-kanzlei.de\/en\/wp-json\/wp\/v2\/pages\/1229","targetHints":{"allow":["GET"]}}],"collection":[{"href":"https:\/\/finkbeiner-kanzlei.de\/en\/wp-json\/wp\/v2\/pages"}],"about":[{"href":"https:\/\/finkbeiner-kanzlei.de\/en\/wp-json\/wp\/v2\/types\/page"}],"author":[{"embeddable":true,"href":"https:\/\/finkbeiner-kanzlei.de\/en\/wp-json\/wp\/v2\/users\/3"}],"replies":[{"embeddable":true,"href":"https:\/\/finkbeiner-kanzlei.de\/en\/wp-json\/wp\/v2\/comments?post=1229"}],"version-history":[{"count":3,"href":"https:\/\/finkbeiner-kanzlei.de\/en\/wp-json\/wp\/v2\/pages\/1229\/revisions"}],"predecessor-version":[{"id":1669,"href":"https:\/\/finkbeiner-kanzlei.de\/en\/wp-json\/wp\/v2\/pages\/1229\/revisions\/1669"}],"wp:attachment":[{"href":"https:\/\/finkbeiner-kanzlei.de\/en\/wp-json\/wp\/v2\/media?parent=1229"}],"wp:term":[{"taxonomy":"post_tag","embeddable":true,"href":"https:\/\/finkbeiner-kanzlei.de\/en\/wp-json\/wp\/v2\/tags?post=1229"}],"curies":[{"name":"wp","href":"https:\/\/api.w.org\/{rel}","templated":true}]}}