{"id":1238,"date":"2018-08-24T13:18:24","date_gmt":"2018-08-24T13:18:24","guid":{"rendered":"https:\/\/finkbeiner-kanzlei.de\/vertragsrecht\/"},"modified":"2020-06-25T12:25:56","modified_gmt":"2020-06-25T12:25:56","slug":"contract-law","status":"publish","type":"page","link":"https:\/\/finkbeiner-kanzlei.de\/en\/contract-law\/","title":{"rendered":"Contract law"},"content":{"rendered":"<div class=\"row\">\n<div class=\"col-md-6\">\n<h2><span lang=\"en-GB\">Contract negotiation, contract drafting and contract review<\/span><\/h2>\n<p><span lang=\"en-GB\">Contract drafting is precautionary and helps to define business relationships and avoid expensive disputes afterwards. As experienced lawyers who i. e. havep assed the notary&#8217;s examination, we will support you in developing tailor-made contractual solutions for your company or for you personally.<\/span><\/p>\n<p><img fetchpriority=\"high\" decoding=\"async\" class=\"alignnone size-full wp-image-1639\" src=\"https:\/\/finkbeiner-kanzlei.de\/wp-content\/uploads\/2020\/06\/vertragsrecht.jpg\" alt=\"\" width=\"800\" height=\"500\" srcset=\"https:\/\/finkbeiner-kanzlei.de\/wp-content\/uploads\/2020\/06\/vertragsrecht.jpg 800w, https:\/\/finkbeiner-kanzlei.de\/wp-content\/uploads\/2020\/06\/vertragsrecht-600x375.jpg 600w, https:\/\/finkbeiner-kanzlei.de\/wp-content\/uploads\/2020\/06\/vertragsrecht-300x188.jpg 300w, https:\/\/finkbeiner-kanzlei.de\/wp-content\/uploads\/2020\/06\/vertragsrecht-768x480.jpg 768w\" sizes=\"(max-width: 800px) 100vw, 800px\" \/><\/p>\n<p><span lang=\"en-GB\">We can develop contract law solutions for you from a wide range of legal fields. This includes both contract drafting and representation in disputes about the content of contracts. Particularly worth mentioning are the areas of partnership agreements for e.g. Limited Liability Company and private corporation, marriage and civil partnership agreements as well as wills and inheritance contracts. Furthermore, we advise you on the drafting of service contracts, employment contracts, real estate purchase contracts and general terms and conditions (<\/span><span lang=\"en-GB\"><i>Allgemeine Gesch\u00e4ftsbedingungen &#8211; AGB<\/i><\/span><span lang=\"en-GB\">).<\/span><\/p>\n<\/div>\n<div class=\"col-md-6\">\n<p><span lang=\"en-GB\">Especially in important business transactions it is always worthwhile to seek competent legal assistance in order to achieve and fix the best possible result. We areat your side in all questions of contract drafting, contract review and also as support in your contract negotiations.<\/span><\/p>\n<h2><span lang=\"en-GB\">Your lawyers for contract law<\/span><\/h2>\n<p><span lang=\"en-GB\">Our offer includes complex matters such as the purchase of companies or parts of companies as well as the preparation of samples or parts of contracts.<\/span><\/p>\n<p><span lang=\"en-GB\">Whether you need new general terms and conditions to use for your customers or you want to draft a company contract for a limited liability company or for a private corporationor an employment contract or checked or you want to create a sample employment contract. You are in good hands with us for all contractual matters.<\/span><\/p>\n<p><span lang=\"en-GB\">You can also benefit from our network of cooperation partners in the field of tax consultancy and notary&#8217;s office, which can provide further specialist knowledge or the necessary notarisation in the shortest possible time if required. A foresightedly designed contract often helps to avoid a lengthy and expensive legal dispute later on.<\/span><\/p>\n<\/div>\n<\/div>\n","protected":false},"excerpt":{"rendered":"","protected":false},"author":3,"featured_media":0,"parent":0,"menu_order":0,"comment_status":"closed","ping_status":"closed","template":"","meta":{"_acf_changed":false,"inline_featured_image":false,"footnotes":""},"tags":[888,868,887,870,894,890,891,896,897,898,901,900,903,902,1025,904,872,873,899,893,877,892,895,889,879,880,881,883,884,885],"class_list":["post-1238","page","type-page","status-publish","hentry","tag-advice-in-case-of-breach-of-contract","tag-arbeitsvertrag-en","tag-banks","tag-beratung-bei-vertragsbruch-en","tag-breach-of-duty-in-contracts","tag-claims-arising-from-contracts","tag-company-agreement","tag-company-purchase","tag-company-sale","tag-comparison-between-contractual-partners","tag-contract-audits","tag-contract-drafting","tag-contract-for-work","tag-contract-negotiations","tag-darlehensgeber-en","tag-employment-contract","tag-forderungen-aus-vertraegen-en","tag-gesellschaftsvertrag-en","tag-insurance","tag-lease-agreement","tag-pflichtverletzung-bei-vertraegen-en","tag-purchase-agreement","tag-savings-banks","tag-service-contract","tag-unternehmenskauf-en","tag-unternehmensverkauf-en","tag-vergleich-zwischen-vertragspartnern-en","tag-vertragsgestaltung-en","tag-vertragspruefungen-en","tag-vertragsverhandlungen-en"],"acf":[],"yoast_head":"<!-- This site is optimized with the Yoast SEO plugin v27.4 - https:\/\/yoast.com\/product\/yoast-seo-wordpress\/ -->\n<title>Laxyer for contract negotiation, contract drafting and contract review<\/title>\n<meta name=\"description\" content=\"Contract drafting is precautionary and helps to define business relationships and avoid expensive disputes afterwards. As experienced lawyers who i. e. havep assed the notary&#039;s examination, we will support you in developing tailor-made contractual solutions for your company or for you personally.\" \/>\n<meta name=\"robots\" content=\"index, follow, max-snippet:-1, max-image-preview:large, max-video-preview:-1\" \/>\n<link rel=\"canonical\" href=\"https:\/\/finkbeiner-kanzlei.de\/en\/contract-law\/\" \/>\n<meta property=\"og:locale\" content=\"en_US\" \/>\n<meta property=\"og:type\" content=\"article\" \/>\n<meta property=\"og:title\" content=\"Laxyer for contract negotiation, contract drafting and contract review\" \/>\n<meta property=\"og:description\" content=\"Contract drafting is precautionary and helps to define business relationships and avoid expensive disputes afterwards. As experienced lawyers who i. e. havep assed the notary&#039;s examination, we will support you in developing tailor-made contractual solutions for your company or for you personally.\" \/>\n<meta property=\"og:url\" content=\"https:\/\/finkbeiner-kanzlei.de\/en\/contract-law\/\" \/>\n<meta property=\"og:site_name\" content=\"Finkbeiner Kanzlei\" \/>\n<meta property=\"article:modified_time\" content=\"2020-06-25T12:25:56+00:00\" \/>\n<meta property=\"og:image\" content=\"https:\/\/finkbeiner-kanzlei.de\/wp-content\/uploads\/2020\/06\/vertragsrecht.jpg\" \/>\n<meta name=\"twitter:card\" content=\"summary_large_image\" \/>\n<meta name=\"twitter:label1\" content=\"Est. reading time\" \/>\n\t<meta name=\"twitter:data1\" content=\"2 minutes\" \/>\n<script type=\"application\/ld+json\" class=\"yoast-schema-graph\">{\"@context\":\"https:\\\/\\\/schema.org\",\"@graph\":[{\"@type\":\"WebPage\",\"@id\":\"https:\\\/\\\/finkbeiner-kanzlei.de\\\/en\\\/contract-law\\\/\",\"url\":\"https:\\\/\\\/finkbeiner-kanzlei.de\\\/en\\\/contract-law\\\/\",\"name\":\"Laxyer for contract negotiation, contract drafting and contract review\",\"isPartOf\":{\"@id\":\"https:\\\/\\\/finkbeiner-kanzlei.de\\\/en\\\/#website\"},\"primaryImageOfPage\":{\"@id\":\"https:\\\/\\\/finkbeiner-kanzlei.de\\\/en\\\/contract-law\\\/#primaryimage\"},\"image\":{\"@id\":\"https:\\\/\\\/finkbeiner-kanzlei.de\\\/en\\\/contract-law\\\/#primaryimage\"},\"thumbnailUrl\":\"https:\\\/\\\/finkbeiner-kanzlei.de\\\/wp-content\\\/uploads\\\/2020\\\/06\\\/vertragsrecht.jpg\",\"datePublished\":\"2018-08-24T13:18:24+00:00\",\"dateModified\":\"2020-06-25T12:25:56+00:00\",\"description\":\"Contract drafting is precautionary and helps to define business relationships and avoid expensive disputes afterwards. As experienced lawyers who i. e. havep assed the notary's examination, we will support you in developing tailor-made contractual solutions for your company or for you personally.\",\"breadcrumb\":{\"@id\":\"https:\\\/\\\/finkbeiner-kanzlei.de\\\/en\\\/contract-law\\\/#breadcrumb\"},\"inLanguage\":\"en-US\",\"potentialAction\":[{\"@type\":\"ReadAction\",\"target\":[\"https:\\\/\\\/finkbeiner-kanzlei.de\\\/en\\\/contract-law\\\/\"]}]},{\"@type\":\"ImageObject\",\"inLanguage\":\"en-US\",\"@id\":\"https:\\\/\\\/finkbeiner-kanzlei.de\\\/en\\\/contract-law\\\/#primaryimage\",\"url\":\"https:\\\/\\\/finkbeiner-kanzlei.de\\\/wp-content\\\/uploads\\\/2020\\\/06\\\/vertragsrecht.jpg\",\"contentUrl\":\"https:\\\/\\\/finkbeiner-kanzlei.de\\\/wp-content\\\/uploads\\\/2020\\\/06\\\/vertragsrecht.jpg\"},{\"@type\":\"BreadcrumbList\",\"@id\":\"https:\\\/\\\/finkbeiner-kanzlei.de\\\/en\\\/contract-law\\\/#breadcrumb\",\"itemListElement\":[{\"@type\":\"ListItem\",\"position\":1,\"name\":\"Startseite\",\"item\":\"https:\\\/\\\/finkbeiner-kanzlei.de\\\/en\\\/\"},{\"@type\":\"ListItem\",\"position\":2,\"name\":\"Contract law\"}]},{\"@type\":\"WebSite\",\"@id\":\"https:\\\/\\\/finkbeiner-kanzlei.de\\\/en\\\/#website\",\"url\":\"https:\\\/\\\/finkbeiner-kanzlei.de\\\/en\\\/\",\"name\":\"Finkbeiner Kanzlei\",\"description\":\"Anwaltskanzlei f\u00fcr Wirtschaftsrecht, Insolvenzrecht und Prozessrecht\",\"publisher\":{\"@id\":\"https:\\\/\\\/finkbeiner-kanzlei.de\\\/en\\\/#\\\/schema\\\/person\\\/82fb4d962f5edb406c94928cf461bbde\"},\"potentialAction\":[{\"@type\":\"SearchAction\",\"target\":{\"@type\":\"EntryPoint\",\"urlTemplate\":\"https:\\\/\\\/finkbeiner-kanzlei.de\\\/en\\\/?s={search_term_string}\"},\"query-input\":{\"@type\":\"PropertyValueSpecification\",\"valueRequired\":true,\"valueName\":\"search_term_string\"}}],\"inLanguage\":\"en-US\"},{\"@type\":[\"Person\",\"Organization\"],\"@id\":\"https:\\\/\\\/finkbeiner-kanzlei.de\\\/en\\\/#\\\/schema\\\/person\\\/82fb4d962f5edb406c94928cf461bbde\",\"name\":\"Claudius Finkbeiner\",\"image\":{\"@type\":\"ImageObject\",\"inLanguage\":\"en-US\",\"@id\":\"https:\\\/\\\/finkbeiner-kanzlei.de\\\/wp-content\\\/uploads\\\/2017\\\/12\\\/5C66DF9B-A999-44A1-969D-4233F47A5B77-96x96.jpg\",\"url\":\"https:\\\/\\\/finkbeiner-kanzlei.de\\\/wp-content\\\/uploads\\\/2017\\\/12\\\/5C66DF9B-A999-44A1-969D-4233F47A5B77-96x96.jpg\",\"contentUrl\":\"https:\\\/\\\/finkbeiner-kanzlei.de\\\/wp-content\\\/uploads\\\/2017\\\/12\\\/5C66DF9B-A999-44A1-969D-4233F47A5B77-96x96.jpg\",\"caption\":\"Claudius Finkbeiner\"},\"logo\":{\"@id\":\"https:\\\/\\\/finkbeiner-kanzlei.de\\\/wp-content\\\/uploads\\\/2017\\\/12\\\/5C66DF9B-A999-44A1-969D-4233F47A5B77-96x96.jpg\"},\"description\":\"Herr Finkbeiner ist seit dem Jahr 2009 als Rechtsanwalt t\u00e4tig. Sein Schwerpunkt liegt im wirtschaftsrechtlichen Bereich, insbesondere im Insolvenz-, Vertrags- und Gesellschaftsrecht sowie im Vergaberecht. Herr Finkbeiner ber\u00e4t und vertritt Unternehmen in der Krise, ebenso wie Gesch\u00e4ftsf\u00fchrer, Gl\u00e4ubiger und andere Beteiligte im Insolvenzverfahren und gegen Insolvenzverwalter. Herr Finkbeiner ist ein erfahrener Prozessanwalt im Wirtschaftsrecht und Verteidiger in Wirtschaftsstrafsachen.\",\"sameAs\":[\"https:\\\/\\\/www.anwalt-finkbeiner.de\"]}]}<\/script>\n<!-- \/ Yoast SEO plugin. -->","yoast_head_json":{"title":"Laxyer for contract negotiation, contract drafting and contract review","description":"Contract drafting is precautionary and helps to define business relationships and avoid expensive disputes afterwards. As experienced lawyers who i. e. havep assed the notary's examination, we will support you in developing tailor-made contractual solutions for your company or for you personally.","robots":{"index":"index","follow":"follow","max-snippet":"max-snippet:-1","max-image-preview":"max-image-preview:large","max-video-preview":"max-video-preview:-1"},"canonical":"https:\/\/finkbeiner-kanzlei.de\/en\/contract-law\/","og_locale":"en_US","og_type":"article","og_title":"Laxyer for contract negotiation, contract drafting and contract review","og_description":"Contract drafting is precautionary and helps to define business relationships and avoid expensive disputes afterwards. As experienced lawyers who i. e. havep assed the notary's examination, we will support you in developing tailor-made contractual solutions for your company or for you personally.","og_url":"https:\/\/finkbeiner-kanzlei.de\/en\/contract-law\/","og_site_name":"Finkbeiner Kanzlei","article_modified_time":"2020-06-25T12:25:56+00:00","og_image":[{"url":"https:\/\/finkbeiner-kanzlei.de\/wp-content\/uploads\/2020\/06\/vertragsrecht.jpg","type":"","width":"","height":""}],"twitter_card":"summary_large_image","twitter_misc":{"Est. reading time":"2 minutes"},"schema":{"@context":"https:\/\/schema.org","@graph":[{"@type":"WebPage","@id":"https:\/\/finkbeiner-kanzlei.de\/en\/contract-law\/","url":"https:\/\/finkbeiner-kanzlei.de\/en\/contract-law\/","name":"Laxyer for contract negotiation, contract drafting and contract review","isPartOf":{"@id":"https:\/\/finkbeiner-kanzlei.de\/en\/#website"},"primaryImageOfPage":{"@id":"https:\/\/finkbeiner-kanzlei.de\/en\/contract-law\/#primaryimage"},"image":{"@id":"https:\/\/finkbeiner-kanzlei.de\/en\/contract-law\/#primaryimage"},"thumbnailUrl":"https:\/\/finkbeiner-kanzlei.de\/wp-content\/uploads\/2020\/06\/vertragsrecht.jpg","datePublished":"2018-08-24T13:18:24+00:00","dateModified":"2020-06-25T12:25:56+00:00","description":"Contract drafting is precautionary and helps to define business relationships and avoid expensive disputes afterwards. As experienced lawyers who i. e. havep assed the notary's examination, we will support you in developing tailor-made contractual solutions for your company or for you personally.","breadcrumb":{"@id":"https:\/\/finkbeiner-kanzlei.de\/en\/contract-law\/#breadcrumb"},"inLanguage":"en-US","potentialAction":[{"@type":"ReadAction","target":["https:\/\/finkbeiner-kanzlei.de\/en\/contract-law\/"]}]},{"@type":"ImageObject","inLanguage":"en-US","@id":"https:\/\/finkbeiner-kanzlei.de\/en\/contract-law\/#primaryimage","url":"https:\/\/finkbeiner-kanzlei.de\/wp-content\/uploads\/2020\/06\/vertragsrecht.jpg","contentUrl":"https:\/\/finkbeiner-kanzlei.de\/wp-content\/uploads\/2020\/06\/vertragsrecht.jpg"},{"@type":"BreadcrumbList","@id":"https:\/\/finkbeiner-kanzlei.de\/en\/contract-law\/#breadcrumb","itemListElement":[{"@type":"ListItem","position":1,"name":"Startseite","item":"https:\/\/finkbeiner-kanzlei.de\/en\/"},{"@type":"ListItem","position":2,"name":"Contract law"}]},{"@type":"WebSite","@id":"https:\/\/finkbeiner-kanzlei.de\/en\/#website","url":"https:\/\/finkbeiner-kanzlei.de\/en\/","name":"Finkbeiner Kanzlei","description":"Anwaltskanzlei f\u00fcr Wirtschaftsrecht, Insolvenzrecht und Prozessrecht","publisher":{"@id":"https:\/\/finkbeiner-kanzlei.de\/en\/#\/schema\/person\/82fb4d962f5edb406c94928cf461bbde"},"potentialAction":[{"@type":"SearchAction","target":{"@type":"EntryPoint","urlTemplate":"https:\/\/finkbeiner-kanzlei.de\/en\/?s={search_term_string}"},"query-input":{"@type":"PropertyValueSpecification","valueRequired":true,"valueName":"search_term_string"}}],"inLanguage":"en-US"},{"@type":["Person","Organization"],"@id":"https:\/\/finkbeiner-kanzlei.de\/en\/#\/schema\/person\/82fb4d962f5edb406c94928cf461bbde","name":"Claudius Finkbeiner","image":{"@type":"ImageObject","inLanguage":"en-US","@id":"https:\/\/finkbeiner-kanzlei.de\/wp-content\/uploads\/2017\/12\/5C66DF9B-A999-44A1-969D-4233F47A5B77-96x96.jpg","url":"https:\/\/finkbeiner-kanzlei.de\/wp-content\/uploads\/2017\/12\/5C66DF9B-A999-44A1-969D-4233F47A5B77-96x96.jpg","contentUrl":"https:\/\/finkbeiner-kanzlei.de\/wp-content\/uploads\/2017\/12\/5C66DF9B-A999-44A1-969D-4233F47A5B77-96x96.jpg","caption":"Claudius Finkbeiner"},"logo":{"@id":"https:\/\/finkbeiner-kanzlei.de\/wp-content\/uploads\/2017\/12\/5C66DF9B-A999-44A1-969D-4233F47A5B77-96x96.jpg"},"description":"Herr Finkbeiner ist seit dem Jahr 2009 als Rechtsanwalt t\u00e4tig. Sein Schwerpunkt liegt im wirtschaftsrechtlichen Bereich, insbesondere im Insolvenz-, Vertrags- und Gesellschaftsrecht sowie im Vergaberecht. Herr Finkbeiner ber\u00e4t und vertritt Unternehmen in der Krise, ebenso wie Gesch\u00e4ftsf\u00fchrer, Gl\u00e4ubiger und andere Beteiligte im Insolvenzverfahren und gegen Insolvenzverwalter. Herr Finkbeiner ist ein erfahrener Prozessanwalt im Wirtschaftsrecht und Verteidiger in Wirtschaftsstrafsachen.","sameAs":["https:\/\/www.anwalt-finkbeiner.de"]}]}},"_links":{"self":[{"href":"https:\/\/finkbeiner-kanzlei.de\/en\/wp-json\/wp\/v2\/pages\/1238","targetHints":{"allow":["GET"]}}],"collection":[{"href":"https:\/\/finkbeiner-kanzlei.de\/en\/wp-json\/wp\/v2\/pages"}],"about":[{"href":"https:\/\/finkbeiner-kanzlei.de\/en\/wp-json\/wp\/v2\/types\/page"}],"author":[{"embeddable":true,"href":"https:\/\/finkbeiner-kanzlei.de\/en\/wp-json\/wp\/v2\/users\/3"}],"replies":[{"embeddable":true,"href":"https:\/\/finkbeiner-kanzlei.de\/en\/wp-json\/wp\/v2\/comments?post=1238"}],"version-history":[{"count":3,"href":"https:\/\/finkbeiner-kanzlei.de\/en\/wp-json\/wp\/v2\/pages\/1238\/revisions"}],"predecessor-version":[{"id":1652,"href":"https:\/\/finkbeiner-kanzlei.de\/en\/wp-json\/wp\/v2\/pages\/1238\/revisions\/1652"}],"wp:attachment":[{"href":"https:\/\/finkbeiner-kanzlei.de\/en\/wp-json\/wp\/v2\/media?parent=1238"}],"wp:term":[{"taxonomy":"post_tag","embeddable":true,"href":"https:\/\/finkbeiner-kanzlei.de\/en\/wp-json\/wp\/v2\/tags?post=1238"}],"curies":[{"name":"wp","href":"https:\/\/api.w.org\/{rel}","templated":true}]}}