{"id":1248,"date":"2017-12-12T11:11:28","date_gmt":"2017-12-12T11:11:28","guid":{"rendered":"https:\/\/finkbeiner-kanzlei.de\/home\/"},"modified":"2023-08-11T12:38:50","modified_gmt":"2023-08-11T10:38:50","slug":"home","status":"publish","type":"page","link":"https:\/\/finkbeiner-kanzlei.de\/en\/","title":{"rendered":"Home"},"content":{"rendered":"<h1><span lang=\"en-GB\">Welcome to Finkbeiner &amp; Druckenbrodt &#8211; Lawyers<\/span><\/h1>\n<h2><span lang=\"en-GB\">Legal advice is good. Legal advice with passion and competence is better.<\/span><\/h2>\n<p><span lang=\"en-GB\">In our law firm with locations in Hamburg-Eppendorf and Wentorf bei Hamburg at the gates of Hamburg, individual advice and committed representation of clients are our top priority.<\/span><\/p>\n<p><span lang=\"en-GB\">Our activities cover all important areas of private and commercial law. The focus is on commercial law, insolvency law and civil procedural law.<\/span><\/p>\n<p><span lang=\"en-GB\">We serve individuals as well as medium-sized companies throughout Northern Germany and represent your interests nationwide. We work with a sense of proportion, the highest level of motivation and examine all options before discussing the possibilities for action with you.<\/span><\/p>\n<p><span lang=\"en-GB\">The attorneys of our law firm combine almost 25 years of professional experience. With our expertise, we ensure that the mandates you entrust to us are in the best hands.<\/span><\/p>\n<p><span lang=\"en-GB\">Mr. Finkbeiner&#8217;s experience is based on several years of work in the Hamburg office of a major German law firm, as in-house counsel of a company in the energy sector, and in the medium-sized law firm SBL in L\u00fcneburg, which specializes in insolvency administration and restructuring consulting. In addition, Mr. Finkbeiner has always been self-employed with his own law firm since the beginning of his career.<\/span><\/p>\n<p><span lang=\"en-GB\">For the first twelve years of his career, Mr. Druckenbrodt worked in the Frankfurt office of the major American law firm Arnold &amp; Porter Kaye Scholer LLP and focused on litigation from the outset. Due to his special expertise in insolvency law, he subsequently moved to Hamburg and headed the litigation department at Reimer Rechtsanw\u00e4lte before joining the office.<\/span><\/p>\n<p><span lang=\"en-GB\">What we have in common is our roots in Northern Germany, which even the exile of Mr. Druckenbrodt in Hesse could not change. Born in L\u00fcneburg and raised in the surrounding area, we spent large parts of our studies in Kiel and the subsequent legal clerkship in Schleswig-Holstein. <\/span><\/p>\n<p><strong><span lang=\"en-GB\">We speak your language and listen well. Our goal: The best protection of your legal and economic interests.<\/span><\/strong><\/p>\n","protected":false},"excerpt":{"rendered":"<p>Welcome to Finkbeiner &amp; Druckenbrodt &#8211; Lawyers Legal advice is good. Legal advice with passion and competence is better. In our law firm with locations in Hamburg-Eppendorf and Wentorf bei Hamburg at the gates of Hamburg, individual advice and committed representation of clients are our top priority. Our activities cover all important areas of private&#8230;<\/p>\n","protected":false},"author":3,"featured_media":3518,"parent":0,"menu_order":0,"comment_status":"closed","ping_status":"closed","template":"template-homepage.php","meta":{"_acf_changed":false,"inline_featured_image":false,"footnotes":""},"tags":[],"class_list":["post-1248","page","type-page","status-publish","has-post-thumbnail","hentry"],"acf":[],"yoast_head":"<!-- This site is optimized with the Yoast SEO plugin v27.5 - https:\/\/yoast.com\/product\/yoast-seo-wordpress\/ -->\n<title>Kanzlei f\u00fcr Wirtschafts- und Insolvenzrecht, Fachanwalt Insolvenzrecht<\/title>\n<meta name=\"description\" content=\"Die Schwerpunkte der Kanzlei liegen im Wirtschaftsrecht, Wirtschaftsstrafrecht, Arbeitsrecht, Insolvenzrecht und Vergaberecht.\" \/>\n<meta name=\"robots\" content=\"index, follow, max-snippet:-1, max-image-preview:large, max-video-preview:-1\" \/>\n<link rel=\"canonical\" href=\"https:\/\/finkbeiner-kanzlei.de\/en\/\" \/>\n<meta property=\"og:locale\" content=\"en_US\" \/>\n<meta property=\"og:type\" content=\"article\" \/>\n<meta property=\"og:title\" content=\"Kanzlei f\u00fcr Wirtschafts- und Insolvenzrecht, Fachanwalt Insolvenzrecht\" \/>\n<meta property=\"og:description\" content=\"Die Schwerpunkte der Kanzlei liegen im Wirtschaftsrecht, Wirtschaftsstrafrecht, Arbeitsrecht, Insolvenzrecht und Vergaberecht.\" \/>\n<meta property=\"og:url\" content=\"https:\/\/finkbeiner-kanzlei.de\/en\/\" \/>\n<meta property=\"og:site_name\" content=\"Finkbeiner Kanzlei\" \/>\n<meta property=\"article:modified_time\" content=\"2023-08-11T10:38:50+00:00\" \/>\n<meta property=\"og:image\" content=\"https:\/\/finkbeiner-kanzlei.de\/wp-content\/uploads\/2019\/04\/insolvenzanfechtung.jpg\" \/>\n\t<meta property=\"og:image:width\" content=\"580\" \/>\n\t<meta property=\"og:image:height\" content=\"400\" \/>\n\t<meta property=\"og:image:type\" content=\"image\/jpeg\" \/>\n<meta name=\"twitter:card\" content=\"summary_large_image\" \/>\n<meta name=\"twitter:label1\" content=\"Est. reading time\" \/>\n\t<meta name=\"twitter:data1\" content=\"2 minutes\" \/>\n<script type=\"application\/ld+json\" class=\"yoast-schema-graph\">{\"@context\":\"https:\\\/\\\/schema.org\",\"@graph\":[{\"@type\":\"WebPage\",\"@id\":\"https:\\\/\\\/finkbeiner-kanzlei.de\\\/en\\\/\",\"url\":\"https:\\\/\\\/finkbeiner-kanzlei.de\\\/en\\\/\",\"name\":\"Kanzlei f\u00fcr Wirtschafts- und Insolvenzrecht, Fachanwalt Insolvenzrecht\",\"isPartOf\":{\"@id\":\"https:\\\/\\\/finkbeiner-kanzlei.de\\\/en\\\/#website\"},\"primaryImageOfPage\":{\"@id\":\"https:\\\/\\\/finkbeiner-kanzlei.de\\\/en\\\/#primaryimage\"},\"image\":{\"@id\":\"https:\\\/\\\/finkbeiner-kanzlei.de\\\/en\\\/#primaryimage\"},\"thumbnailUrl\":\"https:\\\/\\\/finkbeiner-kanzlei.de\\\/wp-content\\\/uploads\\\/2023\\\/08\\\/L1210947.jpg\",\"datePublished\":\"2017-12-12T11:11:28+00:00\",\"dateModified\":\"2023-08-11T10:38:50+00:00\",\"description\":\"Die Schwerpunkte der Kanzlei liegen im Wirtschaftsrecht, Wirtschaftsstrafrecht, Arbeitsrecht, Insolvenzrecht und Vergaberecht.\",\"breadcrumb\":{\"@id\":\"https:\\\/\\\/finkbeiner-kanzlei.de\\\/en\\\/#breadcrumb\"},\"inLanguage\":\"en-US\",\"potentialAction\":[{\"@type\":\"ReadAction\",\"target\":[\"https:\\\/\\\/finkbeiner-kanzlei.de\\\/en\\\/\"]}]},{\"@type\":\"ImageObject\",\"inLanguage\":\"en-US\",\"@id\":\"https:\\\/\\\/finkbeiner-kanzlei.de\\\/en\\\/#primaryimage\",\"url\":\"https:\\\/\\\/finkbeiner-kanzlei.de\\\/wp-content\\\/uploads\\\/2023\\\/08\\\/L1210947.jpg\",\"contentUrl\":\"https:\\\/\\\/finkbeiner-kanzlei.de\\\/wp-content\\\/uploads\\\/2023\\\/08\\\/L1210947.jpg\",\"width\":1920,\"height\":900},{\"@type\":\"BreadcrumbList\",\"@id\":\"https:\\\/\\\/finkbeiner-kanzlei.de\\\/en\\\/#breadcrumb\",\"itemListElement\":[{\"@type\":\"ListItem\",\"position\":1,\"name\":\"Startseite\",\"item\":\"https:\\\/\\\/finkbeiner-kanzlei.de\\\/en\\\/\"},{\"@type\":\"ListItem\",\"position\":2,\"name\":\"Home\"}]},{\"@type\":\"WebSite\",\"@id\":\"https:\\\/\\\/finkbeiner-kanzlei.de\\\/en\\\/#website\",\"url\":\"https:\\\/\\\/finkbeiner-kanzlei.de\\\/en\\\/\",\"name\":\"Finkbeiner Kanzlei\",\"description\":\"Anwaltskanzlei f\u00fcr Wirtschaftsrecht, Insolvenzrecht und Prozessrecht\",\"publisher\":{\"@id\":\"https:\\\/\\\/finkbeiner-kanzlei.de\\\/en\\\/#\\\/schema\\\/person\\\/82fb4d962f5edb406c94928cf461bbde\"},\"potentialAction\":[{\"@type\":\"SearchAction\",\"target\":{\"@type\":\"EntryPoint\",\"urlTemplate\":\"https:\\\/\\\/finkbeiner-kanzlei.de\\\/en\\\/?s={search_term_string}\"},\"query-input\":{\"@type\":\"PropertyValueSpecification\",\"valueRequired\":true,\"valueName\":\"search_term_string\"}}],\"inLanguage\":\"en-US\"},{\"@type\":[\"Person\",\"Organization\"],\"@id\":\"https:\\\/\\\/finkbeiner-kanzlei.de\\\/en\\\/#\\\/schema\\\/person\\\/82fb4d962f5edb406c94928cf461bbde\",\"name\":\"Claudius Finkbeiner\",\"image\":{\"@type\":\"ImageObject\",\"inLanguage\":\"en-US\",\"@id\":\"https:\\\/\\\/finkbeiner-kanzlei.de\\\/wp-content\\\/uploads\\\/2017\\\/12\\\/5C66DF9B-A999-44A1-969D-4233F47A5B77-96x96.jpg\",\"url\":\"https:\\\/\\\/finkbeiner-kanzlei.de\\\/wp-content\\\/uploads\\\/2017\\\/12\\\/5C66DF9B-A999-44A1-969D-4233F47A5B77-96x96.jpg\",\"contentUrl\":\"https:\\\/\\\/finkbeiner-kanzlei.de\\\/wp-content\\\/uploads\\\/2017\\\/12\\\/5C66DF9B-A999-44A1-969D-4233F47A5B77-96x96.jpg\",\"caption\":\"Claudius Finkbeiner\"},\"logo\":{\"@id\":\"https:\\\/\\\/finkbeiner-kanzlei.de\\\/wp-content\\\/uploads\\\/2017\\\/12\\\/5C66DF9B-A999-44A1-969D-4233F47A5B77-96x96.jpg\"},\"description\":\"Herr Finkbeiner ist seit dem Jahr 2009 als Rechtsanwalt t\u00e4tig. Sein Schwerpunkt liegt im wirtschaftsrechtlichen Bereich, insbesondere im Insolvenz-, Vertrags- und Gesellschaftsrecht sowie im Vergaberecht. Herr Finkbeiner ber\u00e4t und vertritt Unternehmen in der Krise, ebenso wie Gesch\u00e4ftsf\u00fchrer, Gl\u00e4ubiger und andere Beteiligte im Insolvenzverfahren und gegen Insolvenzverwalter. Herr Finkbeiner ist ein erfahrener Prozessanwalt im Wirtschaftsrecht und Verteidiger in Wirtschaftsstrafsachen.\",\"sameAs\":[\"https:\\\/\\\/www.anwalt-finkbeiner.de\"]}]}<\/script>\n<!-- \/ Yoast SEO plugin. -->","yoast_head_json":{"title":"Kanzlei f\u00fcr Wirtschafts- und Insolvenzrecht, Fachanwalt Insolvenzrecht","description":"Die Schwerpunkte der Kanzlei liegen im Wirtschaftsrecht, Wirtschaftsstrafrecht, Arbeitsrecht, Insolvenzrecht und Vergaberecht.","robots":{"index":"index","follow":"follow","max-snippet":"max-snippet:-1","max-image-preview":"max-image-preview:large","max-video-preview":"max-video-preview:-1"},"canonical":"https:\/\/finkbeiner-kanzlei.de\/en\/","og_locale":"en_US","og_type":"article","og_title":"Kanzlei f\u00fcr Wirtschafts- und Insolvenzrecht, Fachanwalt Insolvenzrecht","og_description":"Die Schwerpunkte der Kanzlei liegen im Wirtschaftsrecht, Wirtschaftsstrafrecht, Arbeitsrecht, Insolvenzrecht und Vergaberecht.","og_url":"https:\/\/finkbeiner-kanzlei.de\/en\/","og_site_name":"Finkbeiner Kanzlei","article_modified_time":"2023-08-11T10:38:50+00:00","og_image":[{"width":580,"height":400,"url":"https:\/\/finkbeiner-kanzlei.de\/wp-content\/uploads\/2019\/04\/insolvenzanfechtung.jpg","type":"image\/jpeg"}],"twitter_card":"summary_large_image","twitter_misc":{"Est. reading time":"2 minutes"},"schema":{"@context":"https:\/\/schema.org","@graph":[{"@type":"WebPage","@id":"https:\/\/finkbeiner-kanzlei.de\/en\/","url":"https:\/\/finkbeiner-kanzlei.de\/en\/","name":"Kanzlei f\u00fcr Wirtschafts- und Insolvenzrecht, Fachanwalt Insolvenzrecht","isPartOf":{"@id":"https:\/\/finkbeiner-kanzlei.de\/en\/#website"},"primaryImageOfPage":{"@id":"https:\/\/finkbeiner-kanzlei.de\/en\/#primaryimage"},"image":{"@id":"https:\/\/finkbeiner-kanzlei.de\/en\/#primaryimage"},"thumbnailUrl":"https:\/\/finkbeiner-kanzlei.de\/wp-content\/uploads\/2023\/08\/L1210947.jpg","datePublished":"2017-12-12T11:11:28+00:00","dateModified":"2023-08-11T10:38:50+00:00","description":"Die Schwerpunkte der Kanzlei liegen im Wirtschaftsrecht, Wirtschaftsstrafrecht, Arbeitsrecht, Insolvenzrecht und Vergaberecht.","breadcrumb":{"@id":"https:\/\/finkbeiner-kanzlei.de\/en\/#breadcrumb"},"inLanguage":"en-US","potentialAction":[{"@type":"ReadAction","target":["https:\/\/finkbeiner-kanzlei.de\/en\/"]}]},{"@type":"ImageObject","inLanguage":"en-US","@id":"https:\/\/finkbeiner-kanzlei.de\/en\/#primaryimage","url":"https:\/\/finkbeiner-kanzlei.de\/wp-content\/uploads\/2023\/08\/L1210947.jpg","contentUrl":"https:\/\/finkbeiner-kanzlei.de\/wp-content\/uploads\/2023\/08\/L1210947.jpg","width":1920,"height":900},{"@type":"BreadcrumbList","@id":"https:\/\/finkbeiner-kanzlei.de\/en\/#breadcrumb","itemListElement":[{"@type":"ListItem","position":1,"name":"Startseite","item":"https:\/\/finkbeiner-kanzlei.de\/en\/"},{"@type":"ListItem","position":2,"name":"Home"}]},{"@type":"WebSite","@id":"https:\/\/finkbeiner-kanzlei.de\/en\/#website","url":"https:\/\/finkbeiner-kanzlei.de\/en\/","name":"Finkbeiner Kanzlei","description":"Anwaltskanzlei f\u00fcr Wirtschaftsrecht, Insolvenzrecht und Prozessrecht","publisher":{"@id":"https:\/\/finkbeiner-kanzlei.de\/en\/#\/schema\/person\/82fb4d962f5edb406c94928cf461bbde"},"potentialAction":[{"@type":"SearchAction","target":{"@type":"EntryPoint","urlTemplate":"https:\/\/finkbeiner-kanzlei.de\/en\/?s={search_term_string}"},"query-input":{"@type":"PropertyValueSpecification","valueRequired":true,"valueName":"search_term_string"}}],"inLanguage":"en-US"},{"@type":["Person","Organization"],"@id":"https:\/\/finkbeiner-kanzlei.de\/en\/#\/schema\/person\/82fb4d962f5edb406c94928cf461bbde","name":"Claudius Finkbeiner","image":{"@type":"ImageObject","inLanguage":"en-US","@id":"https:\/\/finkbeiner-kanzlei.de\/wp-content\/uploads\/2017\/12\/5C66DF9B-A999-44A1-969D-4233F47A5B77-96x96.jpg","url":"https:\/\/finkbeiner-kanzlei.de\/wp-content\/uploads\/2017\/12\/5C66DF9B-A999-44A1-969D-4233F47A5B77-96x96.jpg","contentUrl":"https:\/\/finkbeiner-kanzlei.de\/wp-content\/uploads\/2017\/12\/5C66DF9B-A999-44A1-969D-4233F47A5B77-96x96.jpg","caption":"Claudius Finkbeiner"},"logo":{"@id":"https:\/\/finkbeiner-kanzlei.de\/wp-content\/uploads\/2017\/12\/5C66DF9B-A999-44A1-969D-4233F47A5B77-96x96.jpg"},"description":"Herr Finkbeiner ist seit dem Jahr 2009 als Rechtsanwalt t\u00e4tig. Sein Schwerpunkt liegt im wirtschaftsrechtlichen Bereich, insbesondere im Insolvenz-, Vertrags- und Gesellschaftsrecht sowie im Vergaberecht. Herr Finkbeiner ber\u00e4t und vertritt Unternehmen in der Krise, ebenso wie Gesch\u00e4ftsf\u00fchrer, Gl\u00e4ubiger und andere Beteiligte im Insolvenzverfahren und gegen Insolvenzverwalter. Herr Finkbeiner ist ein erfahrener Prozessanwalt im Wirtschaftsrecht und Verteidiger in Wirtschaftsstrafsachen.","sameAs":["https:\/\/www.anwalt-finkbeiner.de"]}]}},"_links":{"self":[{"href":"https:\/\/finkbeiner-kanzlei.de\/en\/wp-json\/wp\/v2\/pages\/1248","targetHints":{"allow":["GET"]}}],"collection":[{"href":"https:\/\/finkbeiner-kanzlei.de\/en\/wp-json\/wp\/v2\/pages"}],"about":[{"href":"https:\/\/finkbeiner-kanzlei.de\/en\/wp-json\/wp\/v2\/types\/page"}],"author":[{"embeddable":true,"href":"https:\/\/finkbeiner-kanzlei.de\/en\/wp-json\/wp\/v2\/users\/3"}],"replies":[{"embeddable":true,"href":"https:\/\/finkbeiner-kanzlei.de\/en\/wp-json\/wp\/v2\/comments?post=1248"}],"version-history":[{"count":3,"href":"https:\/\/finkbeiner-kanzlei.de\/en\/wp-json\/wp\/v2\/pages\/1248\/revisions"}],"predecessor-version":[{"id":3071,"href":"https:\/\/finkbeiner-kanzlei.de\/en\/wp-json\/wp\/v2\/pages\/1248\/revisions\/3071"}],"wp:featuredmedia":[{"embeddable":true,"href":"https:\/\/finkbeiner-kanzlei.de\/en\/wp-json\/wp\/v2\/media\/3518"}],"wp:attachment":[{"href":"https:\/\/finkbeiner-kanzlei.de\/en\/wp-json\/wp\/v2\/media?parent=1248"}],"wp:term":[{"taxonomy":"post_tag","embeddable":true,"href":"https:\/\/finkbeiner-kanzlei.de\/en\/wp-json\/wp\/v2\/tags?post=1248"}],"curies":[{"name":"wp","href":"https:\/\/api.w.org\/{rel}","templated":true}]}}