{"id":1469,"date":"2018-08-28T10:31:06","date_gmt":"2018-08-28T10:31:06","guid":{"rendered":"https:\/\/finkbeiner-kanzlei.de\/glaeubiger-anleger-schutz\/"},"modified":"2020-04-30T14:54:22","modified_gmt":"2020-04-30T14:54:22","slug":"investment-protection","status":"publish","type":"page","link":"https:\/\/finkbeiner-kanzlei.de\/en\/investment-protection\/","title":{"rendered":"Investment Protection"},"content":{"rendered":"<div class=\"row\">\n<div class=\"col-md-6\">\n<h2><span lang=\"en-GB\">Protection for your investments and assets<\/span><\/h2>\n<p><span lang=\"en-GB\">As lawyers specialising in insolvency law, we represent both creditors and investors in insolvency proceedings and in crisis.<\/span><\/p>\n<p><span lang=\"en-GB\">Especially in the case of imminent insolvency, it is advisable to obtain expert advice in order to protect what can still be saved. The conceivable constellations in which we can assist you are widely spread.<\/span><\/p>\n<p><img fetchpriority=\"high\" decoding=\"async\" class=\"alignnone size-full wp-image-874\" src=\"https:\/\/finkbeiner-kanzlei.de\/wp-content\/uploads\/2019\/04\/anlegerschutz.jpg\" alt=\"\" width=\"580\" height=\"400\" srcset=\"https:\/\/finkbeiner-kanzlei.de\/wp-content\/uploads\/2019\/04\/anlegerschutz.jpg 580w, https:\/\/finkbeiner-kanzlei.de\/wp-content\/uploads\/2019\/04\/anlegerschutz-300x207.jpg 300w\" sizes=\"(max-width: 580px) 100vw, 580px\" \/><\/p>\n<p><span lang=\"en-GB\">Are you afraid of suffering losses with your capital investment (e.g. bonds, securities, funds, direct investments etc.) or has the loss already occurred? By acting quickly and decisively, we can help you to gain an overview of the situation and develop an optimal hedging or recovery strategy for you based on our many years of experience in crisis consulting.<\/span><\/p>\n<p><span lang=\"en-GB\">Especially as shareholder, investor or lender of a company in crisis you should not rely on promises of the management or the principle of hope, but act quickly to secure your investment. Based on the individual constellation, we develop a strategically optimized approach and support you in enforcing your rights.<\/span><\/p>\n<\/div>\n<div class=\"col-md-6\">\n<p><span lang=\"en-GB\">If a contractually agreed return is not paid out, if the repayment of an invested amount is delayed or if contract conditions are to be adjusted out of the blue, these are already the first indicators of a crisis in your investment.<\/span><\/p>\n<p><span lang=\"en-GB\">Waiting or acting rashly can significantly increase the risk of total loss in a crisis. As lawyers specialising in insolvency law, we are very familiar with the effects of crisis and insolvency on numerous areas of law such as banking, capital markets, tax and corporate law.<\/span><\/p>\n<h2><span lang=\"en-GB\">Your interests &#8211; assertively represented<\/span><\/h2>\n<p><span lang=\"en-GB\">Use our know-how to secure a dialogue at eye level with banks, issuers, insolvency administrators and entrepreneurs and help find feasible solutions even in times of crisis.<\/span><\/p>\n<p><span lang=\"en-GB\">Our range of services includes all conceivable measures for creditors both before and during insolvency proceedings, the filing of claims in insolvency proceedings and their prosecution at the creditors&#8217; meeting (= <\/span><span lang=\"en-GB\"><i>Gl\u00e4ubigerversammlung<\/i><\/span><span lang=\"en-GB\">), in creditors&#8217; committees (= <\/span><span lang=\"en-GB\"><i>Gl\u00e4ubigerausschuss<\/i><\/span><span lang=\"en-GB\">) or in the event of denials by the insolvency administrator. Furthermore, we take over the representation of secured creditors &#8211; in particular also in disputes about the existence or non-existence of a security interest &#8211; and examine claims from personal liability for compensation of managing directors and board members.<\/span><\/p>\n<p><span lang=\"en-GB\">Our expertise covers all investment channels and products. Particularly noteworthy are bonds (especially medium-sized bonds), open and closed fund investments in all areas (e.g. real estate, ships, aircraft, infrastructure, wind and solar parks etc.), profit participation certificates, public limited partnerships and direct investments (e.g. containers).<\/span><\/p>\n<p><span lang=\"en-GB\">As a further measure to protect your interests, we will always check for you whether there are any possibilities to deny a possible remaining debt discharge (= <\/span><span lang=\"en-GB\"><i>Restschuldbefreiung<\/i><\/span><span lang=\"en-GB\">) to a debtor. These procedures in particular often require specialist legal expertise and experience.<\/span><\/p>\n<p><span lang=\"en-GB\">Please do not hesitate to contact us in case of a crisis. We will support you in protecting or regaining the values you have acquired.<\/span><\/p>\n<p>&nbsp;<\/p>\n<\/div>\n<\/div>\n","protected":false},"excerpt":{"rendered":"","protected":false},"author":3,"featured_media":0,"parent":0,"menu_order":12,"comment_status":"closed","ping_status":"closed","template":"","meta":{"_acf_changed":false,"inline_featured_image":false,"footnotes":""},"tags":[1020,1023,1024,1048,1056,1054,1055,1057,1058,1063,1069,1050,1026,1027,1051,398,1031,1033,1059,1036,1047,1046,1037,1049,1065,1064,1061,1038,1062,1045,1052,1040,1066,1067,1060,1053,1042,1068,648],"class_list":["post-1469","page","type-page","status-publish","hentry","tag-absonderungsrechte-en","tag-anleihen-en","tag-aussonderungsrechte-en","tag-bonds","tag-creditor-protection","tag-creditors","tag-creditors-committees","tag-creditors-meeting","tag-creditors-representation-in-insolvency-proceedings","tag-damages","tag-denial-of-remaining-debt-discharge","tag-direct-investment","tag-direktinvestment-en","tag-fondsbeteiligungen-en","tag-fund-holdings","tag-glaeubigerausschuessen","tag-glaeubigerausschuessen-en","tag-glaeubigerversammlung-en","tag-indicators-of-a-crisis","tag-investor-en","tag-investor-protection","tag-investors","tag-ldung-von-forderungen-im-insolvenzverfahren-en","tag-lenders","tag-protection-for-assets","tag-protection-for-investments","tag-public-limited-partnership","tag-publikums-kg-en","tag-recovery-strategy","tag-rights-to-segregate-assets","tag-risk-of-total-loss","tag-schadenersatz-en","tag-security-rights-for-creditors","tag-security-strategy","tag-settlement-of-claims-in-insolvency-proceedings","tag-shareholders","tag-sicherungsrechte-fuer-glaeubiger-en","tag-strategically-optimised-approach","tag-versagen-der-restschuldbefreiung-en"],"acf":[],"yoast_head":"<!-- This site is optimized with the Yoast SEO plugin v27.4 - https:\/\/yoast.com\/product\/yoast-seo-wordpress\/ -->\n<title>Gl\u00e4ubigerschutz &amp; Anlegerschutz - Schutz f\u00fcr Investments und Verm\u00f6gen<\/title>\n<meta name=\"description\" content=\"Bef\u00fcrchten Sie, als Gesellschafter, Investor, Darlehensgeber oder mit Ihrer Kapitalanlage Verluste zu erleiden oder ist der Verlustfall schon eingetreten? Durch schnelles und entschlossenes Handeln helfe ich Ihnen einen \u00dcberblick \u00fcber die Situation zu gewinnen und entwickle f\u00fcr Sie auf Basis meiner langj\u00e4hrigen Erfahrung in der Krisenberatung eine optimale Sicherungs- oder R\u00fcckgewinnungsstrategie. Als Fachanwalt f\u00fcr Insolvenzrecht vertrete ich im Insolvenzverfahren und in der Krise sowohl Gl\u00e4ubiger als auch Anleger.\" \/>\n<meta name=\"robots\" content=\"index, follow, max-snippet:-1, max-image-preview:large, max-video-preview:-1\" \/>\n<link rel=\"canonical\" href=\"https:\/\/finkbeiner-kanzlei.de\/en\/investment-protection\/\" \/>\n<meta property=\"og:locale\" content=\"en_US\" \/>\n<meta property=\"og:type\" content=\"article\" \/>\n<meta property=\"og:title\" content=\"Gl\u00e4ubigerschutz &amp; Anlegerschutz - Schutz f\u00fcr Investments und Verm\u00f6gen\" \/>\n<meta property=\"og:description\" content=\"Bef\u00fcrchten Sie, als Gesellschafter, Investor, Darlehensgeber oder mit Ihrer Kapitalanlage Verluste zu erleiden oder ist der Verlustfall schon eingetreten? Durch schnelles und entschlossenes Handeln helfe ich Ihnen einen \u00dcberblick \u00fcber die Situation zu gewinnen und entwickle f\u00fcr Sie auf Basis meiner langj\u00e4hrigen Erfahrung in der Krisenberatung eine optimale Sicherungs- oder R\u00fcckgewinnungsstrategie. Als Fachanwalt f\u00fcr Insolvenzrecht vertrete ich im Insolvenzverfahren und in der Krise sowohl Gl\u00e4ubiger als auch Anleger.\" \/>\n<meta property=\"og:url\" content=\"https:\/\/finkbeiner-kanzlei.de\/en\/investment-protection\/\" \/>\n<meta property=\"og:site_name\" content=\"Finkbeiner Kanzlei\" \/>\n<meta property=\"article:modified_time\" content=\"2020-04-30T14:54:22+00:00\" \/>\n<meta property=\"og:image\" content=\"https:\/\/finkbeiner-kanzlei.de\/wp-content\/uploads\/2019\/04\/anlegerschutz.jpg\" \/>\n<meta name=\"twitter:card\" content=\"summary_large_image\" \/>\n<meta name=\"twitter:label1\" content=\"Est. reading time\" \/>\n\t<meta name=\"twitter:data1\" content=\"2 minutes\" \/>\n<script type=\"application\/ld+json\" class=\"yoast-schema-graph\">{\"@context\":\"https:\\\/\\\/schema.org\",\"@graph\":[{\"@type\":\"WebPage\",\"@id\":\"https:\\\/\\\/finkbeiner-kanzlei.de\\\/en\\\/investment-protection\\\/\",\"url\":\"https:\\\/\\\/finkbeiner-kanzlei.de\\\/en\\\/investment-protection\\\/\",\"name\":\"Gl\u00e4ubigerschutz & Anlegerschutz - Schutz f\u00fcr Investments und Verm\u00f6gen\",\"isPartOf\":{\"@id\":\"https:\\\/\\\/finkbeiner-kanzlei.de\\\/en\\\/#website\"},\"primaryImageOfPage\":{\"@id\":\"https:\\\/\\\/finkbeiner-kanzlei.de\\\/en\\\/investment-protection\\\/#primaryimage\"},\"image\":{\"@id\":\"https:\\\/\\\/finkbeiner-kanzlei.de\\\/en\\\/investment-protection\\\/#primaryimage\"},\"thumbnailUrl\":\"https:\\\/\\\/finkbeiner-kanzlei.de\\\/wp-content\\\/uploads\\\/2019\\\/04\\\/anlegerschutz.jpg\",\"datePublished\":\"2018-08-28T10:31:06+00:00\",\"dateModified\":\"2020-04-30T14:54:22+00:00\",\"description\":\"Bef\u00fcrchten Sie, als Gesellschafter, Investor, Darlehensgeber oder mit Ihrer Kapitalanlage Verluste zu erleiden oder ist der Verlustfall schon eingetreten? Durch schnelles und entschlossenes Handeln helfe ich Ihnen einen \u00dcberblick \u00fcber die Situation zu gewinnen und entwickle f\u00fcr Sie auf Basis meiner langj\u00e4hrigen Erfahrung in der Krisenberatung eine optimale Sicherungs- oder R\u00fcckgewinnungsstrategie. Als Fachanwalt f\u00fcr Insolvenzrecht vertrete ich im Insolvenzverfahren und in der Krise sowohl Gl\u00e4ubiger als auch Anleger.\",\"breadcrumb\":{\"@id\":\"https:\\\/\\\/finkbeiner-kanzlei.de\\\/en\\\/investment-protection\\\/#breadcrumb\"},\"inLanguage\":\"en-US\",\"potentialAction\":[{\"@type\":\"ReadAction\",\"target\":[\"https:\\\/\\\/finkbeiner-kanzlei.de\\\/en\\\/investment-protection\\\/\"]}]},{\"@type\":\"ImageObject\",\"inLanguage\":\"en-US\",\"@id\":\"https:\\\/\\\/finkbeiner-kanzlei.de\\\/en\\\/investment-protection\\\/#primaryimage\",\"url\":\"https:\\\/\\\/finkbeiner-kanzlei.de\\\/wp-content\\\/uploads\\\/2019\\\/04\\\/anlegerschutz.jpg\",\"contentUrl\":\"https:\\\/\\\/finkbeiner-kanzlei.de\\\/wp-content\\\/uploads\\\/2019\\\/04\\\/anlegerschutz.jpg\"},{\"@type\":\"BreadcrumbList\",\"@id\":\"https:\\\/\\\/finkbeiner-kanzlei.de\\\/en\\\/investment-protection\\\/#breadcrumb\",\"itemListElement\":[{\"@type\":\"ListItem\",\"position\":1,\"name\":\"Startseite\",\"item\":\"https:\\\/\\\/finkbeiner-kanzlei.de\\\/en\\\/\"},{\"@type\":\"ListItem\",\"position\":2,\"name\":\"Investment Protection\"}]},{\"@type\":\"WebSite\",\"@id\":\"https:\\\/\\\/finkbeiner-kanzlei.de\\\/en\\\/#website\",\"url\":\"https:\\\/\\\/finkbeiner-kanzlei.de\\\/en\\\/\",\"name\":\"Finkbeiner Kanzlei\",\"description\":\"Anwaltskanzlei f\u00fcr Wirtschaftsrecht, Insolvenzrecht und Prozessrecht\",\"publisher\":{\"@id\":\"https:\\\/\\\/finkbeiner-kanzlei.de\\\/en\\\/#\\\/schema\\\/person\\\/82fb4d962f5edb406c94928cf461bbde\"},\"potentialAction\":[{\"@type\":\"SearchAction\",\"target\":{\"@type\":\"EntryPoint\",\"urlTemplate\":\"https:\\\/\\\/finkbeiner-kanzlei.de\\\/en\\\/?s={search_term_string}\"},\"query-input\":{\"@type\":\"PropertyValueSpecification\",\"valueRequired\":true,\"valueName\":\"search_term_string\"}}],\"inLanguage\":\"en-US\"},{\"@type\":[\"Person\",\"Organization\"],\"@id\":\"https:\\\/\\\/finkbeiner-kanzlei.de\\\/en\\\/#\\\/schema\\\/person\\\/82fb4d962f5edb406c94928cf461bbde\",\"name\":\"Claudius Finkbeiner\",\"image\":{\"@type\":\"ImageObject\",\"inLanguage\":\"en-US\",\"@id\":\"https:\\\/\\\/finkbeiner-kanzlei.de\\\/wp-content\\\/uploads\\\/2017\\\/12\\\/5C66DF9B-A999-44A1-969D-4233F47A5B77-96x96.jpg\",\"url\":\"https:\\\/\\\/finkbeiner-kanzlei.de\\\/wp-content\\\/uploads\\\/2017\\\/12\\\/5C66DF9B-A999-44A1-969D-4233F47A5B77-96x96.jpg\",\"contentUrl\":\"https:\\\/\\\/finkbeiner-kanzlei.de\\\/wp-content\\\/uploads\\\/2017\\\/12\\\/5C66DF9B-A999-44A1-969D-4233F47A5B77-96x96.jpg\",\"caption\":\"Claudius Finkbeiner\"},\"logo\":{\"@id\":\"https:\\\/\\\/finkbeiner-kanzlei.de\\\/wp-content\\\/uploads\\\/2017\\\/12\\\/5C66DF9B-A999-44A1-969D-4233F47A5B77-96x96.jpg\"},\"description\":\"Herr Finkbeiner ist seit dem Jahr 2009 als Rechtsanwalt t\u00e4tig. Sein Schwerpunkt liegt im wirtschaftsrechtlichen Bereich, insbesondere im Insolvenz-, Vertrags- und Gesellschaftsrecht sowie im Vergaberecht. Herr Finkbeiner ber\u00e4t und vertritt Unternehmen in der Krise, ebenso wie Gesch\u00e4ftsf\u00fchrer, Gl\u00e4ubiger und andere Beteiligte im Insolvenzverfahren und gegen Insolvenzverwalter. Herr Finkbeiner ist ein erfahrener Prozessanwalt im Wirtschaftsrecht und Verteidiger in Wirtschaftsstrafsachen.\",\"sameAs\":[\"https:\\\/\\\/www.anwalt-finkbeiner.de\"]}]}<\/script>\n<!-- \/ Yoast SEO plugin. -->","yoast_head_json":{"title":"Gl\u00e4ubigerschutz & Anlegerschutz - Schutz f\u00fcr Investments und Verm\u00f6gen","description":"Bef\u00fcrchten Sie, als Gesellschafter, Investor, Darlehensgeber oder mit Ihrer Kapitalanlage Verluste zu erleiden oder ist der Verlustfall schon eingetreten? Durch schnelles und entschlossenes Handeln helfe ich Ihnen einen \u00dcberblick \u00fcber die Situation zu gewinnen und entwickle f\u00fcr Sie auf Basis meiner langj\u00e4hrigen Erfahrung in der Krisenberatung eine optimale Sicherungs- oder R\u00fcckgewinnungsstrategie. Als Fachanwalt f\u00fcr Insolvenzrecht vertrete ich im Insolvenzverfahren und in der Krise sowohl Gl\u00e4ubiger als auch Anleger.","robots":{"index":"index","follow":"follow","max-snippet":"max-snippet:-1","max-image-preview":"max-image-preview:large","max-video-preview":"max-video-preview:-1"},"canonical":"https:\/\/finkbeiner-kanzlei.de\/en\/investment-protection\/","og_locale":"en_US","og_type":"article","og_title":"Gl\u00e4ubigerschutz & Anlegerschutz - Schutz f\u00fcr Investments und Verm\u00f6gen","og_description":"Bef\u00fcrchten Sie, als Gesellschafter, Investor, Darlehensgeber oder mit Ihrer Kapitalanlage Verluste zu erleiden oder ist der Verlustfall schon eingetreten? Durch schnelles und entschlossenes Handeln helfe ich Ihnen einen \u00dcberblick \u00fcber die Situation zu gewinnen und entwickle f\u00fcr Sie auf Basis meiner langj\u00e4hrigen Erfahrung in der Krisenberatung eine optimale Sicherungs- oder R\u00fcckgewinnungsstrategie. Als Fachanwalt f\u00fcr Insolvenzrecht vertrete ich im Insolvenzverfahren und in der Krise sowohl Gl\u00e4ubiger als auch Anleger.","og_url":"https:\/\/finkbeiner-kanzlei.de\/en\/investment-protection\/","og_site_name":"Finkbeiner Kanzlei","article_modified_time":"2020-04-30T14:54:22+00:00","og_image":[{"url":"https:\/\/finkbeiner-kanzlei.de\/wp-content\/uploads\/2019\/04\/anlegerschutz.jpg","type":"","width":"","height":""}],"twitter_card":"summary_large_image","twitter_misc":{"Est. reading time":"2 minutes"},"schema":{"@context":"https:\/\/schema.org","@graph":[{"@type":"WebPage","@id":"https:\/\/finkbeiner-kanzlei.de\/en\/investment-protection\/","url":"https:\/\/finkbeiner-kanzlei.de\/en\/investment-protection\/","name":"Gl\u00e4ubigerschutz & Anlegerschutz - Schutz f\u00fcr Investments und Verm\u00f6gen","isPartOf":{"@id":"https:\/\/finkbeiner-kanzlei.de\/en\/#website"},"primaryImageOfPage":{"@id":"https:\/\/finkbeiner-kanzlei.de\/en\/investment-protection\/#primaryimage"},"image":{"@id":"https:\/\/finkbeiner-kanzlei.de\/en\/investment-protection\/#primaryimage"},"thumbnailUrl":"https:\/\/finkbeiner-kanzlei.de\/wp-content\/uploads\/2019\/04\/anlegerschutz.jpg","datePublished":"2018-08-28T10:31:06+00:00","dateModified":"2020-04-30T14:54:22+00:00","description":"Bef\u00fcrchten Sie, als Gesellschafter, Investor, Darlehensgeber oder mit Ihrer Kapitalanlage Verluste zu erleiden oder ist der Verlustfall schon eingetreten? Durch schnelles und entschlossenes Handeln helfe ich Ihnen einen \u00dcberblick \u00fcber die Situation zu gewinnen und entwickle f\u00fcr Sie auf Basis meiner langj\u00e4hrigen Erfahrung in der Krisenberatung eine optimale Sicherungs- oder R\u00fcckgewinnungsstrategie. Als Fachanwalt f\u00fcr Insolvenzrecht vertrete ich im Insolvenzverfahren und in der Krise sowohl Gl\u00e4ubiger als auch Anleger.","breadcrumb":{"@id":"https:\/\/finkbeiner-kanzlei.de\/en\/investment-protection\/#breadcrumb"},"inLanguage":"en-US","potentialAction":[{"@type":"ReadAction","target":["https:\/\/finkbeiner-kanzlei.de\/en\/investment-protection\/"]}]},{"@type":"ImageObject","inLanguage":"en-US","@id":"https:\/\/finkbeiner-kanzlei.de\/en\/investment-protection\/#primaryimage","url":"https:\/\/finkbeiner-kanzlei.de\/wp-content\/uploads\/2019\/04\/anlegerschutz.jpg","contentUrl":"https:\/\/finkbeiner-kanzlei.de\/wp-content\/uploads\/2019\/04\/anlegerschutz.jpg"},{"@type":"BreadcrumbList","@id":"https:\/\/finkbeiner-kanzlei.de\/en\/investment-protection\/#breadcrumb","itemListElement":[{"@type":"ListItem","position":1,"name":"Startseite","item":"https:\/\/finkbeiner-kanzlei.de\/en\/"},{"@type":"ListItem","position":2,"name":"Investment Protection"}]},{"@type":"WebSite","@id":"https:\/\/finkbeiner-kanzlei.de\/en\/#website","url":"https:\/\/finkbeiner-kanzlei.de\/en\/","name":"Finkbeiner Kanzlei","description":"Anwaltskanzlei f\u00fcr Wirtschaftsrecht, Insolvenzrecht und Prozessrecht","publisher":{"@id":"https:\/\/finkbeiner-kanzlei.de\/en\/#\/schema\/person\/82fb4d962f5edb406c94928cf461bbde"},"potentialAction":[{"@type":"SearchAction","target":{"@type":"EntryPoint","urlTemplate":"https:\/\/finkbeiner-kanzlei.de\/en\/?s={search_term_string}"},"query-input":{"@type":"PropertyValueSpecification","valueRequired":true,"valueName":"search_term_string"}}],"inLanguage":"en-US"},{"@type":["Person","Organization"],"@id":"https:\/\/finkbeiner-kanzlei.de\/en\/#\/schema\/person\/82fb4d962f5edb406c94928cf461bbde","name":"Claudius Finkbeiner","image":{"@type":"ImageObject","inLanguage":"en-US","@id":"https:\/\/finkbeiner-kanzlei.de\/wp-content\/uploads\/2017\/12\/5C66DF9B-A999-44A1-969D-4233F47A5B77-96x96.jpg","url":"https:\/\/finkbeiner-kanzlei.de\/wp-content\/uploads\/2017\/12\/5C66DF9B-A999-44A1-969D-4233F47A5B77-96x96.jpg","contentUrl":"https:\/\/finkbeiner-kanzlei.de\/wp-content\/uploads\/2017\/12\/5C66DF9B-A999-44A1-969D-4233F47A5B77-96x96.jpg","caption":"Claudius Finkbeiner"},"logo":{"@id":"https:\/\/finkbeiner-kanzlei.de\/wp-content\/uploads\/2017\/12\/5C66DF9B-A999-44A1-969D-4233F47A5B77-96x96.jpg"},"description":"Herr Finkbeiner ist seit dem Jahr 2009 als Rechtsanwalt t\u00e4tig. Sein Schwerpunkt liegt im wirtschaftsrechtlichen Bereich, insbesondere im Insolvenz-, Vertrags- und Gesellschaftsrecht sowie im Vergaberecht. Herr Finkbeiner ber\u00e4t und vertritt Unternehmen in der Krise, ebenso wie Gesch\u00e4ftsf\u00fchrer, Gl\u00e4ubiger und andere Beteiligte im Insolvenzverfahren und gegen Insolvenzverwalter. Herr Finkbeiner ist ein erfahrener Prozessanwalt im Wirtschaftsrecht und Verteidiger in Wirtschaftsstrafsachen.","sameAs":["https:\/\/www.anwalt-finkbeiner.de"]}]}},"_links":{"self":[{"href":"https:\/\/finkbeiner-kanzlei.de\/en\/wp-json\/wp\/v2\/pages\/1469","targetHints":{"allow":["GET"]}}],"collection":[{"href":"https:\/\/finkbeiner-kanzlei.de\/en\/wp-json\/wp\/v2\/pages"}],"about":[{"href":"https:\/\/finkbeiner-kanzlei.de\/en\/wp-json\/wp\/v2\/types\/page"}],"author":[{"embeddable":true,"href":"https:\/\/finkbeiner-kanzlei.de\/en\/wp-json\/wp\/v2\/users\/3"}],"replies":[{"embeddable":true,"href":"https:\/\/finkbeiner-kanzlei.de\/en\/wp-json\/wp\/v2\/comments?post=1469"}],"version-history":[{"count":2,"href":"https:\/\/finkbeiner-kanzlei.de\/en\/wp-json\/wp\/v2\/pages\/1469\/revisions"}],"predecessor-version":[{"id":1484,"href":"https:\/\/finkbeiner-kanzlei.de\/en\/wp-json\/wp\/v2\/pages\/1469\/revisions\/1484"}],"wp:attachment":[{"href":"https:\/\/finkbeiner-kanzlei.de\/en\/wp-json\/wp\/v2\/media?parent=1469"}],"wp:term":[{"taxonomy":"post_tag","embeddable":true,"href":"https:\/\/finkbeiner-kanzlei.de\/en\/wp-json\/wp\/v2\/tags?post=1469"}],"curies":[{"name":"wp","href":"https:\/\/api.w.org\/{rel}","templated":true}]}}