{"id":1784,"date":"2020-07-17T10:20:44","date_gmt":"2020-07-17T10:20:44","guid":{"rendered":"https:\/\/finkbeiner-kanzlei.de\/?page_id=1784"},"modified":"2020-07-17T10:22:31","modified_gmt":"2020-07-17T10:22:31","slug":"careers","status":"publish","type":"page","link":"https:\/\/finkbeiner-kanzlei.de\/en\/careers\/","title":{"rendered":"Careers"},"content":{"rendered":"\t\t<div data-elementor-type=\"wp-page\" data-elementor-id=\"1784\" class=\"elementor elementor-1784 elementor-1753\">\n\t\t\t\t\t\t<section class=\"elementor-section elementor-top-section elementor-element elementor-element-cc0efd7 elementor-section-boxed elementor-section-height-default elementor-section-height-default\" data-id=\"cc0efd7\" data-element_type=\"section\" data-e-type=\"section\">\n\t\t\t\t\t\t<div class=\"elementor-container elementor-column-gap-extended\">\n\t\t\t\t\t<div class=\"elementor-column elementor-col-100 elementor-top-column elementor-element elementor-element-9438fef\" data-id=\"9438fef\" data-element_type=\"column\" data-e-type=\"column\">\n\t\t\t<div class=\"elementor-widget-wrap elementor-element-populated\">\n\t\t\t\t\t\t<div class=\"elementor-element elementor-element-1ebc348 elementor-widget elementor-widget-heading\" data-id=\"1ebc348\" data-element_type=\"widget\" data-e-type=\"widget\" data-widget_type=\"heading.default\">\n\t\t\t\t<div class=\"elementor-widget-container\">\n\t\t\t\t\t<h2 class=\"elementor-heading-title elementor-size-default\">Careers<\/h2>\t\t\t\t<\/div>\n\t\t\t\t<\/div>\n\t\t\t\t\t<\/div>\n\t\t<\/div>\n\t\t\t\t\t<\/div>\n\t\t<\/section>\n\t\t\t\t<section class=\"elementor-section elementor-top-section elementor-element elementor-element-4a2691c8 elementor-section-boxed elementor-section-height-default elementor-section-height-default\" data-id=\"4a2691c8\" data-element_type=\"section\" data-e-type=\"section\">\n\t\t\t\t\t\t<div class=\"elementor-container elementor-column-gap-extended\">\n\t\t\t\t\t<div class=\"elementor-column elementor-col-50 elementor-top-column elementor-element elementor-element-f2813d4\" data-id=\"f2813d4\" data-element_type=\"column\" data-e-type=\"column\">\n\t\t\t<div class=\"elementor-widget-wrap elementor-element-populated\">\n\t\t\t\t\t\t<div class=\"elementor-element elementor-element-7868262e elementor-widget elementor-widget-text-editor\" data-id=\"7868262e\" data-element_type=\"widget\" data-e-type=\"widget\" data-widget_type=\"text-editor.default\">\n\t\t\t\t<div class=\"elementor-widget-container\">\n\t\t\t\t\t\t\t\t\t<p><span lang=\"en-US\">As a newly founded law firm, we are always open to interesting people who want to grow with us.<\/span><\/p><p><span lang=\"en-US\">We are always interested in unsolicited applications from paralegals (m\/f\/d) and colleagues (m\/f\/d). We offer a secure job in a real team. Since we have digitalised our entire office structure, we can work flexibly and mostly independent of time and place. Many of us have families and appreciate this possibility of free time management. These freedoms naturally require, in addition to the necessary professional qualifications, a high degree of communication skills, personal responsibility and initiative. You should definitely bring these prerequisites with you. Since we also provide consulting services in an international environment, we expressly welcome the confident use of the English language, both spoken and written.<\/span><\/p>\t\t\t\t\t\t\t\t<\/div>\n\t\t\t\t<\/div>\n\t\t\t\t\t<\/div>\n\t\t<\/div>\n\t\t\t\t<div class=\"elementor-column elementor-col-50 elementor-top-column elementor-element elementor-element-392fcc8\" data-id=\"392fcc8\" data-element_type=\"column\" data-e-type=\"column\">\n\t\t\t<div class=\"elementor-widget-wrap elementor-element-populated\">\n\t\t\t\t\t\t<div class=\"elementor-element elementor-element-d2cd5e9 elementor-widget elementor-widget-text-editor\" data-id=\"d2cd5e9\" data-element_type=\"widget\" data-e-type=\"widget\" data-widget_type=\"text-editor.default\">\n\t\t\t\t<div class=\"elementor-widget-container\">\n\t\t\t\t\t\t\t\t\t<p><span lang=\"en-US\">Furthermore, we are always open to receive applications from trainee lawyers (m\/f\/d) and research assistants (m\/f\/d) who are enthusiastic about commercial insolvency and procedural law. In this case, you can become part of our team during your studies, parallel to your doctoral project or during your legal clerkship. We offer you an appropriate remuneration for your work and a very personal training. In addition to case handling and drafting of pleadings, we will also take you to client meetings and court and trial hearings. This will give you a realistic insight into the work of a lawyer and the work processes in a medium-sized commercial law firm.<\/span><\/p><p><span lang=\"en-US\">We see a trainee lawyer, whom we train, as a future colleague. If you have the appropriate professional and personal aptitude, we will be pleased to accept you into our team.<\/span><\/p><p><span lang=\"en-US\">Please send application documents to RA Alexander Druckenbrodt (<\/span><span style=\"color: #0563c1;\"><u><a href=\"mailto:druckenbrodt@finkbeiner-kanzlei.de\"><span lang=\"en-US\">druckenbrodt@finkbeiner-kanzlei.de<\/span><\/a><\/u><\/span><span lang=\"en-US\">)<\/span><\/p>\t\t\t\t\t\t\t\t<\/div>\n\t\t\t\t<\/div>\n\t\t\t\t\t<\/div>\n\t\t<\/div>\n\t\t\t\t\t<\/div>\n\t\t<\/section>\n\t\t\t\t<\/div>\n\t\t","protected":false},"excerpt":{"rendered":"<p>Careers As a newly founded law firm, we are always open to interesting people who want to grow with us. We are always interested in unsolicited applications from paralegals (m\/f\/d) and colleagues (m\/f\/d). We offer a secure job in a real team. Since we have digitalised our entire office structure, we can work flexibly and&#8230;<\/p>\n","protected":false},"author":2,"featured_media":3586,"parent":0,"menu_order":0,"comment_status":"closed","ping_status":"closed","template":"page-elementor.php","meta":{"_acf_changed":false,"inline_featured_image":false,"footnotes":""},"tags":[],"class_list":["post-1784","page","type-page","status-publish","has-post-thumbnail","hentry"],"acf":[],"yoast_head":"<!-- This site is optimized with the Yoast SEO plugin v27.5 - https:\/\/yoast.com\/product\/yoast-seo-wordpress\/ -->\n<title>Careers - Finkbeiner Kanzlei<\/title>\n<meta name=\"robots\" content=\"index, follow, max-snippet:-1, max-image-preview:large, max-video-preview:-1\" \/>\n<link rel=\"canonical\" href=\"https:\/\/finkbeiner-kanzlei.de\/en\/careers\/\" \/>\n<meta property=\"og:locale\" content=\"en_US\" \/>\n<meta property=\"og:type\" content=\"article\" \/>\n<meta property=\"og:title\" content=\"Careers - Finkbeiner Kanzlei\" \/>\n<meta property=\"og:description\" content=\"Careers As a newly founded law firm, we are always open to interesting people who want to grow with us. We are always interested in unsolicited applications from paralegals (m\/f\/d) and colleagues (m\/f\/d). We offer a secure job in a real team. Since we have digitalised our entire office structure, we can work flexibly and...\" \/>\n<meta property=\"og:url\" content=\"https:\/\/finkbeiner-kanzlei.de\/en\/careers\/\" \/>\n<meta property=\"og:site_name\" content=\"Finkbeiner Kanzlei\" \/>\n<meta property=\"article:modified_time\" content=\"2020-07-17T10:22:31+00:00\" \/>\n<meta property=\"og:image\" content=\"https:\/\/finkbeiner-kanzlei.de\/wp-content\/uploads\/2023\/08\/L1220151.jpg\" \/>\n\t<meta property=\"og:image:width\" content=\"1920\" \/>\n\t<meta property=\"og:image:height\" content=\"900\" \/>\n\t<meta property=\"og:image:type\" content=\"image\/jpeg\" \/>\n<meta name=\"twitter:card\" content=\"summary_large_image\" \/>\n<meta name=\"twitter:label1\" content=\"Est. reading time\" \/>\n\t<meta name=\"twitter:data1\" content=\"1 minute\" \/>\n<script type=\"application\/ld+json\" class=\"yoast-schema-graph\">{\"@context\":\"https:\\\/\\\/schema.org\",\"@graph\":[{\"@type\":\"WebPage\",\"@id\":\"https:\\\/\\\/finkbeiner-kanzlei.de\\\/en\\\/careers\\\/\",\"url\":\"https:\\\/\\\/finkbeiner-kanzlei.de\\\/en\\\/careers\\\/\",\"name\":\"Careers - Finkbeiner Kanzlei\",\"isPartOf\":{\"@id\":\"https:\\\/\\\/finkbeiner-kanzlei.de\\\/en\\\/#website\"},\"primaryImageOfPage\":{\"@id\":\"https:\\\/\\\/finkbeiner-kanzlei.de\\\/en\\\/careers\\\/#primaryimage\"},\"image\":{\"@id\":\"https:\\\/\\\/finkbeiner-kanzlei.de\\\/en\\\/careers\\\/#primaryimage\"},\"thumbnailUrl\":\"https:\\\/\\\/finkbeiner-kanzlei.de\\\/wp-content\\\/uploads\\\/2023\\\/08\\\/L1220151.jpg\",\"datePublished\":\"2020-07-17T10:20:44+00:00\",\"dateModified\":\"2020-07-17T10:22:31+00:00\",\"breadcrumb\":{\"@id\":\"https:\\\/\\\/finkbeiner-kanzlei.de\\\/en\\\/careers\\\/#breadcrumb\"},\"inLanguage\":\"en-US\",\"potentialAction\":[{\"@type\":\"ReadAction\",\"target\":[\"https:\\\/\\\/finkbeiner-kanzlei.de\\\/en\\\/careers\\\/\"]}]},{\"@type\":\"ImageObject\",\"inLanguage\":\"en-US\",\"@id\":\"https:\\\/\\\/finkbeiner-kanzlei.de\\\/en\\\/careers\\\/#primaryimage\",\"url\":\"https:\\\/\\\/finkbeiner-kanzlei.de\\\/wp-content\\\/uploads\\\/2023\\\/08\\\/L1220151.jpg\",\"contentUrl\":\"https:\\\/\\\/finkbeiner-kanzlei.de\\\/wp-content\\\/uploads\\\/2023\\\/08\\\/L1220151.jpg\",\"width\":1920,\"height\":900},{\"@type\":\"BreadcrumbList\",\"@id\":\"https:\\\/\\\/finkbeiner-kanzlei.de\\\/en\\\/careers\\\/#breadcrumb\",\"itemListElement\":[{\"@type\":\"ListItem\",\"position\":1,\"name\":\"Startseite\",\"item\":\"https:\\\/\\\/finkbeiner-kanzlei.de\\\/en\\\/\"},{\"@type\":\"ListItem\",\"position\":2,\"name\":\"Careers\"}]},{\"@type\":\"WebSite\",\"@id\":\"https:\\\/\\\/finkbeiner-kanzlei.de\\\/en\\\/#website\",\"url\":\"https:\\\/\\\/finkbeiner-kanzlei.de\\\/en\\\/\",\"name\":\"Finkbeiner Kanzlei\",\"description\":\"Anwaltskanzlei f\u00fcr Wirtschaftsrecht, Insolvenzrecht und Prozessrecht\",\"publisher\":{\"@id\":\"https:\\\/\\\/finkbeiner-kanzlei.de\\\/en\\\/#\\\/schema\\\/person\\\/82fb4d962f5edb406c94928cf461bbde\"},\"potentialAction\":[{\"@type\":\"SearchAction\",\"target\":{\"@type\":\"EntryPoint\",\"urlTemplate\":\"https:\\\/\\\/finkbeiner-kanzlei.de\\\/en\\\/?s={search_term_string}\"},\"query-input\":{\"@type\":\"PropertyValueSpecification\",\"valueRequired\":true,\"valueName\":\"search_term_string\"}}],\"inLanguage\":\"en-US\"},{\"@type\":[\"Person\",\"Organization\"],\"@id\":\"https:\\\/\\\/finkbeiner-kanzlei.de\\\/en\\\/#\\\/schema\\\/person\\\/82fb4d962f5edb406c94928cf461bbde\",\"name\":\"Claudius Finkbeiner\",\"image\":{\"@type\":\"ImageObject\",\"inLanguage\":\"en-US\",\"@id\":\"https:\\\/\\\/finkbeiner-kanzlei.de\\\/wp-content\\\/uploads\\\/2017\\\/12\\\/5C66DF9B-A999-44A1-969D-4233F47A5B77-96x96.jpg\",\"url\":\"https:\\\/\\\/finkbeiner-kanzlei.de\\\/wp-content\\\/uploads\\\/2017\\\/12\\\/5C66DF9B-A999-44A1-969D-4233F47A5B77-96x96.jpg\",\"contentUrl\":\"https:\\\/\\\/finkbeiner-kanzlei.de\\\/wp-content\\\/uploads\\\/2017\\\/12\\\/5C66DF9B-A999-44A1-969D-4233F47A5B77-96x96.jpg\",\"caption\":\"Claudius Finkbeiner\"},\"logo\":{\"@id\":\"https:\\\/\\\/finkbeiner-kanzlei.de\\\/wp-content\\\/uploads\\\/2017\\\/12\\\/5C66DF9B-A999-44A1-969D-4233F47A5B77-96x96.jpg\"},\"description\":\"Herr Finkbeiner ist seit dem Jahr 2009 als Rechtsanwalt t\u00e4tig. Sein Schwerpunkt liegt im wirtschaftsrechtlichen Bereich, insbesondere im Insolvenz-, Vertrags- und Gesellschaftsrecht sowie im Vergaberecht. Herr Finkbeiner ber\u00e4t und vertritt Unternehmen in der Krise, ebenso wie Gesch\u00e4ftsf\u00fchrer, Gl\u00e4ubiger und andere Beteiligte im Insolvenzverfahren und gegen Insolvenzverwalter. Herr Finkbeiner ist ein erfahrener Prozessanwalt im Wirtschaftsrecht und Verteidiger in Wirtschaftsstrafsachen.\",\"sameAs\":[\"https:\\\/\\\/www.anwalt-finkbeiner.de\"]}]}<\/script>\n<!-- \/ Yoast SEO plugin. -->","yoast_head_json":{"title":"Careers - Finkbeiner Kanzlei","robots":{"index":"index","follow":"follow","max-snippet":"max-snippet:-1","max-image-preview":"max-image-preview:large","max-video-preview":"max-video-preview:-1"},"canonical":"https:\/\/finkbeiner-kanzlei.de\/en\/careers\/","og_locale":"en_US","og_type":"article","og_title":"Careers - Finkbeiner Kanzlei","og_description":"Careers As a newly founded law firm, we are always open to interesting people who want to grow with us. We are always interested in unsolicited applications from paralegals (m\/f\/d) and colleagues (m\/f\/d). We offer a secure job in a real team. Since we have digitalised our entire office structure, we can work flexibly and...","og_url":"https:\/\/finkbeiner-kanzlei.de\/en\/careers\/","og_site_name":"Finkbeiner Kanzlei","article_modified_time":"2020-07-17T10:22:31+00:00","og_image":[{"width":1920,"height":900,"url":"https:\/\/finkbeiner-kanzlei.de\/wp-content\/uploads\/2023\/08\/L1220151.jpg","type":"image\/jpeg"}],"twitter_card":"summary_large_image","twitter_misc":{"Est. reading time":"1 minute"},"schema":{"@context":"https:\/\/schema.org","@graph":[{"@type":"WebPage","@id":"https:\/\/finkbeiner-kanzlei.de\/en\/careers\/","url":"https:\/\/finkbeiner-kanzlei.de\/en\/careers\/","name":"Careers - Finkbeiner Kanzlei","isPartOf":{"@id":"https:\/\/finkbeiner-kanzlei.de\/en\/#website"},"primaryImageOfPage":{"@id":"https:\/\/finkbeiner-kanzlei.de\/en\/careers\/#primaryimage"},"image":{"@id":"https:\/\/finkbeiner-kanzlei.de\/en\/careers\/#primaryimage"},"thumbnailUrl":"https:\/\/finkbeiner-kanzlei.de\/wp-content\/uploads\/2023\/08\/L1220151.jpg","datePublished":"2020-07-17T10:20:44+00:00","dateModified":"2020-07-17T10:22:31+00:00","breadcrumb":{"@id":"https:\/\/finkbeiner-kanzlei.de\/en\/careers\/#breadcrumb"},"inLanguage":"en-US","potentialAction":[{"@type":"ReadAction","target":["https:\/\/finkbeiner-kanzlei.de\/en\/careers\/"]}]},{"@type":"ImageObject","inLanguage":"en-US","@id":"https:\/\/finkbeiner-kanzlei.de\/en\/careers\/#primaryimage","url":"https:\/\/finkbeiner-kanzlei.de\/wp-content\/uploads\/2023\/08\/L1220151.jpg","contentUrl":"https:\/\/finkbeiner-kanzlei.de\/wp-content\/uploads\/2023\/08\/L1220151.jpg","width":1920,"height":900},{"@type":"BreadcrumbList","@id":"https:\/\/finkbeiner-kanzlei.de\/en\/careers\/#breadcrumb","itemListElement":[{"@type":"ListItem","position":1,"name":"Startseite","item":"https:\/\/finkbeiner-kanzlei.de\/en\/"},{"@type":"ListItem","position":2,"name":"Careers"}]},{"@type":"WebSite","@id":"https:\/\/finkbeiner-kanzlei.de\/en\/#website","url":"https:\/\/finkbeiner-kanzlei.de\/en\/","name":"Finkbeiner Kanzlei","description":"Anwaltskanzlei f\u00fcr Wirtschaftsrecht, Insolvenzrecht und Prozessrecht","publisher":{"@id":"https:\/\/finkbeiner-kanzlei.de\/en\/#\/schema\/person\/82fb4d962f5edb406c94928cf461bbde"},"potentialAction":[{"@type":"SearchAction","target":{"@type":"EntryPoint","urlTemplate":"https:\/\/finkbeiner-kanzlei.de\/en\/?s={search_term_string}"},"query-input":{"@type":"PropertyValueSpecification","valueRequired":true,"valueName":"search_term_string"}}],"inLanguage":"en-US"},{"@type":["Person","Organization"],"@id":"https:\/\/finkbeiner-kanzlei.de\/en\/#\/schema\/person\/82fb4d962f5edb406c94928cf461bbde","name":"Claudius Finkbeiner","image":{"@type":"ImageObject","inLanguage":"en-US","@id":"https:\/\/finkbeiner-kanzlei.de\/wp-content\/uploads\/2017\/12\/5C66DF9B-A999-44A1-969D-4233F47A5B77-96x96.jpg","url":"https:\/\/finkbeiner-kanzlei.de\/wp-content\/uploads\/2017\/12\/5C66DF9B-A999-44A1-969D-4233F47A5B77-96x96.jpg","contentUrl":"https:\/\/finkbeiner-kanzlei.de\/wp-content\/uploads\/2017\/12\/5C66DF9B-A999-44A1-969D-4233F47A5B77-96x96.jpg","caption":"Claudius Finkbeiner"},"logo":{"@id":"https:\/\/finkbeiner-kanzlei.de\/wp-content\/uploads\/2017\/12\/5C66DF9B-A999-44A1-969D-4233F47A5B77-96x96.jpg"},"description":"Herr Finkbeiner ist seit dem Jahr 2009 als Rechtsanwalt t\u00e4tig. Sein Schwerpunkt liegt im wirtschaftsrechtlichen Bereich, insbesondere im Insolvenz-, Vertrags- und Gesellschaftsrecht sowie im Vergaberecht. Herr Finkbeiner ber\u00e4t und vertritt Unternehmen in der Krise, ebenso wie Gesch\u00e4ftsf\u00fchrer, Gl\u00e4ubiger und andere Beteiligte im Insolvenzverfahren und gegen Insolvenzverwalter. Herr Finkbeiner ist ein erfahrener Prozessanwalt im Wirtschaftsrecht und Verteidiger in Wirtschaftsstrafsachen.","sameAs":["https:\/\/www.anwalt-finkbeiner.de"]}]}},"_links":{"self":[{"href":"https:\/\/finkbeiner-kanzlei.de\/en\/wp-json\/wp\/v2\/pages\/1784","targetHints":{"allow":["GET"]}}],"collection":[{"href":"https:\/\/finkbeiner-kanzlei.de\/en\/wp-json\/wp\/v2\/pages"}],"about":[{"href":"https:\/\/finkbeiner-kanzlei.de\/en\/wp-json\/wp\/v2\/types\/page"}],"author":[{"embeddable":true,"href":"https:\/\/finkbeiner-kanzlei.de\/en\/wp-json\/wp\/v2\/users\/2"}],"replies":[{"embeddable":true,"href":"https:\/\/finkbeiner-kanzlei.de\/en\/wp-json\/wp\/v2\/comments?post=1784"}],"version-history":[{"count":3,"href":"https:\/\/finkbeiner-kanzlei.de\/en\/wp-json\/wp\/v2\/pages\/1784\/revisions"}],"predecessor-version":[{"id":1787,"href":"https:\/\/finkbeiner-kanzlei.de\/en\/wp-json\/wp\/v2\/pages\/1784\/revisions\/1787"}],"wp:featuredmedia":[{"embeddable":true,"href":"https:\/\/finkbeiner-kanzlei.de\/en\/wp-json\/wp\/v2\/media\/3586"}],"wp:attachment":[{"href":"https:\/\/finkbeiner-kanzlei.de\/en\/wp-json\/wp\/v2\/media?parent=1784"}],"wp:term":[{"taxonomy":"post_tag","embeddable":true,"href":"https:\/\/finkbeiner-kanzlei.de\/en\/wp-json\/wp\/v2\/tags?post=1784"}],"curies":[{"name":"wp","href":"https:\/\/api.w.org\/{rel}","templated":true}]}}