{"id":2132,"date":"2021-06-08T08:00:15","date_gmt":"2021-06-08T08:00:15","guid":{"rendered":"https:\/\/finkbeiner-kanzlei.de\/?page_id=2132"},"modified":"2021-06-16T12:38:36","modified_gmt":"2021-06-16T12:38:36","slug":"photovoltaics","status":"publish","type":"page","link":"https:\/\/finkbeiner-kanzlei.de\/en\/photovoltaics\/","title":{"rendered":"Photovoltaics"},"content":{"rendered":"<div class=\"row\">\n<div class=\"col-md-6\">\n<p><span lang=\"en-US\">In times of the <\/span><span lang=\"en-US\"><b>energy turnaround<\/b><\/span><span lang=\"en-US\"> and the responsible use of energy, many <\/span><span lang=\"en-US\"><b>companies<\/b><\/span><span lang=\"en-US\"> but also <\/span><span lang=\"en-US\"><b>private individuals<\/b><\/span><span lang=\"en-US\"> are considering the use of <\/span><span lang=\"en-US\"><b>photovoltaics<\/b><\/span><span lang=\"en-US\"> or other forms <\/span><span lang=\"en-US\"><b>of renewable energy<\/b><\/span><span lang=\"en-US\">.<\/span><\/p>\n<p><strong><span lang=\"en-US\">Planning and acquisition of a photovoltaic system<\/span><\/strong><\/p>\n<p><span lang=\"en-US\">The planning and acquisition of a photovoltaic system involves a lot of legal questions. When <\/span><span lang=\"en-US\"><b>installing a photovoltaic system<\/b><\/span><span lang=\"en-US\"> on a self-occupied home, <\/span><span lang=\"en-US\"><b>defects<\/b><\/span><span lang=\"en-US\"> can occur after installation both on the roof (<\/span><span lang=\"en-US\"><b>leakage after installation<\/b><\/span><span lang=\"en-US\">) and on the photovoltaic system itself. These often lead to <\/span><span lang=\"en-US\"><b>high follow-up costs<\/b><\/span><span lang=\"en-US\"> and to the question of who can be held liable for them. Based on our experience, we can help you to <\/span><span lang=\"en-US\"><b>protect yourself contractually against such risks<\/b><\/span><span lang=\"en-US\"> in advance. If you are confronted with such damages, <\/span><span lang=\"en-US\"><b>we will check possible claims and litigate them for you<\/b><\/span><span lang=\"en-US\">.<\/span><\/p>\n<p><span lang=\"en-US\">If the photovoltaic system is installed on the <\/span><span lang=\"en-US\"><b>roof of a house<\/b><\/span><span lang=\"en-US\"> that is <\/span><span lang=\"en-US\"><b>not owned by the system operator<\/b><\/span><span lang=\"en-US\">, it must be clarified in advance how the <\/span><span lang=\"en-US\"><b>use of the roof area<\/b><\/span><span lang=\"en-US\"> is contractually regulated and what <\/span><span lang=\"en-US\"><b>rights and obligations exist on the part of the system operator<\/b><\/span> <span lang=\"en-US\"><b>and the property owner<\/b><\/span><span lang=\"en-US\">. From the legal support of such projects, we know the <\/span><span lang=\"en-US\"><b>possible solutions for the various problem areas<\/b><\/span><span lang=\"en-US\"> and help you to find the right contractual solution for you.<\/span><\/p>\n<p><span lang=\"en-US\">We will draw up a <\/span><span lang=\"en-US\"><b>custom-fit utilization contract<\/b><\/span><span lang=\"en-US\"> for roof and open spaces for the operation of a photovoltaic system, either for the system operator or for the owner of the space used.<\/span><\/p>\n<p><img fetchpriority=\"high\" decoding=\"async\" class=\"alignnone size-full wp-image-1993\" src=\"https:\/\/finkbeiner-kanzlei.de\/wp-content\/uploads\/2021\/05\/visitenkarten-1.jpg\" alt=\"\" width=\"800\" height=\"500\" srcset=\"https:\/\/finkbeiner-kanzlei.de\/wp-content\/uploads\/2021\/05\/visitenkarten-1.jpg 800w, https:\/\/finkbeiner-kanzlei.de\/wp-content\/uploads\/2021\/05\/visitenkarten-1-600x375.jpg 600w, https:\/\/finkbeiner-kanzlei.de\/wp-content\/uploads\/2021\/05\/visitenkarten-1-300x188.jpg 300w, https:\/\/finkbeiner-kanzlei.de\/wp-content\/uploads\/2021\/05\/visitenkarten-1-768x480.jpg 768w\" sizes=\"(max-width: 800px) 100vw, 800px\" \/><\/p>\n<\/div>\n<div class=\"col-md-6\">\n<p><img decoding=\"async\" class=\"alignnone size-full wp-image-1978\" src=\"https:\/\/finkbeiner-kanzlei.de\/wp-content\/uploads\/2021\/05\/ra-team-content-5.jpg\" alt=\"\" width=\"800\" height=\"500\" srcset=\"https:\/\/finkbeiner-kanzlei.de\/wp-content\/uploads\/2021\/05\/ra-team-content-5.jpg 800w, https:\/\/finkbeiner-kanzlei.de\/wp-content\/uploads\/2021\/05\/ra-team-content-5-600x375.jpg 600w, https:\/\/finkbeiner-kanzlei.de\/wp-content\/uploads\/2021\/05\/ra-team-content-5-300x188.jpg 300w, https:\/\/finkbeiner-kanzlei.de\/wp-content\/uploads\/2021\/05\/ra-team-content-5-768x480.jpg 768w\" sizes=\"(max-width: 800px) 100vw, 800px\" \/><\/p>\n<p><strong><span lang=\"en-US\">Operation of a photovoltaic system<\/span><\/strong><\/p>\n<p><span lang=\"en-US\">The operation of a photovoltaic system also raises a <\/span><span lang=\"en-US\"><b>number of legal issues<\/b><\/span><span lang=\"en-US\">. Is your system not producing its <\/span><span lang=\"en-US\"><b>rated output<\/b><\/span><span lang=\"en-US\"> because it is <\/span><span lang=\"en-US\"><b>impaired by your neighbor&#8217;s buildings or parts of buildings<\/b><\/span><span lang=\"en-US\">, for example due to shading? Or are you as a <\/span><span lang=\"en-US\"><b>neighbor disturbed by the operation<\/b><\/span><span lang=\"en-US\"> of your neighbor&#8217;s photovoltaic system, <\/span><span lang=\"en-US\"><b>for example by glare<\/b><\/span><span lang=\"en-US\">? If so, we can advise you on <\/span><span lang=\"en-US\"><b>existing defense and injunction claims<\/b><\/span><span lang=\"en-US\"> and look forward to hearing from you.<\/span><\/p>\n<p><strong><span lang=\"en-US\">Insurance of a photovoltaic system<\/span><\/strong><\/p>\n<p><span lang=\"en-US\">For the plant operator, the acquisition and commissioning of a photovoltaic system also means that it must be <\/span><span lang=\"en-US\"><b>adequately insured<\/b><\/span><span lang=\"en-US\">. Often the question arises whether a <\/span><span lang=\"en-US\"><b>special property insurance for the plant<\/b><\/span><span lang=\"en-US\"> has to be concluded or whether an <\/span><span lang=\"en-US\"><b>extension of the existing building insurance<\/b><\/span><span lang=\"en-US\"> is sufficient. We provide you with <\/span><span lang=\"en-US\"><b>independent<\/b><\/span><span lang=\"en-US\"> and individual advice in this regard.<\/span><\/p>\n<p><span lang=\"en-US\">With our expertise in insurance law, we are also there for you if your <\/span><span lang=\"en-US\"><b>photovoltaic system<\/b><\/span><span lang=\"en-US\"> has suffered <\/span><span lang=\"en-US\"><b>elemental damage (hail damage, fire damage, storm damage)<\/b><\/span><span lang=\"en-US\"> and your insurance company refuses to settle the claim in whole or in part.<\/span><\/p>\n<\/div>\n<\/div>\n","protected":false},"excerpt":{"rendered":"","protected":false},"author":2,"featured_media":0,"parent":0,"menu_order":0,"comment_status":"closed","ping_status":"closed","template":"","meta":{"_acf_changed":false,"inline_featured_image":false,"footnotes":""},"tags":[1275,1288,1283,1287,1281,1278,1279,1276,1280,1292,1291,1290,1284,1286,1282,1285,1277,1289],"class_list":["post-2132","page","type-page","status-publish","hentry","tag-claims-in-case-of-shading","tag-compensation-photovoltaic","tag-contract-of-use-photovoltaic","tag-damage-settlement","tag-defects-in-photovoltaic-system","tag-elementary-damage","tag-fire-damage","tag-glare-caused-by-photovoltaic-system","tag-hail-damage","tag-insurance-law-expertise","tag-insurance-photovoltaic","tag-leakage-on-the-roof","tag-lease-contract-photovoltaic","tag-legal-advice-photovoltaic","tag-rental-contract-for-photovoltaic-system","tag-renting-photovoltaic-system","tag-renting-roof-area","tag-storm-damage"],"acf":[],"yoast_head":"<!-- This site is optimized with the Yoast SEO plugin v27.4 - https:\/\/yoast.com\/product\/yoast-seo-wordpress\/ -->\n<title>Photovoltaics - Finkbeiner Kanzlei<\/title>\n<meta name=\"robots\" content=\"index, follow, max-snippet:-1, max-image-preview:large, max-video-preview:-1\" \/>\n<link rel=\"canonical\" href=\"https:\/\/finkbeiner-kanzlei.de\/en\/photovoltaics\/\" \/>\n<meta property=\"og:locale\" content=\"en_US\" \/>\n<meta property=\"og:type\" content=\"article\" \/>\n<meta property=\"og:title\" content=\"Photovoltaics - Finkbeiner Kanzlei\" \/>\n<meta property=\"og:url\" content=\"https:\/\/finkbeiner-kanzlei.de\/en\/photovoltaics\/\" \/>\n<meta property=\"og:site_name\" content=\"Finkbeiner Kanzlei\" \/>\n<meta property=\"article:modified_time\" content=\"2021-06-16T12:38:36+00:00\" \/>\n<meta property=\"og:image\" content=\"https:\/\/finkbeiner-kanzlei.de\/wp-content\/uploads\/2021\/05\/visitenkarten-1.jpg\" \/>\n<meta name=\"twitter:card\" content=\"summary_large_image\" \/>\n<meta name=\"twitter:label1\" content=\"Est. reading time\" \/>\n\t<meta name=\"twitter:data1\" content=\"3 minutes\" \/>\n<script type=\"application\/ld+json\" class=\"yoast-schema-graph\">{\"@context\":\"https:\\\/\\\/schema.org\",\"@graph\":[{\"@type\":\"WebPage\",\"@id\":\"https:\\\/\\\/finkbeiner-kanzlei.de\\\/en\\\/photovoltaics\\\/\",\"url\":\"https:\\\/\\\/finkbeiner-kanzlei.de\\\/en\\\/photovoltaics\\\/\",\"name\":\"Photovoltaics - Finkbeiner Kanzlei\",\"isPartOf\":{\"@id\":\"https:\\\/\\\/finkbeiner-kanzlei.de\\\/en\\\/#website\"},\"primaryImageOfPage\":{\"@id\":\"https:\\\/\\\/finkbeiner-kanzlei.de\\\/en\\\/photovoltaics\\\/#primaryimage\"},\"image\":{\"@id\":\"https:\\\/\\\/finkbeiner-kanzlei.de\\\/en\\\/photovoltaics\\\/#primaryimage\"},\"thumbnailUrl\":\"https:\\\/\\\/finkbeiner-kanzlei.de\\\/wp-content\\\/uploads\\\/2021\\\/05\\\/visitenkarten-1.jpg\",\"datePublished\":\"2021-06-08T08:00:15+00:00\",\"dateModified\":\"2021-06-16T12:38:36+00:00\",\"breadcrumb\":{\"@id\":\"https:\\\/\\\/finkbeiner-kanzlei.de\\\/en\\\/photovoltaics\\\/#breadcrumb\"},\"inLanguage\":\"en-US\",\"potentialAction\":[{\"@type\":\"ReadAction\",\"target\":[\"https:\\\/\\\/finkbeiner-kanzlei.de\\\/en\\\/photovoltaics\\\/\"]}]},{\"@type\":\"ImageObject\",\"inLanguage\":\"en-US\",\"@id\":\"https:\\\/\\\/finkbeiner-kanzlei.de\\\/en\\\/photovoltaics\\\/#primaryimage\",\"url\":\"https:\\\/\\\/finkbeiner-kanzlei.de\\\/wp-content\\\/uploads\\\/2021\\\/05\\\/visitenkarten-1.jpg\",\"contentUrl\":\"https:\\\/\\\/finkbeiner-kanzlei.de\\\/wp-content\\\/uploads\\\/2021\\\/05\\\/visitenkarten-1.jpg\"},{\"@type\":\"BreadcrumbList\",\"@id\":\"https:\\\/\\\/finkbeiner-kanzlei.de\\\/en\\\/photovoltaics\\\/#breadcrumb\",\"itemListElement\":[{\"@type\":\"ListItem\",\"position\":1,\"name\":\"Startseite\",\"item\":\"https:\\\/\\\/finkbeiner-kanzlei.de\\\/en\\\/\"},{\"@type\":\"ListItem\",\"position\":2,\"name\":\"Photovoltaics\"}]},{\"@type\":\"WebSite\",\"@id\":\"https:\\\/\\\/finkbeiner-kanzlei.de\\\/en\\\/#website\",\"url\":\"https:\\\/\\\/finkbeiner-kanzlei.de\\\/en\\\/\",\"name\":\"Finkbeiner Kanzlei\",\"description\":\"Anwaltskanzlei f\u00fcr Wirtschaftsrecht, Insolvenzrecht und Prozessrecht\",\"publisher\":{\"@id\":\"https:\\\/\\\/finkbeiner-kanzlei.de\\\/en\\\/#\\\/schema\\\/person\\\/82fb4d962f5edb406c94928cf461bbde\"},\"potentialAction\":[{\"@type\":\"SearchAction\",\"target\":{\"@type\":\"EntryPoint\",\"urlTemplate\":\"https:\\\/\\\/finkbeiner-kanzlei.de\\\/en\\\/?s={search_term_string}\"},\"query-input\":{\"@type\":\"PropertyValueSpecification\",\"valueRequired\":true,\"valueName\":\"search_term_string\"}}],\"inLanguage\":\"en-US\"},{\"@type\":[\"Person\",\"Organization\"],\"@id\":\"https:\\\/\\\/finkbeiner-kanzlei.de\\\/en\\\/#\\\/schema\\\/person\\\/82fb4d962f5edb406c94928cf461bbde\",\"name\":\"Claudius Finkbeiner\",\"image\":{\"@type\":\"ImageObject\",\"inLanguage\":\"en-US\",\"@id\":\"https:\\\/\\\/finkbeiner-kanzlei.de\\\/wp-content\\\/uploads\\\/2017\\\/12\\\/5C66DF9B-A999-44A1-969D-4233F47A5B77-96x96.jpg\",\"url\":\"https:\\\/\\\/finkbeiner-kanzlei.de\\\/wp-content\\\/uploads\\\/2017\\\/12\\\/5C66DF9B-A999-44A1-969D-4233F47A5B77-96x96.jpg\",\"contentUrl\":\"https:\\\/\\\/finkbeiner-kanzlei.de\\\/wp-content\\\/uploads\\\/2017\\\/12\\\/5C66DF9B-A999-44A1-969D-4233F47A5B77-96x96.jpg\",\"caption\":\"Claudius Finkbeiner\"},\"logo\":{\"@id\":\"https:\\\/\\\/finkbeiner-kanzlei.de\\\/wp-content\\\/uploads\\\/2017\\\/12\\\/5C66DF9B-A999-44A1-969D-4233F47A5B77-96x96.jpg\"},\"description\":\"Herr Finkbeiner ist seit dem Jahr 2009 als Rechtsanwalt t\u00e4tig. Sein Schwerpunkt liegt im wirtschaftsrechtlichen Bereich, insbesondere im Insolvenz-, Vertrags- und Gesellschaftsrecht sowie im Vergaberecht. Herr Finkbeiner ber\u00e4t und vertritt Unternehmen in der Krise, ebenso wie Gesch\u00e4ftsf\u00fchrer, Gl\u00e4ubiger und andere Beteiligte im Insolvenzverfahren und gegen Insolvenzverwalter. Herr Finkbeiner ist ein erfahrener Prozessanwalt im Wirtschaftsrecht und Verteidiger in Wirtschaftsstrafsachen.\",\"sameAs\":[\"https:\\\/\\\/www.anwalt-finkbeiner.de\"]}]}<\/script>\n<!-- \/ Yoast SEO plugin. -->","yoast_head_json":{"title":"Photovoltaics - Finkbeiner Kanzlei","robots":{"index":"index","follow":"follow","max-snippet":"max-snippet:-1","max-image-preview":"max-image-preview:large","max-video-preview":"max-video-preview:-1"},"canonical":"https:\/\/finkbeiner-kanzlei.de\/en\/photovoltaics\/","og_locale":"en_US","og_type":"article","og_title":"Photovoltaics - Finkbeiner Kanzlei","og_url":"https:\/\/finkbeiner-kanzlei.de\/en\/photovoltaics\/","og_site_name":"Finkbeiner Kanzlei","article_modified_time":"2021-06-16T12:38:36+00:00","og_image":[{"url":"https:\/\/finkbeiner-kanzlei.de\/wp-content\/uploads\/2021\/05\/visitenkarten-1.jpg","type":"","width":"","height":""}],"twitter_card":"summary_large_image","twitter_misc":{"Est. reading time":"3 minutes"},"schema":{"@context":"https:\/\/schema.org","@graph":[{"@type":"WebPage","@id":"https:\/\/finkbeiner-kanzlei.de\/en\/photovoltaics\/","url":"https:\/\/finkbeiner-kanzlei.de\/en\/photovoltaics\/","name":"Photovoltaics - Finkbeiner Kanzlei","isPartOf":{"@id":"https:\/\/finkbeiner-kanzlei.de\/en\/#website"},"primaryImageOfPage":{"@id":"https:\/\/finkbeiner-kanzlei.de\/en\/photovoltaics\/#primaryimage"},"image":{"@id":"https:\/\/finkbeiner-kanzlei.de\/en\/photovoltaics\/#primaryimage"},"thumbnailUrl":"https:\/\/finkbeiner-kanzlei.de\/wp-content\/uploads\/2021\/05\/visitenkarten-1.jpg","datePublished":"2021-06-08T08:00:15+00:00","dateModified":"2021-06-16T12:38:36+00:00","breadcrumb":{"@id":"https:\/\/finkbeiner-kanzlei.de\/en\/photovoltaics\/#breadcrumb"},"inLanguage":"en-US","potentialAction":[{"@type":"ReadAction","target":["https:\/\/finkbeiner-kanzlei.de\/en\/photovoltaics\/"]}]},{"@type":"ImageObject","inLanguage":"en-US","@id":"https:\/\/finkbeiner-kanzlei.de\/en\/photovoltaics\/#primaryimage","url":"https:\/\/finkbeiner-kanzlei.de\/wp-content\/uploads\/2021\/05\/visitenkarten-1.jpg","contentUrl":"https:\/\/finkbeiner-kanzlei.de\/wp-content\/uploads\/2021\/05\/visitenkarten-1.jpg"},{"@type":"BreadcrumbList","@id":"https:\/\/finkbeiner-kanzlei.de\/en\/photovoltaics\/#breadcrumb","itemListElement":[{"@type":"ListItem","position":1,"name":"Startseite","item":"https:\/\/finkbeiner-kanzlei.de\/en\/"},{"@type":"ListItem","position":2,"name":"Photovoltaics"}]},{"@type":"WebSite","@id":"https:\/\/finkbeiner-kanzlei.de\/en\/#website","url":"https:\/\/finkbeiner-kanzlei.de\/en\/","name":"Finkbeiner Kanzlei","description":"Anwaltskanzlei f\u00fcr Wirtschaftsrecht, Insolvenzrecht und Prozessrecht","publisher":{"@id":"https:\/\/finkbeiner-kanzlei.de\/en\/#\/schema\/person\/82fb4d962f5edb406c94928cf461bbde"},"potentialAction":[{"@type":"SearchAction","target":{"@type":"EntryPoint","urlTemplate":"https:\/\/finkbeiner-kanzlei.de\/en\/?s={search_term_string}"},"query-input":{"@type":"PropertyValueSpecification","valueRequired":true,"valueName":"search_term_string"}}],"inLanguage":"en-US"},{"@type":["Person","Organization"],"@id":"https:\/\/finkbeiner-kanzlei.de\/en\/#\/schema\/person\/82fb4d962f5edb406c94928cf461bbde","name":"Claudius Finkbeiner","image":{"@type":"ImageObject","inLanguage":"en-US","@id":"https:\/\/finkbeiner-kanzlei.de\/wp-content\/uploads\/2017\/12\/5C66DF9B-A999-44A1-969D-4233F47A5B77-96x96.jpg","url":"https:\/\/finkbeiner-kanzlei.de\/wp-content\/uploads\/2017\/12\/5C66DF9B-A999-44A1-969D-4233F47A5B77-96x96.jpg","contentUrl":"https:\/\/finkbeiner-kanzlei.de\/wp-content\/uploads\/2017\/12\/5C66DF9B-A999-44A1-969D-4233F47A5B77-96x96.jpg","caption":"Claudius Finkbeiner"},"logo":{"@id":"https:\/\/finkbeiner-kanzlei.de\/wp-content\/uploads\/2017\/12\/5C66DF9B-A999-44A1-969D-4233F47A5B77-96x96.jpg"},"description":"Herr Finkbeiner ist seit dem Jahr 2009 als Rechtsanwalt t\u00e4tig. Sein Schwerpunkt liegt im wirtschaftsrechtlichen Bereich, insbesondere im Insolvenz-, Vertrags- und Gesellschaftsrecht sowie im Vergaberecht. Herr Finkbeiner ber\u00e4t und vertritt Unternehmen in der Krise, ebenso wie Gesch\u00e4ftsf\u00fchrer, Gl\u00e4ubiger und andere Beteiligte im Insolvenzverfahren und gegen Insolvenzverwalter. Herr Finkbeiner ist ein erfahrener Prozessanwalt im Wirtschaftsrecht und Verteidiger in Wirtschaftsstrafsachen.","sameAs":["https:\/\/www.anwalt-finkbeiner.de"]}]}},"_links":{"self":[{"href":"https:\/\/finkbeiner-kanzlei.de\/en\/wp-json\/wp\/v2\/pages\/2132","targetHints":{"allow":["GET"]}}],"collection":[{"href":"https:\/\/finkbeiner-kanzlei.de\/en\/wp-json\/wp\/v2\/pages"}],"about":[{"href":"https:\/\/finkbeiner-kanzlei.de\/en\/wp-json\/wp\/v2\/types\/page"}],"author":[{"embeddable":true,"href":"https:\/\/finkbeiner-kanzlei.de\/en\/wp-json\/wp\/v2\/users\/2"}],"replies":[{"embeddable":true,"href":"https:\/\/finkbeiner-kanzlei.de\/en\/wp-json\/wp\/v2\/comments?post=2132"}],"version-history":[{"count":2,"href":"https:\/\/finkbeiner-kanzlei.de\/en\/wp-json\/wp\/v2\/pages\/2132\/revisions"}],"predecessor-version":[{"id":2187,"href":"https:\/\/finkbeiner-kanzlei.de\/en\/wp-json\/wp\/v2\/pages\/2132\/revisions\/2187"}],"wp:attachment":[{"href":"https:\/\/finkbeiner-kanzlei.de\/en\/wp-json\/wp\/v2\/media?parent=2132"}],"wp:term":[{"taxonomy":"post_tag","embeddable":true,"href":"https:\/\/finkbeiner-kanzlei.de\/en\/wp-json\/wp\/v2\/tags?post=2132"}],"curies":[{"name":"wp","href":"https:\/\/api.w.org\/{rel}","templated":true}]}}