{"id":2134,"date":"2021-06-08T08:24:19","date_gmt":"2021-06-08T08:24:19","guid":{"rendered":"https:\/\/finkbeiner-kanzlei.de\/?page_id=2134"},"modified":"2021-06-08T08:27:59","modified_gmt":"2021-06-08T08:27:59","slug":"insurance-law","status":"publish","type":"page","link":"https:\/\/finkbeiner-kanzlei.de\/en\/insurance-law\/","title":{"rendered":"Insurance law"},"content":{"rendered":"<div class=\"row\">\n<div class=\"col-md-6\">\n<p><span lang=\"en-US\">Insurance policies are offered on the market for every conceivable risk. Even if you think you are on the safe side in the event of a claim, practice shows that <\/span><span lang=\"en-US\"><b>insurance companies often only partially settle the claim<\/b><\/span><span lang=\"en-US\"> or even <\/span><span lang=\"en-US\"><b>refuse to pay the insurance benefit<\/b><\/span><span lang=\"en-US\"> altogether. The reasons for an <\/span><span lang=\"en-US\"><b>insurer&#8217;s refusal to pay <\/b><\/span><span lang=\"en-US\">can be manifold. Starting with a <\/span><span lang=\"en-US\"><b>restrictive claims handling<\/b><\/span><span lang=\"en-US\"> at the insurer, up to a <\/span><span lang=\"en-US\"><b>tardily proceeding expert&#8217;s procedure<\/b><\/span><span lang=\"en-US\">, the spectrum of reasons for a refusal of performance or delayed performance of the insurer is large.<\/span><\/p>\n<p><span lang=\"en-US\">At the latest when your <\/span><span lang=\"en-US\"><b>insurance company<\/b><\/span> <span lang=\"en-US\"><b>refuses to settle your claim<\/b><\/span><span lang=\"en-US\">, it is <\/span><span lang=\"en-US\"><b>time to seek legal assistance<\/b><\/span><span lang=\"en-US\">. As experienced lawyers, we support you in the <\/span><span lang=\"en-US\"><b>enforcement of claims arising from insurance contracts<\/b><\/span><span lang=\"en-US\">. We competently represent your interests when differences arise between you and your insurer. From our many years of experience, we know how to counter the <\/span><span lang=\"en-US\"><b>frequent objections<\/b><\/span><span lang=\"en-US\"> of <\/span><span lang=\"en-US\"><b>underinsurance<\/b><\/span><span lang=\"en-US\">, for example, or a <\/span><span lang=\"en-US\"><b>breach of obligations<\/b><\/span><span lang=\"en-US\"> by the policyholder. We will support you in avoiding lengthy disputes or reductions in benefits by the insurer out of court in the best case. We will check for you whether the insurer&#8217;s objections would be accepted at all and whether they would stand up to <\/span><span lang=\"en-US\"><b>judicial review<\/b><\/span><span lang=\"en-US\">. However, <\/span><span lang=\"en-US\"><b>we do not shy away from legal disputes in order to prevent you, as the policyholder, from ending up in an economically threatening situation<\/b><\/span><span lang=\"en-US\">.<\/span><\/p>\n<p><span lang=\"en-US\">If you have an insurance claim and your insurance company refuses to pay in whole or in part without being able to understand the reasons for this, please do not hesitate to contact us.<\/span><\/p>\n<\/div>\n<div class=\"col-md-6\">\n<p><img fetchpriority=\"high\" decoding=\"async\" class=\"alignnone size-full wp-image-2035\" src=\"https:\/\/finkbeiner-kanzlei.de\/wp-content\/uploads\/2021\/05\/team-didzoneit.jpg\" alt=\"\" width=\"600\" height=\"800\" srcset=\"https:\/\/finkbeiner-kanzlei.de\/wp-content\/uploads\/2021\/05\/team-didzoneit.jpg 600w, https:\/\/finkbeiner-kanzlei.de\/wp-content\/uploads\/2021\/05\/team-didzoneit-225x300.jpg 225w\" sizes=\"(max-width: 600px) 100vw, 600px\" \/><\/p>\n<p><strong><span lang=\"en-US\">We offer the following services to our clients:<\/span><\/strong><\/p>\n<p><span lang=\"en-US\">Examination of liability claims against insurance brokers<br \/>\n<\/span><span lang=\"en-US\">Representation of insurance brokers in the defense of liability claims<br \/>\n<\/span><span lang=\"en-US\">Settlement of major claims<br \/>\n<\/span><span lang=\"en-US\">Examination of insurance contracts<\/span><\/p>\n<\/div>\n<\/div>\n","protected":false},"excerpt":{"rendered":"","protected":false},"author":2,"featured_media":2811,"parent":0,"menu_order":0,"comment_status":"closed","ping_status":"closed","template":"","meta":{"_acf_changed":false,"inline_featured_image":false,"footnotes":""},"tags":[1299,1302,1300,1301,1305,1298,1297,1306,1307,1308,1293,1294,1303,1309,1310,1304,1295,1296],"class_list":["post-2134","page","type-page","status-publish","has-post-thumbnail","hentry","tag-advice-and-representation-of-insurers","tag-advice-on-insurance-contracts","tag-advice-to-insurance-brokers","tag-advice-to-policyholders","tag-assessment-of-damage-after-fire","tag-assistance-in-expert-proceedings","tag-claims-from-building-insurance","tag-claims-management","tag-claims-settlement","tag-claims-settlement-for-policyholders","tag-defense-against-liability-claims","tag-defense-against-reduction-of-benefits","tag-indemnification-from-insurance-policies","tag-representation-against-insurance-brokers","tag-representation-of-policyholders","tag-review-of-insurance-contracts","tag-settlement-after-fire-damage","tag-settlement-of-major-damage"],"acf":[],"yoast_head":"<!-- This site is optimized with the Yoast SEO plugin v27.4 - https:\/\/yoast.com\/product\/yoast-seo-wordpress\/ -->\n<title>Insurance law - Finkbeiner Kanzlei<\/title>\n<meta name=\"robots\" content=\"index, follow, max-snippet:-1, max-image-preview:large, max-video-preview:-1\" \/>\n<link rel=\"canonical\" href=\"https:\/\/finkbeiner-kanzlei.de\/en\/insurance-law\/\" \/>\n<meta property=\"og:locale\" content=\"en_US\" \/>\n<meta property=\"og:type\" content=\"article\" \/>\n<meta property=\"og:title\" content=\"Insurance law - Finkbeiner Kanzlei\" \/>\n<meta property=\"og:url\" content=\"https:\/\/finkbeiner-kanzlei.de\/en\/insurance-law\/\" \/>\n<meta property=\"og:site_name\" content=\"Finkbeiner Kanzlei\" \/>\n<meta property=\"article:modified_time\" content=\"2021-06-08T08:27:59+00:00\" \/>\n<meta property=\"og:image\" content=\"https:\/\/finkbeiner-kanzlei.de\/wp-content\/uploads\/2022\/06\/5-druckenbrodt-didzoneit-finkbeiner.jpg\" \/>\n\t<meta property=\"og:image:width\" content=\"1920\" \/>\n\t<meta property=\"og:image:height\" content=\"900\" \/>\n\t<meta property=\"og:image:type\" content=\"image\/jpeg\" \/>\n<meta name=\"twitter:card\" content=\"summary_large_image\" \/>\n<meta name=\"twitter:label1\" content=\"Est. reading time\" \/>\n\t<meta name=\"twitter:data1\" content=\"2 minutes\" \/>\n<script type=\"application\/ld+json\" class=\"yoast-schema-graph\">{\"@context\":\"https:\\\/\\\/schema.org\",\"@graph\":[{\"@type\":\"WebPage\",\"@id\":\"https:\\\/\\\/finkbeiner-kanzlei.de\\\/en\\\/insurance-law\\\/\",\"url\":\"https:\\\/\\\/finkbeiner-kanzlei.de\\\/en\\\/insurance-law\\\/\",\"name\":\"Insurance law - Finkbeiner Kanzlei\",\"isPartOf\":{\"@id\":\"https:\\\/\\\/finkbeiner-kanzlei.de\\\/en\\\/#website\"},\"primaryImageOfPage\":{\"@id\":\"https:\\\/\\\/finkbeiner-kanzlei.de\\\/en\\\/insurance-law\\\/#primaryimage\"},\"image\":{\"@id\":\"https:\\\/\\\/finkbeiner-kanzlei.de\\\/en\\\/insurance-law\\\/#primaryimage\"},\"thumbnailUrl\":\"https:\\\/\\\/finkbeiner-kanzlei.de\\\/wp-content\\\/uploads\\\/2022\\\/06\\\/5-druckenbrodt-didzoneit-finkbeiner.jpg\",\"datePublished\":\"2021-06-08T08:24:19+00:00\",\"dateModified\":\"2021-06-08T08:27:59+00:00\",\"breadcrumb\":{\"@id\":\"https:\\\/\\\/finkbeiner-kanzlei.de\\\/en\\\/insurance-law\\\/#breadcrumb\"},\"inLanguage\":\"en-US\",\"potentialAction\":[{\"@type\":\"ReadAction\",\"target\":[\"https:\\\/\\\/finkbeiner-kanzlei.de\\\/en\\\/insurance-law\\\/\"]}]},{\"@type\":\"ImageObject\",\"inLanguage\":\"en-US\",\"@id\":\"https:\\\/\\\/finkbeiner-kanzlei.de\\\/en\\\/insurance-law\\\/#primaryimage\",\"url\":\"https:\\\/\\\/finkbeiner-kanzlei.de\\\/wp-content\\\/uploads\\\/2022\\\/06\\\/5-druckenbrodt-didzoneit-finkbeiner.jpg\",\"contentUrl\":\"https:\\\/\\\/finkbeiner-kanzlei.de\\\/wp-content\\\/uploads\\\/2022\\\/06\\\/5-druckenbrodt-didzoneit-finkbeiner.jpg\",\"width\":1920,\"height\":900},{\"@type\":\"BreadcrumbList\",\"@id\":\"https:\\\/\\\/finkbeiner-kanzlei.de\\\/en\\\/insurance-law\\\/#breadcrumb\",\"itemListElement\":[{\"@type\":\"ListItem\",\"position\":1,\"name\":\"Startseite\",\"item\":\"https:\\\/\\\/finkbeiner-kanzlei.de\\\/en\\\/\"},{\"@type\":\"ListItem\",\"position\":2,\"name\":\"Insurance law\"}]},{\"@type\":\"WebSite\",\"@id\":\"https:\\\/\\\/finkbeiner-kanzlei.de\\\/en\\\/#website\",\"url\":\"https:\\\/\\\/finkbeiner-kanzlei.de\\\/en\\\/\",\"name\":\"Finkbeiner Kanzlei\",\"description\":\"Anwaltskanzlei f\u00fcr Wirtschaftsrecht, Insolvenzrecht und Prozessrecht\",\"publisher\":{\"@id\":\"https:\\\/\\\/finkbeiner-kanzlei.de\\\/en\\\/#\\\/schema\\\/person\\\/82fb4d962f5edb406c94928cf461bbde\"},\"potentialAction\":[{\"@type\":\"SearchAction\",\"target\":{\"@type\":\"EntryPoint\",\"urlTemplate\":\"https:\\\/\\\/finkbeiner-kanzlei.de\\\/en\\\/?s={search_term_string}\"},\"query-input\":{\"@type\":\"PropertyValueSpecification\",\"valueRequired\":true,\"valueName\":\"search_term_string\"}}],\"inLanguage\":\"en-US\"},{\"@type\":[\"Person\",\"Organization\"],\"@id\":\"https:\\\/\\\/finkbeiner-kanzlei.de\\\/en\\\/#\\\/schema\\\/person\\\/82fb4d962f5edb406c94928cf461bbde\",\"name\":\"Claudius Finkbeiner\",\"image\":{\"@type\":\"ImageObject\",\"inLanguage\":\"en-US\",\"@id\":\"https:\\\/\\\/finkbeiner-kanzlei.de\\\/wp-content\\\/uploads\\\/2017\\\/12\\\/5C66DF9B-A999-44A1-969D-4233F47A5B77-96x96.jpg\",\"url\":\"https:\\\/\\\/finkbeiner-kanzlei.de\\\/wp-content\\\/uploads\\\/2017\\\/12\\\/5C66DF9B-A999-44A1-969D-4233F47A5B77-96x96.jpg\",\"contentUrl\":\"https:\\\/\\\/finkbeiner-kanzlei.de\\\/wp-content\\\/uploads\\\/2017\\\/12\\\/5C66DF9B-A999-44A1-969D-4233F47A5B77-96x96.jpg\",\"caption\":\"Claudius Finkbeiner\"},\"logo\":{\"@id\":\"https:\\\/\\\/finkbeiner-kanzlei.de\\\/wp-content\\\/uploads\\\/2017\\\/12\\\/5C66DF9B-A999-44A1-969D-4233F47A5B77-96x96.jpg\"},\"description\":\"Herr Finkbeiner ist seit dem Jahr 2009 als Rechtsanwalt t\u00e4tig. Sein Schwerpunkt liegt im wirtschaftsrechtlichen Bereich, insbesondere im Insolvenz-, Vertrags- und Gesellschaftsrecht sowie im Vergaberecht. Herr Finkbeiner ber\u00e4t und vertritt Unternehmen in der Krise, ebenso wie Gesch\u00e4ftsf\u00fchrer, Gl\u00e4ubiger und andere Beteiligte im Insolvenzverfahren und gegen Insolvenzverwalter. Herr Finkbeiner ist ein erfahrener Prozessanwalt im Wirtschaftsrecht und Verteidiger in Wirtschaftsstrafsachen.\",\"sameAs\":[\"https:\\\/\\\/www.anwalt-finkbeiner.de\"]}]}<\/script>\n<!-- \/ Yoast SEO plugin. -->","yoast_head_json":{"title":"Insurance law - Finkbeiner Kanzlei","robots":{"index":"index","follow":"follow","max-snippet":"max-snippet:-1","max-image-preview":"max-image-preview:large","max-video-preview":"max-video-preview:-1"},"canonical":"https:\/\/finkbeiner-kanzlei.de\/en\/insurance-law\/","og_locale":"en_US","og_type":"article","og_title":"Insurance law - Finkbeiner Kanzlei","og_url":"https:\/\/finkbeiner-kanzlei.de\/en\/insurance-law\/","og_site_name":"Finkbeiner Kanzlei","article_modified_time":"2021-06-08T08:27:59+00:00","og_image":[{"width":1920,"height":900,"url":"https:\/\/finkbeiner-kanzlei.de\/wp-content\/uploads\/2022\/06\/5-druckenbrodt-didzoneit-finkbeiner.jpg","type":"image\/jpeg"}],"twitter_card":"summary_large_image","twitter_misc":{"Est. reading time":"2 minutes"},"schema":{"@context":"https:\/\/schema.org","@graph":[{"@type":"WebPage","@id":"https:\/\/finkbeiner-kanzlei.de\/en\/insurance-law\/","url":"https:\/\/finkbeiner-kanzlei.de\/en\/insurance-law\/","name":"Insurance law - Finkbeiner Kanzlei","isPartOf":{"@id":"https:\/\/finkbeiner-kanzlei.de\/en\/#website"},"primaryImageOfPage":{"@id":"https:\/\/finkbeiner-kanzlei.de\/en\/insurance-law\/#primaryimage"},"image":{"@id":"https:\/\/finkbeiner-kanzlei.de\/en\/insurance-law\/#primaryimage"},"thumbnailUrl":"https:\/\/finkbeiner-kanzlei.de\/wp-content\/uploads\/2022\/06\/5-druckenbrodt-didzoneit-finkbeiner.jpg","datePublished":"2021-06-08T08:24:19+00:00","dateModified":"2021-06-08T08:27:59+00:00","breadcrumb":{"@id":"https:\/\/finkbeiner-kanzlei.de\/en\/insurance-law\/#breadcrumb"},"inLanguage":"en-US","potentialAction":[{"@type":"ReadAction","target":["https:\/\/finkbeiner-kanzlei.de\/en\/insurance-law\/"]}]},{"@type":"ImageObject","inLanguage":"en-US","@id":"https:\/\/finkbeiner-kanzlei.de\/en\/insurance-law\/#primaryimage","url":"https:\/\/finkbeiner-kanzlei.de\/wp-content\/uploads\/2022\/06\/5-druckenbrodt-didzoneit-finkbeiner.jpg","contentUrl":"https:\/\/finkbeiner-kanzlei.de\/wp-content\/uploads\/2022\/06\/5-druckenbrodt-didzoneit-finkbeiner.jpg","width":1920,"height":900},{"@type":"BreadcrumbList","@id":"https:\/\/finkbeiner-kanzlei.de\/en\/insurance-law\/#breadcrumb","itemListElement":[{"@type":"ListItem","position":1,"name":"Startseite","item":"https:\/\/finkbeiner-kanzlei.de\/en\/"},{"@type":"ListItem","position":2,"name":"Insurance law"}]},{"@type":"WebSite","@id":"https:\/\/finkbeiner-kanzlei.de\/en\/#website","url":"https:\/\/finkbeiner-kanzlei.de\/en\/","name":"Finkbeiner Kanzlei","description":"Anwaltskanzlei f\u00fcr Wirtschaftsrecht, Insolvenzrecht und Prozessrecht","publisher":{"@id":"https:\/\/finkbeiner-kanzlei.de\/en\/#\/schema\/person\/82fb4d962f5edb406c94928cf461bbde"},"potentialAction":[{"@type":"SearchAction","target":{"@type":"EntryPoint","urlTemplate":"https:\/\/finkbeiner-kanzlei.de\/en\/?s={search_term_string}"},"query-input":{"@type":"PropertyValueSpecification","valueRequired":true,"valueName":"search_term_string"}}],"inLanguage":"en-US"},{"@type":["Person","Organization"],"@id":"https:\/\/finkbeiner-kanzlei.de\/en\/#\/schema\/person\/82fb4d962f5edb406c94928cf461bbde","name":"Claudius Finkbeiner","image":{"@type":"ImageObject","inLanguage":"en-US","@id":"https:\/\/finkbeiner-kanzlei.de\/wp-content\/uploads\/2017\/12\/5C66DF9B-A999-44A1-969D-4233F47A5B77-96x96.jpg","url":"https:\/\/finkbeiner-kanzlei.de\/wp-content\/uploads\/2017\/12\/5C66DF9B-A999-44A1-969D-4233F47A5B77-96x96.jpg","contentUrl":"https:\/\/finkbeiner-kanzlei.de\/wp-content\/uploads\/2017\/12\/5C66DF9B-A999-44A1-969D-4233F47A5B77-96x96.jpg","caption":"Claudius Finkbeiner"},"logo":{"@id":"https:\/\/finkbeiner-kanzlei.de\/wp-content\/uploads\/2017\/12\/5C66DF9B-A999-44A1-969D-4233F47A5B77-96x96.jpg"},"description":"Herr Finkbeiner ist seit dem Jahr 2009 als Rechtsanwalt t\u00e4tig. Sein Schwerpunkt liegt im wirtschaftsrechtlichen Bereich, insbesondere im Insolvenz-, Vertrags- und Gesellschaftsrecht sowie im Vergaberecht. Herr Finkbeiner ber\u00e4t und vertritt Unternehmen in der Krise, ebenso wie Gesch\u00e4ftsf\u00fchrer, Gl\u00e4ubiger und andere Beteiligte im Insolvenzverfahren und gegen Insolvenzverwalter. Herr Finkbeiner ist ein erfahrener Prozessanwalt im Wirtschaftsrecht und Verteidiger in Wirtschaftsstrafsachen.","sameAs":["https:\/\/www.anwalt-finkbeiner.de"]}]}},"_links":{"self":[{"href":"https:\/\/finkbeiner-kanzlei.de\/en\/wp-json\/wp\/v2\/pages\/2134","targetHints":{"allow":["GET"]}}],"collection":[{"href":"https:\/\/finkbeiner-kanzlei.de\/en\/wp-json\/wp\/v2\/pages"}],"about":[{"href":"https:\/\/finkbeiner-kanzlei.de\/en\/wp-json\/wp\/v2\/types\/page"}],"author":[{"embeddable":true,"href":"https:\/\/finkbeiner-kanzlei.de\/en\/wp-json\/wp\/v2\/users\/2"}],"replies":[{"embeddable":true,"href":"https:\/\/finkbeiner-kanzlei.de\/en\/wp-json\/wp\/v2\/comments?post=2134"}],"version-history":[{"count":1,"href":"https:\/\/finkbeiner-kanzlei.de\/en\/wp-json\/wp\/v2\/pages\/2134\/revisions"}],"predecessor-version":[{"id":2135,"href":"https:\/\/finkbeiner-kanzlei.de\/en\/wp-json\/wp\/v2\/pages\/2134\/revisions\/2135"}],"wp:featuredmedia":[{"embeddable":true,"href":"https:\/\/finkbeiner-kanzlei.de\/en\/wp-json\/wp\/v2\/media\/2811"}],"wp:attachment":[{"href":"https:\/\/finkbeiner-kanzlei.de\/en\/wp-json\/wp\/v2\/media?parent=2134"}],"wp:term":[{"taxonomy":"post_tag","embeddable":true,"href":"https:\/\/finkbeiner-kanzlei.de\/en\/wp-json\/wp\/v2\/tags?post=2134"}],"curies":[{"name":"wp","href":"https:\/\/api.w.org\/{rel}","templated":true}]}}