{"id":2138,"date":"2021-06-08T08:45:31","date_gmt":"2021-06-08T08:45:31","guid":{"rendered":"https:\/\/finkbeiner-kanzlei.de\/?page_id=2138"},"modified":"2021-06-08T08:47:33","modified_gmt":"2021-06-08T08:47:33","slug":"representation-of-insurance-brokers-in-the-defense-of-liability-claims","status":"publish","type":"page","link":"https:\/\/finkbeiner-kanzlei.de\/en\/representation-of-insurance-brokers-in-the-defense-of-liability-claims\/","title":{"rendered":"Representation of insurance brokers in the defense of liability claims"},"content":{"rendered":"<div class=\"row\">\n<div class=\"col-md-6\">\n<p><span lang=\"en-US\">Since the reform of the German Act on Insurance Contracts (Versicherungsvertragsgesetz) in 2007, the <\/span><span lang=\"en-US\"><b>liability risk for insurance brokers has increased enormously<\/b><\/span><span lang=\"en-US\">. Insurance brokers are subject to a number of consulting and documentation obligations vis-\u00e0-vis their customers as a result of the <\/span><span lang=\"en-US\"><b>liability provisions of Section 63 of the German Insurance Contract Act (VVG)<\/b><\/span><span lang=\"en-US\">, which are anchored in the law. According to \u00a7 67 VVG, <\/span><span lang=\"en-US\"><b>insurance brokers cannot exempt themselves from this risk vis-\u00e0-vis policyholders<\/b><\/span><span lang=\"en-US\">.<\/span><\/p>\n<p><span lang=\"en-US\">The <\/span><span lang=\"en-US\"><b>liability risk for insurance brokers<\/b><\/span><span lang=\"en-US\"> exists both <\/span><span lang=\"en-US\"><b>during the consulting phase<\/b><\/span><span lang=\"en-US\"> and <\/span><span lang=\"en-US\"><b>after the conclusion and mediation of the insurance contract<\/b><\/span><span lang=\"en-US\">. Do you suspect that your <\/span><span lang=\"en-US\"><b>client has deliberately concealed information<\/b><\/span><span lang=\"en-US\"> from you <\/span><span lang=\"en-US\"><b>or provided incorrect information<\/b><\/span><span lang=\"en-US\"> that has led the insurer to <\/span><span lang=\"en-US\"><b>refuse to pay benefits<\/b><\/span><span lang=\"en-US\"> in the event of a claim? Is your customer now trying to make you partly responsible for this? Then you should <\/span><span lang=\"en-US\"><b>seek legal support<\/b><\/span><span lang=\"en-US\">. We will examine your chances of defending yourself against liability claims and help you <\/span><span lang=\"en-US\"><b>ward off unjustified claims<\/b><\/span><span lang=\"en-US\">.<\/span><\/p>\n<p><img fetchpriority=\"high\" decoding=\"async\" class=\"alignnone size-full wp-image-2014\" src=\"https:\/\/finkbeiner-kanzlei.de\/wp-content\/uploads\/2021\/05\/unterschrift-2.jpg\" alt=\"\" width=\"800\" height=\"500\" srcset=\"https:\/\/finkbeiner-kanzlei.de\/wp-content\/uploads\/2021\/05\/unterschrift-2.jpg 800w, https:\/\/finkbeiner-kanzlei.de\/wp-content\/uploads\/2021\/05\/unterschrift-2-600x375.jpg 600w, https:\/\/finkbeiner-kanzlei.de\/wp-content\/uploads\/2021\/05\/unterschrift-2-300x188.jpg 300w, https:\/\/finkbeiner-kanzlei.de\/wp-content\/uploads\/2021\/05\/unterschrift-2-768x480.jpg 768w\" sizes=\"(max-width: 800px) 100vw, 800px\" \/><\/p>\n<\/div>\n<div class=\"col-md-6\">\n<p><span lang=\"en-US\">We know from a large number of cases that the <\/span><span lang=\"en-US\"><b>spectrum of breaches of duty <\/b><\/span><span lang=\"en-US\">that can be attributed to an insurance broker is <\/span><span lang=\"en-US\"><b>very broad<\/b><\/span><span lang=\"en-US\">.<\/span><\/p>\n<p><span lang=\"en-US\">If you find yourself facing an accusation of liability due to alleged incorrect advice or alleged errors in advice, we will assist you in <\/span><span lang=\"en-US\"><b>defending yourself against liability claims and claims for damages arising from insurance brokerage contracts<\/b><\/span><span lang=\"en-US\">.<\/span><\/p>\n<p>&nbsp;<\/p>\n<p><img decoding=\"async\" class=\"alignnone size-full wp-image-1964\" src=\"https:\/\/finkbeiner-kanzlei.de\/wp-content\/uploads\/2021\/05\/ra-didzoneit-3.jpg\" alt=\"\" width=\"550\" height=\"700\" srcset=\"https:\/\/finkbeiner-kanzlei.de\/wp-content\/uploads\/2021\/05\/ra-didzoneit-3.jpg 550w, https:\/\/finkbeiner-kanzlei.de\/wp-content\/uploads\/2021\/05\/ra-didzoneit-3-236x300.jpg 236w\" sizes=\"(max-width: 550px) 100vw, 550px\" \/><\/p>\n<\/div>\n<\/div>\n","protected":false},"excerpt":{"rendered":"","protected":false},"author":2,"featured_media":0,"parent":0,"menu_order":0,"comment_status":"closed","ping_status":"closed","template":"","meta":{"_acf_changed":false,"inline_featured_image":false,"footnotes":""},"tags":[1327,1326,1322,1293,1330,1323,1325,1324,1328,1329],"class_list":["post-2138","page","type-page","status-publish","hentry","tag-claims-for-damages-from-insurance-broker-contracts","tag-concealment-of-information","tag-consulting-and-documentation-duties-of-insurance-brokers","tag-defense-against-liability-claims","tag-denial-of-insurance-benefits","tag-incorrect-information","tag-liability-elements-of--63-vvg","tag-liability-risk-for-insurance-brokers","tag-representation-against-policyholders","tag-representation-of-insurance-brokers"],"acf":[],"yoast_head":"<!-- This site is optimized with the Yoast SEO plugin v27.5 - https:\/\/yoast.com\/product\/yoast-seo-wordpress\/ -->\n<title>Representation of insurance brokers in the defense of liability claims - Finkbeiner Kanzlei<\/title>\n<meta name=\"robots\" content=\"index, follow, max-snippet:-1, max-image-preview:large, max-video-preview:-1\" \/>\n<link rel=\"canonical\" href=\"https:\/\/finkbeiner-kanzlei.de\/en\/representation-of-insurance-brokers-in-the-defense-of-liability-claims\/\" \/>\n<meta property=\"og:locale\" content=\"en_US\" \/>\n<meta property=\"og:type\" content=\"article\" \/>\n<meta property=\"og:title\" content=\"Representation of insurance brokers in the defense of liability claims - Finkbeiner Kanzlei\" \/>\n<meta property=\"og:url\" content=\"https:\/\/finkbeiner-kanzlei.de\/en\/representation-of-insurance-brokers-in-the-defense-of-liability-claims\/\" \/>\n<meta property=\"og:site_name\" content=\"Finkbeiner Kanzlei\" \/>\n<meta property=\"article:modified_time\" content=\"2021-06-08T08:47:33+00:00\" \/>\n<meta property=\"og:image\" content=\"https:\/\/finkbeiner-kanzlei.de\/wp-content\/uploads\/2021\/05\/unterschrift-2.jpg\" \/>\n<meta name=\"twitter:card\" content=\"summary_large_image\" \/>\n<meta name=\"twitter:label1\" content=\"Est. reading time\" \/>\n\t<meta name=\"twitter:data1\" content=\"2 minutes\" \/>\n<script type=\"application\/ld+json\" class=\"yoast-schema-graph\">{\"@context\":\"https:\\\/\\\/schema.org\",\"@graph\":[{\"@type\":\"WebPage\",\"@id\":\"https:\\\/\\\/finkbeiner-kanzlei.de\\\/en\\\/representation-of-insurance-brokers-in-the-defense-of-liability-claims\\\/\",\"url\":\"https:\\\/\\\/finkbeiner-kanzlei.de\\\/en\\\/representation-of-insurance-brokers-in-the-defense-of-liability-claims\\\/\",\"name\":\"Representation of insurance brokers in the defense of liability claims - Finkbeiner Kanzlei\",\"isPartOf\":{\"@id\":\"https:\\\/\\\/finkbeiner-kanzlei.de\\\/en\\\/#website\"},\"primaryImageOfPage\":{\"@id\":\"https:\\\/\\\/finkbeiner-kanzlei.de\\\/en\\\/representation-of-insurance-brokers-in-the-defense-of-liability-claims\\\/#primaryimage\"},\"image\":{\"@id\":\"https:\\\/\\\/finkbeiner-kanzlei.de\\\/en\\\/representation-of-insurance-brokers-in-the-defense-of-liability-claims\\\/#primaryimage\"},\"thumbnailUrl\":\"https:\\\/\\\/finkbeiner-kanzlei.de\\\/wp-content\\\/uploads\\\/2021\\\/05\\\/unterschrift-2.jpg\",\"datePublished\":\"2021-06-08T08:45:31+00:00\",\"dateModified\":\"2021-06-08T08:47:33+00:00\",\"breadcrumb\":{\"@id\":\"https:\\\/\\\/finkbeiner-kanzlei.de\\\/en\\\/representation-of-insurance-brokers-in-the-defense-of-liability-claims\\\/#breadcrumb\"},\"inLanguage\":\"en-US\",\"potentialAction\":[{\"@type\":\"ReadAction\",\"target\":[\"https:\\\/\\\/finkbeiner-kanzlei.de\\\/en\\\/representation-of-insurance-brokers-in-the-defense-of-liability-claims\\\/\"]}]},{\"@type\":\"ImageObject\",\"inLanguage\":\"en-US\",\"@id\":\"https:\\\/\\\/finkbeiner-kanzlei.de\\\/en\\\/representation-of-insurance-brokers-in-the-defense-of-liability-claims\\\/#primaryimage\",\"url\":\"https:\\\/\\\/finkbeiner-kanzlei.de\\\/wp-content\\\/uploads\\\/2021\\\/05\\\/unterschrift-2.jpg\",\"contentUrl\":\"https:\\\/\\\/finkbeiner-kanzlei.de\\\/wp-content\\\/uploads\\\/2021\\\/05\\\/unterschrift-2.jpg\"},{\"@type\":\"BreadcrumbList\",\"@id\":\"https:\\\/\\\/finkbeiner-kanzlei.de\\\/en\\\/representation-of-insurance-brokers-in-the-defense-of-liability-claims\\\/#breadcrumb\",\"itemListElement\":[{\"@type\":\"ListItem\",\"position\":1,\"name\":\"Startseite\",\"item\":\"https:\\\/\\\/finkbeiner-kanzlei.de\\\/en\\\/\"},{\"@type\":\"ListItem\",\"position\":2,\"name\":\"Representation of insurance brokers in the defense of liability claims\"}]},{\"@type\":\"WebSite\",\"@id\":\"https:\\\/\\\/finkbeiner-kanzlei.de\\\/en\\\/#website\",\"url\":\"https:\\\/\\\/finkbeiner-kanzlei.de\\\/en\\\/\",\"name\":\"Finkbeiner Kanzlei\",\"description\":\"Anwaltskanzlei f\u00fcr Wirtschaftsrecht, Insolvenzrecht und Prozessrecht\",\"publisher\":{\"@id\":\"https:\\\/\\\/finkbeiner-kanzlei.de\\\/en\\\/#\\\/schema\\\/person\\\/82fb4d962f5edb406c94928cf461bbde\"},\"potentialAction\":[{\"@type\":\"SearchAction\",\"target\":{\"@type\":\"EntryPoint\",\"urlTemplate\":\"https:\\\/\\\/finkbeiner-kanzlei.de\\\/en\\\/?s={search_term_string}\"},\"query-input\":{\"@type\":\"PropertyValueSpecification\",\"valueRequired\":true,\"valueName\":\"search_term_string\"}}],\"inLanguage\":\"en-US\"},{\"@type\":[\"Person\",\"Organization\"],\"@id\":\"https:\\\/\\\/finkbeiner-kanzlei.de\\\/en\\\/#\\\/schema\\\/person\\\/82fb4d962f5edb406c94928cf461bbde\",\"name\":\"Claudius Finkbeiner\",\"image\":{\"@type\":\"ImageObject\",\"inLanguage\":\"en-US\",\"@id\":\"https:\\\/\\\/finkbeiner-kanzlei.de\\\/wp-content\\\/uploads\\\/2017\\\/12\\\/5C66DF9B-A999-44A1-969D-4233F47A5B77-96x96.jpg\",\"url\":\"https:\\\/\\\/finkbeiner-kanzlei.de\\\/wp-content\\\/uploads\\\/2017\\\/12\\\/5C66DF9B-A999-44A1-969D-4233F47A5B77-96x96.jpg\",\"contentUrl\":\"https:\\\/\\\/finkbeiner-kanzlei.de\\\/wp-content\\\/uploads\\\/2017\\\/12\\\/5C66DF9B-A999-44A1-969D-4233F47A5B77-96x96.jpg\",\"caption\":\"Claudius Finkbeiner\"},\"logo\":{\"@id\":\"https:\\\/\\\/finkbeiner-kanzlei.de\\\/wp-content\\\/uploads\\\/2017\\\/12\\\/5C66DF9B-A999-44A1-969D-4233F47A5B77-96x96.jpg\"},\"description\":\"Herr Finkbeiner ist seit dem Jahr 2009 als Rechtsanwalt t\u00e4tig. Sein Schwerpunkt liegt im wirtschaftsrechtlichen Bereich, insbesondere im Insolvenz-, Vertrags- und Gesellschaftsrecht sowie im Vergaberecht. Herr Finkbeiner ber\u00e4t und vertritt Unternehmen in der Krise, ebenso wie Gesch\u00e4ftsf\u00fchrer, Gl\u00e4ubiger und andere Beteiligte im Insolvenzverfahren und gegen Insolvenzverwalter. Herr Finkbeiner ist ein erfahrener Prozessanwalt im Wirtschaftsrecht und Verteidiger in Wirtschaftsstrafsachen.\",\"sameAs\":[\"https:\\\/\\\/www.anwalt-finkbeiner.de\"]}]}<\/script>\n<!-- \/ Yoast SEO plugin. -->","yoast_head_json":{"title":"Representation of insurance brokers in the defense of liability claims - Finkbeiner Kanzlei","robots":{"index":"index","follow":"follow","max-snippet":"max-snippet:-1","max-image-preview":"max-image-preview:large","max-video-preview":"max-video-preview:-1"},"canonical":"https:\/\/finkbeiner-kanzlei.de\/en\/representation-of-insurance-brokers-in-the-defense-of-liability-claims\/","og_locale":"en_US","og_type":"article","og_title":"Representation of insurance brokers in the defense of liability claims - Finkbeiner Kanzlei","og_url":"https:\/\/finkbeiner-kanzlei.de\/en\/representation-of-insurance-brokers-in-the-defense-of-liability-claims\/","og_site_name":"Finkbeiner Kanzlei","article_modified_time":"2021-06-08T08:47:33+00:00","og_image":[{"url":"https:\/\/finkbeiner-kanzlei.de\/wp-content\/uploads\/2021\/05\/unterschrift-2.jpg","type":"","width":"","height":""}],"twitter_card":"summary_large_image","twitter_misc":{"Est. reading time":"2 minutes"},"schema":{"@context":"https:\/\/schema.org","@graph":[{"@type":"WebPage","@id":"https:\/\/finkbeiner-kanzlei.de\/en\/representation-of-insurance-brokers-in-the-defense-of-liability-claims\/","url":"https:\/\/finkbeiner-kanzlei.de\/en\/representation-of-insurance-brokers-in-the-defense-of-liability-claims\/","name":"Representation of insurance brokers in the defense of liability claims - Finkbeiner Kanzlei","isPartOf":{"@id":"https:\/\/finkbeiner-kanzlei.de\/en\/#website"},"primaryImageOfPage":{"@id":"https:\/\/finkbeiner-kanzlei.de\/en\/representation-of-insurance-brokers-in-the-defense-of-liability-claims\/#primaryimage"},"image":{"@id":"https:\/\/finkbeiner-kanzlei.de\/en\/representation-of-insurance-brokers-in-the-defense-of-liability-claims\/#primaryimage"},"thumbnailUrl":"https:\/\/finkbeiner-kanzlei.de\/wp-content\/uploads\/2021\/05\/unterschrift-2.jpg","datePublished":"2021-06-08T08:45:31+00:00","dateModified":"2021-06-08T08:47:33+00:00","breadcrumb":{"@id":"https:\/\/finkbeiner-kanzlei.de\/en\/representation-of-insurance-brokers-in-the-defense-of-liability-claims\/#breadcrumb"},"inLanguage":"en-US","potentialAction":[{"@type":"ReadAction","target":["https:\/\/finkbeiner-kanzlei.de\/en\/representation-of-insurance-brokers-in-the-defense-of-liability-claims\/"]}]},{"@type":"ImageObject","inLanguage":"en-US","@id":"https:\/\/finkbeiner-kanzlei.de\/en\/representation-of-insurance-brokers-in-the-defense-of-liability-claims\/#primaryimage","url":"https:\/\/finkbeiner-kanzlei.de\/wp-content\/uploads\/2021\/05\/unterschrift-2.jpg","contentUrl":"https:\/\/finkbeiner-kanzlei.de\/wp-content\/uploads\/2021\/05\/unterschrift-2.jpg"},{"@type":"BreadcrumbList","@id":"https:\/\/finkbeiner-kanzlei.de\/en\/representation-of-insurance-brokers-in-the-defense-of-liability-claims\/#breadcrumb","itemListElement":[{"@type":"ListItem","position":1,"name":"Startseite","item":"https:\/\/finkbeiner-kanzlei.de\/en\/"},{"@type":"ListItem","position":2,"name":"Representation of insurance brokers in the defense of liability claims"}]},{"@type":"WebSite","@id":"https:\/\/finkbeiner-kanzlei.de\/en\/#website","url":"https:\/\/finkbeiner-kanzlei.de\/en\/","name":"Finkbeiner Kanzlei","description":"Anwaltskanzlei f\u00fcr Wirtschaftsrecht, Insolvenzrecht und Prozessrecht","publisher":{"@id":"https:\/\/finkbeiner-kanzlei.de\/en\/#\/schema\/person\/82fb4d962f5edb406c94928cf461bbde"},"potentialAction":[{"@type":"SearchAction","target":{"@type":"EntryPoint","urlTemplate":"https:\/\/finkbeiner-kanzlei.de\/en\/?s={search_term_string}"},"query-input":{"@type":"PropertyValueSpecification","valueRequired":true,"valueName":"search_term_string"}}],"inLanguage":"en-US"},{"@type":["Person","Organization"],"@id":"https:\/\/finkbeiner-kanzlei.de\/en\/#\/schema\/person\/82fb4d962f5edb406c94928cf461bbde","name":"Claudius Finkbeiner","image":{"@type":"ImageObject","inLanguage":"en-US","@id":"https:\/\/finkbeiner-kanzlei.de\/wp-content\/uploads\/2017\/12\/5C66DF9B-A999-44A1-969D-4233F47A5B77-96x96.jpg","url":"https:\/\/finkbeiner-kanzlei.de\/wp-content\/uploads\/2017\/12\/5C66DF9B-A999-44A1-969D-4233F47A5B77-96x96.jpg","contentUrl":"https:\/\/finkbeiner-kanzlei.de\/wp-content\/uploads\/2017\/12\/5C66DF9B-A999-44A1-969D-4233F47A5B77-96x96.jpg","caption":"Claudius Finkbeiner"},"logo":{"@id":"https:\/\/finkbeiner-kanzlei.de\/wp-content\/uploads\/2017\/12\/5C66DF9B-A999-44A1-969D-4233F47A5B77-96x96.jpg"},"description":"Herr Finkbeiner ist seit dem Jahr 2009 als Rechtsanwalt t\u00e4tig. Sein Schwerpunkt liegt im wirtschaftsrechtlichen Bereich, insbesondere im Insolvenz-, Vertrags- und Gesellschaftsrecht sowie im Vergaberecht. Herr Finkbeiner ber\u00e4t und vertritt Unternehmen in der Krise, ebenso wie Gesch\u00e4ftsf\u00fchrer, Gl\u00e4ubiger und andere Beteiligte im Insolvenzverfahren und gegen Insolvenzverwalter. Herr Finkbeiner ist ein erfahrener Prozessanwalt im Wirtschaftsrecht und Verteidiger in Wirtschaftsstrafsachen.","sameAs":["https:\/\/www.anwalt-finkbeiner.de"]}]}},"_links":{"self":[{"href":"https:\/\/finkbeiner-kanzlei.de\/en\/wp-json\/wp\/v2\/pages\/2138","targetHints":{"allow":["GET"]}}],"collection":[{"href":"https:\/\/finkbeiner-kanzlei.de\/en\/wp-json\/wp\/v2\/pages"}],"about":[{"href":"https:\/\/finkbeiner-kanzlei.de\/en\/wp-json\/wp\/v2\/types\/page"}],"author":[{"embeddable":true,"href":"https:\/\/finkbeiner-kanzlei.de\/en\/wp-json\/wp\/v2\/users\/2"}],"replies":[{"embeddable":true,"href":"https:\/\/finkbeiner-kanzlei.de\/en\/wp-json\/wp\/v2\/comments?post=2138"}],"version-history":[{"count":1,"href":"https:\/\/finkbeiner-kanzlei.de\/en\/wp-json\/wp\/v2\/pages\/2138\/revisions"}],"predecessor-version":[{"id":2139,"href":"https:\/\/finkbeiner-kanzlei.de\/en\/wp-json\/wp\/v2\/pages\/2138\/revisions\/2139"}],"wp:attachment":[{"href":"https:\/\/finkbeiner-kanzlei.de\/en\/wp-json\/wp\/v2\/media?parent=2138"}],"wp:term":[{"taxonomy":"post_tag","embeddable":true,"href":"https:\/\/finkbeiner-kanzlei.de\/en\/wp-json\/wp\/v2\/tags?post=2138"}],"curies":[{"name":"wp","href":"https:\/\/api.w.org\/{rel}","templated":true}]}}