{"id":2142,"date":"2021-06-08T09:00:24","date_gmt":"2021-06-08T09:00:24","guid":{"rendered":"https:\/\/finkbeiner-kanzlei.de\/?page_id=2142"},"modified":"2021-06-08T09:00:24","modified_gmt":"2021-06-08T09:00:24","slug":"settlement-of-major-insurance-claims","status":"publish","type":"page","link":"https:\/\/finkbeiner-kanzlei.de\/en\/settlement-of-major-insurance-claims\/","title":{"rendered":"Settlement of major insurance claims"},"content":{"rendered":"<div class=\"row\">\n<div class=\"col-md-6\">\n<p><span lang=\"en-US\">The <\/span><span lang=\"en-US\"><b>settlement of an insurance claim<\/b><\/span><span lang=\"en-US\"> is often a time-consuming and complex <\/span><span lang=\"en-US\"><b>matter of enormous economic importance<\/b><\/span> <span lang=\"en-US\"><b>for the policyholder<\/b><\/span><span lang=\"en-US\">. The <\/span><span lang=\"en-US\"><b>settlement procedure<\/b><\/span><span lang=\"en-US\">, which is unfamiliar to the insured, is <\/span><span lang=\"en-US\"><b>hardly manageable<\/b><\/span><span lang=\"en-US\"> for him without experienced help at his side. Especially in the early phase of a <\/span><span lang=\"en-US\"><b>claim settlement<\/b><\/span><span lang=\"en-US\">, <\/span><span lang=\"en-US\"><b>certain formalities and processes<\/b><\/span><span lang=\"en-US\"> have to be observed, which are essential for a <\/span><span lang=\"en-US\"><b>successful settlement of the claim<\/b><\/span><span lang=\"en-US\"> by the insurance company. We support you in this respect!<\/span><\/p>\n<p><span lang=\"en-US\">Regardless of whether the <\/span><span lang=\"en-US\"><b>damage has just occurred<\/b><\/span><span lang=\"en-US\">, you have already reported it to your insurer and the <\/span><span lang=\"en-US\"><b>claim settlement has begun<\/b><\/span><span lang=\"en-US\"> &#8211; but you are not getting anywhere with your insurer &#8211; or a <\/span><span lang=\"en-US\"><b>conditional expert procedure<\/b><\/span><span lang=\"en-US\"> has already been initiated <\/span><span lang=\"en-US\"><b>to determine the amount in damages<\/b><\/span><span lang=\"en-US\">, <\/span><span lang=\"en-US\"><b>we are at your side at every stage of the claim settlement and will help you with the settlement<\/b><\/span><span lang=\"en-US\">.<\/span><\/p>\n<p><span lang=\"en-US\">Particularly in the case of <\/span><span lang=\"en-US\"><b>claims under building insurance policies <\/b><\/span><span lang=\"en-US\">following fire, hail or storm damage (<\/span><span lang=\"en-US\"><b>natural hazards<\/b><\/span><span lang=\"en-US\">), we will help you to <\/span><span lang=\"en-US\"><b>assert your claims against the insurer<\/b><\/span><span lang=\"en-US\">. In doing so, <\/span><span lang=\"en-US\"><b>we represent the interests of both private homeowners and tradesmen<\/b><\/span><span lang=\"en-US\">, for example <\/span><span lang=\"en-US\"><b>farmers<\/b><\/span><span lang=\"en-US\">.<\/span><\/p>\n<\/div>\n<div class=\"col-md-6\">\n<p><span lang=\"en-US\">The loss of house and\/or farm means an <\/span><span lang=\"en-US\"><b>emotional and economic exceptional situation<\/b><\/span><span lang=\"en-US\"> for the affected policyholder, which unfortunately the insurer often takes advantage of. Thus, in the course of the settlement of major claims, it is not uncommon for the <\/span><span lang=\"en-US\"><b>objection of a breach of obligations<\/b><\/span><span lang=\"en-US\"> (for example, failure to comply with safety regulations) or the <\/span><span lang=\"en-US\"><b>accusation of underinsurance<\/b><\/span><span lang=\"en-US\"> of a building to be raised, which then entails a complete or partial <\/span><span lang=\"en-US\"><b>reduction in benefits<\/b><\/span><span lang=\"en-US\"> by the insurer.<\/span><\/p>\n<p><span lang=\"en-US\"><b>We stand by your side<\/b><\/span><span lang=\"en-US\"> as a <\/span><span lang=\"en-US\"><b>reliable and assertive partner<\/b><\/span><span lang=\"en-US\"> and support you in <\/span><span lang=\"en-US\"><b>pursuing your complete claims<\/b><\/span><span lang=\"en-US\">.<\/span><\/p>\n<p><img fetchpriority=\"high\" decoding=\"async\" class=\"alignnone size-full wp-image-2023\" src=\"https:\/\/finkbeiner-kanzlei.de\/wp-content\/uploads\/2021\/05\/ra-team-content-2.jpg\" alt=\"\" width=\"800\" height=\"500\" srcset=\"https:\/\/finkbeiner-kanzlei.de\/wp-content\/uploads\/2021\/05\/ra-team-content-2.jpg 800w, https:\/\/finkbeiner-kanzlei.de\/wp-content\/uploads\/2021\/05\/ra-team-content-2-600x375.jpg 600w, https:\/\/finkbeiner-kanzlei.de\/wp-content\/uploads\/2021\/05\/ra-team-content-2-300x188.jpg 300w, https:\/\/finkbeiner-kanzlei.de\/wp-content\/uploads\/2021\/05\/ra-team-content-2-768x480.jpg 768w\" sizes=\"(max-width: 800px) 100vw, 800px\" \/><\/p>\n<\/div>\n<\/div>\n","protected":false},"excerpt":{"rendered":"","protected":false},"author":2,"featured_media":0,"parent":0,"menu_order":0,"comment_status":"closed","ping_status":"closed","template":"","meta":{"_acf_changed":false,"inline_featured_image":false,"footnotes":""},"tags":[1301,1305,1298,1297,1306,1307,1308,1294,1303,1310,1304,1295,1296],"class_list":["post-2142","page","type-page","status-publish","hentry","tag-advice-to-policyholders","tag-assessment-of-damage-after-fire","tag-assistance-in-expert-proceedings","tag-claims-from-building-insurance","tag-claims-management","tag-claims-settlement","tag-claims-settlement-for-policyholders","tag-defense-against-reduction-of-benefits","tag-indemnification-from-insurance-policies","tag-representation-of-policyholders","tag-review-of-insurance-contracts","tag-settlement-after-fire-damage","tag-settlement-of-major-damage"],"acf":[],"yoast_head":"<!-- This site is optimized with the Yoast SEO plugin v27.4 - https:\/\/yoast.com\/product\/yoast-seo-wordpress\/ -->\n<title>Settlement of major insurance claims - Finkbeiner Kanzlei<\/title>\n<meta name=\"robots\" content=\"index, follow, max-snippet:-1, max-image-preview:large, max-video-preview:-1\" \/>\n<link rel=\"canonical\" href=\"https:\/\/finkbeiner-kanzlei.de\/en\/settlement-of-major-insurance-claims\/\" \/>\n<meta property=\"og:locale\" content=\"en_US\" \/>\n<meta property=\"og:type\" content=\"article\" \/>\n<meta property=\"og:title\" content=\"Settlement of major insurance claims - Finkbeiner Kanzlei\" \/>\n<meta property=\"og:url\" content=\"https:\/\/finkbeiner-kanzlei.de\/en\/settlement-of-major-insurance-claims\/\" \/>\n<meta property=\"og:site_name\" content=\"Finkbeiner Kanzlei\" \/>\n<meta property=\"og:image\" content=\"https:\/\/finkbeiner-kanzlei.de\/wp-content\/uploads\/2021\/05\/ra-team-content-2.jpg\" \/>\n<meta name=\"twitter:card\" content=\"summary_large_image\" \/>\n<meta name=\"twitter:label1\" content=\"Est. reading time\" \/>\n\t<meta name=\"twitter:data1\" content=\"2 minutes\" \/>\n<script type=\"application\/ld+json\" class=\"yoast-schema-graph\">{\"@context\":\"https:\\\/\\\/schema.org\",\"@graph\":[{\"@type\":\"WebPage\",\"@id\":\"https:\\\/\\\/finkbeiner-kanzlei.de\\\/en\\\/settlement-of-major-insurance-claims\\\/\",\"url\":\"https:\\\/\\\/finkbeiner-kanzlei.de\\\/en\\\/settlement-of-major-insurance-claims\\\/\",\"name\":\"Settlement of major insurance claims - Finkbeiner Kanzlei\",\"isPartOf\":{\"@id\":\"https:\\\/\\\/finkbeiner-kanzlei.de\\\/en\\\/#website\"},\"primaryImageOfPage\":{\"@id\":\"https:\\\/\\\/finkbeiner-kanzlei.de\\\/en\\\/settlement-of-major-insurance-claims\\\/#primaryimage\"},\"image\":{\"@id\":\"https:\\\/\\\/finkbeiner-kanzlei.de\\\/en\\\/settlement-of-major-insurance-claims\\\/#primaryimage\"},\"thumbnailUrl\":\"https:\\\/\\\/finkbeiner-kanzlei.de\\\/wp-content\\\/uploads\\\/2021\\\/05\\\/ra-team-content-2.jpg\",\"datePublished\":\"2021-06-08T09:00:24+00:00\",\"breadcrumb\":{\"@id\":\"https:\\\/\\\/finkbeiner-kanzlei.de\\\/en\\\/settlement-of-major-insurance-claims\\\/#breadcrumb\"},\"inLanguage\":\"en-US\",\"potentialAction\":[{\"@type\":\"ReadAction\",\"target\":[\"https:\\\/\\\/finkbeiner-kanzlei.de\\\/en\\\/settlement-of-major-insurance-claims\\\/\"]}]},{\"@type\":\"ImageObject\",\"inLanguage\":\"en-US\",\"@id\":\"https:\\\/\\\/finkbeiner-kanzlei.de\\\/en\\\/settlement-of-major-insurance-claims\\\/#primaryimage\",\"url\":\"https:\\\/\\\/finkbeiner-kanzlei.de\\\/wp-content\\\/uploads\\\/2021\\\/05\\\/ra-team-content-2.jpg\",\"contentUrl\":\"https:\\\/\\\/finkbeiner-kanzlei.de\\\/wp-content\\\/uploads\\\/2021\\\/05\\\/ra-team-content-2.jpg\"},{\"@type\":\"BreadcrumbList\",\"@id\":\"https:\\\/\\\/finkbeiner-kanzlei.de\\\/en\\\/settlement-of-major-insurance-claims\\\/#breadcrumb\",\"itemListElement\":[{\"@type\":\"ListItem\",\"position\":1,\"name\":\"Startseite\",\"item\":\"https:\\\/\\\/finkbeiner-kanzlei.de\\\/en\\\/\"},{\"@type\":\"ListItem\",\"position\":2,\"name\":\"Settlement of major insurance claims\"}]},{\"@type\":\"WebSite\",\"@id\":\"https:\\\/\\\/finkbeiner-kanzlei.de\\\/en\\\/#website\",\"url\":\"https:\\\/\\\/finkbeiner-kanzlei.de\\\/en\\\/\",\"name\":\"Finkbeiner Kanzlei\",\"description\":\"Anwaltskanzlei f\u00fcr Wirtschaftsrecht, Insolvenzrecht und Prozessrecht\",\"publisher\":{\"@id\":\"https:\\\/\\\/finkbeiner-kanzlei.de\\\/en\\\/#\\\/schema\\\/person\\\/82fb4d962f5edb406c94928cf461bbde\"},\"potentialAction\":[{\"@type\":\"SearchAction\",\"target\":{\"@type\":\"EntryPoint\",\"urlTemplate\":\"https:\\\/\\\/finkbeiner-kanzlei.de\\\/en\\\/?s={search_term_string}\"},\"query-input\":{\"@type\":\"PropertyValueSpecification\",\"valueRequired\":true,\"valueName\":\"search_term_string\"}}],\"inLanguage\":\"en-US\"},{\"@type\":[\"Person\",\"Organization\"],\"@id\":\"https:\\\/\\\/finkbeiner-kanzlei.de\\\/en\\\/#\\\/schema\\\/person\\\/82fb4d962f5edb406c94928cf461bbde\",\"name\":\"Claudius Finkbeiner\",\"image\":{\"@type\":\"ImageObject\",\"inLanguage\":\"en-US\",\"@id\":\"https:\\\/\\\/finkbeiner-kanzlei.de\\\/wp-content\\\/uploads\\\/2017\\\/12\\\/5C66DF9B-A999-44A1-969D-4233F47A5B77-96x96.jpg\",\"url\":\"https:\\\/\\\/finkbeiner-kanzlei.de\\\/wp-content\\\/uploads\\\/2017\\\/12\\\/5C66DF9B-A999-44A1-969D-4233F47A5B77-96x96.jpg\",\"contentUrl\":\"https:\\\/\\\/finkbeiner-kanzlei.de\\\/wp-content\\\/uploads\\\/2017\\\/12\\\/5C66DF9B-A999-44A1-969D-4233F47A5B77-96x96.jpg\",\"caption\":\"Claudius Finkbeiner\"},\"logo\":{\"@id\":\"https:\\\/\\\/finkbeiner-kanzlei.de\\\/wp-content\\\/uploads\\\/2017\\\/12\\\/5C66DF9B-A999-44A1-969D-4233F47A5B77-96x96.jpg\"},\"description\":\"Herr Finkbeiner ist seit dem Jahr 2009 als Rechtsanwalt t\u00e4tig. Sein Schwerpunkt liegt im wirtschaftsrechtlichen Bereich, insbesondere im Insolvenz-, Vertrags- und Gesellschaftsrecht sowie im Vergaberecht. Herr Finkbeiner ber\u00e4t und vertritt Unternehmen in der Krise, ebenso wie Gesch\u00e4ftsf\u00fchrer, Gl\u00e4ubiger und andere Beteiligte im Insolvenzverfahren und gegen Insolvenzverwalter. Herr Finkbeiner ist ein erfahrener Prozessanwalt im Wirtschaftsrecht und Verteidiger in Wirtschaftsstrafsachen.\",\"sameAs\":[\"https:\\\/\\\/www.anwalt-finkbeiner.de\"]}]}<\/script>\n<!-- \/ Yoast SEO plugin. -->","yoast_head_json":{"title":"Settlement of major insurance claims - Finkbeiner Kanzlei","robots":{"index":"index","follow":"follow","max-snippet":"max-snippet:-1","max-image-preview":"max-image-preview:large","max-video-preview":"max-video-preview:-1"},"canonical":"https:\/\/finkbeiner-kanzlei.de\/en\/settlement-of-major-insurance-claims\/","og_locale":"en_US","og_type":"article","og_title":"Settlement of major insurance claims - Finkbeiner Kanzlei","og_url":"https:\/\/finkbeiner-kanzlei.de\/en\/settlement-of-major-insurance-claims\/","og_site_name":"Finkbeiner Kanzlei","og_image":[{"url":"https:\/\/finkbeiner-kanzlei.de\/wp-content\/uploads\/2021\/05\/ra-team-content-2.jpg","type":"","width":"","height":""}],"twitter_card":"summary_large_image","twitter_misc":{"Est. reading time":"2 minutes"},"schema":{"@context":"https:\/\/schema.org","@graph":[{"@type":"WebPage","@id":"https:\/\/finkbeiner-kanzlei.de\/en\/settlement-of-major-insurance-claims\/","url":"https:\/\/finkbeiner-kanzlei.de\/en\/settlement-of-major-insurance-claims\/","name":"Settlement of major insurance claims - Finkbeiner Kanzlei","isPartOf":{"@id":"https:\/\/finkbeiner-kanzlei.de\/en\/#website"},"primaryImageOfPage":{"@id":"https:\/\/finkbeiner-kanzlei.de\/en\/settlement-of-major-insurance-claims\/#primaryimage"},"image":{"@id":"https:\/\/finkbeiner-kanzlei.de\/en\/settlement-of-major-insurance-claims\/#primaryimage"},"thumbnailUrl":"https:\/\/finkbeiner-kanzlei.de\/wp-content\/uploads\/2021\/05\/ra-team-content-2.jpg","datePublished":"2021-06-08T09:00:24+00:00","breadcrumb":{"@id":"https:\/\/finkbeiner-kanzlei.de\/en\/settlement-of-major-insurance-claims\/#breadcrumb"},"inLanguage":"en-US","potentialAction":[{"@type":"ReadAction","target":["https:\/\/finkbeiner-kanzlei.de\/en\/settlement-of-major-insurance-claims\/"]}]},{"@type":"ImageObject","inLanguage":"en-US","@id":"https:\/\/finkbeiner-kanzlei.de\/en\/settlement-of-major-insurance-claims\/#primaryimage","url":"https:\/\/finkbeiner-kanzlei.de\/wp-content\/uploads\/2021\/05\/ra-team-content-2.jpg","contentUrl":"https:\/\/finkbeiner-kanzlei.de\/wp-content\/uploads\/2021\/05\/ra-team-content-2.jpg"},{"@type":"BreadcrumbList","@id":"https:\/\/finkbeiner-kanzlei.de\/en\/settlement-of-major-insurance-claims\/#breadcrumb","itemListElement":[{"@type":"ListItem","position":1,"name":"Startseite","item":"https:\/\/finkbeiner-kanzlei.de\/en\/"},{"@type":"ListItem","position":2,"name":"Settlement of major insurance claims"}]},{"@type":"WebSite","@id":"https:\/\/finkbeiner-kanzlei.de\/en\/#website","url":"https:\/\/finkbeiner-kanzlei.de\/en\/","name":"Finkbeiner Kanzlei","description":"Anwaltskanzlei f\u00fcr Wirtschaftsrecht, Insolvenzrecht und Prozessrecht","publisher":{"@id":"https:\/\/finkbeiner-kanzlei.de\/en\/#\/schema\/person\/82fb4d962f5edb406c94928cf461bbde"},"potentialAction":[{"@type":"SearchAction","target":{"@type":"EntryPoint","urlTemplate":"https:\/\/finkbeiner-kanzlei.de\/en\/?s={search_term_string}"},"query-input":{"@type":"PropertyValueSpecification","valueRequired":true,"valueName":"search_term_string"}}],"inLanguage":"en-US"},{"@type":["Person","Organization"],"@id":"https:\/\/finkbeiner-kanzlei.de\/en\/#\/schema\/person\/82fb4d962f5edb406c94928cf461bbde","name":"Claudius Finkbeiner","image":{"@type":"ImageObject","inLanguage":"en-US","@id":"https:\/\/finkbeiner-kanzlei.de\/wp-content\/uploads\/2017\/12\/5C66DF9B-A999-44A1-969D-4233F47A5B77-96x96.jpg","url":"https:\/\/finkbeiner-kanzlei.de\/wp-content\/uploads\/2017\/12\/5C66DF9B-A999-44A1-969D-4233F47A5B77-96x96.jpg","contentUrl":"https:\/\/finkbeiner-kanzlei.de\/wp-content\/uploads\/2017\/12\/5C66DF9B-A999-44A1-969D-4233F47A5B77-96x96.jpg","caption":"Claudius Finkbeiner"},"logo":{"@id":"https:\/\/finkbeiner-kanzlei.de\/wp-content\/uploads\/2017\/12\/5C66DF9B-A999-44A1-969D-4233F47A5B77-96x96.jpg"},"description":"Herr Finkbeiner ist seit dem Jahr 2009 als Rechtsanwalt t\u00e4tig. Sein Schwerpunkt liegt im wirtschaftsrechtlichen Bereich, insbesondere im Insolvenz-, Vertrags- und Gesellschaftsrecht sowie im Vergaberecht. Herr Finkbeiner ber\u00e4t und vertritt Unternehmen in der Krise, ebenso wie Gesch\u00e4ftsf\u00fchrer, Gl\u00e4ubiger und andere Beteiligte im Insolvenzverfahren und gegen Insolvenzverwalter. Herr Finkbeiner ist ein erfahrener Prozessanwalt im Wirtschaftsrecht und Verteidiger in Wirtschaftsstrafsachen.","sameAs":["https:\/\/www.anwalt-finkbeiner.de"]}]}},"_links":{"self":[{"href":"https:\/\/finkbeiner-kanzlei.de\/en\/wp-json\/wp\/v2\/pages\/2142","targetHints":{"allow":["GET"]}}],"collection":[{"href":"https:\/\/finkbeiner-kanzlei.de\/en\/wp-json\/wp\/v2\/pages"}],"about":[{"href":"https:\/\/finkbeiner-kanzlei.de\/en\/wp-json\/wp\/v2\/types\/page"}],"author":[{"embeddable":true,"href":"https:\/\/finkbeiner-kanzlei.de\/en\/wp-json\/wp\/v2\/users\/2"}],"replies":[{"embeddable":true,"href":"https:\/\/finkbeiner-kanzlei.de\/en\/wp-json\/wp\/v2\/comments?post=2142"}],"version-history":[{"count":1,"href":"https:\/\/finkbeiner-kanzlei.de\/en\/wp-json\/wp\/v2\/pages\/2142\/revisions"}],"predecessor-version":[{"id":2143,"href":"https:\/\/finkbeiner-kanzlei.de\/en\/wp-json\/wp\/v2\/pages\/2142\/revisions\/2143"}],"wp:attachment":[{"href":"https:\/\/finkbeiner-kanzlei.de\/en\/wp-json\/wp\/v2\/media?parent=2142"}],"wp:term":[{"taxonomy":"post_tag","embeddable":true,"href":"https:\/\/finkbeiner-kanzlei.de\/en\/wp-json\/wp\/v2\/tags?post=2142"}],"curies":[{"name":"wp","href":"https:\/\/api.w.org\/{rel}","templated":true}]}}